{"id":10931,"date":"2025-08-01T03:13:18","date_gmt":"2025-08-01T03:13:18","guid":{"rendered":"https:\/\/sinoextrud.com\/product\/aluminum-heatsink-for-beer-machine-cooling\/"},"modified":"2025-08-01T03:13:18","modified_gmt":"2025-08-01T03:13:18","slug":"aluminum-heatsink-for-beer-machine-cooling","status":"publish","type":"product","link":"https:\/\/sinoextrud.com\/de\/product\/aluminum-heatsink-for-beer-machine-cooling\/","title":{"rendered":"Aluminium-K\u00fchlk\u00f6rper f\u00fcr die K\u00fchlung von Biermaschinen"},"content":{"rendered":"<h2>Produkte Details<\/h2>\n<div class=\"product-table\">\n<div class=\"row\">\n<div class=\"cell label\">CNC-Bearbeitung oder nicht<\/div>\n<div class=\"cell value\">Cnc-Bearbeitung<\/div>\n<\/div>\n<div class=\"row\">\n<div class=\"cell label\">Materialf\u00e4higkeiten<\/div>\n<div class=\"cell value\">Aluminium, Messing, Bronze, Kupfer, geh\u00e4rtete Metalle, Edelmetalle, Edelstahl, Stahllegierungen<\/div>\n<\/div>\n<div class=\"row\">\n<div class=\"cell label\">Typ<\/div>\n<div class=\"cell value\">Broaching, DRILLING, Etching \/ Chemical Machining, Laser Machining, Milling, Other Machining Services<\/div>\n<\/div>\n<div class=\"row\">\n<div class=\"cell label\">Mikro-Bearbeitung oder nicht<\/div>\n<div class=\"cell value\">Mikro-Bearbeitung<\/div>\n<\/div>\n<div class=\"row\">\n<div class=\"cell label\">Verkaufende Einheiten<\/div>\n<div class=\"cell value\">Einzelnes Element<\/div>\n<\/div>\n<div class=\"row\">\n<div class=\"cell label\">Einzelne Packungsgr\u00f6\u00dfe<\/div>\n<div class=\"cell value\">10X5X6 cm<\/div>\n<\/div>\n<div class=\"row\">\n<div class=\"cell label\">Einfaches Bruttogewicht<\/div>\n<div class=\"cell value\">0.023 KG<\/div>\n<\/div>\n<\/div>\n<p><\/p>\n<h2>Unsere Produktionsbasis<\/h2>\n<h3>Fabrik-Panorama<\/h3>\n<p><img decoding=\"async\" src=\"\/wp-content\/uploads\/factory-01.webp\"\/><\/p>\n<h3>Werkstatt zur Herstellung von Aluminiumstangen<\/h3>\n<p><img decoding=\"async\" src=\"\/wp-content\/uploads\/factory-02.webp\"\/><\/p>\n<p><img decoding=\"async\" src=\"\/wp-content\/uploads\/factory-03.webp\"\/><\/p>\n<h3>Lagerhaus f\u00fcr Formen<\/h3>\n<p><img decoding=\"async\" src=\"\/wp-content\/uploads\/factory-04.webp\"\/><\/p>\n<h3>43 Aluminium-Strangpressanlagen (500-5500 Tonnen)<\/h3>\n<p><img decoding=\"async\" src=\"\/wp-content\/uploads\/factory-05.webp\"\/><\/p>\n<p><img decoding=\"async\" src=\"\/wp-content\/uploads\/factory-06.webp\"\/><\/p>\n<p><img decoding=\"async\" src=\"\/wp-content\/uploads\/factory-07.webp\"\/><\/p>\n<h3>Werkstatt f\u00fcr Pulverbeschichtung<\/h3>\n<p><img decoding=\"async\" src=\"\/wp-content\/uploads\/factory-09.webp\"\/><\/p>\n<h3>Eloxal-Werkstatt<\/h3>\n<p><img decoding=\"async\" src=\"\/wp-content\/uploads\/factory-10.webp\"\/><\/p>\n<h3>Workshop zur Tiefenverarbeitung<\/h3>\n<p><img decoding=\"async\" src=\"\/wp-content\/uploads\/factory-11.webp\"\/><\/p>\n<h3>CNC-Pr\u00e4zisionsbearbeitungswerkstatt<\/h3>\n<p><img decoding=\"async\" src=\"\/wp-content\/uploads\/factory-11.5.webp\"\/><\/p>\n<h3>Lager f\u00fcr Fertigprodukte und Export<\/h3>\n<p><img decoding=\"async\" src=\"\/wp-content\/uploads\/factory-12.webp\"\/><\/p>\n<p><img decoding=\"async\" src=\"\/wp-content\/uploads\/factory-13.webp\"\/><\/p>\n<p><img decoding=\"async\" src=\"\/wp-content\/uploads\/factory-14.webp\"\/><\/p>\n<h2>FAQ<\/h2>\n<p><strong>1. What is the primary benefit of using an aluminum heatsink in beer machines?<\/strong><br \/>The aluminum heatsink enhances thermal management, improving machine efficiency and lifespan.<\/p>\n<p><strong>2. Can the aluminum heatsink be customized for different machine models?<\/strong><br \/>Yes, we offer customizable sizes and shapes to fit diverse beer machine models.<\/p>\n<p><strong>3. Is aluminum the best material for heatsinks in beer machines?<\/strong><br \/>Aluminum offers a balance of excellent thermal conductivity and lightweight properties, ideal for beer machines.<\/p>\n<p><strong>4. How does the aluminum heatsink help improve the beer machine&#8217;s performance?<\/strong><br \/>It effectively dissipates heat, preventing overheating and ensuring optimal machine operation.<\/p>\n<p><strong>5. Are the heatsinks suitable for commercial beer machines?<\/strong><br \/>Yes, they are designed to meet the demands of both commercial and industrial beer machines.<\/p>\n<p><strong>6. Can I order a sample of the aluminum heatsink before placing a large order?<\/strong><br \/>Yes, sample orders are available to test the fit and performance before bulk purchasing.<\/p>\n<p><strong>7. Does using an aluminum heatsink affect energy consumption?<\/strong><br \/>Yes, it enhances energy efficiency by maintaining optimal operation temperatures, reducing overall energy use.<\/p>\n<p><\/p>","protected":false},"featured_media":10763,"template":"","categories":[72],"class_list":["post-10931","product","type-product","status-publish","has-post-thumbnail","hentry","category-extruded-aluminum-heatsink"],"meta_box":{"hilight_text_group":[{"product_hilight_text":"<li>Efficient thermal management for beer machines<\/li>\n<li>Highly durable construction with aluminum material<\/li>\n<li>Improves performance and lifespan of beer machines<\/li>\n<li>Customizable dimensions to fit various machine models<\/li>\n<li>Supports high thermal conductivity requirements<\/li>"}],"feature_list":[]},"_links":{"self":[{"href":"https:\/\/sinoextrud.com\/de\/wp-json\/wp\/v2\/product\/10931","targetHints":{"allow":["GET"]}}],"collection":[{"href":"https:\/\/sinoextrud.com\/de\/wp-json\/wp\/v2\/product"}],"about":[{"href":"https:\/\/sinoextrud.com\/de\/wp-json\/wp\/v2\/types\/product"}],"wp:featuredmedia":[{"embeddable":true,"href":"https:\/\/sinoextrud.com\/de\/wp-json\/wp\/v2\/media\/10763"}],"wp:attachment":[{"href":"https:\/\/sinoextrud.com\/de\/wp-json\/wp\/v2\/media?parent=10931"}],"wp:term":[{"taxonomy":"category","embeddable":true,"href":"https:\/\/sinoextrud.com\/de\/wp-json\/wp\/v2\/categories?post=10931"}],"curies":[{"name":"wp","href":"https:\/\/api.w.org\/{rel}","templated":true}]}}