{"id":10930,"date":"2025-08-01T03:13:16","date_gmt":"2025-08-01T03:13:16","guid":{"rendered":"https:\/\/sinoextrud.com\/product\/anodized-aluminum-cup-with-carving-design\/"},"modified":"2025-08-01T03:13:16","modified_gmt":"2025-08-01T03:13:16","slug":"eloxierter-aluminiumbecher-mit-schnitzmuster","status":"publish","type":"product","link":"https:\/\/sinoextrud.com\/de\/product\/anodized-aluminum-cup-with-carving-design\/","title":{"rendered":"Eloxierter Aluminiumbecher mit geschnitztem Design"},"content":{"rendered":"<h2>Produkte Details<\/h2>\n<div class=\"product-table\">\n<div class=\"row\">\n<div class=\"cell label\">Stil<\/div>\n<div class=\"cell value\">Morden Luxus<\/div>\n<\/div>\n<div class=\"row\">\n<div class=\"cell label\">Essgeschirr Typ<\/div>\n<div class=\"cell value\">Kupferbecher<\/div>\n<\/div>\n<div class=\"row\">\n<div class=\"cell label\">Muster<\/div>\n<div class=\"cell value\">Solide<\/div>\n<\/div>\n<div class=\"row\">\n<div class=\"cell label\">Form<\/div>\n<div class=\"cell value\">RUND<\/div>\n<\/div>\n<div class=\"row\">\n<div class=\"cell label\">Vorteil<\/div>\n<div class=\"cell value\">Sp\u00fclmaschinenfest, mikrowellenfest, gefrierfest, auslaufsicher<\/div>\n<\/div>\n<div class=\"row\">\n<div class=\"cell label\">Anzahl der Nutzer<\/div>\n<div class=\"cell value\">1<\/div>\n<\/div>\n<div class=\"row\">\n<div class=\"cell label\">Funktion<\/div>\n<div class=\"cell value\">Tragbar, langlebig, umweltfreundlich<\/div>\n<\/div>\n<div class=\"row\">\n<div class=\"cell label\">Material<\/div>\n<div class=\"cell value\">Metall<\/div>\n<\/div>\n<div class=\"row\">\n<div class=\"cell label\">Anlass<\/div>\n<div class=\"cell value\">Geschenke f\u00fcr Unternehmen<\/div>\n<\/div>\n<div class=\"row\">\n<div class=\"cell label\">Mustertyp<\/div>\n<div class=\"cell value\">Obst<\/div>\n<\/div>\n<div class=\"row\">\n<div class=\"cell label\">Produktname<\/div>\n<div class=\"cell value\">Moscow Mule Kupferbecher<\/div>\n<\/div>\n<div class=\"row\">\n<div class=\"cell label\">Verwendung<\/div>\n<div class=\"cell value\">Hotel Restaurant Haus Hochzeit Party<\/div>\n<\/div>\n<div class=\"row\">\n<div class=\"cell label\">Farbe<\/div>\n<div class=\"cell value\">Kundenspezifische Farbe<\/div>\n<\/div>\n<div class=\"row\">\n<div class=\"cell label\">Verpacken<\/div>\n<div class=\"cell value\">Kundenspezifische Verpackung<\/div>\n<\/div>\n<div class=\"row\">\n<div class=\"cell label\">Vorteil<\/div>\n<div class=\"cell value\">Hochwertige Qualit\u00e4t<\/div>\n<\/div>\n<div class=\"row\">\n<div class=\"cell label\">Logo<\/div>\n<div class=\"cell value\">Kundenspezifisches Logo akzeptabel<\/div>\n<\/div>\n<div class=\"row\">\n<div class=\"cell label\">Form<\/div>\n<div class=\"cell value\">Runde Form<\/div>\n<\/div>\n<div class=\"row\">\n<div class=\"cell label\">Stil<\/div>\n<div class=\"cell value\">Modisch<\/div>\n<\/div>\n<div class=\"row\">\n<div class=\"cell label\">Typ<\/div>\n<div class=\"cell value\">Hei\u00df begehrt<\/div>\n<\/div>\n<div class=\"row\">\n<div class=\"cell label\">MOQ<\/div>\n<div class=\"cell value\">100 S\u00e4tze<\/div>\n<\/div>\n<div class=\"row\">\n<div class=\"cell label\">Schl\u00fcsselw\u00f6rter<\/div>\n<div class=\"cell value\">Amazonas Hei\u00df<\/div>\n<\/div>\n<div class=\"row\">\n<div class=\"cell label\">Gestaltung<\/div>\n<div class=\"cell value\">Benutzerdefinierte Designs akzeptieren<\/div>\n<\/div>\n<div class=\"row\">\n<div class=\"cell label\">Verkaufende Einheiten<\/div>\n<div class=\"cell value\">Einzelnes Element<\/div>\n<\/div>\n<\/div>\n<p><\/p>\n<h2>Unsere Produktionsbasis<\/h2>\n<h3>Fabrik-Panorama<\/h3>\n<p><img decoding=\"async\" src=\"\/wp-content\/uploads\/factory-01.webp\"\/><\/p>\n<h3>Werkstatt zur Herstellung von Aluminiumstangen<\/h3>\n<p><img decoding=\"async\" src=\"\/wp-content\/uploads\/factory-02.webp\"\/><\/p>\n<p><img decoding=\"async\" src=\"\/wp-content\/uploads\/factory-03.webp\"\/><\/p>\n<h3>Lagerhaus f\u00fcr Formen<\/h3>\n<p><img decoding=\"async\" src=\"\/wp-content\/uploads\/factory-04.webp\"\/><\/p>\n<h3>43 Aluminium-Strangpressanlagen (500-5500 Tonnen)<\/h3>\n<p><img decoding=\"async\" src=\"\/wp-content\/uploads\/factory-05.webp\"\/><\/p>\n<p><img decoding=\"async\" src=\"\/wp-content\/uploads\/factory-06.webp\"\/><\/p>\n<p><img decoding=\"async\" src=\"\/wp-content\/uploads\/factory-07.webp\"\/><\/p>\n<h3>Werkstatt f\u00fcr Pulverbeschichtung<\/h3>\n<p><img decoding=\"async\" src=\"\/wp-content\/uploads\/factory-09.webp\"\/><\/p>\n<h3>Eloxal-Werkstatt<\/h3>\n<p><img decoding=\"async\" src=\"\/wp-content\/uploads\/factory-10.webp\"\/><\/p>\n<h3>Workshop zur Tiefenverarbeitung<\/h3>\n<p><img decoding=\"async\" src=\"\/wp-content\/uploads\/factory-11.webp\"\/><\/p>\n<h3>CNC-Pr\u00e4zisionsbearbeitungswerkstatt<\/h3>\n<p><img decoding=\"async\" src=\"\/wp-content\/uploads\/factory-11.5.webp\"\/><\/p>\n<h3>Lager f\u00fcr Fertigprodukte und Export<\/h3>\n<p><img decoding=\"async\" src=\"\/wp-content\/uploads\/factory-12.webp\"\/><\/p>\n<p><img decoding=\"async\" src=\"\/wp-content\/uploads\/factory-13.webp\"\/><\/p>\n<p><img decoding=\"async\" src=\"\/wp-content\/uploads\/factory-14.webp\"\/><\/p>\n<h2>FAQ<\/h2>\n<p><strong>1. Kann der Aluminiumbecher mit einem Logo versehen werden?<\/strong><br \/>Ja, wir bieten eine individuelle Gravur an, die Ihr Logo oder Design enth\u00e4lt.<\/p>\n<p><strong>2. Ist die Eloxierung der Aluminiumschale verschlei\u00dffest?<\/strong><br \/>Ja, die eloxierte Oberfl\u00e4che ist haltbar und resistent gegen Kratzer und Ausbleichen.<\/p>\n<p><strong>3. Welche Gr\u00f6\u00dfen sind f\u00fcr die eloxierten Aluminiumbecher erh\u00e4ltlich?<\/strong><br \/>Wir bieten eine Reihe von Gr\u00f6\u00dfen an, die bei Gro\u00dfbestellungen auf Ihre Bed\u00fcrfnisse zugeschnitten werden k\u00f6nnen.<\/p>\n<p><strong>4. Gibt es Farboptionen f\u00fcr die Aluminiumbecher?<\/strong><br \/>Ja, die Becher k\u00f6nnen bei Gro\u00dfeink\u00e4ufen in verschiedenen Farben eloxiert werden.<\/p>\n<p><strong>5. Ist der eloxierte Aluminiumbecher f\u00fcr die Verwendung im Freien geeignet?<\/strong><br \/>Ja, das robuste und leichte Design macht es ideal f\u00fcr den Au\u00dfeneinsatz.<\/p>\n<p><strong>6. Wie umweltfreundlich ist das Material eloxiertes Aluminium?<\/strong><br \/>Eloxiertes Aluminium ist recycelbar und f\u00f6rdert die \u00f6kologische Nachhaltigkeit.<\/p>\n<p><strong>7. Versenden Sie eloxierte Aluminiumbecher international?<\/strong><br \/>Ja, wir bieten internationale Versandoptionen mit umfassender logistischer Unterst\u00fctzung.<\/p>\n<p><\/p>","protected":false},"featured_media":10845,"template":"","categories":[68],"class_list":["post-10930","product","type-product","status-publish","has-post-thumbnail","hentry","category-cnc-machining-aluminum-profile"],"meta_box":{"hilight_text_group":[{"product_hilight_text":"<li>Custom laser engraving available for unique designs<\/li>\n<li>Durable anodized finish resists scratches and fading<\/li>\n<li>Lightweight and suitable for various applications<\/li>\n<li>Available in different colors and sizes for bulk orders<\/li>\n<li>Eco-friendly aluminum material promotes sustainability<\/li>"}],"feature_list":[]},"_links":{"self":[{"href":"https:\/\/sinoextrud.com\/de\/wp-json\/wp\/v2\/product\/10930","targetHints":{"allow":["GET"]}}],"collection":[{"href":"https:\/\/sinoextrud.com\/de\/wp-json\/wp\/v2\/product"}],"about":[{"href":"https:\/\/sinoextrud.com\/de\/wp-json\/wp\/v2\/types\/product"}],"wp:featuredmedia":[{"embeddable":true,"href":"https:\/\/sinoextrud.com\/de\/wp-json\/wp\/v2\/media\/10845"}],"wp:attachment":[{"href":"https:\/\/sinoextrud.com\/de\/wp-json\/wp\/v2\/media?parent=10930"}],"wp:term":[{"taxonomy":"category","embeddable":true,"href":"https:\/\/sinoextrud.com\/de\/wp-json\/wp\/v2\/categories?post=10930"}],"curies":[{"name":"wp","href":"https:\/\/api.w.org\/{rel}","templated":true}]}}