{"id":10929,"date":"2025-08-01T03:13:13","date_gmt":"2025-08-01T03:13:13","guid":{"rendered":"https:\/\/sinoextrud.com\/product\/aluminum-heatsink-extrusion-for-power-devices\/"},"modified":"2025-08-01T03:13:13","modified_gmt":"2025-08-01T03:13:13","slug":"strangpressen-von-aluminium-kuhlkorpern-fur-leistungsgerate","status":"publish","type":"product","link":"https:\/\/sinoextrud.com\/de\/product\/aluminum-heatsink-extrusion-for-power-devices\/","title":{"rendered":"Aluminium-K\u00fchlk\u00f6rperextrusion f\u00fcr Leistungsger\u00e4te"},"content":{"rendered":"<h2>Produkte Details<\/h2>\n<div class=\"product-table\">\n<div class=\"row\">\n<div class=\"cell label\">Klasse<\/div>\n<div class=\"cell value\">Serie 6000<\/div>\n<\/div>\n<div class=\"row\">\n<div class=\"cell label\">Toleranz<\/div>\n<div class=\"cell value\">\u00c2\u00b11%<\/div>\n<\/div>\n<div class=\"row\">\n<div class=\"cell label\">Lieferfrist<\/div>\n<div class=\"cell value\">15-21 Tage<\/div>\n<\/div>\n<div class=\"row\">\n<div class=\"cell label\">Temperament<\/div>\n<div class=\"cell value\">T3-T8<\/div>\n<\/div>\n<div class=\"row\">\n<div class=\"cell label\">Anmeldung<\/div>\n<div class=\"cell value\">W\u00e4rmesenke<\/div>\n<\/div>\n<div class=\"row\">\n<div class=\"cell label\">Form<\/div>\n<div class=\"cell value\">Quadratisch<\/div>\n<\/div>\n<div class=\"row\">\n<div class=\"cell label\">Legierung oder nicht<\/div>\n<div class=\"cell value\">Ist Legierung<\/div>\n<\/div>\n<div class=\"row\">\n<div class=\"cell label\">Bearbeitungsservice<\/div>\n<div class=\"cell value\">Biegen, Abwickeln, Schwei\u00dfen, Stanzen, Schneiden, Sch\u00e4lrippen, Rollrippen<\/div>\n<\/div>\n<div class=\"row\">\n<div class=\"cell label\">Produktname<\/div>\n<div class=\"cell value\">CNC-Bearbeitung von Teilen<\/div>\n<\/div>\n<div class=\"row\">\n<div class=\"cell label\">Prozess<\/div>\n<div class=\"cell value\">Sch\u00e4lrippe+CNC-Bearbeitung<\/div>\n<\/div>\n<div class=\"row\">\n<div class=\"cell label\">Verwendung<\/div>\n<div class=\"cell value\">Montage<\/div>\n<\/div>\n<div class=\"row\">\n<div class=\"cell label\">Farbe<\/div>\n<div class=\"cell value\">Silber<\/div>\n<\/div>\n<div class=\"row\">\n<div class=\"cell label\">Oberfl\u00e4chenbehandlung<\/div>\n<div class=\"cell value\">Eloxieren<\/div>\n<\/div>\n<div class=\"row\">\n<div class=\"cell label\">MOQ<\/div>\n<div class=\"cell value\">2St\u00fcck<\/div>\n<\/div>\n<div class=\"row\">\n<div class=\"cell label\">Material<\/div>\n<div class=\"cell value\">Legierung\/Kupfer<\/div>\n<\/div>\n<div class=\"row\">\n<div class=\"cell label\">Paket<\/div>\n<div class=\"cell value\">Schaumstoff + Karton<\/div>\n<\/div>\n<div class=\"row\">\n<div class=\"cell label\">Dimension<\/div>\n<div class=\"cell value\">Kundenspezifisch<\/div>\n<\/div>\n<div class=\"row\">\n<div class=\"cell label\">Toleranz<\/div>\n<div class=\"cell value\">0,01-0,05 mm<\/div>\n<\/div>\n<div class=\"row\">\n<div class=\"cell label\">Verkaufende Einheiten<\/div>\n<div class=\"cell value\">Einzelnes Element<\/div>\n<\/div>\n<div class=\"row\">\n<div class=\"cell label\">Einzelne Packungsgr\u00f6\u00dfe<\/div>\n<div class=\"cell value\">35X30X25 cm<\/div>\n<\/div>\n<div class=\"row\">\n<div class=\"cell label\">Einfaches Bruttogewicht<\/div>\n<div class=\"cell value\">2.000 KG<\/div>\n<\/div>\n<\/div>\n<p><\/p>\n<h2>Unsere Produktionsbasis<\/h2>\n<h3>Fabrik-Panorama<\/h3>\n<p><img decoding=\"async\" src=\"\/wp-content\/uploads\/factory-01.webp\"\/><\/p>\n<h3>Werkstatt zur Herstellung von Aluminiumstangen<\/h3>\n<p><img decoding=\"async\" src=\"\/wp-content\/uploads\/factory-02.webp\"\/><\/p>\n<p><img decoding=\"async\" src=\"\/wp-content\/uploads\/factory-03.webp\"\/><\/p>\n<h3>Lagerhaus f\u00fcr Formen<\/h3>\n<p><img decoding=\"async\" src=\"\/wp-content\/uploads\/factory-04.webp\"\/><\/p>\n<h3>43 Aluminium-Strangpressanlagen (500-5500 Tonnen)<\/h3>\n<p><img decoding=\"async\" src=\"\/wp-content\/uploads\/factory-05.webp\"\/><\/p>\n<p><img decoding=\"async\" src=\"\/wp-content\/uploads\/factory-06.webp\"\/><\/p>\n<p><img decoding=\"async\" src=\"\/wp-content\/uploads\/factory-07.webp\"\/><\/p>\n<h3>Werkstatt f\u00fcr Pulverbeschichtung<\/h3>\n<p><img decoding=\"async\" src=\"\/wp-content\/uploads\/factory-09.webp\"\/><\/p>\n<h3>Eloxal-Werkstatt<\/h3>\n<p><img decoding=\"async\" src=\"\/wp-content\/uploads\/factory-10.webp\"\/><\/p>\n<h3>Workshop zur Tiefenverarbeitung<\/h3>\n<p><img decoding=\"async\" src=\"\/wp-content\/uploads\/factory-11.webp\"\/><\/p>\n<h3>CNC-Pr\u00e4zisionsbearbeitungswerkstatt<\/h3>\n<p><img decoding=\"async\" src=\"\/wp-content\/uploads\/factory-11.5.webp\"\/><\/p>\n<h3>Lager f\u00fcr Fertigprodukte und Export<\/h3>\n<p><img decoding=\"async\" src=\"\/wp-content\/uploads\/factory-12.webp\"\/><\/p>\n<p><img decoding=\"async\" src=\"\/wp-content\/uploads\/factory-13.webp\"\/><\/p>\n<p><img decoding=\"async\" src=\"\/wp-content\/uploads\/factory-14.webp\"\/><\/p>\n<h2>FAQ<\/h2>\n<p><strong>1. Wof\u00fcr wird ein stranggepresster Aluminium-K\u00fchlk\u00f6rper verwendet?<\/strong><br \/>Es dient in erster Linie dazu, die W\u00e4rme von den elektronischen Bauteilen abzuleiten und so eine optimale Leistung und Langlebigkeit zu gew\u00e4hrleisten.<\/p>\n<p><strong>2. K\u00f6nnen stranggepresste Aluminium-K\u00fchlk\u00f6rper f\u00fcr bestimmte Projekte angepasst werden?<\/strong><br \/>Ja, wir bieten kundenspezifisches Design und Fertigung an, um einzigartige Projektspezifikationen zu erf\u00fcllen.<\/p>\n<p><strong>3. K\u00f6nnen Sie Muster von stranggepressten Aluminium-K\u00fchlk\u00f6rpern liefern?<\/strong><br \/>Ja, es k\u00f6nnen Muster angeordnet werden, um das Design und die thermische Leistung zu bewerten.<\/p>\n<p><strong>4. Welche Standardabmessungen gibt es f\u00fcr Aluminium-Strangpressprofile von K\u00fchlk\u00f6rpern?<\/strong><br \/>Wir bieten eine Reihe von Standardgr\u00f6\u00dfen an, k\u00f6nnen aber auf Anfrage auch Sonderma\u00dfe herstellen.<\/p>\n<p><strong>5. Gibt es eine Mindestbestellmenge f\u00fcr kundenspezifische K\u00fchlk\u00f6rperextrusionen?<\/strong><br \/>Die Mindestbestellmenge variiert, aber im Allgemeinen erf\u00fcllen wir sowohl kleine als auch gro\u00dfe Bestellungen je nach Bedarf.<\/p>\n<p><strong>6. Wie schneidet Aluminium im Vergleich zu anderen Materialien bei K\u00fchlk\u00f6rperanwendungen ab?<\/strong><br \/>Aluminium wird wegen seiner ausgezeichneten Ausgewogenheit zwischen geringem Gewicht und W\u00e4rmeleitf\u00e4higkeit bevorzugt, was es ideal f\u00fcr K\u00fchlk\u00f6rper macht.<\/p>\n<p><strong>7. Bieten Sie internationalen Versand f\u00fcr Aluminium-K\u00fchlk\u00f6rper-Strangpressprofile an?<\/strong><br \/>Ja, wir bieten globale Versandl\u00f6sungen mit umfassender logistischer Unterst\u00fctzung.<\/p>\n<p><\/p>","protected":false},"featured_media":10761,"template":"","categories":[72],"class_list":["post-10929","product","type-product","status-publish","has-post-thumbnail","hentry","category-extruded-aluminum-heatsink"],"meta_box":{"hilight_text_group":[{"product_hilight_text":"<li>Widely applicable in electronics for efficient heat dissipation<\/li>\n<li>Custom extrusion profiles to meet specific design requirements<\/li>\n<li>High thermal conductivity for enhanced performance<\/li>\n<li>Lightweight yet durable construction for various industrial uses<\/li>\n<li>Available in standard and custom finishes for aesthetics and protection<\/li>"}],"feature_list":[]},"_links":{"self":[{"href":"https:\/\/sinoextrud.com\/de\/wp-json\/wp\/v2\/product\/10929","targetHints":{"allow":["GET"]}}],"collection":[{"href":"https:\/\/sinoextrud.com\/de\/wp-json\/wp\/v2\/product"}],"about":[{"href":"https:\/\/sinoextrud.com\/de\/wp-json\/wp\/v2\/types\/product"}],"wp:featuredmedia":[{"embeddable":true,"href":"https:\/\/sinoextrud.com\/de\/wp-json\/wp\/v2\/media\/10761"}],"wp:attachment":[{"href":"https:\/\/sinoextrud.com\/de\/wp-json\/wp\/v2\/media?parent=10929"}],"wp:term":[{"taxonomy":"category","embeddable":true,"href":"https:\/\/sinoextrud.com\/de\/wp-json\/wp\/v2\/categories?post=10929"}],"curies":[{"name":"wp","href":"https:\/\/api.w.org\/{rel}","templated":true}]}}