{"id":10926,"date":"2025-08-01T03:13:07","date_gmt":"2025-08-01T03:13:07","guid":{"rendered":"https:\/\/sinoextrud.com\/product\/aluminum-heat-sink-plate-for-power-electronics\/"},"modified":"2025-08-01T03:13:07","modified_gmt":"2025-08-01T03:13:07","slug":"aluminium-kuhlkorperplatte-fur-leistungselektronik","status":"publish","type":"product","link":"https:\/\/sinoextrud.com\/de\/product\/aluminum-heat-sink-plate-for-power-electronics\/","title":{"rendered":"Aluminium-K\u00fchlk\u00f6rperplatte f\u00fcr Leistungselektronik"},"content":{"rendered":"<h2>Produkte Details<\/h2>\n<div class=\"product-table\">\n<div class=\"row\">\n<div class=\"cell label\">CNC-Bearbeitung oder nicht<\/div>\n<div class=\"cell value\">Cnc-Bearbeitung<\/div>\n<\/div>\n<div class=\"row\">\n<div class=\"cell label\">Materialf\u00e4higkeiten<\/div>\n<div class=\"cell value\">Aluminium, Messing, Bronze, Kupfer, geh\u00e4rtete Metalle, Edelmetalle, Edelstahl, Stahllegierungen<\/div>\n<\/div>\n<div class=\"row\">\n<div class=\"cell label\">Typ<\/div>\n<div class=\"cell value\">R\u00e4umen, Bohren, \u00c4tzen \/ Chemische Bearbeitung, Laserbearbeitung, Fr\u00e4sen, Sonstige Bearbeitungsdienstleistungen, Rapid Prototyping, Drehen, Drahterodieren<\/div>\n<\/div>\n<div class=\"row\">\n<div class=\"cell label\">Mikro-Bearbeitung oder nicht<\/div>\n<div class=\"cell value\">Nicht Mikro-Bearbeitung<\/div>\n<\/div>\n<div class=\"row\">\n<div class=\"cell label\">Prozess<\/div>\n<div class=\"cell value\">Cnc-Bearbeitung<\/div>\n<\/div>\n<div class=\"row\">\n<div class=\"cell label\">Material<\/div>\n<div class=\"cell value\">Metall-Legierung<\/div>\n<\/div>\n<div class=\"row\">\n<div class=\"cell label\">Schl\u00fcsselwort<\/div>\n<div class=\"cell value\">Metallarbeiten<\/div>\n<\/div>\n<div class=\"row\">\n<div class=\"cell label\">Oberfl\u00e4chenbehandlung<\/div>\n<div class=\"cell value\">nach Bedarf<\/div>\n<\/div>\n<div class=\"row\">\n<div class=\"cell label\">Dienst<\/div>\n<div class=\"cell value\">OEM ODM<\/div>\n<\/div>\n<div class=\"row\">\n<div class=\"cell label\">Ausr\u00fcstung<\/div>\n<div class=\"cell value\">3,4,5 Achsen cnc Maschine<\/div>\n<\/div>\n<div class=\"row\">\n<div class=\"cell label\">-<\/div>\n<div class=\"cell value\">xxxx xxx xx x<\/div>\n<\/div>\n<div class=\"row\">\n<div class=\"cell label\">Details zur Verpackung<\/div>\n<div class=\"cell value\">- Luftpolstertasche+Au\u00dfenkarton<\/div>\n<\/div>\n<div class=\"row\">\n<div class=\"cell label\">Verkaufende Einheiten<\/div>\n<div class=\"cell value\">Einzelnes Element<\/div>\n<\/div>\n<div class=\"row\">\n<div class=\"cell label\">Einzelne Packungsgr\u00f6\u00dfe<\/div>\n<div class=\"cell value\">13X8X9 cm<\/div>\n<\/div>\n<div class=\"row\">\n<div class=\"cell label\">Einfaches Bruttogewicht<\/div>\n<div class=\"cell value\">0,100 KG<\/div>\n<\/div>\n<\/div>\n<p><\/p>\n<h2>Unsere Produktionsbasis<\/h2>\n<h3>Fabrik-Panorama<\/h3>\n<p><img decoding=\"async\" src=\"\/wp-content\/uploads\/factory-01.webp\"\/><\/p>\n<h3>Werkstatt zur Herstellung von Aluminiumstangen<\/h3>\n<p><img decoding=\"async\" src=\"\/wp-content\/uploads\/factory-02.webp\"\/><\/p>\n<p><img decoding=\"async\" src=\"\/wp-content\/uploads\/factory-03.webp\"\/><\/p>\n<h3>Lagerhaus f\u00fcr Formen<\/h3>\n<p><img decoding=\"async\" src=\"\/wp-content\/uploads\/factory-04.webp\"\/><\/p>\n<h3>43 Aluminium-Strangpressanlagen (500-5500 Tonnen)<\/h3>\n<p><img decoding=\"async\" src=\"\/wp-content\/uploads\/factory-05.webp\"\/><\/p>\n<p><img decoding=\"async\" src=\"\/wp-content\/uploads\/factory-06.webp\"\/><\/p>\n<p><img decoding=\"async\" src=\"\/wp-content\/uploads\/factory-07.webp\"\/><\/p>\n<h3>Werkstatt f\u00fcr Pulverbeschichtung<\/h3>\n<p><img decoding=\"async\" src=\"\/wp-content\/uploads\/factory-09.webp\"\/><\/p>\n<h3>Eloxal-Werkstatt<\/h3>\n<p><img decoding=\"async\" src=\"\/wp-content\/uploads\/factory-10.webp\"\/><\/p>\n<h3>Workshop zur Tiefenverarbeitung<\/h3>\n<p><img decoding=\"async\" src=\"\/wp-content\/uploads\/factory-11.webp\"\/><\/p>\n<h3>CNC-Pr\u00e4zisionsbearbeitungswerkstatt<\/h3>\n<p><img decoding=\"async\" src=\"\/wp-content\/uploads\/factory-11.5.webp\"\/><\/p>\n<h3>Lager f\u00fcr Fertigprodukte und Export<\/h3>\n<p><img decoding=\"async\" src=\"\/wp-content\/uploads\/factory-12.webp\"\/><\/p>\n<p><img decoding=\"async\" src=\"\/wp-content\/uploads\/factory-13.webp\"\/><\/p>\n<p><img decoding=\"async\" src=\"\/wp-content\/uploads\/factory-14.webp\"\/><\/p>\n<h2>FAQ<\/h2>\n<p><strong>1. Was ist die Hauptfunktion einer Aluminium-K\u00fchlk\u00f6rperplatte?<\/strong><br \/>Es leitet die W\u00e4rme von elektronischen Bauteilen ab und verhindert so eine \u00dcberhitzung.<\/p>\n<p><strong>2. Kann die Gr\u00f6\u00dfe des K\u00fchlk\u00f6rpers Platte angepasst werden?<\/strong><br \/>Ja, wir bieten die Anpassung der Gr\u00f6\u00dfe an die jeweiligen Anforderungen.<\/p>\n<p><strong>3. Ist dieses Produkt aus reinem Aluminium hergestellt?<\/strong><br \/>Ja, unsere K\u00fchlk\u00f6rperplatten sind aus hochwertigem Aluminium gefertigt und bieten optimale Leistung.<\/p>\n<p><strong>4. Unterst\u00fctzt es die Verbindung mit verschiedenen Ger\u00e4ten?<\/strong><br \/>Ja, es kann in verschiedene elektronische Ger\u00e4te und Maschinen integriert werden.<\/p>\n<p><strong>5. Welche Branchen verwenden \u00fcblicherweise Aluminium-K\u00fchlk\u00f6rperplatten?<\/strong><br \/>Sie werden h\u00e4ufig in der Elektronik, der Automobilindustrie und in industriellen Anwendungen eingesetzt.<\/p>\n<p><strong>6. K\u00f6nnen diese Platten in Au\u00dfenbereichen verwendet werden?<\/strong><br \/>Ja, ihre korrosionsbest\u00e4ndige Oberfl\u00e4che macht sie f\u00fcr die Verwendung im Freien geeignet.<\/p>\n<p><strong>7. Gibt es eine Mindestbestellmenge, wenn ein Design angepasst wird?<\/strong><br \/>Die Mindestbestellmenge h\u00e4ngt vom Grad der Individualisierung ab, in der Regel ab 100 St\u00fcck.<\/p>\n<p><\/p>","protected":false},"featured_media":10758,"template":"","categories":[72],"class_list":["post-10926","product","type-product","status-publish","has-post-thumbnail","hentry","category-extruded-aluminum-heatsink"],"meta_box":{"hilight_text_group":[{"product_hilight_text":"<li>High thermal conductivity for efficient heat dissipation<\/li>\n<li>Lightweight and durable aluminum construction<\/li>\n<li>Customizable shapes and sizes to fit specific applications<\/li>\n<li>Corrosion-resistant finish for long-lasting performance<\/li>\n<li>Compatible with various electronic devices and equipment<\/li>"}],"feature_list":[]},"_links":{"self":[{"href":"https:\/\/sinoextrud.com\/de\/wp-json\/wp\/v2\/product\/10926","targetHints":{"allow":["GET"]}}],"collection":[{"href":"https:\/\/sinoextrud.com\/de\/wp-json\/wp\/v2\/product"}],"about":[{"href":"https:\/\/sinoextrud.com\/de\/wp-json\/wp\/v2\/types\/product"}],"wp:featuredmedia":[{"embeddable":true,"href":"https:\/\/sinoextrud.com\/de\/wp-json\/wp\/v2\/media\/10758"}],"wp:attachment":[{"href":"https:\/\/sinoextrud.com\/de\/wp-json\/wp\/v2\/media?parent=10926"}],"wp:term":[{"taxonomy":"category","embeddable":true,"href":"https:\/\/sinoextrud.com\/de\/wp-json\/wp\/v2\/categories?post=10926"}],"curies":[{"name":"wp","href":"https:\/\/api.w.org\/{rel}","templated":true}]}}