{"id":10925,"date":"2025-08-01T03:13:04","date_gmt":"2025-08-01T03:13:04","guid":{"rendered":"https:\/\/sinoextrud.com\/product\/led-light-aluminum-housing-for-outdoor-use\/"},"modified":"2025-08-01T03:13:04","modified_gmt":"2025-08-01T03:13:04","slug":"led-leuchte-mit-aluminiumgehause-fur-den-auseneinsatz","status":"publish","type":"product","link":"https:\/\/sinoextrud.com\/de\/product\/led-light-aluminum-housing-for-outdoor-use\/","title":{"rendered":"LED-Leuchte Aluminiumgeh\u00e4use f\u00fcr den Au\u00dfeneinsatz"},"content":{"rendered":"<h2>Produkte Details<\/h2>\n<div class=\"product-table\">\n<div class=\"row\">\n<div class=\"cell label\">Name des Produkts<\/div>\n<div class=\"cell value\">Kundenspezifische Aluminium-K\u00fchler-Druckgussteile<\/div>\n<\/div>\n<div class=\"row\">\n<div class=\"cell label\">Toleranz<\/div>\n<div class=\"cell value\">0,01 mm<\/div>\n<\/div>\n<div class=\"row\">\n<div class=\"cell label\">Material<\/div>\n<div class=\"cell value\">Eisen, Edelstahl, Kohlenstoffstahl, Aluminiumlegierung, Zink, Magnesium, etc.<\/div>\n<\/div>\n<div class=\"row\">\n<div class=\"cell label\">Paket<\/div>\n<div class=\"cell value\">Blase + Karton + Holzkiste<\/div>\n<\/div>\n<div class=\"row\">\n<div class=\"cell label\">Qualit\u00e4tskontrolle<\/div>\n<div class=\"cell value\">Streng 100% Inspektion<\/div>\n<\/div>\n<div class=\"row\">\n<div class=\"cell label\">Prozess<\/div>\n<div class=\"cell value\">Gie\u00dfen +Bearbeitung (falls erforderlich)+Oberfl\u00e4chenbehandlung<\/div>\n<\/div>\n<div class=\"row\">\n<div class=\"cell label\">Oberfl\u00e4chenbehandlung<\/div>\n<div class=\"cell value\">Die Nachfrage der Kunden<\/div>\n<\/div>\n<div class=\"row\">\n<div class=\"cell label\">Dienst<\/div>\n<div class=\"cell value\">OEM\\ODM<\/div>\n<\/div>\n<div class=\"row\">\n<div class=\"cell label\">Vorlaufzeit<\/div>\n<div class=\"cell value\">15-35 Tage<\/div>\n<\/div>\n<div class=\"row\">\n<div class=\"cell label\">Schl\u00fcsselwort<\/div>\n<div class=\"cell value\">Druckguss-Aluminiumprodukte Teile<\/div>\n<\/div>\n<div class=\"row\">\n<div class=\"cell label\">Verkaufende Einheiten<\/div>\n<div class=\"cell value\">Einzelnes Element<\/div>\n<\/div>\n<div class=\"row\">\n<div class=\"cell label\">Einzelne Packungsgr\u00f6\u00dfe<\/div>\n<div class=\"cell value\">10X20X15 cm<\/div>\n<\/div>\n<div class=\"row\">\n<div class=\"cell label\">Einfaches Bruttogewicht<\/div>\n<div class=\"cell value\">1.000 KG<\/div>\n<\/div>\n<\/div>\n<p><\/p>\n<h2>Unsere Produktionsbasis<\/h2>\n<h3>Fabrik-Panorama<\/h3>\n<p><img decoding=\"async\" src=\"\/wp-content\/uploads\/factory-01.webp\"\/><\/p>\n<h3>Werkstatt zur Herstellung von Aluminiumstangen<\/h3>\n<p><img decoding=\"async\" src=\"\/wp-content\/uploads\/factory-02.webp\"\/><\/p>\n<p><img decoding=\"async\" src=\"\/wp-content\/uploads\/factory-03.webp\"\/><\/p>\n<h3>Lagerhaus f\u00fcr Formen<\/h3>\n<p><img decoding=\"async\" src=\"\/wp-content\/uploads\/factory-04.webp\"\/><\/p>\n<h3>43 Aluminium-Strangpressanlagen (500-5500 Tonnen)<\/h3>\n<p><img decoding=\"async\" src=\"\/wp-content\/uploads\/factory-05.webp\"\/><\/p>\n<p><img decoding=\"async\" src=\"\/wp-content\/uploads\/factory-06.webp\"\/><\/p>\n<p><img decoding=\"async\" src=\"\/wp-content\/uploads\/factory-07.webp\"\/><\/p>\n<h3>Werkstatt f\u00fcr Pulverbeschichtung<\/h3>\n<p><img decoding=\"async\" src=\"\/wp-content\/uploads\/factory-09.webp\"\/><\/p>\n<h3>Eloxal-Werkstatt<\/h3>\n<p><img decoding=\"async\" src=\"\/wp-content\/uploads\/factory-10.webp\"\/><\/p>\n<h3>Workshop zur Tiefenverarbeitung<\/h3>\n<p><img decoding=\"async\" src=\"\/wp-content\/uploads\/factory-11.webp\"\/><\/p>\n<h3>CNC-Pr\u00e4zisionsbearbeitungswerkstatt<\/h3>\n<p><img decoding=\"async\" src=\"\/wp-content\/uploads\/factory-11.5.webp\"\/><\/p>\n<h3>Lager f\u00fcr Fertigprodukte und Export<\/h3>\n<p><img decoding=\"async\" src=\"\/wp-content\/uploads\/factory-12.webp\"\/><\/p>\n<p><img decoding=\"async\" src=\"\/wp-content\/uploads\/factory-13.webp\"\/><\/p>\n<p><img decoding=\"async\" src=\"\/wp-content\/uploads\/factory-14.webp\"\/><\/p>\n<h2>FAQ<\/h2>\n<p><strong>1. Kann das LED-Licht-Aluminium-Geh\u00e4use angepasst werden?<\/strong><br \/>Ja, wir bieten anpassbare Optionen, einschlie\u00dflich Gr\u00f6\u00dfe, Farbe und Design, die Ihren Anforderungen entsprechen.<\/p>\n<p><strong>2. Welche Materialien werden f\u00fcr das LED-Licht-Aluminiumgeh\u00e4use verwendet?<\/strong><br \/>Das Geh\u00e4use ist aus hochwertigem Aluminium gefertigt, das f\u00fcr Langlebigkeit und W\u00e4rmemanagement sorgt.<\/p>\n<p><strong>3. Ist das Aluminiumgeh\u00e4use der LED-Leuchte witterungsbest\u00e4ndig?<\/strong><br \/>Ja, er ist korrosionsbest\u00e4ndig und daher f\u00fcr verschiedene Umgebungsbedingungen geeignet.<\/p>\n<p><strong>4. Unterst\u00fctzt das Geh\u00e4use eine effiziente W\u00e4rmeableitung?<\/strong><br \/>Die Aluminiumkonstruktion sorgt f\u00fcr eine effektive W\u00e4rmeableitung, um die Lebensdauer der LEDs zu verl\u00e4ngern.<\/p>\n<p><strong>5. K\u00f6nnen in dieses Geh\u00e4use verschiedene LED-Module eingebaut werden?<\/strong><br \/>Ja, sie ist so konzipiert, dass sie eine Vielzahl von LED-Modulen und Treibern aufnehmen kann und somit flexibel ist.<\/p>\n<p><strong>6. Ist das LED-Licht-Aluminiumgeh\u00e4use in verschiedenen Gr\u00f6\u00dfen erh\u00e4ltlich?<\/strong><br \/>Ja, wir bieten eine Reihe von Gr\u00f6\u00dfen an und k\u00f6nnen sie bei Bedarf auch auf bestimmte Ma\u00dfe anpassen.<\/p>\n<p><strong>7. Bieten Sie Gro\u00dfbestellungsrabatte f\u00fcr LED-Licht Aluminiumgeh\u00e4use?<\/strong><br \/>Ja, wir bieten wettbewerbsf\u00e4hige Preise und Preisnachl\u00e4sse f\u00fcr gro\u00dfe Bestellmengen.<\/p>\n<p><\/p>","protected":false},"featured_media":10848,"template":"","categories":[55],"class_list":["post-10925","product","type-product","status-publish","has-post-thumbnail","hentry","category-extruded-aluminum-profiles"],"meta_box":{"hilight_text_group":[{"product_hilight_text":"<li>Durable and lightweight aluminum construction<\/li>\n<li>Efficient heat dissipation for extended LED lifespan<\/li>\n<li>Customizable designs to fit different LED applications<\/li>\n<li>Corrosion-resistant finish suitable for various environments<\/li>\n<li>Compatible with a wide range of LED modules and drivers<\/li>"}],"feature_list":[]},"_links":{"self":[{"href":"https:\/\/sinoextrud.com\/de\/wp-json\/wp\/v2\/product\/10925","targetHints":{"allow":["GET"]}}],"collection":[{"href":"https:\/\/sinoextrud.com\/de\/wp-json\/wp\/v2\/product"}],"about":[{"href":"https:\/\/sinoextrud.com\/de\/wp-json\/wp\/v2\/types\/product"}],"wp:featuredmedia":[{"embeddable":true,"href":"https:\/\/sinoextrud.com\/de\/wp-json\/wp\/v2\/media\/10848"}],"wp:attachment":[{"href":"https:\/\/sinoextrud.com\/de\/wp-json\/wp\/v2\/media?parent=10925"}],"wp:term":[{"taxonomy":"category","embeddable":true,"href":"https:\/\/sinoextrud.com\/de\/wp-json\/wp\/v2\/categories?post=10925"}],"curies":[{"name":"wp","href":"https:\/\/api.w.org\/{rel}","templated":true}]}}