{"id":10924,"date":"2025-08-01T03:13:02","date_gmt":"2025-08-01T03:13:02","guid":{"rendered":"https:\/\/sinoextrud.com\/product\/aluminum-heat-sink-material-for-custom-solutions\/"},"modified":"2025-08-01T03:13:02","modified_gmt":"2025-08-01T03:13:02","slug":"aluminium-kuhlkorpermaterial-fur-kundenspezifische-losungen","status":"publish","type":"product","link":"https:\/\/sinoextrud.com\/de\/product\/aluminum-heat-sink-material-for-custom-solutions\/","title":{"rendered":"Aluminium-K\u00fchlk\u00f6rpermaterial f\u00fcr kundenspezifische L\u00f6sungen"},"content":{"rendered":"<h2>Produkte Details<\/h2>\n<div class=\"product-table\">\n<div class=\"row\">\n<div class=\"cell label\">Klasse<\/div>\n<div class=\"cell value\">Serie 6000<\/div>\n<\/div>\n<div class=\"row\">\n<div class=\"cell label\">Toleranz<\/div>\n<div class=\"cell value\">\u00c2\u00b11%<\/div>\n<\/div>\n<div class=\"row\">\n<div class=\"cell label\">Lieferfrist<\/div>\n<div class=\"cell value\">15-21 Tage<\/div>\n<\/div>\n<div class=\"row\">\n<div class=\"cell label\">Temperament<\/div>\n<div class=\"cell value\">T4-T6<\/div>\n<\/div>\n<div class=\"row\">\n<div class=\"cell label\">Anmeldung<\/div>\n<div class=\"cell value\">Industriell<\/div>\n<\/div>\n<div class=\"row\">\n<div class=\"cell label\">Form<\/div>\n<div class=\"cell value\">angepasst<\/div>\n<\/div>\n<div class=\"row\">\n<div class=\"cell label\">Legierung oder nicht<\/div>\n<div class=\"cell value\">Ist Legierung<\/div>\n<\/div>\n<div class=\"row\">\n<div class=\"cell label\">Bearbeitungsservice<\/div>\n<div class=\"cell value\">Biegen, Abwickeln, Schwei\u00dfen, Stanzen, Schneiden<\/div>\n<\/div>\n<div class=\"row\">\n<div class=\"cell label\">Typ<\/div>\n<div class=\"cell value\">OEM ODM<\/div>\n<\/div>\n<div class=\"row\">\n<div class=\"cell label\">Dicke<\/div>\n<div class=\"cell value\">1mm-500mm<\/div>\n<\/div>\n<div class=\"row\">\n<div class=\"cell label\">Breite<\/div>\n<div class=\"cell value\">10mm-600mm<\/div>\n<\/div>\n<div class=\"row\">\n<div class=\"cell label\">L\u00e4nge<\/div>\n<div class=\"cell value\">1000mm-12000mm oder kundenspezifisch<\/div>\n<\/div>\n<div class=\"row\">\n<div class=\"cell label\">Standard<\/div>\n<div class=\"cell value\">GB, ASTM, EN, JIS, AISI, DIN<\/div>\n<\/div>\n<div class=\"row\">\n<div class=\"cell label\">Oberfl\u00e4che<\/div>\n<div class=\"cell value\">Mill Finish, Eloxieren, Pulverbeschichtung usw.<\/div>\n<\/div>\n<div class=\"row\">\n<div class=\"cell label\">Zertifizierung<\/div>\n<div class=\"cell value\">CE, ISO9001, ISO14001, ISO45001, IATF16949<\/div>\n<\/div>\n<div class=\"row\">\n<div class=\"cell label\">Anmeldung<\/div>\n<div class=\"cell value\">Schienenverkehr, Automobil, Elektronik, Elektrik und andere Industrien<\/div>\n<\/div>\n<div class=\"row\">\n<div class=\"cell label\">Details zur Verpackung<\/div>\n<div class=\"cell value\">Karton\/Blasenfolie\/Holzpalette<\/div>\n<\/div>\n<div class=\"row\">\n<div class=\"cell label\">Hafen der Versendung<\/div>\n<div class=\"cell value\">Qingdao<\/div>\n<\/div>\n<div class=\"row\">\n<div class=\"cell label\">Verkaufende Einheiten<\/div>\n<div class=\"cell value\">Einzelnes Element<\/div>\n<\/div>\n<div class=\"row\">\n<div class=\"cell label\">Lieferf\u00e4higkeit<\/div>\n<div class=\"cell value\">1500 Tonnen pro Monat<\/div>\n<\/div>\n<\/div>\n<p><\/p>\n<h2>Unsere Produktionsbasis<\/h2>\n<h3>Fabrik-Panorama<\/h3>\n<p><img decoding=\"async\" src=\"\/wp-content\/uploads\/factory-01.webp\"\/><\/p>\n<h3>Werkstatt zur Herstellung von Aluminiumstangen<\/h3>\n<p><img decoding=\"async\" src=\"\/wp-content\/uploads\/factory-02.webp\"\/><\/p>\n<p><img decoding=\"async\" src=\"\/wp-content\/uploads\/factory-03.webp\"\/><\/p>\n<h3>Lagerhaus f\u00fcr Formen<\/h3>\n<p><img decoding=\"async\" src=\"\/wp-content\/uploads\/factory-04.webp\"\/><\/p>\n<h3>43 Aluminium-Strangpressanlagen (500-5500 Tonnen)<\/h3>\n<p><img decoding=\"async\" src=\"\/wp-content\/uploads\/factory-05.webp\"\/><\/p>\n<p><img decoding=\"async\" src=\"\/wp-content\/uploads\/factory-06.webp\"\/><\/p>\n<p><img decoding=\"async\" src=\"\/wp-content\/uploads\/factory-07.webp\"\/><\/p>\n<h3>Werkstatt f\u00fcr Pulverbeschichtung<\/h3>\n<p><img decoding=\"async\" src=\"\/wp-content\/uploads\/factory-09.webp\"\/><\/p>\n<h3>Eloxal-Werkstatt<\/h3>\n<p><img decoding=\"async\" src=\"\/wp-content\/uploads\/factory-10.webp\"\/><\/p>\n<h3>Workshop zur Tiefenverarbeitung<\/h3>\n<p><img decoding=\"async\" src=\"\/wp-content\/uploads\/factory-11.webp\"\/><\/p>\n<h3>CNC-Pr\u00e4zisionsbearbeitungswerkstatt<\/h3>\n<p><img decoding=\"async\" src=\"\/wp-content\/uploads\/factory-11.5.webp\"\/><\/p>\n<h3>Lager f\u00fcr Fertigprodukte und Export<\/h3>\n<p><img decoding=\"async\" src=\"\/wp-content\/uploads\/factory-12.webp\"\/><\/p>\n<p><img decoding=\"async\" src=\"\/wp-content\/uploads\/factory-13.webp\"\/><\/p>\n<p><img decoding=\"async\" src=\"\/wp-content\/uploads\/factory-14.webp\"\/><\/p>\n<h2>FAQ<\/h2>\n<p><strong>1. Was sind die wichtigsten Vorteile der Verwendung von Aluminium f\u00fcr K\u00fchlk\u00f6rper?<\/strong><br \/>Aluminium bietet eine hervorragende W\u00e4rmeleitf\u00e4higkeit und ist leicht, was es ideal f\u00fcr die W\u00e4rmeverteilung macht.<\/p>\n<p><strong>2. K\u00f6nnen Aluminiumk\u00fchlk\u00f6rper an bestimmte Formen angepasst werden?<\/strong><br \/>Ja, Aluminiumk\u00fchlk\u00f6rper lassen sich leicht bearbeiten und in jede gew\u00fcnschte Form bringen.<\/p>\n<p><strong>3. Ist dieses Material korrosionsbest\u00e4ndig?<\/strong><br \/>Ja, Aluminium bietet eine hohe Korrosionsbest\u00e4ndigkeit, was die Langlebigkeit von K\u00fchlk\u00f6rpern erh\u00f6ht.<\/p>\n<p><strong>4. In welchen Branchen werden \u00fcblicherweise Aluminiumk\u00fchlk\u00f6rper verwendet?<\/strong><br \/>Aluminiumk\u00fchlk\u00f6rper werden in der Elektronik-, Automobil- und HVAC-Industrie h\u00e4ufig f\u00fcr ein effizientes W\u00e4rmemanagement eingesetzt.<\/p>\n<p><strong>5. Wie schneidet Aluminium im Vergleich zu Kupfer bei K\u00fchlk\u00f6rpern ab?<\/strong><br \/>Aluminium ist preiswerter und leichter als Kupfer, bietet aber dennoch gute thermische Eigenschaften.<\/p>\n<p><strong>6. K\u00f6nnen wir K\u00fchlk\u00f6rper aus Aluminium recyceln?<\/strong><br \/>Ja, Aluminium ist vollst\u00e4ndig recycelbar und unterst\u00fctzt damit Initiativen zur \u00f6kologischen Nachhaltigkeit.<\/p>\n<p><strong>7. Sind Aluminiumk\u00fchlk\u00f6rper f\u00fcr Hochtemperaturanwendungen geeignet?<\/strong><br \/>Ja, Aluminiumk\u00fchlk\u00f6rper k\u00f6nnen die W\u00e4rme in Hochtemperaturanwendungen effektiv ableiten und so die Systemstabilit\u00e4t gew\u00e4hrleisten.<\/p>\n<p><\/p>","protected":false},"featured_media":10756,"template":"","categories":[72],"class_list":["post-10924","product","type-product","status-publish","has-post-thumbnail","hentry","category-extruded-aluminum-heatsink"],"meta_box":{"hilight_text_group":[{"product_hilight_text":"<li>Excellent thermal conductivity for efficient heat dispersion<\/li>\n<li>Lightweight material, ideal for various applications<\/li>\n<li>Offers high resistance to corrosion and environmental factors<\/li>\n<li>Easy to machine and customize to specific requirements<\/li>\n<li>Supports green initiatives with recyclable properties<\/li>"}],"feature_list":[]},"_links":{"self":[{"href":"https:\/\/sinoextrud.com\/de\/wp-json\/wp\/v2\/product\/10924","targetHints":{"allow":["GET"]}}],"collection":[{"href":"https:\/\/sinoextrud.com\/de\/wp-json\/wp\/v2\/product"}],"about":[{"href":"https:\/\/sinoextrud.com\/de\/wp-json\/wp\/v2\/types\/product"}],"wp:featuredmedia":[{"embeddable":true,"href":"https:\/\/sinoextrud.com\/de\/wp-json\/wp\/v2\/media\/10756"}],"wp:attachment":[{"href":"https:\/\/sinoextrud.com\/de\/wp-json\/wp\/v2\/media?parent=10924"}],"wp:term":[{"taxonomy":"category","embeddable":true,"href":"https:\/\/sinoextrud.com\/de\/wp-json\/wp\/v2\/categories?post=10924"}],"curies":[{"name":"wp","href":"https:\/\/api.w.org\/{rel}","templated":true}]}}