{"id":10922,"date":"2025-08-01T03:12:57","date_gmt":"2025-08-01T03:12:57","guid":{"rendered":"https:\/\/sinoextrud.com\/product\/aluminum-heat-sink-manufacturer-for-oem-projects\/"},"modified":"2025-08-01T03:12:57","modified_gmt":"2025-08-01T03:12:57","slug":"hersteller-von-aluminiumkuhlkorpern-fur-oem-projekte","status":"publish","type":"product","link":"https:\/\/sinoextrud.com\/de\/product\/aluminum-heat-sink-manufacturer-for-oem-projects\/","title":{"rendered":"Hersteller von Aluminiumk\u00fchlk\u00f6rpern f\u00fcr OEM-Projekte"},"content":{"rendered":"<h2>Produkte Details<\/h2>\n<div class=\"product-table\">\n<div class=\"row\">\n<div class=\"cell label\">Klasse<\/div>\n<div class=\"cell value\">Serie 6000<\/div>\n<\/div>\n<div class=\"row\">\n<div class=\"cell label\">Toleranz<\/div>\n<div class=\"cell value\">+\/-1mm<\/div>\n<\/div>\n<div class=\"row\">\n<div class=\"cell label\">Lieferfrist<\/div>\n<div class=\"cell value\">innerhalb von 7 Tagen<\/div>\n<\/div>\n<div class=\"row\">\n<div class=\"cell label\">Temperament<\/div>\n<div class=\"cell value\">T3-T8<\/div>\n<\/div>\n<div class=\"row\">\n<div class=\"cell label\">Anmeldung<\/div>\n<div class=\"cell value\">Mehrfache Anwendung<\/div>\n<\/div>\n<div class=\"row\">\n<div class=\"cell label\">Form<\/div>\n<div class=\"cell value\">Benutzerdefiniert<\/div>\n<\/div>\n<div class=\"row\">\n<div class=\"cell label\">Legierung oder nicht<\/div>\n<div class=\"cell value\">Ist Legierung<\/div>\n<\/div>\n<div class=\"row\">\n<div class=\"cell label\">Bearbeitungsservice<\/div>\n<div class=\"cell value\">Biegen, Abwickeln, Schwei\u00dfen, Stanzen, Schneiden<\/div>\n<\/div>\n<div class=\"row\">\n<div class=\"cell label\">Name des Produkts<\/div>\n<div class=\"cell value\">Cnc-Fr\u00e4sen Aluminium Extrusion K\u00fchlk\u00f6rper<\/div>\n<\/div>\n<div class=\"row\">\n<div class=\"cell label\">Oberfl\u00e4chenbehandlung<\/div>\n<div class=\"cell value\">Eloxieren, Sandstrahlen, Pulverbeschichten, Polieren und so weiter<\/div>\n<\/div>\n<div class=\"row\">\n<div class=\"cell label\">Gr\u00f6\u00dfe<\/div>\n<div class=\"cell value\">Kundenwunsch<\/div>\n<\/div>\n<div class=\"row\">\n<div class=\"cell label\">Tiefgreifender Prozess<\/div>\n<div class=\"cell value\">Biegen, Schwei\u00dfen, Stanzen, Schneiden<\/div>\n<\/div>\n<div class=\"row\">\n<div class=\"cell label\">L\u00e4nge<\/div>\n<div class=\"cell value\">Beliebige L\u00e4nge<\/div>\n<\/div>\n<div class=\"row\">\n<div class=\"cell label\">Material<\/div>\n<div class=\"cell value\">6063 6061 6005 Aluminium-Legierung<\/div>\n<\/div>\n<div class=\"row\">\n<div class=\"cell label\">Farbe<\/div>\n<div class=\"cell value\">Silber, Schwarz, Goldschwarz und so weiter<\/div>\n<\/div>\n<div class=\"row\">\n<div class=\"cell label\">Strangpressmaschine<\/div>\n<div class=\"cell value\">600 Tonnen-10000 Tonnen<\/div>\n<\/div>\n<div class=\"row\">\n<div class=\"cell label\">Zertifizierung<\/div>\n<div class=\"cell value\">ISO 9001:2008<\/div>\n<\/div>\n<div class=\"row\">\n<div class=\"cell label\">Dienst<\/div>\n<div class=\"cell value\">OEM ODM<\/div>\n<\/div>\n<div class=\"row\">\n<div class=\"cell label\">Verkaufende Einheiten<\/div>\n<div class=\"cell value\">Einzelnes Element<\/div>\n<\/div>\n<div class=\"row\">\n<div class=\"cell label\">Einzelne Packungsgr\u00f6\u00dfe<\/div>\n<div class=\"cell value\">30X20X10 cm<\/div>\n<\/div>\n<div class=\"row\">\n<div class=\"cell label\">Einfaches Bruttogewicht<\/div>\n<div class=\"cell value\">2.000 KG<\/div>\n<\/div>\n<\/div>\n<p><\/p>\n<h2>Unsere Produktionsbasis<\/h2>\n<h3>Fabrik-Panorama<\/h3>\n<p><img decoding=\"async\" src=\"\/wp-content\/uploads\/factory-01.webp\"\/><\/p>\n<h3>Werkstatt zur Herstellung von Aluminiumstangen<\/h3>\n<p><img decoding=\"async\" src=\"\/wp-content\/uploads\/factory-02.webp\"\/><\/p>\n<p><img decoding=\"async\" src=\"\/wp-content\/uploads\/factory-03.webp\"\/><\/p>\n<h3>Lagerhaus f\u00fcr Formen<\/h3>\n<p><img decoding=\"async\" src=\"\/wp-content\/uploads\/factory-04.webp\"\/><\/p>\n<h3>43 Aluminium-Strangpressanlagen (500-5500 Tonnen)<\/h3>\n<p><img decoding=\"async\" src=\"\/wp-content\/uploads\/factory-05.webp\"\/><\/p>\n<p><img decoding=\"async\" src=\"\/wp-content\/uploads\/factory-06.webp\"\/><\/p>\n<p><img decoding=\"async\" src=\"\/wp-content\/uploads\/factory-07.webp\"\/><\/p>\n<h3>Werkstatt f\u00fcr Pulverbeschichtung<\/h3>\n<p><img decoding=\"async\" src=\"\/wp-content\/uploads\/factory-09.webp\"\/><\/p>\n<h3>Eloxal-Werkstatt<\/h3>\n<p><img decoding=\"async\" src=\"\/wp-content\/uploads\/factory-10.webp\"\/><\/p>\n<h3>Workshop zur Tiefenverarbeitung<\/h3>\n<p><img decoding=\"async\" src=\"\/wp-content\/uploads\/factory-11.webp\"\/><\/p>\n<h3>CNC-Pr\u00e4zisionsbearbeitungswerkstatt<\/h3>\n<p><img decoding=\"async\" src=\"\/wp-content\/uploads\/factory-11.5.webp\"\/><\/p>\n<h3>Lager f\u00fcr Fertigprodukte und Export<\/h3>\n<p><img decoding=\"async\" src=\"\/wp-content\/uploads\/factory-12.webp\"\/><\/p>\n<p><img decoding=\"async\" src=\"\/wp-content\/uploads\/factory-13.webp\"\/><\/p>\n<p><img decoding=\"async\" src=\"\/wp-content\/uploads\/factory-14.webp\"\/><\/p>\n<h2>FAQ<\/h2>\n<p><strong>1. F\u00fcr welche Anwendungen k\u00f6nnen Ihre Aluminiumk\u00fchlk\u00f6rper verwendet werden?<\/strong><br \/>Unsere Aluminiumk\u00fchlk\u00f6rper sind f\u00fcr eine breite Palette von Anwendungen ausgelegt, darunter Elektronik, Automobil und Industriemaschinen.<\/p>\n<p><strong>2. K\u00f6nnen wir die Abmessungen des Aluminiumk\u00fchlk\u00f6rpers individuell anpassen?<\/strong><br \/>Ja, wir bieten die Anpassung von Abmessungen und Designs an spezifische Projektanforderungen.<\/p>\n<p><strong>3. Welche Materialien werden in Ihren K\u00fchlk\u00f6rpern verwendet?<\/strong><br \/>Wir verwenden hochwertiges Aluminium, um eine effiziente W\u00e4rmeableitung und Langlebigkeit zu gew\u00e4hrleisten.<\/p>\n<p><strong>4. Bieten Sie Mengenpreise f\u00fcr gro\u00dfe Bestellungen an?<\/strong><br \/>Ja, wir bieten wettbewerbsf\u00e4hige Preise und Rabatte f\u00fcr Gro\u00dfeink\u00e4ufe.<\/p>\n<p><strong>5. Sind Ihre K\u00fchlk\u00f6rper umweltfreundlich?<\/strong><br \/>Ja, wir halten uns an umweltfreundliche Produktionsverfahren und verwenden recycelbare Materialien.<\/p>\n<p><strong>6. Wie verbessern Ihre K\u00fchlk\u00f6rper das W\u00e4rmemanagement?<\/strong><br \/>Unsere K\u00fchlk\u00f6rper verbessern die Leistung, indem sie die W\u00e4rme effizient von den kritischen Komponenten ableiten.<\/p>\n<p><strong>7. Liefern Sie international?<\/strong><br \/>Ja, wir bieten internationalen Versand mit Unterst\u00fctzung f\u00fcr alle erforderlichen Zolldokumente.<\/p>\n<p><\/p>","protected":false},"featured_media":10833,"template":"","categories":[72],"class_list":["post-10922","product","type-product","status-publish","has-post-thumbnail","hentry","category-extruded-aluminum-heatsink"],"meta_box":{"hilight_text_group":[{"product_hilight_text":"<li>Provides efficient thermal management solutions<\/li>\n<li>Customizable dimensions and designs for diverse applications<\/li>\n<li>Manufactured with high-quality aluminum for optimal heat dissipation<\/li>\n<li>Supports bulk orders with competitive pricing for B2B clients<\/li>\n<li>Eco-friendly production processes and materials<\/li>"}],"feature_list":[]},"_links":{"self":[{"href":"https:\/\/sinoextrud.com\/de\/wp-json\/wp\/v2\/product\/10922","targetHints":{"allow":["GET"]}}],"collection":[{"href":"https:\/\/sinoextrud.com\/de\/wp-json\/wp\/v2\/product"}],"about":[{"href":"https:\/\/sinoextrud.com\/de\/wp-json\/wp\/v2\/types\/product"}],"wp:featuredmedia":[{"embeddable":true,"href":"https:\/\/sinoextrud.com\/de\/wp-json\/wp\/v2\/media\/10833"}],"wp:attachment":[{"href":"https:\/\/sinoextrud.com\/de\/wp-json\/wp\/v2\/media?parent=10922"}],"wp:term":[{"taxonomy":"category","embeddable":true,"href":"https:\/\/sinoextrud.com\/de\/wp-json\/wp\/v2\/categories?post=10922"}],"curies":[{"name":"wp","href":"https:\/\/api.w.org\/{rel}","templated":true}]}}