{"id":10919,"date":"2025-08-01T03:12:49","date_gmt":"2025-08-01T03:12:49","guid":{"rendered":"https:\/\/sinoextrud.com\/product\/extruded-aluminum-heatsink-for-5g-signal-tower\/"},"modified":"2025-08-01T03:12:49","modified_gmt":"2025-08-01T03:12:49","slug":"kuhlkorper-aus-stranggepresstem-aluminium-fur-5g-signalsaule","status":"publish","type":"product","link":"https:\/\/sinoextrud.com\/de\/product\/extruded-aluminum-heatsink-for-5g-signal-tower\/","title":{"rendered":"Stranggepresster Aluminium-K\u00fchlk\u00f6rper f\u00fcr 5G-Signalturm"},"content":{"rendered":"<h2>Produkte Details<\/h2>\n<div class=\"product-table\">\n<div class=\"row\">\n<div class=\"cell label\">Klasse<\/div>\n<div class=\"cell value\">Serie 1000<\/div>\n<\/div>\n<div class=\"row\">\n<div class=\"cell label\">Toleranz<\/div>\n<div class=\"cell value\">\u00c2\u00b11%<\/div>\n<\/div>\n<div class=\"row\">\n<div class=\"cell label\">Lieferfrist<\/div>\n<div class=\"cell value\">8-14 Tage<\/div>\n<\/div>\n<div class=\"row\">\n<div class=\"cell label\">Form<\/div>\n<div class=\"cell value\">Quadratisch<\/div>\n<\/div>\n<div class=\"row\">\n<div class=\"cell label\">Oberfl\u00e4chenbehandlung<\/div>\n<div class=\"cell value\">Poliert<\/div>\n<\/div>\n<div class=\"row\">\n<div class=\"cell label\">L\u00e4nge<\/div>\n<div class=\"cell value\">angepasst<\/div>\n<\/div>\n<div class=\"row\">\n<div class=\"cell label\">Verwenden Sie<\/div>\n<div class=\"cell value\">W\u00e4rmesenke<\/div>\n<\/div>\n<div class=\"row\">\n<div class=\"cell label\">H\u00e4rte<\/div>\n<div class=\"cell value\">HB30-45<\/div>\n<\/div>\n<div class=\"row\">\n<div class=\"cell label\">Legierung oder nicht<\/div>\n<div class=\"cell value\">Ist Legierung<\/div>\n<\/div>\n<div class=\"row\">\n<div class=\"cell label\">Temperament<\/div>\n<div class=\"cell value\">O - H112<\/div>\n<\/div>\n<div class=\"row\">\n<div class=\"cell label\">Al (Min)<\/div>\n<div class=\"cell value\">95%<\/div>\n<\/div>\n<div class=\"row\">\n<div class=\"cell label\">Wanddicke<\/div>\n<div class=\"cell value\">0,3mm-10mm<\/div>\n<\/div>\n<div class=\"row\">\n<div class=\"cell label\">Bearbeitungsservice<\/div>\n<div class=\"cell value\">Abhaspeln, Biegen, Schwei\u00dfen, Stanzen, Schneiden<\/div>\n<\/div>\n<div class=\"row\">\n<div class=\"cell label\">Name des Produkts<\/div>\n<div class=\"cell value\">Aluminium-Rohr<\/div>\n<\/div>\n<div class=\"row\">\n<div class=\"cell label\">Form<\/div>\n<div class=\"cell value\">Zeichnungen von Kunden<\/div>\n<\/div>\n<div class=\"row\">\n<div class=\"cell label\">Farbe<\/div>\n<div class=\"cell value\">Kundenspezifische Farbe<\/div>\n<\/div>\n<div class=\"row\">\n<div class=\"cell label\">Material<\/div>\n<div class=\"cell value\">Aluminun-Legierung<\/div>\n<\/div>\n<div class=\"row\">\n<div class=\"cell label\">Typ<\/div>\n<div class=\"cell value\">OEM-Aluminium-Extrusionsprofile<\/div>\n<\/div>\n<div class=\"row\">\n<div class=\"cell label\">Schl\u00fcsselwort<\/div>\n<div class=\"cell value\">Alumimnum-Rohre<\/div>\n<\/div>\n<div class=\"row\">\n<div class=\"cell label\">Verarbeitung<\/div>\n<div class=\"cell value\">Gezeichnet<\/div>\n<\/div>\n<div class=\"row\">\n<div class=\"cell label\">Zertifizierung<\/div>\n<div class=\"cell value\">ISO9001:2008<\/div>\n<\/div>\n<div class=\"row\">\n<div class=\"cell label\">Standard<\/div>\n<div class=\"cell value\">GB\/T 5237<\/div>\n<\/div>\n<div class=\"row\">\n<div class=\"cell label\">MOQ<\/div>\n<div class=\"cell value\">500kg<\/div>\n<\/div>\n<div class=\"row\">\n<div class=\"cell label\">Verkaufende Einheiten<\/div>\n<div class=\"cell value\">Einzelnes Element<\/div>\n<\/div>\n<div class=\"row\">\n<div class=\"cell label\">Einzelne Packungsgr\u00f6\u00dfe<\/div>\n<div class=\"cell value\">10X3X1 cm<\/div>\n<\/div>\n<div class=\"row\">\n<div class=\"cell label\">Einfaches Bruttogewicht<\/div>\n<div class=\"cell value\">1.000 KG<\/div>\n<\/div>\n<\/div>\n<p><\/p>\n<h2>Unsere Produktionsbasis<\/h2>\n<h3>Fabrik-Panorama<\/h3>\n<p><img decoding=\"async\" src=\"\/wp-content\/uploads\/factory-01.webp\"\/><\/p>\n<h3>Werkstatt zur Herstellung von Aluminiumstangen<\/h3>\n<p><img decoding=\"async\" src=\"\/wp-content\/uploads\/factory-02.webp\"\/><\/p>\n<p><img decoding=\"async\" src=\"\/wp-content\/uploads\/factory-03.webp\"\/><\/p>\n<h3>Lagerhaus f\u00fcr Formen<\/h3>\n<p><img decoding=\"async\" src=\"\/wp-content\/uploads\/factory-04.webp\"\/><\/p>\n<h3>43 Aluminium-Strangpressanlagen (500-5500 Tonnen)<\/h3>\n<p><img decoding=\"async\" src=\"\/wp-content\/uploads\/factory-05.webp\"\/><\/p>\n<p><img decoding=\"async\" src=\"\/wp-content\/uploads\/factory-06.webp\"\/><\/p>\n<p><img decoding=\"async\" src=\"\/wp-content\/uploads\/factory-07.webp\"\/><\/p>\n<h3>Werkstatt f\u00fcr Pulverbeschichtung<\/h3>\n<p><img decoding=\"async\" src=\"\/wp-content\/uploads\/factory-09.webp\"\/><\/p>\n<h3>Eloxal-Werkstatt<\/h3>\n<p><img decoding=\"async\" src=\"\/wp-content\/uploads\/factory-10.webp\"\/><\/p>\n<h3>Workshop zur Tiefenverarbeitung<\/h3>\n<p><img decoding=\"async\" src=\"\/wp-content\/uploads\/factory-11.webp\"\/><\/p>\n<h3>CNC-Pr\u00e4zisionsbearbeitungswerkstatt<\/h3>\n<p><img decoding=\"async\" src=\"\/wp-content\/uploads\/factory-11.5.webp\"\/><\/p>\n<h3>Lager f\u00fcr Fertigprodukte und Export<\/h3>\n<p><img decoding=\"async\" src=\"\/wp-content\/uploads\/factory-12.webp\"\/><\/p>\n<p><img decoding=\"async\" src=\"\/wp-content\/uploads\/factory-13.webp\"\/><\/p>\n<p><img decoding=\"async\" src=\"\/wp-content\/uploads\/factory-14.webp\"\/><\/p>\n<h2>FAQ<\/h2>\n<p><strong>1. Was macht diese Aluminium-K\u00fchlk\u00f6rper geeignet f\u00fcr 5G Signals\u00e4ulen?<\/strong><br \/>Der K\u00fchlk\u00f6rper ist f\u00fcr eine hohe W\u00e4rmeleitf\u00e4higkeit ausgelegt, die f\u00fcr 5G-Anwendungen unerl\u00e4sslich ist.<\/p>\n<p><strong>2. Kann die Gr\u00f6\u00dfe des K\u00fchlk\u00f6rpers angepasst werden?<\/strong><br \/>Ja, die Gr\u00f6\u00dfen k\u00f6nnen an spezifische 5G-Mastinstallationen angepasst werden.<\/p>\n<p><strong>3. Ist dieser K\u00fchlk\u00f6rper korrosionsbest\u00e4ndig?<\/strong><br \/>Ja, der K\u00fchlk\u00f6rper ist aus fortschrittlichen korrosionsbest\u00e4ndigen Materialien hergestellt.<\/p>\n<p><strong>4. Sind Muster des Aluminium-K\u00fchlk\u00f6rpers verf\u00fcgbar?<\/strong><br \/>Ja, wir bieten Muster zum Testen und Bewerten an, bevor Sie eine gr\u00f6\u00dfere Menge bestellen.<\/p>\n<p><strong>5. Was ist die Mindestbestellmenge f\u00fcr kundenspezifische K\u00fchlk\u00f6rper?<\/strong><br \/>Die Mindestbestellmenge h\u00e4ngt von den Einzelheiten der Anpassung ab und beginnt in der Regel bei 500 St\u00fcck.<\/p>\n<p><strong>6. Unterst\u00fctzt dieses Produkt den internationalen Versand?<\/strong><br \/>Ja, wir bieten weltweiten Versand mit der notwendigen logistischen Unterst\u00fctzung.<\/p>\n<p><strong>7. K\u00f6nnen wir bestimmte Marken- oder Designelemente in den K\u00fchlk\u00f6rper einbauen?<\/strong><br \/>Ja, bei Gro\u00dfbestellungen ist eine vollst\u00e4ndige Individualisierung einschlie\u00dflich Branding und Designelementen m\u00f6glich.<\/p>\n<p><\/p>","protected":false},"featured_media":10852,"template":"","categories":[72],"class_list":["post-10919","product","type-product","status-publish","has-post-thumbnail","hentry","category-extruded-aluminum-heatsink"],"meta_box":{"hilight_text_group":[{"product_hilight_text":"<li>Optimized for high thermal conductivity in 5G environments<\/li>\n<li>Customizable designs to fit diverse 5G signal tower configurations<\/li>\n<li>Lightweight yet durable construction for easy installation<\/li>\n<li>Advanced corrosion resistance for long-lasting performance<\/li>\n<li>Supports OEM and ODM with high precision manufacturing<\/li>"}],"feature_list":[]},"_links":{"self":[{"href":"https:\/\/sinoextrud.com\/de\/wp-json\/wp\/v2\/product\/10919","targetHints":{"allow":["GET"]}}],"collection":[{"href":"https:\/\/sinoextrud.com\/de\/wp-json\/wp\/v2\/product"}],"about":[{"href":"https:\/\/sinoextrud.com\/de\/wp-json\/wp\/v2\/types\/product"}],"wp:featuredmedia":[{"embeddable":true,"href":"https:\/\/sinoextrud.com\/de\/wp-json\/wp\/v2\/media\/10852"}],"wp:attachment":[{"href":"https:\/\/sinoextrud.com\/de\/wp-json\/wp\/v2\/media?parent=10919"}],"wp:term":[{"taxonomy":"category","embeddable":true,"href":"https:\/\/sinoextrud.com\/de\/wp-json\/wp\/v2\/categories?post=10919"}],"curies":[{"name":"wp","href":"https:\/\/api.w.org\/{rel}","templated":true}]}}