{"id":10917,"date":"2025-08-01T03:12:43","date_gmt":"2025-08-01T03:12:43","guid":{"rendered":"https:\/\/sinoextrud.com\/product\/extruded-aluminum-heat-sink-enclosure\/"},"modified":"2025-08-01T03:12:43","modified_gmt":"2025-08-01T03:12:43","slug":"gehause-mit-kuhlkorper-aus-stranggepresstem-aluminium","status":"publish","type":"product","link":"https:\/\/sinoextrud.com\/de\/product\/extruded-aluminum-heat-sink-enclosure\/","title":{"rendered":"Stranggepresstes Aluminium-K\u00fchlk\u00f6rper-Geh\u00e4use"},"content":{"rendered":"<h2>Produkte Details<\/h2>\n<div class=\"product-table\">\n<div class=\"row\">\n<div class=\"cell label\">Klasse<\/div>\n<div class=\"cell value\">6063-T5<\/div>\n<\/div>\n<div class=\"row\">\n<div class=\"cell label\">Toleranz<\/div>\n<div class=\"cell value\">\u00c2\u00b110%<\/div>\n<\/div>\n<div class=\"row\">\n<div class=\"cell label\">Temperament<\/div>\n<div class=\"cell value\">T3-T8<\/div>\n<\/div>\n<div class=\"row\">\n<div class=\"cell label\">Anmeldung<\/div>\n<div class=\"cell value\">Schwei\u00dfger\u00e4t, Frequenzumwandlung<\/div>\n<\/div>\n<div class=\"row\">\n<div class=\"cell label\">Form<\/div>\n<div class=\"cell value\">Quadratisch<\/div>\n<\/div>\n<div class=\"row\">\n<div class=\"cell label\">Legierung oder nicht<\/div>\n<div class=\"cell value\">Ist Legierung<\/div>\n<\/div>\n<div class=\"row\">\n<div class=\"cell label\">Bearbeitungsservice<\/div>\n<div class=\"cell value\">Biegen, Abwickeln, Schwei\u00dfen, Stanzen, Schneiden, CNC<\/div>\n<\/div>\n<div class=\"row\">\n<div class=\"cell label\">Farbe<\/div>\n<div class=\"cell value\">Silbrig<\/div>\n<\/div>\n<div class=\"row\">\n<div class=\"cell label\">Name des Produkts<\/div>\n<div class=\"cell value\">Stranggepresstes Aluminium f\u00fcr K\u00fchlk\u00f6rper<\/div>\n<\/div>\n<div class=\"row\">\n<div class=\"cell label\">Verpacken<\/div>\n<div class=\"cell value\">Karton\/Holzpalette\/OEM<\/div>\n<\/div>\n<div class=\"row\">\n<div class=\"cell label\">Oberfl\u00e4chenbehandlung<\/div>\n<div class=\"cell value\">Entfettung<\/div>\n<\/div>\n<div class=\"row\">\n<div class=\"cell label\">Anmeldung<\/div>\n<div class=\"cell value\">Wechselrichter\/Schwei\u00dfger\u00e4t<\/div>\n<\/div>\n<div class=\"row\">\n<div class=\"cell label\">Lieferfrist<\/div>\n<div class=\"cell value\">Vorauszahlung bis 30-40 Tage<\/div>\n<\/div>\n<div class=\"row\">\n<div class=\"cell label\">Details zur Verpackung<\/div>\n<div class=\"cell value\">Karton\/Tablett\/OEM<\/div>\n<\/div>\n<div class=\"row\">\n<div class=\"cell label\">Hafen der Versendung<\/div>\n<div class=\"cell value\">Shanghai<\/div>\n<\/div>\n<div class=\"row\">\n<div class=\"cell label\">Verkaufende Einheiten<\/div>\n<div class=\"cell value\">Einzelnes Element<\/div>\n<\/div>\n<div class=\"row\">\n<div class=\"cell label\">Einzelne Packungsgr\u00f6\u00dfe<\/div>\n<div class=\"cell value\">22X10X15 cm<\/div>\n<\/div>\n<div class=\"row\">\n<div class=\"cell label\">Einfaches Bruttogewicht<\/div>\n<div class=\"cell value\">1.600 KG<\/div>\n<\/div>\n<div class=\"row\">\n<div class=\"cell label\">Lieferf\u00e4higkeit<\/div>\n<div class=\"cell value\">50000 St\u00fcck pro Monat<\/div>\n<\/div>\n<\/div>\n<p><\/p>\n<h2>Unsere Produktionsbasis<\/h2>\n<h3>Fabrik-Panorama<\/h3>\n<p><img decoding=\"async\" src=\"\/wp-content\/uploads\/factory-01.webp\"\/><\/p>\n<h3>Werkstatt zur Herstellung von Aluminiumstangen<\/h3>\n<p><img decoding=\"async\" src=\"\/wp-content\/uploads\/factory-02.webp\"\/><\/p>\n<p><img decoding=\"async\" src=\"\/wp-content\/uploads\/factory-03.webp\"\/><\/p>\n<h3>Lagerhaus f\u00fcr Formen<\/h3>\n<p><img decoding=\"async\" src=\"\/wp-content\/uploads\/factory-04.webp\"\/><\/p>\n<h3>43 Aluminium-Strangpressanlagen (500-5500 Tonnen)<\/h3>\n<p><img decoding=\"async\" src=\"\/wp-content\/uploads\/factory-05.webp\"\/><\/p>\n<p><img decoding=\"async\" src=\"\/wp-content\/uploads\/factory-06.webp\"\/><\/p>\n<p><img decoding=\"async\" src=\"\/wp-content\/uploads\/factory-07.webp\"\/><\/p>\n<h3>Werkstatt f\u00fcr Pulverbeschichtung<\/h3>\n<p><img decoding=\"async\" src=\"\/wp-content\/uploads\/factory-09.webp\"\/><\/p>\n<h3>Eloxal-Werkstatt<\/h3>\n<p><img decoding=\"async\" src=\"\/wp-content\/uploads\/factory-10.webp\"\/><\/p>\n<h3>Workshop zur Tiefenverarbeitung<\/h3>\n<p><img decoding=\"async\" src=\"\/wp-content\/uploads\/factory-11.webp\"\/><\/p>\n<h3>CNC-Pr\u00e4zisionsbearbeitungswerkstatt<\/h3>\n<p><img decoding=\"async\" src=\"\/wp-content\/uploads\/factory-11.5.webp\"\/><\/p>\n<h3>Lager f\u00fcr Fertigprodukte und Export<\/h3>\n<p><img decoding=\"async\" src=\"\/wp-content\/uploads\/factory-12.webp\"\/><\/p>\n<p><img decoding=\"async\" src=\"\/wp-content\/uploads\/factory-13.webp\"\/><\/p>\n<p><img decoding=\"async\" src=\"\/wp-content\/uploads\/factory-14.webp\"\/><\/p>\n<h2>FAQ<\/h2>\n<p><strong>1. Welche Materialien werden bei der Herstellung des K\u00fchlk\u00f6rpergeh\u00e4uses verwendet?<\/strong><br \/>Das Geh\u00e4use ist aus hochwertigem, stranggepresstem Aluminium gefertigt, um Haltbarkeit und Leistung zu gew\u00e4hrleisten.<\/p>\n<p><strong>2. K\u00f6nnen die Abmessungen des K\u00fchlk\u00f6rpers angepasst werden?<\/strong><br \/>Ja, wir bieten kundenspezifische Abmessungen an, um spezifische Projektanforderungen zu erf\u00fcllen und eine optimale Leistung zu gew\u00e4hrleisten.<\/p>\n<p><strong>3. Ist der Aluminiumk\u00fchlk\u00f6rper f\u00fcr die Verwendung im Freien geeignet?<\/strong><br \/>Ja, seine korrosionsbest\u00e4ndigen Eigenschaften machen es ideal f\u00fcr Au\u00dfenanwendungen.<\/p>\n<p><strong>4. Welche Industriezweige k\u00f6nnen von der Verwendung dieses K\u00fchlk\u00f6rpergeh\u00e4uses profitieren?<\/strong><br \/>Dieses Produkt eignet sich f\u00fcr Elektronik-, Automobil- und verschiedene industrielle Anwendungen.<\/p>\n<p><strong>5. Bieten Sie eine Garantie f\u00fcr die Aluminium-K\u00fchlk\u00f6rpergeh\u00e4use an?<\/strong><br \/>Ja, wir bieten eine Garantie, um die Qualit\u00e4t und Leistung unserer Produkte zu gew\u00e4hrleisten.<\/p>\n<p><strong>6. Wie wirkt sich der Extrusionsprozess auf die Qualit\u00e4t des K\u00fchlk\u00f6rpers aus?<\/strong><br \/>Die Extrusion sorgt f\u00fcr Pr\u00e4zision und Konsistenz und damit f\u00fcr eine zuverl\u00e4ssige W\u00e4rmeableitung.<\/p>\n<p><strong>7. Kann das Geh\u00e4use zum zus\u00e4tzlichen Schutz oder aus \u00e4sthetischen Gr\u00fcnden eloxiert oder lackiert werden?<\/strong><br \/>Ja, Oberfl\u00e4chenbehandlungen wie Eloxieren oder Lackieren k\u00f6nnen auf Anfrage angeboten werden.<\/p>\n<p><\/p>","protected":false},"featured_media":10853,"template":"","categories":[55],"class_list":["post-10917","product","type-product","status-publish","has-post-thumbnail","hentry","category-extruded-aluminum-profiles"],"meta_box":{"hilight_text_group":[{"product_hilight_text":"<li>High thermal conductivity for efficient heat dissipation<\/li>\n<li>Customizable dimensions to fit specific project needs<\/li>\n<li>Lightweight and corrosion-resistant for durability<\/li>\n<li>Ideal for electronics, automotive, and industrial use<\/li>\n<li>Precision extrusion process ensures consistent quality<\/li>"}],"feature_list":[]},"_links":{"self":[{"href":"https:\/\/sinoextrud.com\/de\/wp-json\/wp\/v2\/product\/10917","targetHints":{"allow":["GET"]}}],"collection":[{"href":"https:\/\/sinoextrud.com\/de\/wp-json\/wp\/v2\/product"}],"about":[{"href":"https:\/\/sinoextrud.com\/de\/wp-json\/wp\/v2\/types\/product"}],"wp:featuredmedia":[{"embeddable":true,"href":"https:\/\/sinoextrud.com\/de\/wp-json\/wp\/v2\/media\/10853"}],"wp:attachment":[{"href":"https:\/\/sinoextrud.com\/de\/wp-json\/wp\/v2\/media?parent=10917"}],"wp:term":[{"taxonomy":"category","embeddable":true,"href":"https:\/\/sinoextrud.com\/de\/wp-json\/wp\/v2\/categories?post=10917"}],"curies":[{"name":"wp","href":"https:\/\/api.w.org\/{rel}","templated":true}]}}