{"id":10912,"date":"2025-08-01T03:12:31","date_gmt":"2025-08-01T03:12:31","guid":{"rendered":"https:\/\/sinoextrud.com\/product\/aluminum-heat-sink-extrusion-for-custom-cooling\/"},"modified":"2025-08-01T03:12:31","modified_gmt":"2025-08-01T03:12:31","slug":"aluminium-strangpressprofile-fur-kundenspezifische-kuhlung","status":"publish","type":"product","link":"https:\/\/sinoextrud.com\/de\/product\/aluminum-heat-sink-extrusion-for-custom-cooling\/","title":{"rendered":"Aluminium-K\u00fchlk\u00f6rper-Extrusion f\u00fcr kundenspezifische K\u00fchlung"},"content":{"rendered":"<h2>Produkte Details<\/h2>\n<div class=\"product-table\">\n<div class=\"row\">\n<div class=\"cell label\">Klasse<\/div>\n<div class=\"cell value\">Serie 6000<\/div>\n<\/div>\n<div class=\"row\">\n<div class=\"cell label\">Toleranz<\/div>\n<div class=\"cell value\">\u00c2\u00b110%<\/div>\n<\/div>\n<div class=\"row\">\n<div class=\"cell label\">Lieferfrist<\/div>\n<div class=\"cell value\">22-30 Tage<\/div>\n<\/div>\n<div class=\"row\">\n<div class=\"cell label\">Temperament<\/div>\n<div class=\"cell value\">T3-T8<\/div>\n<\/div>\n<div class=\"row\">\n<div class=\"cell label\">Anmeldung<\/div>\n<div class=\"cell value\">Dekorationen<\/div>\n<\/div>\n<div class=\"row\">\n<div class=\"cell label\">Form<\/div>\n<div class=\"cell value\">T - Profil<\/div>\n<\/div>\n<div class=\"row\">\n<div class=\"cell label\">Legierung oder nicht<\/div>\n<div class=\"cell value\">Ist Legierung<\/div>\n<\/div>\n<div class=\"row\">\n<div class=\"cell label\">Bearbeitungsservice<\/div>\n<div class=\"cell value\">Biegen, Stanzen, Schneiden<\/div>\n<\/div>\n<div class=\"row\">\n<div class=\"cell label\">Name des Produkts<\/div>\n<div class=\"cell value\">Kundenspezifische Extrusion Aluminium Profil K\u00fchlk\u00f6rper<\/div>\n<\/div>\n<div class=\"row\">\n<div class=\"cell label\">Oberfl\u00e4chenbehandlung<\/div>\n<div class=\"cell value\">Fr\u00e4soptik<\/div>\n<\/div>\n<div class=\"row\">\n<div class=\"cell label\">Farbe<\/div>\n<div class=\"cell value\">angepasst<\/div>\n<\/div>\n<div class=\"row\">\n<div class=\"cell label\">Material<\/div>\n<div class=\"cell value\">Legierung 6063\/6061\/6005\/6060 T5\/T6<\/div>\n<\/div>\n<div class=\"row\">\n<div class=\"cell label\">L\u00e4nge<\/div>\n<div class=\"cell value\">Entsprechend Ihrer Anforderung<\/div>\n<\/div>\n<div class=\"row\">\n<div class=\"cell label\">Zertifizierung<\/div>\n<div class=\"cell value\">ISO9001:2008<\/div>\n<\/div>\n<div class=\"row\">\n<div class=\"cell label\">MOQ<\/div>\n<div class=\"cell value\">1kg<\/div>\n<\/div>\n<div class=\"row\">\n<div class=\"cell label\">Gr\u00f6\u00dfe<\/div>\n<div class=\"cell value\">Zeichnungen<\/div>\n<\/div>\n<div class=\"row\">\n<div class=\"cell label\">Zahlungsfrist<\/div>\n<div class=\"cell value\">T\/T<\/div>\n<\/div>\n<div class=\"row\">\n<div class=\"cell label\">Anmeldung<\/div>\n<div class=\"cell value\">Roboterrahmen, Arbeitsstationen, etc.<\/div>\n<\/div>\n<div class=\"row\">\n<div class=\"cell label\">Verkaufende Einheiten<\/div>\n<div class=\"cell value\">Einzelnes Element<\/div>\n<\/div>\n<\/div>\n<p><\/p>\n<h2>Unsere Produktionsbasis<\/h2>\n<h3>Fabrik-Panorama<\/h3>\n<p><img decoding=\"async\" src=\"\/wp-content\/uploads\/factory-01.webp\"\/><\/p>\n<h3>Werkstatt zur Herstellung von Aluminiumstangen<\/h3>\n<p><img decoding=\"async\" src=\"\/wp-content\/uploads\/factory-02.webp\"\/><\/p>\n<p><img decoding=\"async\" src=\"\/wp-content\/uploads\/factory-03.webp\"\/><\/p>\n<h3>Lagerhaus f\u00fcr Formen<\/h3>\n<p><img decoding=\"async\" src=\"\/wp-content\/uploads\/factory-04.webp\"\/><\/p>\n<h3>43 Aluminium-Strangpressanlagen (500-5500 Tonnen)<\/h3>\n<p><img decoding=\"async\" src=\"\/wp-content\/uploads\/factory-05.webp\"\/><\/p>\n<p><img decoding=\"async\" src=\"\/wp-content\/uploads\/factory-06.webp\"\/><\/p>\n<p><img decoding=\"async\" src=\"\/wp-content\/uploads\/factory-07.webp\"\/><\/p>\n<h3>Werkstatt f\u00fcr Pulverbeschichtung<\/h3>\n<p><img decoding=\"async\" src=\"\/wp-content\/uploads\/factory-09.webp\"\/><\/p>\n<h3>Eloxal-Werkstatt<\/h3>\n<p><img decoding=\"async\" src=\"\/wp-content\/uploads\/factory-10.webp\"\/><\/p>\n<h3>Workshop zur Tiefenverarbeitung<\/h3>\n<p><img decoding=\"async\" src=\"\/wp-content\/uploads\/factory-11.webp\"\/><\/p>\n<h3>CNC-Pr\u00e4zisionsbearbeitungswerkstatt<\/h3>\n<p><img decoding=\"async\" src=\"\/wp-content\/uploads\/factory-11.5.webp\"\/><\/p>\n<h3>Lager f\u00fcr Fertigprodukte und Export<\/h3>\n<p><img decoding=\"async\" src=\"\/wp-content\/uploads\/factory-12.webp\"\/><\/p>\n<p><img decoding=\"async\" src=\"\/wp-content\/uploads\/factory-13.webp\"\/><\/p>\n<p><img decoding=\"async\" src=\"\/wp-content\/uploads\/factory-14.webp\"\/><\/p>\n<h2>FAQ<\/h2>\n<p><strong>1. K\u00f6nnen Aluminium-K\u00fchlk\u00f6rper-Strangpressprofile angepasst werden?<\/strong><br \/>Ja, wir bieten individuelle Anpassungsm\u00f6glichkeiten an bestimmte Gr\u00f6\u00dfen- und Designanforderungen.<\/p>\n<p><strong>2. In welchen Branchen werden Aluminium-Strangpressprofile f\u00fcr K\u00fchlk\u00f6rper verwendet?<\/strong><br \/>Sie werden h\u00e4ufig in der Elektronik-, Automobil- und LED-Beleuchtungsbranche eingesetzt.<\/p>\n<p><strong>3. Wie verbessert Aluminium die W\u00e4rmeableitung?<\/strong><br \/>Die W\u00e4rmeleitf\u00e4higkeit von Aluminium erm\u00f6glicht eine effiziente W\u00e4rmeabfuhr von den Komponenten.<\/p>\n<p><strong>4. Kann ich diese Strangpressprofile in gro\u00dfen Mengen bestellen?<\/strong><br \/>Ja, Gro\u00dfbestellungen sind zu wettbewerbsf\u00e4higen Preisen m\u00f6glich.<\/p>\n<p><strong>5. Sind diese Profile haltbar genug f\u00fcr die Verwendung im Freien?<\/strong><br \/>Ja, sie verf\u00fcgen \u00fcber korrosionsbest\u00e4ndige Eigenschaften, die f\u00fcr den Au\u00dfeneinsatz geeignet sind.<\/p>\n<p><strong>6. Was ist die Mindestbestellmenge f\u00fcr ein individuelles Design?<\/strong><br \/>Die Mindestbestellmenge h\u00e4ngt von den Spezifikationen ab und beginnt in der Regel bei 200 St\u00fcck.<\/p>\n<p><strong>7. Bieten Sie technische Unterst\u00fctzung bei der Installation an?<\/strong><br \/>Ja, technische Unterst\u00fctzung und Leitlinien sind auf Anfrage erh\u00e4ltlich.<\/p>\n<p><\/p>","protected":false},"featured_media":10748,"template":"","categories":[72],"class_list":["post-10912","product","type-product","status-publish","has-post-thumbnail","hentry","category-extruded-aluminum-heatsink"],"meta_box":{"hilight_text_group":[{"product_hilight_text":"<li>Optimal thermal management for numerous applications<\/li>\n<li>Customizable dimensions to fit diverse client specifications<\/li>\n<li>Lightweight and corrosion-resistant for long-term durability<\/li>\n<li>Supports OEM and ODM with flexible order quantities<\/li>\n<li>Enhanced heat dissipation efficiency<\/li>"}],"feature_list":[]},"_links":{"self":[{"href":"https:\/\/sinoextrud.com\/de\/wp-json\/wp\/v2\/product\/10912","targetHints":{"allow":["GET"]}}],"collection":[{"href":"https:\/\/sinoextrud.com\/de\/wp-json\/wp\/v2\/product"}],"about":[{"href":"https:\/\/sinoextrud.com\/de\/wp-json\/wp\/v2\/types\/product"}],"wp:featuredmedia":[{"embeddable":true,"href":"https:\/\/sinoextrud.com\/de\/wp-json\/wp\/v2\/media\/10748"}],"wp:attachment":[{"href":"https:\/\/sinoextrud.com\/de\/wp-json\/wp\/v2\/media?parent=10912"}],"wp:term":[{"taxonomy":"category","embeddable":true,"href":"https:\/\/sinoextrud.com\/de\/wp-json\/wp\/v2\/categories?post=10912"}],"curies":[{"name":"wp","href":"https:\/\/api.w.org\/{rel}","templated":true}]}}