{"id":10911,"date":"2025-08-01T03:12:29","date_gmt":"2025-08-01T03:12:29","guid":{"rendered":"https:\/\/sinoextrud.com\/product\/black-anodized-aluminum-heat-sink-for-devices\/"},"modified":"2025-08-01T03:12:29","modified_gmt":"2025-08-01T03:12:29","slug":"schwarz-eloxierter-aluminiumkuhlkorper-fur-gerate","status":"publish","type":"product","link":"https:\/\/sinoextrud.com\/de\/product\/black-anodized-aluminum-heat-sink-for-devices\/","title":{"rendered":"Schwarz eloxierter Aluminiumk\u00fchlk\u00f6rper f\u00fcr Ger\u00e4te"},"content":{"rendered":"<h2>Produkte Details<\/h2>\n<div class=\"product-table\">\n<div class=\"row\">\n<div class=\"cell label\">Klasse<\/div>\n<div class=\"cell value\">Serie 6000<\/div>\n<\/div>\n<div class=\"row\">\n<div class=\"cell label\">Toleranz<\/div>\n<div class=\"cell value\">\u00c2\u00b11%<\/div>\n<\/div>\n<div class=\"row\">\n<div class=\"cell label\">Lieferfrist<\/div>\n<div class=\"cell value\">20-30 Tage<\/div>\n<\/div>\n<div class=\"row\">\n<div class=\"cell label\">Temperament<\/div>\n<div class=\"cell value\">T3-T8<\/div>\n<\/div>\n<div class=\"row\">\n<div class=\"cell label\">Anmeldung<\/div>\n<div class=\"cell value\">Dekorationen<\/div>\n<\/div>\n<div class=\"row\">\n<div class=\"cell label\">Form<\/div>\n<div class=\"cell value\">T - Profil<\/div>\n<\/div>\n<div class=\"row\">\n<div class=\"cell label\">Legierung oder nicht<\/div>\n<div class=\"cell value\">Ist Legierung<\/div>\n<\/div>\n<div class=\"row\">\n<div class=\"cell label\">Bearbeitungsservice<\/div>\n<div class=\"cell value\">Biegen, Abwickeln, Schwei\u00dfen, Stanzen, Schneiden<\/div>\n<\/div>\n<div class=\"row\">\n<div class=\"cell label\">Produktname<\/div>\n<div class=\"cell value\">Aluminium-Profile f\u00fcr die Industrie<\/div>\n<\/div>\n<div class=\"row\">\n<div class=\"cell label\">Oberfl\u00e4chenbehandlung<\/div>\n<div class=\"cell value\">M\u00fchle, eloxiert, pulverbeschichtet, Elektrophorese, Holzmaserung, Holz<\/div>\n<\/div>\n<div class=\"row\">\n<div class=\"cell label\">Farbe<\/div>\n<div class=\"cell value\">Kundenspezifische Farbe<\/div>\n<\/div>\n<div class=\"row\">\n<div class=\"cell label\">Gr\u00f6\u00dfe<\/div>\n<div class=\"cell value\">Ma\u00dfgeschneiderte Gr\u00f6\u00dfe<\/div>\n<\/div>\n<div class=\"row\">\n<div class=\"cell label\">Prozess<\/div>\n<div class=\"cell value\">Biegen, Abwickeln, Schwei\u00dfen, Stanzen, Schneiden<\/div>\n<\/div>\n<div class=\"row\">\n<div class=\"cell label\">Dienst<\/div>\n<div class=\"cell value\">Kundenspezifisch OEM<\/div>\n<\/div>\n<div class=\"row\">\n<div class=\"cell label\">Zertifizierung<\/div>\n<div class=\"cell value\">ISO9001:2015<\/div>\n<\/div>\n<div class=\"row\">\n<div class=\"cell label\">Verwendung<\/div>\n<div class=\"cell value\">Dekoration Led-Licht<\/div>\n<\/div>\n<div class=\"row\">\n<div class=\"cell label\">MOQ<\/div>\n<div class=\"cell value\">1 St\u00fcck<\/div>\n<\/div>\n<div class=\"row\">\n<div class=\"cell label\">Vorlaufzeit<\/div>\n<div class=\"cell value\">10-30 Tage<\/div>\n<\/div>\n<div class=\"row\">\n<div class=\"cell label\">Verkaufende Einheiten<\/div>\n<div class=\"cell value\">Einzelnes Element<\/div>\n<\/div>\n<div class=\"row\">\n<div class=\"cell label\">Einzelne Packungsgr\u00f6\u00dfe<\/div>\n<div class=\"cell value\">10X10X5 cm<\/div>\n<\/div>\n<div class=\"row\">\n<div class=\"cell label\">Einfaches Bruttogewicht<\/div>\n<div class=\"cell value\">1.000 KG<\/div>\n<\/div>\n<\/div>\n<p><\/p>\n<h2>Unsere Produktionsbasis<\/h2>\n<h3>Fabrik-Panorama<\/h3>\n<p><img decoding=\"async\" src=\"\/wp-content\/uploads\/factory-01.webp\"\/><\/p>\n<h3>Werkstatt zur Herstellung von Aluminiumstangen<\/h3>\n<p><img decoding=\"async\" src=\"\/wp-content\/uploads\/factory-02.webp\"\/><\/p>\n<p><img decoding=\"async\" src=\"\/wp-content\/uploads\/factory-03.webp\"\/><\/p>\n<h3>Lagerhaus f\u00fcr Formen<\/h3>\n<p><img decoding=\"async\" src=\"\/wp-content\/uploads\/factory-04.webp\"\/><\/p>\n<h3>43 Aluminium-Strangpressanlagen (500-5500 Tonnen)<\/h3>\n<p><img decoding=\"async\" src=\"\/wp-content\/uploads\/factory-05.webp\"\/><\/p>\n<p><img decoding=\"async\" src=\"\/wp-content\/uploads\/factory-06.webp\"\/><\/p>\n<p><img decoding=\"async\" src=\"\/wp-content\/uploads\/factory-07.webp\"\/><\/p>\n<h3>Werkstatt f\u00fcr Pulverbeschichtung<\/h3>\n<p><img decoding=\"async\" src=\"\/wp-content\/uploads\/factory-09.webp\"\/><\/p>\n<h3>Eloxal-Werkstatt<\/h3>\n<p><img decoding=\"async\" src=\"\/wp-content\/uploads\/factory-10.webp\"\/><\/p>\n<h3>Workshop zur Tiefenverarbeitung<\/h3>\n<p><img decoding=\"async\" src=\"\/wp-content\/uploads\/factory-11.webp\"\/><\/p>\n<h3>CNC-Pr\u00e4zisionsbearbeitungswerkstatt<\/h3>\n<p><img decoding=\"async\" src=\"\/wp-content\/uploads\/factory-11.5.webp\"\/><\/p>\n<h3>Lager f\u00fcr Fertigprodukte und Export<\/h3>\n<p><img decoding=\"async\" src=\"\/wp-content\/uploads\/factory-12.webp\"\/><\/p>\n<p><img decoding=\"async\" src=\"\/wp-content\/uploads\/factory-13.webp\"\/><\/p>\n<p><img decoding=\"async\" src=\"\/wp-content\/uploads\/factory-14.webp\"\/><\/p>\n<h2>FAQ<\/h2>\n<p><strong>1. Welche Materialien werden f\u00fcr den K\u00fchlk\u00f6rper verwendet?<\/strong><br \/>Der K\u00fchlk\u00f6rper ist aus hochwertigem, eloxiertem Aluminium gefertigt und bietet optimale Leistung.<\/p>\n<p><strong>2. Warum eine eloxierte Oberfl\u00e4che w\u00e4hlen?<\/strong><br \/>Die eloxierte Oberfl\u00e4che verbessert die Korrosionsbest\u00e4ndigkeit und sorgt f\u00fcr ein elegantes schwarzes Aussehen.<\/p>\n<p><strong>3. Kann dieser K\u00fchlk\u00f6rper in Umgebungen mit hohen Temperaturen verwendet werden?<\/strong><br \/>Ja, es ist so konzipiert, dass es auch bei hohen Temperaturen effektiv funktioniert.<\/p>\n<p><strong>4. Gibt es f\u00fcr diesen K\u00fchlk\u00f6rper eine individuelle Anpassung?<\/strong><br \/>Ja, Abmessungen und Formen k\u00f6nnen nach Ihren W\u00fcnschen angepasst werden.<\/p>\n<p><strong>5. Kann der K\u00fchlk\u00f6rper f\u00fcr jede Art von elektronischem Ger\u00e4t verwendet werden?<\/strong><br \/>Ja, es eignet sich f\u00fcr eine breite Palette von elektronischen Ger\u00e4ten und bietet ein effektives W\u00e4rmemanagement.<\/p>\n<p><strong>6. Wie verbessert dieser K\u00fchlk\u00f6rper die Leistung des Ger\u00e4ts?<\/strong><br \/>Durch eine effiziente W\u00e4rmeableitung tr\u00e4gt es zur Aufrechterhaltung einer optimalen Ger\u00e4teleistung und Zuverl\u00e4ssigkeit bei.<\/p>\n<p><strong>7. Bieten Sie Mengenpreise f\u00fcr gro\u00dfe Bestellungen an?<\/strong><br \/>Ja, f\u00fcr Gro\u00dfeink\u00e4ufe gibt es wettbewerbsf\u00e4hige Preise und Rabatte.<\/p>\n<p><\/p>","protected":false},"featured_media":10856,"template":"","categories":[72],"class_list":["post-10911","product","type-product","status-publish","has-post-thumbnail","hentry","category-extruded-aluminum-heatsink"],"meta_box":{"hilight_text_group":[{"product_hilight_text":"<li>Effective heat dissipation for electronic devices<\/li>\n<li>Lightweight and durable aluminum construction<\/li>\n<li>Customizable to specific dimensions and shapes<\/li>\n<li>Corrosion-resistant anodized finish in black<\/li>\n<li>Ideal for both industrial and consumer electronic applications<\/li>"}],"feature_list":[]},"_links":{"self":[{"href":"https:\/\/sinoextrud.com\/de\/wp-json\/wp\/v2\/product\/10911","targetHints":{"allow":["GET"]}}],"collection":[{"href":"https:\/\/sinoextrud.com\/de\/wp-json\/wp\/v2\/product"}],"about":[{"href":"https:\/\/sinoextrud.com\/de\/wp-json\/wp\/v2\/types\/product"}],"wp:featuredmedia":[{"embeddable":true,"href":"https:\/\/sinoextrud.com\/de\/wp-json\/wp\/v2\/media\/10856"}],"wp:attachment":[{"href":"https:\/\/sinoextrud.com\/de\/wp-json\/wp\/v2\/media?parent=10911"}],"wp:term":[{"taxonomy":"category","embeddable":true,"href":"https:\/\/sinoextrud.com\/de\/wp-json\/wp\/v2\/categories?post=10911"}],"curies":[{"name":"wp","href":"https:\/\/api.w.org\/{rel}","templated":true}]}}