{"id":10910,"date":"2025-08-01T03:12:26","date_gmt":"2025-08-01T03:12:26","guid":{"rendered":"https:\/\/sinoextrud.com\/product\/aluminum-heat-sink-components-for-oem-systems\/"},"modified":"2025-08-01T03:12:26","modified_gmt":"2025-08-01T03:12:26","slug":"aluminium-kuhlkorperkomponenten-fur-oem-systeme","status":"publish","type":"product","link":"https:\/\/sinoextrud.com\/de\/product\/aluminum-heat-sink-components-for-oem-systems\/","title":{"rendered":"Aluminium-K\u00fchlk\u00f6rperkomponenten f\u00fcr OEM-Systeme"},"content":{"rendered":"<h2>Produkte Details<\/h2>\n<div class=\"product-table\">\n<div class=\"row\">\n<div class=\"cell label\">Klasse<\/div>\n<div class=\"cell value\">Serie 6000<\/div>\n<\/div>\n<div class=\"row\">\n<div class=\"cell label\">Toleranz<\/div>\n<div class=\"cell value\">\u00c2\u00b11%<\/div>\n<\/div>\n<div class=\"row\">\n<div class=\"cell label\">Lieferfrist<\/div>\n<div class=\"cell value\">8-14 Tage<\/div>\n<\/div>\n<div class=\"row\">\n<div class=\"cell label\">Temperament<\/div>\n<div class=\"cell value\">T4-T8<\/div>\n<\/div>\n<div class=\"row\">\n<div class=\"cell label\">Anmeldung<\/div>\n<div class=\"cell value\">W\u00e4rmesenke<\/div>\n<\/div>\n<div class=\"row\">\n<div class=\"cell label\">Form<\/div>\n<div class=\"cell value\">angepasst<\/div>\n<\/div>\n<div class=\"row\">\n<div class=\"cell label\">Legierung oder nicht<\/div>\n<div class=\"cell value\">Ist Legierung<\/div>\n<\/div>\n<div class=\"row\">\n<div class=\"cell label\">Bearbeitungsservice<\/div>\n<div class=\"cell value\">Stanzen, Schneiden<\/div>\n<\/div>\n<div class=\"row\">\n<div class=\"cell label\">Oberfl\u00e4chenbehandlung<\/div>\n<div class=\"cell value\">Eloxieren, Pulverbeschichtung, Polieren, B\u00fcrsten, Elektrophrese oder kundenspezifisch.<\/div>\n<\/div>\n<div class=\"row\">\n<div class=\"cell label\">Material<\/div>\n<div class=\"cell value\">Legierung 6063\/6061\/6005\/6463 T4\/T5\/T6<\/div>\n<\/div>\n<div class=\"row\">\n<div class=\"cell label\">Zertifizierung<\/div>\n<div class=\"cell value\">ISO9001,ISO14000,CE,ROHS<\/div>\n<\/div>\n<div class=\"row\">\n<div class=\"cell label\">Farbe<\/div>\n<div class=\"cell value\">optional<\/div>\n<\/div>\n<div class=\"row\">\n<div class=\"cell label\">Typ<\/div>\n<div class=\"cell value\">OEM-Aluminium-Extrusionsprofile<\/div>\n<\/div>\n<div class=\"row\">\n<div class=\"cell label\">Verwendung<\/div>\n<div class=\"cell value\">Aluminium-K\u00fchlk\u00f6rper<\/div>\n<\/div>\n<div class=\"row\">\n<div class=\"cell label\">Tiefgehende Verarbeitung<\/div>\n<div class=\"cell value\">Schneiden, Bohren, Gewindeschneiden, Biegen, usw.<\/div>\n<\/div>\n<div class=\"row\">\n<div class=\"cell label\">L\u00e4nge<\/div>\n<div class=\"cell value\">3-6 Meter oder kundenspezifisch<\/div>\n<\/div>\n<div class=\"row\">\n<div class=\"cell label\">Gesch\u00e4ftsart<\/div>\n<div class=\"cell value\">Hersteller,Fabrik<\/div>\n<\/div>\n<div class=\"row\">\n<div class=\"cell label\">Name des Produkts<\/div>\n<div class=\"cell value\">Aluminium-Strangpressprofil<\/div>\n<\/div>\n<div class=\"row\">\n<div class=\"cell label\">Verkaufende Einheiten<\/div>\n<div class=\"cell value\">Einzelnes Element<\/div>\n<\/div>\n<div class=\"row\">\n<div class=\"cell label\">Einzelne Packungsgr\u00f6\u00dfe<\/div>\n<div class=\"cell value\">10X5X5 cm<\/div>\n<\/div>\n<div class=\"row\">\n<div class=\"cell label\">Einfaches Bruttogewicht<\/div>\n<div class=\"cell value\">2.000 KG<\/div>\n<\/div>\n<\/div>\n<p><\/p>\n<h2>Unsere Produktionsbasis<\/h2>\n<h3>Fabrik-Panorama<\/h3>\n<p><img decoding=\"async\" src=\"\/wp-content\/uploads\/factory-01.webp\"\/><\/p>\n<h3>Werkstatt zur Herstellung von Aluminiumstangen<\/h3>\n<p><img decoding=\"async\" src=\"\/wp-content\/uploads\/factory-02.webp\"\/><\/p>\n<p><img decoding=\"async\" src=\"\/wp-content\/uploads\/factory-03.webp\"\/><\/p>\n<h3>Lagerhaus f\u00fcr Formen<\/h3>\n<p><img decoding=\"async\" src=\"\/wp-content\/uploads\/factory-04.webp\"\/><\/p>\n<h3>43 Aluminium-Strangpressanlagen (500-5500 Tonnen)<\/h3>\n<p><img decoding=\"async\" src=\"\/wp-content\/uploads\/factory-05.webp\"\/><\/p>\n<p><img decoding=\"async\" src=\"\/wp-content\/uploads\/factory-06.webp\"\/><\/p>\n<p><img decoding=\"async\" src=\"\/wp-content\/uploads\/factory-07.webp\"\/><\/p>\n<h3>Werkstatt f\u00fcr Pulverbeschichtung<\/h3>\n<p><img decoding=\"async\" src=\"\/wp-content\/uploads\/factory-09.webp\"\/><\/p>\n<h3>Eloxal-Werkstatt<\/h3>\n<p><img decoding=\"async\" src=\"\/wp-content\/uploads\/factory-10.webp\"\/><\/p>\n<h3>Workshop zur Tiefenverarbeitung<\/h3>\n<p><img decoding=\"async\" src=\"\/wp-content\/uploads\/factory-11.webp\"\/><\/p>\n<h3>CNC-Pr\u00e4zisionsbearbeitungswerkstatt<\/h3>\n<p><img decoding=\"async\" src=\"\/wp-content\/uploads\/factory-11.5.webp\"\/><\/p>\n<h3>Lager f\u00fcr Fertigprodukte und Export<\/h3>\n<p><img decoding=\"async\" src=\"\/wp-content\/uploads\/factory-12.webp\"\/><\/p>\n<p><img decoding=\"async\" src=\"\/wp-content\/uploads\/factory-13.webp\"\/><\/p>\n<p><img decoding=\"async\" src=\"\/wp-content\/uploads\/factory-14.webp\"\/><\/p>\n<h2>FAQ<\/h2>\n<p><strong>1. Was ist die Hauptfunktion von Aluminiumk\u00fchlk\u00f6rpern?<\/strong><br \/>Sie sollen die W\u00e4rme von elektronischen Ger\u00e4ten ableiten, um eine \u00dcberhitzung zu vermeiden.<\/p>\n<p><strong>2. K\u00f6nnen Aluminium-K\u00fchlk\u00f6rperkomponenten auf bestimmte Gr\u00f6\u00dfen zugeschnitten werden?<\/strong><br \/>Ja, wir bieten die Anpassung an die Anforderungen verschiedener elektronischer Ger\u00e4te.<\/p>\n<p><strong>3. Sind diese Bauteile mit allen Arten von elektronischen Ger\u00e4ten kompatibel?<\/strong><br \/>Sie k\u00f6nnen so gestaltet werden, dass sie den W\u00e4rmemanagementanforderungen der meisten Ger\u00e4te entsprechen.<\/p>\n<p><strong>4. Empfehlen Sie Aluminium-K\u00fchlk\u00f6rperkomponenten f\u00fcr Hochleistungscomputer?<\/strong><br \/>Ja, sie sind aufgrund ihrer effizienten W\u00e4rmeableitung ideal f\u00fcr Hochleistungsanwendungen.<\/p>\n<p><strong>5. Wie verbessern Aluminium-K\u00fchlk\u00f6rperkomponenten die Ger\u00e4teleistung?<\/strong><br \/>Sie sorgen f\u00fcr ein optimales Temperaturmanagement und verl\u00e4ngern so die Lebensdauer des Ger\u00e4ts.<\/p>\n<p><strong>6. Welche Materialien werden f\u00fcr die Konstruktion dieser K\u00fchlk\u00f6rper verwendet?<\/strong><br \/>Sie sind aus hochwertigem Aluminium gefertigt, das f\u00fcr seine hervorragende W\u00e4rmeleitf\u00e4higkeit bekannt ist.<\/p>\n<p><strong>7. K\u00f6nnen diese Komponenten in umweltfreundlichen Produktl\u00f6sungen verwendet werden?<\/strong><br \/>Ja, ihr effizientes W\u00e4rmemanagement unterst\u00fctzt energieeffiziente Designs.<\/p>\n<p><\/p>","protected":false},"featured_media":10747,"template":"","categories":[72],"class_list":["post-10910","product","type-product","status-publish","has-post-thumbnail","hentry","category-extruded-aluminum-heatsink"],"meta_box":{"hilight_text_group":[{"product_hilight_text":"<li>Engineered for efficient thermal management in various applications<\/li>\n<li>Available in multiple sizes to fit diverse electronic devices<\/li>\n<li>High-quality aluminum for enhanced heat dissipation<\/li>\n<li>Customizable design for specific B2B requirements<\/li>\n<li>Lightweight yet robust structure ensures longevity<\/li>"}],"feature_list":[]},"_links":{"self":[{"href":"https:\/\/sinoextrud.com\/de\/wp-json\/wp\/v2\/product\/10910","targetHints":{"allow":["GET"]}}],"collection":[{"href":"https:\/\/sinoextrud.com\/de\/wp-json\/wp\/v2\/product"}],"about":[{"href":"https:\/\/sinoextrud.com\/de\/wp-json\/wp\/v2\/types\/product"}],"wp:featuredmedia":[{"embeddable":true,"href":"https:\/\/sinoextrud.com\/de\/wp-json\/wp\/v2\/media\/10747"}],"wp:attachment":[{"href":"https:\/\/sinoextrud.com\/de\/wp-json\/wp\/v2\/media?parent=10910"}],"wp:term":[{"taxonomy":"category","embeddable":true,"href":"https:\/\/sinoextrud.com\/de\/wp-json\/wp\/v2\/categories?post=10910"}],"curies":[{"name":"wp","href":"https:\/\/api.w.org\/{rel}","templated":true}]}}