{"id":10909,"date":"2025-08-01T03:12:24","date_gmt":"2025-08-01T03:12:24","guid":{"rendered":"https:\/\/sinoextrud.com\/product\/aluminum-heat-conduction-tube-for-electronics\/"},"modified":"2025-08-01T03:12:24","modified_gmt":"2025-08-01T03:12:24","slug":"aluminium-warmeleitrohr-fur-die-elektronik","status":"publish","type":"product","link":"https:\/\/sinoextrud.com\/de\/product\/aluminum-heat-conduction-tube-for-electronics\/","title":{"rendered":"Aluminium-W\u00e4rmeleitrohr f\u00fcr die Elektronik"},"content":{"rendered":"<h2>Produkte Details<\/h2>\n<div class=\"product-table\">\n<div class=\"row\">\n<div class=\"cell label\">Material<\/div>\n<div class=\"cell value\">Keramik<\/div>\n<\/div>\n<div class=\"row\">\n<div class=\"cell label\">Logo\/Grafikdesign<\/div>\n<div class=\"cell value\">Kundenspezifisch<\/div>\n<\/div>\n<div class=\"row\">\n<div class=\"cell label\">Bediensprache<\/div>\n<div class=\"cell value\">Englisch<\/div>\n<\/div>\n<div class=\"row\">\n<div class=\"cell label\">Funktion<\/div>\n<div class=\"cell value\">Hochwertige Materialien<\/div>\n<\/div>\n<div class=\"row\">\n<div class=\"cell label\">Isoliermaterial<\/div>\n<div class=\"cell value\">ALUMINA<\/div>\n<\/div>\n<div class=\"row\">\n<div class=\"cell label\">Typ<\/div>\n<div class=\"cell value\">Teile f\u00fcr elektrische Heizger\u00e4te<\/div>\n<\/div>\n<div class=\"row\">\n<div class=\"cell label\">Stromquelle<\/div>\n<div class=\"cell value\">Elektrisch<\/div>\n<\/div>\n<div class=\"row\">\n<div class=\"cell label\">Anmeldung<\/div>\n<div class=\"cell value\">Haushalt<\/div>\n<\/div>\n<div class=\"row\">\n<div class=\"cell label\">Kundendienst<\/div>\n<div class=\"cell value\">Kostenlose Ersatzteile<\/div>\n<\/div>\n<div class=\"row\">\n<div class=\"cell label\">Garantie<\/div>\n<div class=\"cell value\">1 Jahr<\/div>\n<\/div>\n<div class=\"row\">\n<div class=\"cell label\">Spannung<\/div>\n<div class=\"cell value\">220-240V<\/div>\n<\/div>\n<div class=\"row\">\n<div class=\"cell label\">Verkaufende Einheiten<\/div>\n<div class=\"cell value\">Einzelnes Element<\/div>\n<\/div>\n<div class=\"row\">\n<div class=\"cell label\">Einzelne Packungsgr\u00f6\u00dfe<\/div>\n<div class=\"cell value\">250X200X100 cm<\/div>\n<\/div>\n<div class=\"row\">\n<div class=\"cell label\">Einfaches Bruttogewicht<\/div>\n<div class=\"cell value\">1.000 KG<\/div>\n<\/div>\n<\/div>\n<p><\/p>\n<h2>Unsere Produktionsbasis<\/h2>\n<h3>Fabrik-Panorama<\/h3>\n<p><img decoding=\"async\" src=\"\/wp-content\/uploads\/factory-01.webp\"\/><\/p>\n<h3>Werkstatt zur Herstellung von Aluminiumstangen<\/h3>\n<p><img decoding=\"async\" src=\"\/wp-content\/uploads\/factory-02.webp\"\/><\/p>\n<p><img decoding=\"async\" src=\"\/wp-content\/uploads\/factory-03.webp\"\/><\/p>\n<h3>Lagerhaus f\u00fcr Formen<\/h3>\n<p><img decoding=\"async\" src=\"\/wp-content\/uploads\/factory-04.webp\"\/><\/p>\n<h3>43 Aluminium-Strangpressanlagen (500-5500 Tonnen)<\/h3>\n<p><img decoding=\"async\" src=\"\/wp-content\/uploads\/factory-05.webp\"\/><\/p>\n<p><img decoding=\"async\" src=\"\/wp-content\/uploads\/factory-06.webp\"\/><\/p>\n<p><img decoding=\"async\" src=\"\/wp-content\/uploads\/factory-07.webp\"\/><\/p>\n<h3>Werkstatt f\u00fcr Pulverbeschichtung<\/h3>\n<p><img decoding=\"async\" src=\"\/wp-content\/uploads\/factory-09.webp\"\/><\/p>\n<h3>Eloxal-Werkstatt<\/h3>\n<p><img decoding=\"async\" src=\"\/wp-content\/uploads\/factory-10.webp\"\/><\/p>\n<h3>Workshop zur Tiefenverarbeitung<\/h3>\n<p><img decoding=\"async\" src=\"\/wp-content\/uploads\/factory-11.webp\"\/><\/p>\n<h3>CNC-Pr\u00e4zisionsbearbeitungswerkstatt<\/h3>\n<p><img decoding=\"async\" src=\"\/wp-content\/uploads\/factory-11.5.webp\"\/><\/p>\n<h3>Lager f\u00fcr Fertigprodukte und Export<\/h3>\n<p><img decoding=\"async\" src=\"\/wp-content\/uploads\/factory-12.webp\"\/><\/p>\n<p><img decoding=\"async\" src=\"\/wp-content\/uploads\/factory-13.webp\"\/><\/p>\n<p><img decoding=\"async\" src=\"\/wp-content\/uploads\/factory-14.webp\"\/><\/p>\n<h2>FAQ<\/h2>\n<p><strong>1. Was macht Aluminium zu einem guten Material f\u00fcr W\u00e4rmeleitrohre?<\/strong><br \/>Die hohe W\u00e4rmeleitf\u00e4higkeit von Aluminium bietet hervorragende W\u00e4rme\u00fcbertragungseigenschaften und ist daher ideal f\u00fcr Leitungsrohre.<\/p>\n<p><strong>2. Kann das Aluminium-W\u00e4rmeleitrohr f\u00fcr spezifische Anwendungen angepasst werden?<\/strong><br \/>Ja, die Abmessungen und Ausf\u00fchrungen k\u00f6nnen an die jeweiligen technischen Anforderungen angepasst werden.<\/p>\n<p><strong>3. Ist dieses Rohr korrosionsbest\u00e4ndig?<\/strong><br \/>Ja, die nat\u00fcrlichen Eigenschaften von Aluminium sorgen f\u00fcr eine gute Korrosionsbest\u00e4ndigkeit und verl\u00e4ngern die Lebensdauer des Rohrs.<\/p>\n<p><strong>4. Sind diese Rohre f\u00fcr den industriellen Einsatz geeignet?<\/strong><br \/>Ja, sie sind so konzipiert, dass sie den strengen Anforderungen der Industrie gerecht werden.<\/p>\n<p><strong>5. Welche Gr\u00f6\u00dfen sind f\u00fcr das Aluminium-W\u00e4rmeleitrohr erh\u00e4ltlich?<\/strong><br \/>Die verschiedenen Gr\u00f6\u00dfen k\u00f6nnen an die spezifischen Anforderungen der verschiedenen Systeme angepasst werden.<\/p>\n<p><strong>6. Welche Vorteile hat das geringe Gewicht von Aluminium f\u00fcr das System?<\/strong><br \/>Das leichte Design reduziert das Gesamtgewicht des Systems und erh\u00f6ht die Effizienz und die einfache Handhabung.<\/p>\n<p><strong>7. Bieten Sie internationale Versandoptionen f\u00fcr die Aluminium-W\u00e4rmeleitrohre an?<\/strong><br \/>Ja, wir bieten weltweiten Versand und Unterst\u00fctzung bei allen erforderlichen Logistikunterlagen.<\/p>\n<p><\/p>","protected":false},"featured_media":10745,"template":"","categories":[72],"class_list":["post-10909","product","type-product","status-publish","has-post-thumbnail","hentry","category-extruded-aluminum-heatsink"],"meta_box":{"hilight_text_group":[{"product_hilight_text":"<li>High-efficiency heat transfer due to superior aluminum conductivity<\/li>\n<li>Lightweight design for ease of installation and reduced system weight<\/li>\n<li>Corrosion-resistant properties for extended product lifespan<\/li>\n<li>Customizable dimensions to fit specific engineering requirements<\/li>\n<li>Seamless construction for optimal fluid flow and heat exchange efficiency<\/li>"}],"feature_list":[]},"_links":{"self":[{"href":"https:\/\/sinoextrud.com\/de\/wp-json\/wp\/v2\/product\/10909","targetHints":{"allow":["GET"]}}],"collection":[{"href":"https:\/\/sinoextrud.com\/de\/wp-json\/wp\/v2\/product"}],"about":[{"href":"https:\/\/sinoextrud.com\/de\/wp-json\/wp\/v2\/types\/product"}],"wp:featuredmedia":[{"embeddable":true,"href":"https:\/\/sinoextrud.com\/de\/wp-json\/wp\/v2\/media\/10745"}],"wp:attachment":[{"href":"https:\/\/sinoextrud.com\/de\/wp-json\/wp\/v2\/media?parent=10909"}],"wp:term":[{"taxonomy":"category","embeddable":true,"href":"https:\/\/sinoextrud.com\/de\/wp-json\/wp\/v2\/categories?post=10909"}],"curies":[{"name":"wp","href":"https:\/\/api.w.org\/{rel}","templated":true}]}}