{"id":10908,"date":"2025-08-01T03:12:22","date_gmt":"2025-08-01T03:12:22","guid":{"rendered":"https:\/\/sinoextrud.com\/product\/high-temperature-heat-sink-for-industrial-use\/"},"modified":"2025-08-01T03:12:22","modified_gmt":"2025-08-01T03:12:22","slug":"hochtemperatur-kuhlkorper-fur-industrielle-anwendungen","status":"publish","type":"product","link":"https:\/\/sinoextrud.com\/de\/product\/high-temperature-heat-sink-for-industrial-use\/","title":{"rendered":"Hochtemperatur-K\u00fchlk\u00f6rper f\u00fcr den industriellen Einsatz"},"content":{"rendered":"<h2>Produkte Details<\/h2>\n<div class=\"product-table\">\n<div class=\"row\">\n<div class=\"cell label\">Klasse<\/div>\n<div class=\"cell value\">Serie 6000<\/div>\n<\/div>\n<div class=\"row\">\n<div class=\"cell label\">Toleranz<\/div>\n<div class=\"cell value\">\u00c2\u00b11%<\/div>\n<\/div>\n<div class=\"row\">\n<div class=\"cell label\">Lieferfrist<\/div>\n<div class=\"cell value\">22-30 Tage<\/div>\n<\/div>\n<div class=\"row\">\n<div class=\"cell label\">Temperament<\/div>\n<div class=\"cell value\">T3-T8<\/div>\n<\/div>\n<div class=\"row\">\n<div class=\"cell label\">Anmeldung<\/div>\n<div class=\"cell value\">W\u00e4rmesenke<\/div>\n<\/div>\n<div class=\"row\">\n<div class=\"cell label\">Form<\/div>\n<div class=\"cell value\">Kundenspezifisch<\/div>\n<\/div>\n<div class=\"row\">\n<div class=\"cell label\">Legierung oder nicht<\/div>\n<div class=\"cell value\">Ist Legierung<\/div>\n<\/div>\n<div class=\"row\">\n<div class=\"cell label\">Bearbeitungsservice<\/div>\n<div class=\"cell value\">Biegen, Abwickeln, Schwei\u00dfen, Stanzen, Schneiden<\/div>\n<\/div>\n<div class=\"row\">\n<div class=\"cell label\">Name des Produkts<\/div>\n<div class=\"cell value\">6063 T5 Aluminiumprofil K\u00fchlk\u00f6rper<\/div>\n<\/div>\n<div class=\"row\">\n<div class=\"cell label\">Material<\/div>\n<div class=\"cell value\">Legierung 6063\/6061\/6005\/6060 T5\/T6<\/div>\n<\/div>\n<div class=\"row\">\n<div class=\"cell label\">Oberfl\u00e4chenbehandlung<\/div>\n<div class=\"cell value\">Pulverbeschichtung, eloxiert<\/div>\n<\/div>\n<div class=\"row\">\n<div class=\"cell label\">Farbe<\/div>\n<div class=\"cell value\">Anfrage des Kunden<\/div>\n<\/div>\n<div class=\"row\">\n<div class=\"cell label\">Zertifizierung<\/div>\n<div class=\"cell value\">ISO9001:2008<\/div>\n<\/div>\n<div class=\"row\">\n<div class=\"cell label\">Anmeldung<\/div>\n<div class=\"cell value\">Industrielle Ausr\u00fcstung<\/div>\n<\/div>\n<div class=\"row\">\n<div class=\"cell label\">Tiefgreifender Prozess<\/div>\n<div class=\"cell value\">CNC-Bearbeitungsservice<\/div>\n<\/div>\n<div class=\"row\">\n<div class=\"cell label\">Dienst<\/div>\n<div class=\"cell value\">OEM ODM Kundenspezifisch<\/div>\n<\/div>\n<div class=\"row\">\n<div class=\"cell label\">Zahlungsfrist<\/div>\n<div class=\"cell value\">T\/T<\/div>\n<\/div>\n<div class=\"row\">\n<div class=\"cell label\">Verkaufende Einheiten<\/div>\n<div class=\"cell value\">Einzelnes Element<\/div>\n<\/div>\n<div class=\"row\">\n<div class=\"cell label\">Einzelne Packungsgr\u00f6\u00dfe<\/div>\n<div class=\"cell value\">600X4X10 cm<\/div>\n<\/div>\n<div class=\"row\">\n<div class=\"cell label\">Einfaches Bruttogewicht<\/div>\n<div class=\"cell value\">2.000 KG<\/div>\n<\/div>\n<\/div>\n<p><\/p>\n<h2>Unsere Produktionsbasis<\/h2>\n<h3>Fabrik-Panorama<\/h3>\n<p><img decoding=\"async\" src=\"\/wp-content\/uploads\/factory-01.webp\"\/><\/p>\n<h3>Werkstatt zur Herstellung von Aluminiumstangen<\/h3>\n<p><img decoding=\"async\" src=\"\/wp-content\/uploads\/factory-02.webp\"\/><\/p>\n<p><img decoding=\"async\" src=\"\/wp-content\/uploads\/factory-03.webp\"\/><\/p>\n<h3>Lagerhaus f\u00fcr Formen<\/h3>\n<p><img decoding=\"async\" src=\"\/wp-content\/uploads\/factory-04.webp\"\/><\/p>\n<h3>43 Aluminium-Strangpressanlagen (500-5500 Tonnen)<\/h3>\n<p><img decoding=\"async\" src=\"\/wp-content\/uploads\/factory-05.webp\"\/><\/p>\n<p><img decoding=\"async\" src=\"\/wp-content\/uploads\/factory-06.webp\"\/><\/p>\n<p><img decoding=\"async\" src=\"\/wp-content\/uploads\/factory-07.webp\"\/><\/p>\n<h3>Werkstatt f\u00fcr Pulverbeschichtung<\/h3>\n<p><img decoding=\"async\" src=\"\/wp-content\/uploads\/factory-09.webp\"\/><\/p>\n<h3>Eloxal-Werkstatt<\/h3>\n<p><img decoding=\"async\" src=\"\/wp-content\/uploads\/factory-10.webp\"\/><\/p>\n<h3>Workshop zur Tiefenverarbeitung<\/h3>\n<p><img decoding=\"async\" src=\"\/wp-content\/uploads\/factory-11.webp\"\/><\/p>\n<h3>CNC-Pr\u00e4zisionsbearbeitungswerkstatt<\/h3>\n<p><img decoding=\"async\" src=\"\/wp-content\/uploads\/factory-11.5.webp\"\/><\/p>\n<h3>Lager f\u00fcr Fertigprodukte und Export<\/h3>\n<p><img decoding=\"async\" src=\"\/wp-content\/uploads\/factory-12.webp\"\/><\/p>\n<p><img decoding=\"async\" src=\"\/wp-content\/uploads\/factory-13.webp\"\/><\/p>\n<p><img decoding=\"async\" src=\"\/wp-content\/uploads\/factory-14.webp\"\/><\/p>\n<h2>FAQ<\/h2>\n<p><strong>1. Welche Materialien werden in Hochtemperaturk\u00fchlk\u00f6rpern verwendet?<\/strong><br \/>Sie bestehen in der Regel aus Aluminium oder Kupfer, um eine effektive W\u00e4rmeableitung zu gew\u00e4hrleisten.<\/p>\n<p><strong>2. K\u00f6nnen Hochtemperaturw\u00e4rmesenken f\u00fcr bestimmte Anwendungen angepasst werden?<\/strong><br \/>Ja, sie k\u00f6nnen in Gr\u00f6\u00dfe und Form an die jeweiligen Anforderungen angepasst werden.<\/p>\n<p><strong>3. Sind diese K\u00fchlk\u00f6rper f\u00fcr industrielle Umgebungen geeignet?<\/strong><br \/>Ja, sie sind so konzipiert, dass sie hohen Temperaturen in der Industrie standhalten.<\/p>\n<p><strong>4. Bieten Sie technische Unterst\u00fctzung bei der Installation von K\u00fchlk\u00f6rpern an?<\/strong><br \/>Ja, wir bieten eine umfassende Installationsanleitung und Unterst\u00fctzung.<\/p>\n<p><strong>5. Wie hoch ist die typische Lebensdauer eines Hochtemperaturk\u00fchlk\u00f6rpers?<\/strong><br \/>Sie sind so konstruiert, dass sie im Dauerbetrieb viele Jahre lang halten.<\/p>\n<p><strong>6. Wie verbessert ein Hochtemperatur-K\u00fchlk\u00f6rper die Ger\u00e4teleistung?<\/strong><br \/>Es verringert den W\u00e4rmewiderstand, so dass die Ger\u00e4te auch bei hohen Temperaturen effizient arbeiten k\u00f6nnen.<\/p>\n<p><strong>7. Ist ein internationaler Versand f\u00fcr Gro\u00dfbestellungen von K\u00fchlk\u00f6rpern m\u00f6glich?<\/strong><br \/>Ja, wir bieten weltweiten Versand mit vollst\u00e4ndiger logistischer Unterst\u00fctzung.<\/p>\n<p><\/p>","protected":false},"featured_media":10858,"template":"","categories":[72],"class_list":["post-10908","product","type-product","status-publish","has-post-thumbnail","hentry","category-extruded-aluminum-heatsink"],"meta_box":{"hilight_text_group":[{"product_hilight_text":"<li>Designed for high-performance thermal management in critical applications<\/li>\n<li>Capable of operating at elevated temperatures for extended periods<\/li>\n<li>Manufactured with high-quality metals for excellent heat dissipation<\/li>\n<li>Customizable in size and shape to fit specific electronics<\/li>\n<li>Compatible with a wide range of electronic components and devices<\/li>"}],"feature_list":[]},"_links":{"self":[{"href":"https:\/\/sinoextrud.com\/de\/wp-json\/wp\/v2\/product\/10908","targetHints":{"allow":["GET"]}}],"collection":[{"href":"https:\/\/sinoextrud.com\/de\/wp-json\/wp\/v2\/product"}],"about":[{"href":"https:\/\/sinoextrud.com\/de\/wp-json\/wp\/v2\/types\/product"}],"wp:featuredmedia":[{"embeddable":true,"href":"https:\/\/sinoextrud.com\/de\/wp-json\/wp\/v2\/media\/10858"}],"wp:attachment":[{"href":"https:\/\/sinoextrud.com\/de\/wp-json\/wp\/v2\/media?parent=10908"}],"wp:term":[{"taxonomy":"category","embeddable":true,"href":"https:\/\/sinoextrud.com\/de\/wp-json\/wp\/v2\/categories?post=10908"}],"curies":[{"name":"wp","href":"https:\/\/api.w.org\/{rel}","templated":true}]}}