{"id":10905,"date":"2025-08-01T03:12:14","date_gmt":"2025-08-01T03:12:14","guid":{"rendered":"https:\/\/sinoextrud.com\/product\/aluminum-extrusions-for-led-lighting-systems\/"},"modified":"2025-08-01T03:12:14","modified_gmt":"2025-08-01T03:12:14","slug":"aluminiumstrangpressprofile-fur-led-beleuchtungssysteme","status":"publish","type":"product","link":"https:\/\/sinoextrud.com\/de\/product\/aluminum-extrusions-for-led-lighting-systems\/","title":{"rendered":"Aluminium-Strangpressprofile f\u00fcr LED-Beleuchtungssysteme"},"content":{"rendered":"<h2>Produkte Details<\/h2>\n<div class=\"product-table\">\n<div class=\"row\">\n<div class=\"cell label\">Lampe Lichtausbeute (lm\/w)<\/div>\n<div class=\"cell value\">100<\/div>\n<\/div>\n<div class=\"row\">\n<div class=\"cell label\">Unterst\u00fctzung Dimmer<\/div>\n<div class=\"cell value\">Ja<\/div>\n<\/div>\n<div class=\"row\">\n<div class=\"cell label\">Material<\/div>\n<div class=\"cell value\">Aluminium-Legierung<\/div>\n<\/div>\n<div class=\"row\">\n<div class=\"cell label\">Garantie (Jahr)<\/div>\n<div class=\"cell value\">3-Jahres<\/div>\n<\/div>\n<div class=\"row\">\n<div class=\"cell label\">Farbtemperatur(CCT)<\/div>\n<div class=\"cell value\">6000K (Tageslicht-Alarm)<\/div>\n<\/div>\n<div class=\"row\">\n<div class=\"cell label\">Eingangsspannung(V)<\/div>\n<div class=\"cell value\">12V GLEICHSTROM<\/div>\n<\/div>\n<div class=\"row\">\n<div class=\"cell label\">Farbwiedergabeindex (Ra)<\/div>\n<div class=\"cell value\">95<\/div>\n<\/div>\n<div class=\"row\">\n<div class=\"cell label\">Arbeitszeiten<\/div>\n<div class=\"cell value\">50000<\/div>\n<\/div>\n<div class=\"row\">\n<div class=\"cell label\">Produktgewicht\uff08kg\uff09<\/div>\n<div class=\"cell value\">0.2<\/div>\n<\/div>\n<div class=\"row\">\n<div class=\"cell label\">Oberfl\u00e4che<\/div>\n<div class=\"cell value\">Eloxieren<\/div>\n<\/div>\n<div class=\"row\">\n<div class=\"cell label\">Temperament<\/div>\n<div class=\"cell value\">T3-T8<\/div>\n<\/div>\n<div class=\"row\">\n<div class=\"cell label\">Klasse<\/div>\n<div class=\"cell value\">Serie 6000<\/div>\n<\/div>\n<div class=\"row\">\n<div class=\"cell label\">Form<\/div>\n<div class=\"cell value\">T - Profil<\/div>\n<\/div>\n<div class=\"row\">\n<div class=\"cell label\">Service f\u00fcr Beleuchtungsl\u00f6sungen<\/div>\n<div class=\"cell value\">Projektinstallation, Vor-Ort-Messung, Agi32-Layout, DIALux evo-Layout, Auto-CAD-Layout, Sonstiges, Beleuchtungs- und Schaltungsplanung, Sonstiges<\/div>\n<\/div>\n<div class=\"row\">\n<div class=\"cell label\">Blechdicke (mm)<\/div>\n<div class=\"cell value\">1mm<\/div>\n<\/div>\n<div class=\"row\">\n<div class=\"cell label\">Name des Produkts<\/div>\n<div class=\"cell value\">LED-Aluminium-Profil<\/div>\n<\/div>\n<div class=\"row\">\n<div class=\"cell label\">L\u00e4nge<\/div>\n<div class=\"cell value\">1m\/2m\/3m(Andere L\u00e4nge)<\/div>\n<\/div>\n<div class=\"row\">\n<div class=\"cell label\">Farbe<\/div>\n<div class=\"cell value\">Silber Wei\u00df Schwarz<\/div>\n<\/div>\n<div class=\"row\">\n<div class=\"cell label\">Zubeh\u00f6r<\/div>\n<div class=\"cell value\">Aluminiumprofil+PC-Abdeckung<\/div>\n<\/div>\n<div class=\"row\">\n<div class=\"cell label\">Verwendung<\/div>\n<div class=\"cell value\">Kabinett Morden Lineares Lichtsystem<\/div>\n<\/div>\n<div class=\"row\">\n<div class=\"cell label\">Dimension<\/div>\n<div class=\"cell value\">Benutzerdefiniert<\/div>\n<\/div>\n<div class=\"row\">\n<div class=\"cell label\">Verkaufende Einheiten<\/div>\n<div class=\"cell value\">Einzelnes Element<\/div>\n<\/div>\n<div class=\"row\">\n<div class=\"cell label\">Einzelne Packungsgr\u00f6\u00dfe<\/div>\n<div class=\"cell value\">110X4,73X2,2 cm<\/div>\n<\/div>\n<div class=\"row\">\n<div class=\"cell label\">Einfaches Bruttogewicht<\/div>\n<div class=\"cell value\">0,240 KG<\/div>\n<\/div>\n<\/div>\n<p><\/p>\n<h2>Unsere Produktionsbasis<\/h2>\n<h3>Fabrik-Panorama<\/h3>\n<p><img decoding=\"async\" src=\"\/wp-content\/uploads\/factory-01.webp\"\/><\/p>\n<h3>Werkstatt zur Herstellung von Aluminiumstangen<\/h3>\n<p><img decoding=\"async\" src=\"\/wp-content\/uploads\/factory-02.webp\"\/><\/p>\n<p><img decoding=\"async\" src=\"\/wp-content\/uploads\/factory-03.webp\"\/><\/p>\n<h3>Lagerhaus f\u00fcr Formen<\/h3>\n<p><img decoding=\"async\" src=\"\/wp-content\/uploads\/factory-04.webp\"\/><\/p>\n<h3>43 Aluminium-Strangpressanlagen (500-5500 Tonnen)<\/h3>\n<p><img decoding=\"async\" src=\"\/wp-content\/uploads\/factory-05.webp\"\/><\/p>\n<p><img decoding=\"async\" src=\"\/wp-content\/uploads\/factory-06.webp\"\/><\/p>\n<p><img decoding=\"async\" src=\"\/wp-content\/uploads\/factory-07.webp\"\/><\/p>\n<h3>Werkstatt f\u00fcr Pulverbeschichtung<\/h3>\n<p><img decoding=\"async\" src=\"\/wp-content\/uploads\/factory-09.webp\"\/><\/p>\n<h3>Eloxal-Werkstatt<\/h3>\n<p><img decoding=\"async\" src=\"\/wp-content\/uploads\/factory-10.webp\"\/><\/p>\n<h3>Workshop zur Tiefenverarbeitung<\/h3>\n<p><img decoding=\"async\" src=\"\/wp-content\/uploads\/factory-11.webp\"\/><\/p>\n<h3>CNC-Pr\u00e4zisionsbearbeitungswerkstatt<\/h3>\n<p><img decoding=\"async\" src=\"\/wp-content\/uploads\/factory-11.5.webp\"\/><\/p>\n<h3>Lager f\u00fcr Fertigprodukte und Export<\/h3>\n<p><img decoding=\"async\" src=\"\/wp-content\/uploads\/factory-12.webp\"\/><\/p>\n<p><img decoding=\"async\" src=\"\/wp-content\/uploads\/factory-13.webp\"\/><\/p>\n<p><img decoding=\"async\" src=\"\/wp-content\/uploads\/factory-14.webp\"\/><\/p>\n<h2>FAQ<\/h2>\n<p><strong>1. K\u00f6nnen diese Aluminium-Strangpressprofile f\u00fcr verschiedene LED-Leuchten angepasst werden?<\/strong><br \/>Ja, wir bieten Anpassungsm\u00f6glichkeiten f\u00fcr verschiedene LED-Modelle und Spezifikationen.<\/p>\n<p><strong>2. Sind diese Profile sowohl f\u00fcr LED-Beleuchtung im Innen- als auch im Au\u00dfenbereich geeignet?<\/strong><br \/>Ja, sie sind so konstruiert, dass sie verschiedenen Umgebungen standhalten und sowohl f\u00fcr den Innen- als auch f\u00fcr den Au\u00dfenbereich geeignet sind.<\/p>\n<p><strong>3. Welche Oberfl\u00e4chen sind f\u00fcr diese Aluminium-Strangpressprofile erh\u00e4ltlich?<\/strong><br \/>Wir bieten eine Vielzahl von Oberfl\u00e4chen an, darunter eloxiert, pulverbeschichtet und geb\u00fcrstet, um Ihren Projektanforderungen gerecht zu werden.<\/p>\n<p><strong>4. Helfen die Extrusionen bei der W\u00e4rmeableitung f\u00fcr LED-Leuchten?<\/strong><br \/>Ja, sie wurden entwickelt, um die W\u00e4rmeableitung zu maximieren und die Lebensdauer Ihrer LEDs zu verl\u00e4ngern.<\/p>\n<p><strong>5. Was ist die typische L\u00e4nge der Aluminium-Strangpressprofile f\u00fcr LED-Leuchten?<\/strong><br \/>Standardl\u00e4ngen sind erh\u00e4ltlich, Sonderl\u00e4ngen auf Anfrage, um Ihre spezifischen Anforderungen zu erf\u00fcllen.<\/p>\n<p><strong>6. Gibt es eine Mindestbestellmenge f\u00fcr Gro\u00dfeink\u00e4ufe?<\/strong><br \/>Die Mindestbestellmenge kann je nach Projektgr\u00f6\u00dfe variieren und beginnt in der Regel bei 100 St\u00fcck.<\/p>\n<p><strong>7. Bieten Sie internationale Lieferungen f\u00fcr diese Aluminium-Strangpressprofile an?<\/strong><br \/>Ja, der internationale Versand ist mit voller logistischer Unterst\u00fctzung an Ihren Standort m\u00f6glich.<\/p>\n<p><\/p>","protected":false},"featured_media":10743,"template":"","categories":[55],"class_list":["post-10905","product","type-product","status-publish","has-post-thumbnail","hentry","category-extruded-aluminum-profiles"],"meta_box":{"hilight_text_group":[{"product_hilight_text":"<li>Specially designed for optimal LED light integration<\/li>\n<li>Available in various profiles and finishes to suit B2B applications<\/li>\n<li>High heat dissipation efficiency to enhance LED longevity<\/li>\n<li>Robust construction with premium-grade aluminum materials<\/li>\n<li>Easy installation and maintenance for professional setups<\/li>"}],"feature_list":[]},"_links":{"self":[{"href":"https:\/\/sinoextrud.com\/de\/wp-json\/wp\/v2\/product\/10905","targetHints":{"allow":["GET"]}}],"collection":[{"href":"https:\/\/sinoextrud.com\/de\/wp-json\/wp\/v2\/product"}],"about":[{"href":"https:\/\/sinoextrud.com\/de\/wp-json\/wp\/v2\/types\/product"}],"wp:featuredmedia":[{"embeddable":true,"href":"https:\/\/sinoextrud.com\/de\/wp-json\/wp\/v2\/media\/10743"}],"wp:attachment":[{"href":"https:\/\/sinoextrud.com\/de\/wp-json\/wp\/v2\/media?parent=10905"}],"wp:term":[{"taxonomy":"category","embeddable":true,"href":"https:\/\/sinoextrud.com\/de\/wp-json\/wp\/v2\/categories?post=10905"}],"curies":[{"name":"wp","href":"https:\/\/api.w.org\/{rel}","templated":true}]}}