{"id":10902,"date":"2025-08-01T03:12:06","date_gmt":"2025-08-01T03:12:06","guid":{"rendered":"https:\/\/sinoextrud.com\/product\/cylindrical-aluminum-heat-sink-for-power-devices\/"},"modified":"2025-08-01T03:12:06","modified_gmt":"2025-08-01T03:12:06","slug":"zylindrischer-aluminiumkuhlkorper-fur-leistungsgerate","status":"publish","type":"product","link":"https:\/\/sinoextrud.com\/de\/product\/cylindrical-aluminum-heat-sink-for-power-devices\/","title":{"rendered":"Zylindrischer Aluminiumk\u00fchlk\u00f6rper f\u00fcr Leistungsger\u00e4te"},"content":{"rendered":"<h2>Produkte Details<\/h2>\n<div class=\"product-table\">\n<div class=\"row\">\n<div class=\"cell label\">Klasse<\/div>\n<div class=\"cell value\">6063<\/div>\n<\/div>\n<div class=\"row\">\n<div class=\"cell label\">Toleranz<\/div>\n<div class=\"cell value\">0,01 mm<\/div>\n<\/div>\n<div class=\"row\">\n<div class=\"cell label\">Lieferfrist<\/div>\n<div class=\"cell value\">7 Tage<\/div>\n<\/div>\n<div class=\"row\">\n<div class=\"cell label\">Temperament<\/div>\n<div class=\"cell value\">T5<\/div>\n<\/div>\n<div class=\"row\">\n<div class=\"cell label\">Anmeldung<\/div>\n<div class=\"cell value\">W\u00e4rmesenke<\/div>\n<\/div>\n<div class=\"row\">\n<div class=\"cell label\">Form<\/div>\n<div class=\"cell value\">zylindrisch<\/div>\n<\/div>\n<div class=\"row\">\n<div class=\"cell label\">Legierung oder nicht<\/div>\n<div class=\"cell value\">Ist Legierung<\/div>\n<\/div>\n<div class=\"row\">\n<div class=\"cell label\">Bearbeitungsservice<\/div>\n<div class=\"cell value\">Stanzen, Schneiden, Zerspanen<\/div>\n<\/div>\n<div class=\"row\">\n<div class=\"cell label\">Name des Produkts<\/div>\n<div class=\"cell value\">zylindrischer K\u00fchlk\u00f6rper<\/div>\n<\/div>\n<div class=\"row\">\n<div class=\"cell label\">Material<\/div>\n<div class=\"cell value\">Aluminiumlegierung 6063 T5<\/div>\n<\/div>\n<div class=\"row\">\n<div class=\"cell label\">Gr\u00f6\u00dfe<\/div>\n<div class=\"cell value\">Nach Kundenzeichnung<\/div>\n<\/div>\n<div class=\"row\">\n<div class=\"cell label\">Oberfl\u00e4che<\/div>\n<div class=\"cell value\">Naturfarben oder schwarz eloxiert \/ Hart eloxiert \/ B\u00fcrste \/ Politur \/ Spiegel<\/div>\n<\/div>\n<div class=\"row\">\n<div class=\"cell label\">Dicke der Eloxalschicht<\/div>\n<div class=\"cell value\">Min.15 \u00ce\u00bcm<\/div>\n<\/div>\n<div class=\"row\">\n<div class=\"cell label\">Prozess<\/div>\n<div class=\"cell value\">Strangpressen, Schneiden, Bohren, Gewindeschneiden, CNC-Bearbeitung, Eloxieren<\/div>\n<\/div>\n<div class=\"row\">\n<div class=\"cell label\">Verpacken<\/div>\n<div class=\"cell value\">Kunststofffolie + EP-Papier + Karton + Holzpalette (Kunststoff)<\/div>\n<\/div>\n<div class=\"row\">\n<div class=\"cell label\">Verkaufende Einheiten<\/div>\n<div class=\"cell value\">Einzelnes Element<\/div>\n<\/div>\n<div class=\"row\">\n<div class=\"cell label\">Einzelne Packungsgr\u00f6\u00dfe<\/div>\n<div class=\"cell value\">12X12X10 cm<\/div>\n<\/div>\n<div class=\"row\">\n<div class=\"cell label\">Einfaches Bruttogewicht<\/div>\n<div class=\"cell value\">0.500 KG<\/div>\n<\/div>\n<\/div>\n<p><\/p>\n<h2>Unsere Produktionsbasis<\/h2>\n<h3>Fabrik-Panorama<\/h3>\n<p><img decoding=\"async\" src=\"\/wp-content\/uploads\/factory-01.webp\"\/><\/p>\n<h3>Werkstatt zur Herstellung von Aluminiumstangen<\/h3>\n<p><img decoding=\"async\" src=\"\/wp-content\/uploads\/factory-02.webp\"\/><\/p>\n<p><img decoding=\"async\" src=\"\/wp-content\/uploads\/factory-03.webp\"\/><\/p>\n<h3>Lagerhaus f\u00fcr Formen<\/h3>\n<p><img decoding=\"async\" src=\"\/wp-content\/uploads\/factory-04.webp\"\/><\/p>\n<h3>43 Aluminium-Strangpressanlagen (500-5500 Tonnen)<\/h3>\n<p><img decoding=\"async\" src=\"\/wp-content\/uploads\/factory-05.webp\"\/><\/p>\n<p><img decoding=\"async\" src=\"\/wp-content\/uploads\/factory-06.webp\"\/><\/p>\n<p><img decoding=\"async\" src=\"\/wp-content\/uploads\/factory-07.webp\"\/><\/p>\n<h3>Werkstatt f\u00fcr Pulverbeschichtung<\/h3>\n<p><img decoding=\"async\" src=\"\/wp-content\/uploads\/factory-09.webp\"\/><\/p>\n<h3>Eloxal-Werkstatt<\/h3>\n<p><img decoding=\"async\" src=\"\/wp-content\/uploads\/factory-10.webp\"\/><\/p>\n<h3>Workshop zur Tiefenverarbeitung<\/h3>\n<p><img decoding=\"async\" src=\"\/wp-content\/uploads\/factory-11.webp\"\/><\/p>\n<h3>CNC-Pr\u00e4zisionsbearbeitungswerkstatt<\/h3>\n<p><img decoding=\"async\" src=\"\/wp-content\/uploads\/factory-11.5.webp\"\/><\/p>\n<h3>Lager f\u00fcr Fertigprodukte und Export<\/h3>\n<p><img decoding=\"async\" src=\"\/wp-content\/uploads\/factory-12.webp\"\/><\/p>\n<p><img decoding=\"async\" src=\"\/wp-content\/uploads\/factory-13.webp\"\/><\/p>\n<p><img decoding=\"async\" src=\"\/wp-content\/uploads\/factory-14.webp\"\/><\/p>\n<h2>FAQ<\/h2>\n<p><strong>1. Welche Materialien werden f\u00fcr den zylindrischen Aluminiumk\u00fchlk\u00f6rper verwendet?<\/strong><br \/>Der K\u00fchlk\u00f6rper ist aus hochwertigem Aluminium gefertigt und sorgt f\u00fcr eine optimale W\u00e4rmeableitung.<\/p>\n<p><strong>2. Kann der Aluminiumk\u00fchlk\u00f6rper in Umgebungen mit hohen Temperaturen verwendet werden?<\/strong><br \/>Ja, es ist so konzipiert, dass es bei verschiedenen Temperaturen effizient arbeitet.<\/p>\n<p><strong>3. Ist der zylindrische K\u00fchlk\u00f6rper in verschiedenen Gr\u00f6\u00dfen erh\u00e4ltlich?<\/strong><br \/>Ja, wir bieten verschiedene Gr\u00f6\u00dfen an und k\u00f6nnen die Abmessungen je nach Kundenwunsch anpassen.<\/p>\n<p><strong>4. Wie verbessert ein Aluminiumk\u00fchlk\u00f6rper die W\u00e4rmeableitung?<\/strong><br \/>Seine Konstruktion vergr\u00f6\u00dfert die Oberfl\u00e4che, um die W\u00e4rme effektiv von den Komponenten abzuleiten.<\/p>\n<p><strong>5. Gibt es Anpassungsm\u00f6glichkeiten f\u00fcr die Oberfl\u00e4che und die Farbe?<\/strong><br \/>Ja, wir bieten verschiedene Eloxierungs- und Veredelungsoptionen an, um die \u00e4sthetischen W\u00fcnsche unserer Kunden zu erf\u00fcllen.<\/p>\n<p><strong>6. Was sind die typischen Anwendungen f\u00fcr diesen Aluminiumk\u00fchlk\u00f6rper?<\/strong><br \/>Es wird h\u00e4ufig in der Elektronik, der LED-Beleuchtung und in Netzteilen verwendet.<\/p>\n<p><strong>7. Kann ich ein Muster des K\u00fchlk\u00f6rpers bestellen?<\/strong><br \/>Ja, Sie k\u00f6nnen gerne Muster anfordern, um die Kompatibilit\u00e4t des Produkts mit Ihren Anwendungen zu pr\u00fcfen.<\/p>\n<p><\/p>","protected":false},"featured_media":10861,"template":"","categories":[72],"class_list":["post-10902","product","type-product","status-publish","has-post-thumbnail","hentry","category-extruded-aluminum-heatsink"],"meta_box":{"hilight_text_group":[{"product_hilight_text":"<li>Efficient thermal management for electronic devices<\/li>\n<li>Lightweight and corrosion-resistant aluminum construction<\/li>\n<li>Customizable dimensions and finishes for specific applications<\/li>\n<li>Compatible with various mounting methods and hardware<\/li>\n<li>Supports high-volume production with consistent quality<\/li>"}],"feature_list":[]},"_links":{"self":[{"href":"https:\/\/sinoextrud.com\/de\/wp-json\/wp\/v2\/product\/10902","targetHints":{"allow":["GET"]}}],"collection":[{"href":"https:\/\/sinoextrud.com\/de\/wp-json\/wp\/v2\/product"}],"about":[{"href":"https:\/\/sinoextrud.com\/de\/wp-json\/wp\/v2\/types\/product"}],"wp:featuredmedia":[{"embeddable":true,"href":"https:\/\/sinoextrud.com\/de\/wp-json\/wp\/v2\/media\/10861"}],"wp:attachment":[{"href":"https:\/\/sinoextrud.com\/de\/wp-json\/wp\/v2\/media?parent=10902"}],"wp:term":[{"taxonomy":"category","embeddable":true,"href":"https:\/\/sinoextrud.com\/de\/wp-json\/wp\/v2\/categories?post=10902"}],"curies":[{"name":"wp","href":"https:\/\/api.w.org\/{rel}","templated":true}]}}