{"id":10901,"date":"2025-08-01T03:12:04","date_gmt":"2025-08-01T03:12:04","guid":{"rendered":"https:\/\/sinoextrud.com\/product\/aluminum-enclosure-heat-sink-for-electronics\/"},"modified":"2025-08-01T03:12:04","modified_gmt":"2025-08-01T03:12:04","slug":"aluminium-gehause-kuhlkorper-fur-elektronik","status":"publish","type":"product","link":"https:\/\/sinoextrud.com\/de\/product\/aluminum-enclosure-heat-sink-for-electronics\/","title":{"rendered":"Aluminium-Geh\u00e4use K\u00fchlk\u00f6rper f\u00fcr Elektronik"},"content":{"rendered":"<h2>Produkte Details<\/h2>\n<div class=\"product-table\">\n<div class=\"row\">\n<div class=\"cell label\">CNC-Bearbeitung oder nicht<\/div>\n<div class=\"cell value\">Cnc-Bearbeitung<\/div>\n<\/div>\n<div class=\"row\">\n<div class=\"cell label\">Materialf\u00e4higkeiten<\/div>\n<div class=\"cell value\">Aluminium, Messing, Bronze, Kupfer, geh\u00e4rtete Metalle, Edelmetalle, Edelstahl, Stahllegierungen, Sonstige<\/div>\n<\/div>\n<div class=\"row\">\n<div class=\"cell label\">Typ<\/div>\n<div class=\"cell value\">Bohren, \u00c4tzen \/ Chemische Bearbeitung, Laserbearbeitung, Fr\u00e4sen, Sonstige Bearbeitungsdienstleistungen, Rapid Prototyping, Drehen, Drahterodieren<\/div>\n<\/div>\n<div class=\"row\">\n<div class=\"cell label\">Mikro-Bearbeitung oder nicht<\/div>\n<div class=\"cell value\">Mikro-Bearbeitung<\/div>\n<\/div>\n<div class=\"row\">\n<div class=\"cell label\">Verkaufende Einheiten<\/div>\n<div class=\"cell value\">Einzelnes Element<\/div>\n<\/div>\n<\/div>\n<p><\/p>\n<h2>Unsere Produktionsbasis<\/h2>\n<h3>Fabrik-Panorama<\/h3>\n<p><img decoding=\"async\" src=\"\/wp-content\/uploads\/factory-01.webp\"\/><\/p>\n<h3>Werkstatt zur Herstellung von Aluminiumstangen<\/h3>\n<p><img decoding=\"async\" src=\"\/wp-content\/uploads\/factory-02.webp\"\/><\/p>\n<p><img decoding=\"async\" src=\"\/wp-content\/uploads\/factory-03.webp\"\/><\/p>\n<h3>Lagerhaus f\u00fcr Formen<\/h3>\n<p><img decoding=\"async\" src=\"\/wp-content\/uploads\/factory-04.webp\"\/><\/p>\n<h3>43 Aluminium-Strangpressanlagen (500-5500 Tonnen)<\/h3>\n<p><img decoding=\"async\" src=\"\/wp-content\/uploads\/factory-05.webp\"\/><\/p>\n<p><img decoding=\"async\" src=\"\/wp-content\/uploads\/factory-06.webp\"\/><\/p>\n<p><img decoding=\"async\" src=\"\/wp-content\/uploads\/factory-07.webp\"\/><\/p>\n<h3>Werkstatt f\u00fcr Pulverbeschichtung<\/h3>\n<p><img decoding=\"async\" src=\"\/wp-content\/uploads\/factory-09.webp\"\/><\/p>\n<h3>Eloxal-Werkstatt<\/h3>\n<p><img decoding=\"async\" src=\"\/wp-content\/uploads\/factory-10.webp\"\/><\/p>\n<h3>Workshop zur Tiefenverarbeitung<\/h3>\n<p><img decoding=\"async\" src=\"\/wp-content\/uploads\/factory-11.webp\"\/><\/p>\n<h3>CNC-Pr\u00e4zisionsbearbeitungswerkstatt<\/h3>\n<p><img decoding=\"async\" src=\"\/wp-content\/uploads\/factory-11.5.webp\"\/><\/p>\n<h3>Lager f\u00fcr Fertigprodukte und Export<\/h3>\n<p><img decoding=\"async\" src=\"\/wp-content\/uploads\/factory-12.webp\"\/><\/p>\n<p><img decoding=\"async\" src=\"\/wp-content\/uploads\/factory-13.webp\"\/><\/p>\n<p><img decoding=\"async\" src=\"\/wp-content\/uploads\/factory-14.webp\"\/><\/p>\n<h2>FAQ<\/h2>\n<p><strong>1. Was sind die wichtigsten Vorteile der Verwendung eines K\u00fchlk\u00f6rpers mit Aluminiumgeh\u00e4use?<\/strong><br \/>Es bietet eine effiziente W\u00e4rmeableitung, ein geringes Gewicht und eine lange Lebensdauer.<\/p>\n<p><strong>2. Kann der K\u00fchlk\u00f6rper des Aluminiumgeh\u00e4uses individuell angepasst werden?<\/strong><br \/>Ja, wir bieten die Anpassung von Design und Abmessungen an Ihre speziellen Bed\u00fcrfnisse.<\/p>\n<p><strong>3. Ist dieser K\u00fchlk\u00f6rper f\u00fcr Hochleistungsger\u00e4te geeignet?<\/strong><br \/>Ja, er ist f\u00fcr Hochleistungsanwendungen konzipiert, die ein effektives W\u00e4rmemanagement erfordern.<\/p>\n<p><strong>4. Aus welchen Materialien ist der K\u00fchlk\u00f6rper gefertigt?<\/strong><br \/>Der K\u00fchlk\u00f6rper ist aus hochwertigem Aluminium gefertigt, das eine optimale W\u00e4rmeleitf\u00e4higkeit gew\u00e4hrleistet.<\/p>\n<p><strong>5. Kann dieses Produkt in verschiedenen elektronischen Ger\u00e4ten verwendet werden?<\/strong><br \/>Ja, es ist mit einer breiten Palette von Ger\u00e4ten kompatibel und vielseitig einsetzbar.<\/p>\n<p><strong>6. Wie verbessert der K\u00fchlk\u00f6rper die Leistung des Ger\u00e4ts?<\/strong><br \/>Durch die effiziente W\u00e4rmeableitung h\u00e4lt es optimale Betriebstemperaturen aufrecht und steigert die Leistung.<\/p>\n<p><strong>7. Liefern Sie die W\u00e4rmesenken mit internationaler Logistikunterst\u00fctzung?<\/strong><br \/>Ja, wir bieten umfassende Versandl\u00f6sungen f\u00fcr weltweite Lieferungen.<\/p>\n<p><\/p>","protected":false},"featured_media":10846,"template":"","categories":[72],"class_list":["post-10901","product","type-product","status-publish","has-post-thumbnail","hentry","category-extruded-aluminum-heatsink"],"meta_box":{"hilight_text_group":[{"product_hilight_text":"<li>Efficient heat dissipation for improved performance<\/li>\n<li>Customizable designs to fit specific device requirements<\/li>\n<li>Durable aluminum construction for long-lasting usage<\/li>\n<li>Lightweight design for easy integration<\/li>\n<li>Compatible with a wide range of electronic devices<\/li>"}],"feature_list":[]},"_links":{"self":[{"href":"https:\/\/sinoextrud.com\/de\/wp-json\/wp\/v2\/product\/10901","targetHints":{"allow":["GET"]}}],"collection":[{"href":"https:\/\/sinoextrud.com\/de\/wp-json\/wp\/v2\/product"}],"about":[{"href":"https:\/\/sinoextrud.com\/de\/wp-json\/wp\/v2\/types\/product"}],"wp:featuredmedia":[{"embeddable":true,"href":"https:\/\/sinoextrud.com\/de\/wp-json\/wp\/v2\/media\/10846"}],"wp:attachment":[{"href":"https:\/\/sinoextrud.com\/de\/wp-json\/wp\/v2\/media?parent=10901"}],"wp:term":[{"taxonomy":"category","embeddable":true,"href":"https:\/\/sinoextrud.com\/de\/wp-json\/wp\/v2\/categories?post=10901"}],"curies":[{"name":"wp","href":"https:\/\/api.w.org\/{rel}","templated":true}]}}