{"id":10899,"date":"2025-08-01T03:11:59","date_gmt":"2025-08-01T03:11:59","guid":{"rendered":"https:\/\/sinoextrud.com\/product\/round-processing-extruded-aluminum-heat-sink\/"},"modified":"2025-08-01T03:11:59","modified_gmt":"2025-08-01T03:11:59","slug":"runder-stranggepresster-aluminiumkuhlkorper","status":"publish","type":"product","link":"https:\/\/sinoextrud.com\/de\/product\/round-processing-extruded-aluminum-heat-sink\/","title":{"rendered":"Runde Verarbeitung Stranggepresstes Aluminium K\u00fchlk\u00f6rper"},"content":{"rendered":"<h2>Produkte Details<\/h2>\n<div class=\"product-table\">\n<div class=\"row\">\n<div class=\"cell label\">Klasse<\/div>\n<div class=\"cell value\">6061;6063;6463<\/div>\n<\/div>\n<div class=\"row\">\n<div class=\"cell label\">Toleranz<\/div>\n<div class=\"cell value\">\u00c2\u00b11%<\/div>\n<\/div>\n<div class=\"row\">\n<div class=\"cell label\">Lieferfrist<\/div>\n<div class=\"cell value\">8-14 Tage<\/div>\n<\/div>\n<div class=\"row\">\n<div class=\"cell label\">Temperament<\/div>\n<div class=\"cell value\">T5;T6<\/div>\n<\/div>\n<div class=\"row\">\n<div class=\"cell label\">Anmeldung<\/div>\n<div class=\"cell value\">K\u00fchler<\/div>\n<\/div>\n<div class=\"row\">\n<div class=\"cell label\">Form<\/div>\n<div class=\"cell value\">T - Profil<\/div>\n<\/div>\n<div class=\"row\">\n<div class=\"cell label\">Legierung oder nicht<\/div>\n<div class=\"cell value\">Ist Legierung<\/div>\n<\/div>\n<div class=\"row\">\n<div class=\"cell label\">Bearbeitungsservice<\/div>\n<div class=\"cell value\">Stanzen, Schneiden<\/div>\n<\/div>\n<div class=\"row\">\n<div class=\"cell label\">Typ<\/div>\n<div class=\"cell value\">Aluminium-K\u00fchlk\u00f6rper<\/div>\n<\/div>\n<div class=\"row\">\n<div class=\"cell label\">Material<\/div>\n<div class=\"cell value\">Aluminium<\/div>\n<\/div>\n<div class=\"row\">\n<div class=\"cell label\">Oberfl\u00e4che<\/div>\n<div class=\"cell value\">Pulverbeschichtet, Lackierung, Eloxierung, Verzinkung, geb\u00fcrstet, nat\u00fcrlich, individuell<\/div>\n<\/div>\n<div class=\"row\">\n<div class=\"cell label\">Gr\u00f6\u00dfe<\/div>\n<div class=\"cell value\">3D,CAD,PDF<\/div>\n<\/div>\n<div class=\"row\">\n<div class=\"cell label\">Pr\u00e4zision<\/div>\n<div class=\"cell value\">+-0,1mm<\/div>\n<\/div>\n<div class=\"row\">\n<div class=\"cell label\">Verarbeitung<\/div>\n<div class=\"cell value\">CNC<\/div>\n<\/div>\n<div class=\"row\">\n<div class=\"cell label\">QC-System<\/div>\n<div class=\"cell value\">Detaillierte QC-Aufzeichnungen f\u00fchren<\/div>\n<\/div>\n<div class=\"row\">\n<div class=\"cell label\">Schwei\u00dfen<\/div>\n<div class=\"cell value\">WIG,MIG,Punkt<\/div>\n<\/div>\n<div class=\"row\">\n<div class=\"cell label\">Zertifikat<\/div>\n<div class=\"cell value\">ISO9001:2008,ISO14000<\/div>\n<\/div>\n<div class=\"row\">\n<div class=\"cell label\">Gesch\u00e4ftsart<\/div>\n<div class=\"cell value\">Hersteller,Fabrik<\/div>\n<\/div>\n<div class=\"row\">\n<div class=\"cell label\">Verkaufende Einheiten<\/div>\n<div class=\"cell value\">Einzelnes Element<\/div>\n<\/div>\n<div class=\"row\">\n<div class=\"cell label\">Einzelne Packungsgr\u00f6\u00dfe<\/div>\n<div class=\"cell value\">10X10X10 cm<\/div>\n<\/div>\n<div class=\"row\">\n<div class=\"cell label\">Einfaches Bruttogewicht<\/div>\n<div class=\"cell value\">1.000 KG<\/div>\n<\/div>\n<\/div>\n<p><\/p>\n<h2>Unsere Produktionsbasis<\/h2>\n<h3>Fabrik-Panorama<\/h3>\n<p><img decoding=\"async\" src=\"\/wp-content\/uploads\/factory-01.webp\"\/><\/p>\n<h3>Werkstatt zur Herstellung von Aluminiumstangen<\/h3>\n<p><img decoding=\"async\" src=\"\/wp-content\/uploads\/factory-02.webp\"\/><\/p>\n<p><img decoding=\"async\" src=\"\/wp-content\/uploads\/factory-03.webp\"\/><\/p>\n<h3>Lagerhaus f\u00fcr Formen<\/h3>\n<p><img decoding=\"async\" src=\"\/wp-content\/uploads\/factory-04.webp\"\/><\/p>\n<h3>43 Aluminium-Strangpressanlagen (500-5500 Tonnen)<\/h3>\n<p><img decoding=\"async\" src=\"\/wp-content\/uploads\/factory-05.webp\"\/><\/p>\n<p><img decoding=\"async\" src=\"\/wp-content\/uploads\/factory-06.webp\"\/><\/p>\n<p><img decoding=\"async\" src=\"\/wp-content\/uploads\/factory-07.webp\"\/><\/p>\n<h3>Werkstatt f\u00fcr Pulverbeschichtung<\/h3>\n<p><img decoding=\"async\" src=\"\/wp-content\/uploads\/factory-09.webp\"\/><\/p>\n<h3>Eloxal-Werkstatt<\/h3>\n<p><img decoding=\"async\" src=\"\/wp-content\/uploads\/factory-10.webp\"\/><\/p>\n<h3>Workshop zur Tiefenverarbeitung<\/h3>\n<p><img decoding=\"async\" src=\"\/wp-content\/uploads\/factory-11.webp\"\/><\/p>\n<h3>CNC-Pr\u00e4zisionsbearbeitungswerkstatt<\/h3>\n<p><img decoding=\"async\" src=\"\/wp-content\/uploads\/factory-11.5.webp\"\/><\/p>\n<h3>Lager f\u00fcr Fertigprodukte und Export<\/h3>\n<p><img decoding=\"async\" src=\"\/wp-content\/uploads\/factory-12.webp\"\/><\/p>\n<p><img decoding=\"async\" src=\"\/wp-content\/uploads\/factory-13.webp\"\/><\/p>\n<p><img decoding=\"async\" src=\"\/wp-content\/uploads\/factory-14.webp\"\/><\/p>\n<h2>FAQ<\/h2>\n<p><strong>1. Was macht stranggepresste Aluminiumk\u00fchlk\u00f6rper so effizient?<\/strong><br \/>Der Prozess der Extrusion erm\u00f6glicht eine optimale W\u00e4rmeableitung und verbessert die Leistung des Ger\u00e4ts.<\/p>\n<p><strong>2. Kann ich diesen Aluminiumk\u00fchlk\u00f6rper f\u00fcr mein Produkt anpassen?<\/strong><br \/>Ja, wir bieten Ihnen die M\u00f6glichkeit, Gr\u00f6\u00dfe, Design und Ausf\u00fchrung an Ihre Anforderungen anzupassen.<\/p>\n<p><strong>3. Ist dieser K\u00fchlk\u00f6rper f\u00fcr Hochtemperaturanwendungen geeignet?<\/strong><br \/>Ja, sein Aluminiummaterial ist f\u00fcr eine zuverl\u00e4ssige Leistung in Umgebungen mit hohen Temperaturen ausgelegt.<\/p>\n<p><strong>4. Unterst\u00fctzt dieses Produkt Gro\u00dfbestellungen f\u00fcr den industriellen Einsatz?<\/strong><br \/>Wir bedienen sowohl kleine als auch gro\u00dfe Industrieauftr\u00e4ge mit flexiblen MOQs.<\/p>\n<p><strong>5. Wie haltbar ist der K\u00fchlk\u00f6rper aus stranggepresstem Aluminium?<\/strong><br \/>Er ist aus hochwertigem Aluminium gefertigt und bietet eine hervorragende Haltbarkeit und Korrosionsbest\u00e4ndigkeit.<\/p>\n<p><strong>6. Kann ich eine bestimmte Farbe f\u00fcr den K\u00fchlk\u00f6rper anfordern?<\/strong><br \/>Ja, wir bieten Optionen f\u00fcr die Farbanpassung an das Design Ihres Produkts.<\/p>\n<p><strong>7. Bieten Sie technische Unterst\u00fctzung f\u00fcr die Integration von K\u00fchlk\u00f6rpern an?<\/strong><br \/>Ja, unser Team bietet umfassende Unterst\u00fctzung bei der Integration von K\u00fchlk\u00f6rpern in Ihre Systeme.<\/p>\n<p><\/p>","protected":false},"featured_media":10863,"template":"","categories":[72],"class_list":["post-10899","product","type-product","status-publish","has-post-thumbnail","hentry","category-extruded-aluminum-heatsink"],"meta_box":{"hilight_text_group":[{"product_hilight_text":"<li>Efficient heat dissipation for enhanced performance<\/li>\n<li>Customizable sizes and finishes to meet specific needs<\/li>\n<li>Lightweight design suitable for various electronic applications<\/li>\n<li>Corrosion-resistant aluminum material ensures longevity<\/li>\n<li>Supports both small and large-scale production requirements<\/li>"}],"feature_list":[]},"_links":{"self":[{"href":"https:\/\/sinoextrud.com\/de\/wp-json\/wp\/v2\/product\/10899","targetHints":{"allow":["GET"]}}],"collection":[{"href":"https:\/\/sinoextrud.com\/de\/wp-json\/wp\/v2\/product"}],"about":[{"href":"https:\/\/sinoextrud.com\/de\/wp-json\/wp\/v2\/types\/product"}],"wp:featuredmedia":[{"embeddable":true,"href":"https:\/\/sinoextrud.com\/de\/wp-json\/wp\/v2\/media\/10863"}],"wp:attachment":[{"href":"https:\/\/sinoextrud.com\/de\/wp-json\/wp\/v2\/media?parent=10899"}],"wp:term":[{"taxonomy":"category","embeddable":true,"href":"https:\/\/sinoextrud.com\/de\/wp-json\/wp\/v2\/categories?post=10899"}],"curies":[{"name":"wp","href":"https:\/\/api.w.org\/{rel}","templated":true}]}}