{"id":10895,"date":"2025-08-01T03:11:51","date_gmt":"2025-08-01T03:11:51","guid":{"rendered":"https:\/\/sinoextrud.com\/product\/led-aluminum-radiator-for-lighting-fixtures\/"},"modified":"2025-08-01T03:11:51","modified_gmt":"2025-08-01T03:11:51","slug":"led-aluminiumstrahler-fur-beleuchtungskorper","status":"publish","type":"product","link":"https:\/\/sinoextrud.com\/de\/product\/led-aluminum-radiator-for-lighting-fixtures\/","title":{"rendered":"LED-Aluminiumstrahler f\u00fcr Beleuchtungsk\u00f6rper"},"content":{"rendered":"<h2>Produkte Details<\/h2>\n<div class=\"product-table\">\n<div class=\"row\">\n<div class=\"cell label\">Materialf\u00e4higkeiten<\/div>\n<div class=\"cell value\">Aluminium, Messing, Bronze, Kupfer, geh\u00e4rtete Metalle, Edelmetalle, Edelstahl, Stahllegierungen<\/div>\n<\/div>\n<div class=\"row\">\n<div class=\"cell label\">Typ<\/div>\n<div class=\"cell value\">R\u00e4umen, Bohren, \u00c4tzen \/ Chemische Bearbeitung, Laserbearbeitung, Fr\u00e4sen, Sonstige Bearbeitungsdienstleistungen, Drehen, Drahterodieren, Rapid Prototyping<\/div>\n<\/div>\n<div class=\"row\">\n<div class=\"cell label\">Mikro-Bearbeitung oder nicht<\/div>\n<div class=\"cell value\">Mikro-Bearbeitung<\/div>\n<\/div>\n<div class=\"row\">\n<div class=\"cell label\">Material<\/div>\n<div class=\"cell value\">Aluminium-Legierung<\/div>\n<\/div>\n<div class=\"row\">\n<div class=\"cell label\">Prozess<\/div>\n<div class=\"cell value\">CNC-Bearbeitung<\/div>\n<\/div>\n<div class=\"row\">\n<div class=\"cell label\">Oberfl\u00e4chenbehandlung<\/div>\n<div class=\"cell value\">Farbe Eloxieren, Pulverbeschichtung<\/div>\n<\/div>\n<div class=\"row\">\n<div class=\"cell label\">Toleranz<\/div>\n<div class=\"cell value\">0,01-0,05 mm<\/div>\n<\/div>\n<div class=\"row\">\n<div class=\"cell label\">Anmeldung<\/div>\n<div class=\"cell value\">Elektronische\/Beleuchtung\/Thermische L\u00f6sung<\/div>\n<\/div>\n<div class=\"row\">\n<div class=\"cell label\">Zeichnung Format<\/div>\n<div class=\"cell value\">2D\/(PDF\/CAD)3D(IGES\/STEP)<\/div>\n<\/div>\n<div class=\"row\">\n<div class=\"cell label\">Farbe<\/div>\n<div class=\"cell value\">Kundenspezifisch<\/div>\n<\/div>\n<div class=\"row\">\n<div class=\"cell label\">Verpacken<\/div>\n<div class=\"cell value\">Kundenspezifisch<\/div>\n<\/div>\n<div class=\"row\">\n<div class=\"cell label\">Dienst<\/div>\n<div class=\"cell value\">Kundenspezifisch OEM<\/div>\n<\/div>\n<div class=\"row\">\n<div class=\"cell label\">MOQ<\/div>\n<div class=\"cell value\">1St\u00fcck<\/div>\n<\/div>\n<div class=\"row\">\n<div class=\"cell label\">Verkaufende Einheiten<\/div>\n<div class=\"cell value\">Einzelnes Element<\/div>\n<\/div>\n<div class=\"row\">\n<div class=\"cell label\">Einzelne Packungsgr\u00f6\u00dfe<\/div>\n<div class=\"cell value\">60X4536X45 cm<\/div>\n<\/div>\n<div class=\"row\">\n<div class=\"cell label\">Einfaches Bruttogewicht<\/div>\n<div class=\"cell value\">6.000 KG<\/div>\n<\/div>\n<\/div>\n<p><\/p>\n<h2>Unsere Produktionsbasis<\/h2>\n<h3>Fabrik-Panorama<\/h3>\n<p><img decoding=\"async\" src=\"\/wp-content\/uploads\/factory-01.webp\"\/><\/p>\n<h3>Werkstatt zur Herstellung von Aluminiumstangen<\/h3>\n<p><img decoding=\"async\" src=\"\/wp-content\/uploads\/factory-02.webp\"\/><\/p>\n<p><img decoding=\"async\" src=\"\/wp-content\/uploads\/factory-03.webp\"\/><\/p>\n<h3>Lagerhaus f\u00fcr Formen<\/h3>\n<p><img decoding=\"async\" src=\"\/wp-content\/uploads\/factory-04.webp\"\/><\/p>\n<h3>43 Aluminium-Strangpressanlagen (500-5500 Tonnen)<\/h3>\n<p><img decoding=\"async\" src=\"\/wp-content\/uploads\/factory-05.webp\"\/><\/p>\n<p><img decoding=\"async\" src=\"\/wp-content\/uploads\/factory-06.webp\"\/><\/p>\n<p><img decoding=\"async\" src=\"\/wp-content\/uploads\/factory-07.webp\"\/><\/p>\n<h3>Werkstatt f\u00fcr Pulverbeschichtung<\/h3>\n<p><img decoding=\"async\" src=\"\/wp-content\/uploads\/factory-09.webp\"\/><\/p>\n<h3>Eloxal-Werkstatt<\/h3>\n<p><img decoding=\"async\" src=\"\/wp-content\/uploads\/factory-10.webp\"\/><\/p>\n<h3>Workshop zur Tiefenverarbeitung<\/h3>\n<p><img decoding=\"async\" src=\"\/wp-content\/uploads\/factory-11.webp\"\/><\/p>\n<h3>CNC-Pr\u00e4zisionsbearbeitungswerkstatt<\/h3>\n<p><img decoding=\"async\" src=\"\/wp-content\/uploads\/factory-11.5.webp\"\/><\/p>\n<h3>Lager f\u00fcr Fertigprodukte und Export<\/h3>\n<p><img decoding=\"async\" src=\"\/wp-content\/uploads\/factory-12.webp\"\/><\/p>\n<p><img decoding=\"async\" src=\"\/wp-content\/uploads\/factory-13.webp\"\/><\/p>\n<p><img decoding=\"async\" src=\"\/wp-content\/uploads\/factory-14.webp\"\/><\/p>\n<h2>FAQ<\/h2>\n<p><strong>1. Was sind die Vorteile der Verwendung eines Aluminiumstrahlers f\u00fcr LED?<\/strong><br \/>Aluminium sorgt f\u00fcr eine effiziente W\u00e4rmeableitung und verbessert die Leistung und Langlebigkeit der LEDs.<\/p>\n<p><strong>2. Kann der Led-Aluminium-Heizk\u00f6rper f\u00fcr bestimmte Anwendungen angepasst werden?<\/strong><br \/>Ja, es kann in Bezug auf Gr\u00f6\u00dfe, Ausf\u00fchrung und Design an die jeweiligen Projektanforderungen angepasst werden.<\/p>\n<p><strong>3. Unterst\u00fctzt der Strahler verschiedene Arten von LED-Systemen?<\/strong><br \/>Ja, unsere LED-Aluminiumstrahler sind mit verschiedenen LED-Konfigurationen kompatibel.<\/p>\n<p><strong>4. Ist dieser K\u00fchler resistent gegen Rost und Korrosion?<\/strong><br \/>Die Aluminiumkonstruktion ist korrosionsbest\u00e4ndig und erm\u00f6glicht eine langfristige Nutzung.<\/p>\n<p><strong>5. Was ist die Vorlaufzeit f\u00fcr Gro\u00dfbestellungen von Led-Aluminium-Heizk\u00f6rpern?<\/strong><br \/>Die Lieferzeiten sind unterschiedlich und liegen je nach Auftragsgr\u00f6\u00dfe in der Regel zwischen 4 und 6 Wochen.<\/p>\n<p><strong>6. Bieten Sie Muster zum Testen an, bevor Sie eine Gro\u00dfbestellung aufgeben?<\/strong><br \/>Ja, es sind Musterger\u00e4te f\u00fcr Tests verf\u00fcgbar, um Kompatibilit\u00e4t und Zufriedenheit sicherzustellen.<\/p>\n<p><strong>7. Entspricht die Konstruktion des Heizk\u00f6rpers den internationalen Normen?<\/strong><br \/>Ja, unsere Entw\u00fcrfe erf\u00fcllen und \u00fcbertreffen oft die internationalen Normen f\u00fcr W\u00e4rmemanagement und Sicherheit.<\/p>\n<p><\/p>","protected":false},"featured_media":10865,"template":"","categories":[72],"class_list":["post-10895","product","type-product","status-publish","has-post-thumbnail","hentry","category-extruded-aluminum-heatsink"],"meta_box":{"hilight_text_group":[{"product_hilight_text":"<li>Efficient heat dissipation for extended LED lifespan<\/li>\n<li>Lightweight yet durable aluminum construction<\/li>\n<li>Customizable dimensions and finishes for various applications<\/li>\n<li>Compatible with a wide range of LED systems<\/li>\n<li>Corrosion-resistant for enhanced longevity<\/li>"}],"feature_list":[]},"_links":{"self":[{"href":"https:\/\/sinoextrud.com\/de\/wp-json\/wp\/v2\/product\/10895","targetHints":{"allow":["GET"]}}],"collection":[{"href":"https:\/\/sinoextrud.com\/de\/wp-json\/wp\/v2\/product"}],"about":[{"href":"https:\/\/sinoextrud.com\/de\/wp-json\/wp\/v2\/types\/product"}],"wp:featuredmedia":[{"embeddable":true,"href":"https:\/\/sinoextrud.com\/de\/wp-json\/wp\/v2\/media\/10865"}],"wp:attachment":[{"href":"https:\/\/sinoextrud.com\/de\/wp-json\/wp\/v2\/media?parent=10895"}],"wp:term":[{"taxonomy":"category","embeddable":true,"href":"https:\/\/sinoextrud.com\/de\/wp-json\/wp\/v2\/categories?post=10895"}],"curies":[{"name":"wp","href":"https:\/\/api.w.org\/{rel}","templated":true}]}}