{"id":10893,"date":"2025-08-01T03:11:46","date_gmt":"2025-08-01T03:11:46","guid":{"rendered":"https:\/\/sinoextrud.com\/product\/silver-aluminum-vapor-chamber-radiator-for-submarines\/"},"modified":"2025-08-01T03:11:46","modified_gmt":"2025-08-01T03:11:46","slug":"silberner-aluminium-dampfkammerstrahler-fur-u-boote","status":"publish","type":"product","link":"https:\/\/sinoextrud.com\/de\/product\/silver-aluminum-vapor-chamber-radiator-for-submarines\/","title":{"rendered":"Silberner Aluminium-Dampfkammerk\u00fchler f\u00fcr U-Boote"},"content":{"rendered":"<h2>Produkte Details<\/h2>\n<div class=\"product-table\">\n<div class=\"row\">\n<div class=\"cell label\">CNC-Bearbeitung oder nicht<\/div>\n<div class=\"cell value\">Cnc-Bearbeitung<\/div>\n<\/div>\n<div class=\"row\">\n<div class=\"cell label\">Materialf\u00e4higkeiten<\/div>\n<div class=\"cell value\">Aluminium, Messing, Bronze, Kupfer, geh\u00e4rtete Metalle, Edelmetalle, Edelstahl, Stahllegierungen, Kunststoff-CNC-Bearbeitung<\/div>\n<\/div>\n<div class=\"row\">\n<div class=\"cell label\">Typ<\/div>\n<div class=\"cell value\">R\u00e4umen, Bohren, \u00c4tzen \/ Chemische Bearbeitung, Laserbearbeitung, Fr\u00e4sen, Sonstige Bearbeitungsdienstleistungen, Rapid Prototyping, Drehen, Drahterodieren<\/div>\n<\/div>\n<div class=\"row\">\n<div class=\"cell label\">Mikro-Bearbeitung oder nicht<\/div>\n<div class=\"cell value\">Mikro-Bearbeitung<\/div>\n<\/div>\n<div class=\"row\">\n<div class=\"cell label\">Material<\/div>\n<div class=\"cell value\">Aluminium, Messing, Kupfer, rostfreier Stahl, usw.<\/div>\n<\/div>\n<div class=\"row\">\n<div class=\"cell label\">Oberfl\u00e4che<\/div>\n<div class=\"cell value\">Polieren, Sandstrahlen, farbiges Eloxieren, Galvanisieren, usw.<\/div>\n<\/div>\n<div class=\"row\">\n<div class=\"cell label\">MOQ<\/div>\n<div class=\"cell value\">Nein<\/div>\n<\/div>\n<div class=\"row\">\n<div class=\"cell label\">Muster<\/div>\n<div class=\"cell value\">Erh\u00e4ltlich<\/div>\n<\/div>\n<div class=\"row\">\n<div class=\"cell label\">Probezeit<\/div>\n<div class=\"cell value\">7-10 Tage<\/div>\n<\/div>\n<div class=\"row\">\n<div class=\"cell label\">Pr\u00e4zisionsbereich<\/div>\n<div class=\"cell value\">0,010-0,002 mm<\/div>\n<\/div>\n<div class=\"row\">\n<div class=\"cell label\">OEM\/ODM<\/div>\n<div class=\"cell value\">Begr\u00fc\u00dft<\/div>\n<\/div>\n<div class=\"row\">\n<div class=\"cell label\">Art der Zeichnung<\/div>\n<div class=\"cell value\">JPEG, PDF, DWG, DXF, IGS, STEP, CAD<\/div>\n<\/div>\n<div class=\"row\">\n<div class=\"cell label\">Verkaufende Einheiten<\/div>\n<div class=\"cell value\">Einzelnes Element<\/div>\n<\/div>\n<div class=\"row\">\n<div class=\"cell label\">Einzelne Packungsgr\u00f6\u00dfe<\/div>\n<div class=\"cell value\">8X10X9 cm<\/div>\n<\/div>\n<div class=\"row\">\n<div class=\"cell label\">Einfaches Bruttogewicht<\/div>\n<div class=\"cell value\">0,030 KG<\/div>\n<\/div>\n<\/div>\n<p><\/p>\n<h2>Unsere Produktionsbasis<\/h2>\n<h3>Fabrik-Panorama<\/h3>\n<p><img decoding=\"async\" src=\"\/wp-content\/uploads\/factory-01.webp\"\/><\/p>\n<h3>Werkstatt zur Herstellung von Aluminiumstangen<\/h3>\n<p><img decoding=\"async\" src=\"\/wp-content\/uploads\/factory-02.webp\"\/><\/p>\n<p><img decoding=\"async\" src=\"\/wp-content\/uploads\/factory-03.webp\"\/><\/p>\n<h3>Lagerhaus f\u00fcr Formen<\/h3>\n<p><img decoding=\"async\" src=\"\/wp-content\/uploads\/factory-04.webp\"\/><\/p>\n<h3>43 Aluminium-Strangpressanlagen (500-5500 Tonnen)<\/h3>\n<p><img decoding=\"async\" src=\"\/wp-content\/uploads\/factory-05.webp\"\/><\/p>\n<p><img decoding=\"async\" src=\"\/wp-content\/uploads\/factory-06.webp\"\/><\/p>\n<p><img decoding=\"async\" src=\"\/wp-content\/uploads\/factory-07.webp\"\/><\/p>\n<h3>Werkstatt f\u00fcr Pulverbeschichtung<\/h3>\n<p><img decoding=\"async\" src=\"\/wp-content\/uploads\/factory-09.webp\"\/><\/p>\n<h3>Eloxal-Werkstatt<\/h3>\n<p><img decoding=\"async\" src=\"\/wp-content\/uploads\/factory-10.webp\"\/><\/p>\n<h3>Workshop zur Tiefenverarbeitung<\/h3>\n<p><img decoding=\"async\" src=\"\/wp-content\/uploads\/factory-11.webp\"\/><\/p>\n<h3>CNC-Pr\u00e4zisionsbearbeitungswerkstatt<\/h3>\n<p><img decoding=\"async\" src=\"\/wp-content\/uploads\/factory-11.5.webp\"\/><\/p>\n<h3>Lager f\u00fcr Fertigprodukte und Export<\/h3>\n<p><img decoding=\"async\" src=\"\/wp-content\/uploads\/factory-12.webp\"\/><\/p>\n<p><img decoding=\"async\" src=\"\/wp-content\/uploads\/factory-13.webp\"\/><\/p>\n<p><img decoding=\"async\" src=\"\/wp-content\/uploads\/factory-14.webp\"\/><\/p>\n<h2>FAQ<\/h2>\n<p><strong>1. Ist der Silber-Aluminium-Dampfkammer-K\u00fchler f\u00fcr alle U-Boot-Modelle geeignet?<\/strong><br \/>Ja, es kann an verschiedene U-Boot-Designs angepasst werden.<\/p>\n<p><strong>2. Welche Materialien werden f\u00fcr die Konstruktion des Heizk\u00f6rpers verwendet?<\/strong><br \/>Der K\u00fchler ist aus hochwertigem Aluminium gefertigt und garantiert Langlebigkeit und Effizienz.<\/p>\n<p><strong>3. Wie verbessert die Dampfkammertechnologie das W\u00e4rmemanagement?<\/strong><br \/>Die Dampfkammertechnologie verteilt die W\u00e4rme gleichm\u00e4\u00dfig und verbessert die K\u00fchleffizienz.<\/p>\n<p><strong>4. H\u00e4lt dieser Heizk\u00f6rper den rauen Meeresbedingungen stand?<\/strong><br \/>Ja, es ist korrosionsbest\u00e4ndig und speziell f\u00fcr den Einsatz im Meer konzipiert.<\/p>\n<p><strong>5. Gibt es eine Mindestbestellmenge f\u00fcr B2B-Kunden?<\/strong><br \/>Mindestbestellmengen k\u00f6nnen je nach den spezifischen Anforderungen des Unternehmens vereinbart werden.<\/p>\n<p><strong>6. K\u00f6nnen wir einen Musterheizk\u00f6rper zum Testen bekommen?<\/strong><br \/>Ja, es sind Musterger\u00e4te f\u00fcr Tests verf\u00fcgbar, um die Kompatibilit\u00e4t sicherzustellen.<\/p>\n<p><strong>7. Bieten Sie Unterst\u00fctzung bei der Installation und bei technischen Fragen an?<\/strong><br \/>Ja, unser technisches Team bietet Unterst\u00fctzung bei der Installation und allen anderen Fragen.<\/p>\n<p><\/p>","protected":false},"featured_media":10866,"template":"","categories":[74],"class_list":["post-10893","product","type-product","status-publish","has-post-thumbnail","hentry","category-vapor-chamber"],"meta_box":{"hilight_text_group":[{"product_hilight_text":"<li>Engineered specifically for submarine environments<\/li>\n<li>Constructed from high-quality aluminum for durability<\/li>\n<li>Efficient thermal management with vapor chamber technology<\/li>\n<li>Corrosion-resistant design ideal for marine applications<\/li>\n<li>Customizable size and specifications for B2B needs<\/li>"}],"feature_list":[]},"_links":{"self":[{"href":"https:\/\/sinoextrud.com\/de\/wp-json\/wp\/v2\/product\/10893","targetHints":{"allow":["GET"]}}],"collection":[{"href":"https:\/\/sinoextrud.com\/de\/wp-json\/wp\/v2\/product"}],"about":[{"href":"https:\/\/sinoextrud.com\/de\/wp-json\/wp\/v2\/types\/product"}],"wp:featuredmedia":[{"embeddable":true,"href":"https:\/\/sinoextrud.com\/de\/wp-json\/wp\/v2\/media\/10866"}],"wp:attachment":[{"href":"https:\/\/sinoextrud.com\/de\/wp-json\/wp\/v2\/media?parent=10893"}],"wp:term":[{"taxonomy":"category","embeddable":true,"href":"https:\/\/sinoextrud.com\/de\/wp-json\/wp\/v2\/categories?post=10893"}],"curies":[{"name":"wp","href":"https:\/\/api.w.org\/{rel}","templated":true}]}}