{"id":10890,"date":"2025-08-01T03:11:38","date_gmt":"2025-08-01T03:11:38","guid":{"rendered":"https:\/\/sinoextrud.com\/product\/aluminium-heat-sink-for-new-energy-equipment\/"},"modified":"2025-08-01T03:11:38","modified_gmt":"2025-08-01T03:11:38","slug":"aluminium-kuhlkorper-fur-neue-energieanlagen","status":"publish","type":"product","link":"https:\/\/sinoextrud.com\/de\/product\/aluminium-heat-sink-for-new-energy-equipment\/","title":{"rendered":"Aluminium-K\u00fchlk\u00f6rper f\u00fcr neue Energieanlagen"},"content":{"rendered":"<h2>Produkte Details<\/h2>\n<div class=\"product-table\">\n<div class=\"row\">\n<div class=\"cell label\">Maschinenpr\u00fcfbericht<\/div>\n<div class=\"cell value\">Zur Verf\u00fcgung gestellt<\/div>\n<\/div>\n<div class=\"row\">\n<div class=\"cell label\">Video-Ausgangsinspektion<\/div>\n<div class=\"cell value\">Zur Verf\u00fcgung gestellt<\/div>\n<\/div>\n<div class=\"row\">\n<div class=\"cell label\">Garantie<\/div>\n<div class=\"cell value\">1 Jahr<\/div>\n<\/div>\n<div class=\"row\">\n<div class=\"cell label\">Anmeldung<\/div>\n<div class=\"cell value\">K\u00e4ltetechnische Teile<\/div>\n<\/div>\n<div class=\"row\">\n<div class=\"cell label\">Typ<\/div>\n<div class=\"cell value\">K\u00e4ltemittelkompressorteile<\/div>\n<\/div>\n<div class=\"row\">\n<div class=\"cell label\">Gewicht (kg)<\/div>\n<div class=\"cell value\">2<\/div>\n<\/div>\n<div class=\"row\">\n<div class=\"cell label\">Material<\/div>\n<div class=\"cell value\">Aluminiumlegierung<\/div>\n<\/div>\n<div class=\"row\">\n<div class=\"cell label\">Methode der K\u00fchlung<\/div>\n<div class=\"cell value\">Fl\u00fcssigkeitsk\u00fchlung<\/div>\n<\/div>\n<div class=\"row\">\n<div class=\"cell label\">Arbeitsdruck<\/div>\n<div class=\"cell value\">Mindestens 1 bar<\/div>\n<\/div>\n<div class=\"row\">\n<div class=\"cell label\">Verfahren zum Verbinden<\/div>\n<div class=\"cell value\">L\u00f6ten oder Schwei\u00dfen oder andere<\/div>\n<\/div>\n<div class=\"row\">\n<div class=\"cell label\">Oberfl\u00e4cheng\u00fcte<\/div>\n<div class=\"cell value\">Mill Finish oder Eloxierung<\/div>\n<\/div>\n<div class=\"row\">\n<div class=\"cell label\">K\u00fchlmittel<\/div>\n<div class=\"cell value\">Deionisiertes Wasser,Inhibiertes Glykol und Wasser,Dielektrische Fl\u00fcssigkeit<\/div>\n<\/div>\n<div class=\"row\">\n<div class=\"cell label\">Zustand<\/div>\n<div class=\"cell value\">Neu<\/div>\n<\/div>\n<div class=\"row\">\n<div class=\"cell label\">Standort des Ausstellungsraums<\/div>\n<div class=\"cell value\">Keine<\/div>\n<\/div>\n<div class=\"row\">\n<div class=\"cell label\">Verkaufende Einheiten<\/div>\n<div class=\"cell value\">Einzelnes Element<\/div>\n<\/div>\n<div class=\"row\">\n<div class=\"cell label\">Einzelne Packungsgr\u00f6\u00dfe<\/div>\n<div class=\"cell value\">10X28X4 cm<\/div>\n<\/div>\n<div class=\"row\">\n<div class=\"cell label\">Einfaches Bruttogewicht<\/div>\n<div class=\"cell value\">2.000 KG<\/div>\n<\/div>\n<\/div>\n<p><\/p>\n<h2>Unsere Produktionsbasis<\/h2>\n<h3>Fabrik-Panorama<\/h3>\n<p><img decoding=\"async\" src=\"\/wp-content\/uploads\/factory-01.webp\"\/><\/p>\n<h3>Werkstatt zur Herstellung von Aluminiumstangen<\/h3>\n<p><img decoding=\"async\" src=\"\/wp-content\/uploads\/factory-02.webp\"\/><\/p>\n<p><img decoding=\"async\" src=\"\/wp-content\/uploads\/factory-03.webp\"\/><\/p>\n<h3>Lagerhaus f\u00fcr Formen<\/h3>\n<p><img decoding=\"async\" src=\"\/wp-content\/uploads\/factory-04.webp\"\/><\/p>\n<h3>43 Aluminium-Strangpressanlagen (500-5500 Tonnen)<\/h3>\n<p><img decoding=\"async\" src=\"\/wp-content\/uploads\/factory-05.webp\"\/><\/p>\n<p><img decoding=\"async\" src=\"\/wp-content\/uploads\/factory-06.webp\"\/><\/p>\n<p><img decoding=\"async\" src=\"\/wp-content\/uploads\/factory-07.webp\"\/><\/p>\n<h3>Werkstatt f\u00fcr Pulverbeschichtung<\/h3>\n<p><img decoding=\"async\" src=\"\/wp-content\/uploads\/factory-09.webp\"\/><\/p>\n<h3>Eloxal-Werkstatt<\/h3>\n<p><img decoding=\"async\" src=\"\/wp-content\/uploads\/factory-10.webp\"\/><\/p>\n<h3>Workshop zur Tiefenverarbeitung<\/h3>\n<p><img decoding=\"async\" src=\"\/wp-content\/uploads\/factory-11.webp\"\/><\/p>\n<h3>CNC-Pr\u00e4zisionsbearbeitungswerkstatt<\/h3>\n<p><img decoding=\"async\" src=\"\/wp-content\/uploads\/factory-11.5.webp\"\/><\/p>\n<h3>Lager f\u00fcr Fertigprodukte und Export<\/h3>\n<p><img decoding=\"async\" src=\"\/wp-content\/uploads\/factory-12.webp\"\/><\/p>\n<p><img decoding=\"async\" src=\"\/wp-content\/uploads\/factory-13.webp\"\/><\/p>\n<p><img decoding=\"async\" src=\"\/wp-content\/uploads\/factory-14.webp\"\/><\/p>\n<h2>FAQ<\/h2>\n<p><strong>1. F\u00fcr welche Anwendungen ist der Aluminium-K\u00fchlk\u00f6rper geeignet?<\/strong><br \/>Es ist ideal f\u00fcr neue Energieanwendungen wie Solarwechselrichter und EV-Ladeger\u00e4te.<\/p>\n<p><strong>2. K\u00f6nnen wir den Aluminiumk\u00fchlk\u00f6rper f\u00fcr spezifische Projekte anpassen?<\/strong><br \/>Ja, eine Anpassung an individuelle Spezifikationen und Anforderungen ist m\u00f6glich.<\/p>\n<p><strong>3. Ist der Aluminiumk\u00fchlk\u00f6rper leicht und einfach zu handhaben?<\/strong><br \/>Er ist aus leichtem Aluminium gefertigt, was die Installation und Handhabung erleichtert.<\/p>\n<p><strong>4. Was sind die Vorteile der Verwendung von Aluminium in K\u00fchlk\u00f6rpern?<\/strong><br \/>Aluminium bietet eine hohe W\u00e4rmeleitf\u00e4higkeit und ist sowohl leicht als auch kosteng\u00fcnstig.<\/p>\n<p><strong>5. Wie wird die Energieeffizienz durch den K\u00fchlk\u00f6rper verbessert?<\/strong><br \/>Es verbessert die Energiesysteme, indem es f\u00fcr eine schnelle W\u00e4rmeableitung sorgt, um optimale Temperaturen aufrechtzuerhalten.<\/p>\n<p><strong>6. Ist dieser K\u00fchlk\u00f6rper f\u00fcr umweltbewusste Produkte konzipiert?<\/strong><br \/>Ja, es unterst\u00fctzt nachhaltige Energiel\u00f6sungen durch sein umweltfreundliches Design.<\/p>\n<p><strong>7. Versenden Sie den Aluminium-K\u00fchlk\u00f6rper international?<\/strong><br \/>Ja, wir bieten weltweite Versanddienste mit umfassender logistischer Unterst\u00fctzung.<\/p>\n<p><\/p>","protected":false},"featured_media":10850,"template":"","categories":[72],"class_list":["post-10890","product","type-product","status-publish","has-post-thumbnail","hentry","category-extruded-aluminum-heatsink"],"meta_box":{"hilight_text_group":[{"product_hilight_text":"<li>Optimized for superior thermal performance in new energy systems<\/li>\n<li>Customizable designs to fit a variety of applications and industries<\/li>\n<li>Lightweight and durable aluminum material for enhanced conductivity<\/li>\n<li>Designed to support sustainable and eco-friendly energy solutions<\/li>\n<li>Offers rapid heat dissipation to improve system efficiency<\/li>"}],"feature_list":[]},"_links":{"self":[{"href":"https:\/\/sinoextrud.com\/de\/wp-json\/wp\/v2\/product\/10890","targetHints":{"allow":["GET"]}}],"collection":[{"href":"https:\/\/sinoextrud.com\/de\/wp-json\/wp\/v2\/product"}],"about":[{"href":"https:\/\/sinoextrud.com\/de\/wp-json\/wp\/v2\/types\/product"}],"wp:featuredmedia":[{"embeddable":true,"href":"https:\/\/sinoextrud.com\/de\/wp-json\/wp\/v2\/media\/10850"}],"wp:attachment":[{"href":"https:\/\/sinoextrud.com\/de\/wp-json\/wp\/v2\/media?parent=10890"}],"wp:term":[{"taxonomy":"category","embeddable":true,"href":"https:\/\/sinoextrud.com\/de\/wp-json\/wp\/v2\/categories?post=10890"}],"curies":[{"name":"wp","href":"https:\/\/api.w.org\/{rel}","templated":true}]}}