{"id":10888,"date":"2025-08-01T03:11:33","date_gmt":"2025-08-01T03:11:33","guid":{"rendered":"https:\/\/sinoextrud.com\/product\/aluminum-bitcoin-mining-machine-case\/"},"modified":"2025-08-01T03:11:33","modified_gmt":"2025-08-01T03:11:33","slug":"aluminium-bitcoin-bergbau-maschine-fall","status":"publish","type":"product","link":"https:\/\/sinoextrud.com\/de\/product\/aluminum-bitcoin-mining-machine-case\/","title":{"rendered":"Aluminium Bitcoin Bergbau Maschine Fall"},"content":{"rendered":"<h2>Produkte Details<\/h2>\n<div class=\"product-table\">\n<div class=\"row\">\n<div class=\"cell label\">Klasse<\/div>\n<div class=\"cell value\">Serie 6000<\/div>\n<\/div>\n<div class=\"row\">\n<div class=\"cell label\">Toleranz<\/div>\n<div class=\"cell value\">\u00c2\u00b11%<\/div>\n<\/div>\n<div class=\"row\">\n<div class=\"cell label\">Lieferfrist<\/div>\n<div class=\"cell value\">15-21 Tage<\/div>\n<\/div>\n<div class=\"row\">\n<div class=\"cell label\">Temperament<\/div>\n<div class=\"cell value\">T5.T6<\/div>\n<\/div>\n<div class=\"row\">\n<div class=\"cell label\">Anmeldung<\/div>\n<div class=\"cell value\">Dekorationen<\/div>\n<\/div>\n<div class=\"row\">\n<div class=\"cell label\">Form<\/div>\n<div class=\"cell value\">Coustom<\/div>\n<\/div>\n<div class=\"row\">\n<div class=\"cell label\">Legierung oder nicht<\/div>\n<div class=\"cell value\">Ist Legierung<\/div>\n<\/div>\n<div class=\"row\">\n<div class=\"cell label\">Bearbeitungsservice<\/div>\n<div class=\"cell value\">Biegen, Abwickeln, Schwei\u00dfen, Stanzen, Schneiden<\/div>\n<\/div>\n<div class=\"row\">\n<div class=\"cell label\">Name des Produkts<\/div>\n<div class=\"cell value\">Kundenspezifisches Aluminiumprofil<\/div>\n<\/div>\n<div class=\"row\">\n<div class=\"cell label\">Oberfl\u00e4chenbehandlung<\/div>\n<div class=\"cell value\">Eloxieren\/Pulverbeschichtung<\/div>\n<\/div>\n<div class=\"row\">\n<div class=\"cell label\">Farbe<\/div>\n<div class=\"cell value\">Silber und Schwarz<\/div>\n<\/div>\n<div class=\"row\">\n<div class=\"cell label\">Material<\/div>\n<div class=\"cell value\">Legierung 6063\/6061\/T5\/T6<\/div>\n<\/div>\n<div class=\"row\">\n<div class=\"cell label\">L\u00e4nge<\/div>\n<div class=\"cell value\">10mm-7000mm<\/div>\n<\/div>\n<div class=\"row\">\n<div class=\"cell label\">Zertifizierung<\/div>\n<div class=\"cell value\">ISO9001:2015<\/div>\n<\/div>\n<div class=\"row\">\n<div class=\"cell label\">MOQ<\/div>\n<div class=\"cell value\">1Kg<\/div>\n<\/div>\n<div class=\"row\">\n<div class=\"cell label\">Gr\u00f6\u00dfe<\/div>\n<div class=\"cell value\">Zeichnungen<\/div>\n<\/div>\n<div class=\"row\">\n<div class=\"cell label\">Zahlungsfrist<\/div>\n<div class=\"cell value\">T\/T<\/div>\n<\/div>\n<div class=\"row\">\n<div class=\"cell label\">Anmeldung<\/div>\n<div class=\"cell value\">Roboterrahmen, Arbeitsstationen, 3D-Drucker f\u00fcr verschiedene Anl\u00e4sse usw.<\/div>\n<\/div>\n<div class=\"row\">\n<div class=\"cell label\">Verkaufende Einheiten<\/div>\n<div class=\"cell value\">Einzelnes Element<\/div>\n<\/div>\n<div class=\"row\">\n<div class=\"cell label\">Einzelne Packungsgr\u00f6\u00dfe<\/div>\n<div class=\"cell value\">10X4X8 cm<\/div>\n<\/div>\n<div class=\"row\">\n<div class=\"cell label\">Einfaches Bruttogewicht<\/div>\n<div class=\"cell value\">3.650 KG<\/div>\n<\/div>\n<\/div>\n<p><\/p>\n<h2>Unsere Produktionsbasis<\/h2>\n<h3>Fabrik-Panorama<\/h3>\n<p><img decoding=\"async\" src=\"\/wp-content\/uploads\/factory-01.webp\"\/><\/p>\n<h3>Werkstatt zur Herstellung von Aluminiumstangen<\/h3>\n<p><img decoding=\"async\" src=\"\/wp-content\/uploads\/factory-02.webp\"\/><\/p>\n<p><img decoding=\"async\" src=\"\/wp-content\/uploads\/factory-03.webp\"\/><\/p>\n<h3>Lagerhaus f\u00fcr Formen<\/h3>\n<p><img decoding=\"async\" src=\"\/wp-content\/uploads\/factory-04.webp\"\/><\/p>\n<h3>43 Aluminium-Strangpressanlagen (500-5500 Tonnen)<\/h3>\n<p><img decoding=\"async\" src=\"\/wp-content\/uploads\/factory-05.webp\"\/><\/p>\n<p><img decoding=\"async\" src=\"\/wp-content\/uploads\/factory-06.webp\"\/><\/p>\n<p><img decoding=\"async\" src=\"\/wp-content\/uploads\/factory-07.webp\"\/><\/p>\n<h3>Werkstatt f\u00fcr Pulverbeschichtung<\/h3>\n<p><img decoding=\"async\" src=\"\/wp-content\/uploads\/factory-09.webp\"\/><\/p>\n<h3>Eloxal-Werkstatt<\/h3>\n<p><img decoding=\"async\" src=\"\/wp-content\/uploads\/factory-10.webp\"\/><\/p>\n<h3>Workshop zur Tiefenverarbeitung<\/h3>\n<p><img decoding=\"async\" src=\"\/wp-content\/uploads\/factory-11.webp\"\/><\/p>\n<h3>CNC-Pr\u00e4zisionsbearbeitungswerkstatt<\/h3>\n<p><img decoding=\"async\" src=\"\/wp-content\/uploads\/factory-11.5.webp\"\/><\/p>\n<h3>Lager f\u00fcr Fertigprodukte und Export<\/h3>\n<p><img decoding=\"async\" src=\"\/wp-content\/uploads\/factory-12.webp\"\/><\/p>\n<p><img decoding=\"async\" src=\"\/wp-content\/uploads\/factory-13.webp\"\/><\/p>\n<p><img decoding=\"async\" src=\"\/wp-content\/uploads\/factory-14.webp\"\/><\/p>\n<h2>FAQ<\/h2>\n<p><strong>1. Was ist der Vorteil der Verwendung eines Aluminiumgeh\u00e4uses f\u00fcr das Bitcoin-Mining?<\/strong><br \/>Ein Aluminiumgeh\u00e4use bietet eine hervorragende W\u00e4rmeableitung und erh\u00f6ht die Effizienz und Lebensdauer der Mining-Hardware.<\/p>\n<p><strong>2. Kann das Aluminium Bitcoin Mining Machine Case unterschiedliche Hardware aufnehmen?<\/strong><br \/>Ja, er ist so konzipiert, dass er f\u00fcr eine Reihe von g\u00e4ngigen Mining-Hardwaregr\u00f6\u00dfen und -modellen geeignet ist.<\/p>\n<p><strong>3. Ist das Aluminium Bitcoin Mining Machine Case anpassbar?<\/strong><br \/>Ja, wir bieten individuelle Anpassungsm\u00f6glichkeiten, einschlie\u00dflich Gr\u00f6\u00dfenanpassungen und Branding f\u00fcr Gro\u00dfauftr\u00e4ge.<\/p>\n<p><strong>4. Bietet das Geh\u00e4use eine passive K\u00fchlung f\u00fcr Mining-Rigs?<\/strong><br \/>Ja, die Aluminiumkonstruktion unterst\u00fctzt die passive K\u00fchlung, indem sie die W\u00e4rme leicht ableitet.<\/p>\n<p><strong>5. Wie haltbar ist das Aluminium Bitcoin Mining Machine Case?<\/strong><br \/>Das aus hochwertigem Aluminium gefertigte Ger\u00e4t ist sowohl leicht als auch \u00e4u\u00dferst langlebig und bietet hervorragenden Schutz.<\/p>\n<p><strong>6. Gibt es einen Mindestbestellwert f\u00fcr B2B-K\u00e4ufe des Aluminium Bitcoin Mining Machine Case?<\/strong><br \/>Ja, die Mindestbestellmenge kann variieren, aber in der Regel beginnt sie bei 100 St\u00fcck, je nach Anpassungsbedarf.<\/p>\n<p><strong>7. Bietet das Geh\u00e4use Schutz vor Umwelteinfl\u00fcssen?<\/strong><br \/>Ja, sie sch\u00fctzt die Hardware vor Staub und physischen Sch\u00e4den und gew\u00e4hrleistet gleichzeitig einen optimalen Luftstrom.<\/p>\n<p><\/p>","protected":false},"featured_media":10869,"template":"","categories":[72],"class_list":["post-10888","product","type-product","status-publish","has-post-thumbnail","hentry","category-extruded-aluminum-heatsink"],"meta_box":{"hilight_text_group":[{"product_hilight_text":"<li>Constructed from high-quality aluminum for optimal heat dissipation<\/li>\n<li>Designed to fit a range of Bitcoin mining hardware models<\/li>\n<li>Provides advanced protection and ventilation for mining rigs<\/li>\n<li>Supports customization to meet varied client needs for B2B purchases<\/li>\n<li>Lightweight yet sturdy design for easy transport and setup<\/li>"}],"feature_list":[]},"_links":{"self":[{"href":"https:\/\/sinoextrud.com\/de\/wp-json\/wp\/v2\/product\/10888","targetHints":{"allow":["GET"]}}],"collection":[{"href":"https:\/\/sinoextrud.com\/de\/wp-json\/wp\/v2\/product"}],"about":[{"href":"https:\/\/sinoextrud.com\/de\/wp-json\/wp\/v2\/types\/product"}],"wp:featuredmedia":[{"embeddable":true,"href":"https:\/\/sinoextrud.com\/de\/wp-json\/wp\/v2\/media\/10869"}],"wp:attachment":[{"href":"https:\/\/sinoextrud.com\/de\/wp-json\/wp\/v2\/media?parent=10888"}],"wp:term":[{"taxonomy":"category","embeddable":true,"href":"https:\/\/sinoextrud.com\/de\/wp-json\/wp\/v2\/categories?post=10888"}],"curies":[{"name":"wp","href":"https:\/\/api.w.org\/{rel}","templated":true}]}}