{"id":10885,"date":"2025-08-01T03:08:22","date_gmt":"2025-08-01T03:08:22","guid":{"rendered":"https:\/\/sinoextrud.com\/product\/aluminium-circle-parts-for-cnc-machining\/"},"modified":"2025-08-01T03:08:22","modified_gmt":"2025-08-01T03:08:22","slug":"aluminium-kreisteile-fur-die-cnc-bearbeitung","status":"publish","type":"product","link":"https:\/\/sinoextrud.com\/de\/product\/aluminium-circle-parts-for-cnc-machining\/","title":{"rendered":"Aluminium-Kreisteile f\u00fcr die CNC-Bearbeitung"},"content":{"rendered":"<h2>Produkte Details<\/h2>\n<div class=\"product-table\">\n<div class=\"row\">\n<div class=\"cell label\">Klasse<\/div>\n<div class=\"cell value\">Serie 6000<\/div>\n<\/div>\n<div class=\"row\">\n<div class=\"cell label\">Toleranz<\/div>\n<div class=\"cell value\">\u00c2\u00b11%<\/div>\n<\/div>\n<div class=\"row\">\n<div class=\"cell label\">Lieferfrist<\/div>\n<div class=\"cell value\">15-21 Tage<\/div>\n<\/div>\n<div class=\"row\">\n<div class=\"cell label\">Temperament<\/div>\n<div class=\"cell value\">T3-T8<\/div>\n<\/div>\n<div class=\"row\">\n<div class=\"cell label\">Anmeldung<\/div>\n<div class=\"cell value\">Dekorationen<\/div>\n<\/div>\n<div class=\"row\">\n<div class=\"cell label\">Form<\/div>\n<div class=\"cell value\">geformt<\/div>\n<\/div>\n<div class=\"row\">\n<div class=\"cell label\">Legierung oder nicht<\/div>\n<div class=\"cell value\">Ist Legierung<\/div>\n<\/div>\n<div class=\"row\">\n<div class=\"cell label\">Bearbeitungsservice<\/div>\n<div class=\"cell value\">Stanzen, Schneiden, CNC, Fr\u00e4sen<\/div>\n<\/div>\n<div class=\"row\">\n<div class=\"cell label\">Material<\/div>\n<div class=\"cell value\">Legierung Serie 6000<\/div>\n<\/div>\n<div class=\"row\">\n<div class=\"cell label\">Oberfl\u00e4chenbehandlung<\/div>\n<div class=\"cell value\">angepasst<\/div>\n<\/div>\n<div class=\"row\">\n<div class=\"cell label\">Farbe<\/div>\n<div class=\"cell value\">angepasst<\/div>\n<\/div>\n<div class=\"row\">\n<div class=\"cell label\">Verwendung<\/div>\n<div class=\"cell value\">Haushalt<\/div>\n<\/div>\n<div class=\"row\">\n<div class=\"cell label\">L\u00e4nge<\/div>\n<div class=\"cell value\">Kundenspezifische L\u00e4nge<\/div>\n<\/div>\n<div class=\"row\">\n<div class=\"cell label\">MOQ<\/div>\n<div class=\"cell value\">1 St\u00fcck<\/div>\n<\/div>\n<div class=\"row\">\n<div class=\"cell label\">Dienst<\/div>\n<div class=\"cell value\">OEM ODM Kundenspezifisch<\/div>\n<\/div>\n<div class=\"row\">\n<div class=\"cell label\">Zahlungsfrist<\/div>\n<div class=\"cell value\">30% Einzahlung 70% Saldo<\/div>\n<\/div>\n<div class=\"row\">\n<div class=\"cell label\">Tiefgreifender Prozess<\/div>\n<div class=\"cell value\">Stanzen Bohren Pr\u00e4zisionsschneiden CNC<\/div>\n<\/div>\n<div class=\"row\">\n<div class=\"cell label\">Verpacken<\/div>\n<div class=\"cell value\">Spezifische Anforderungen der Kunden<\/div>\n<\/div>\n<div class=\"row\">\n<div class=\"cell label\">Verkaufende Einheiten<\/div>\n<div class=\"cell value\">Einzelnes Element<\/div>\n<\/div>\n<div class=\"row\">\n<div class=\"cell label\">Einzelne Packungsgr\u00f6\u00dfe<\/div>\n<div class=\"cell value\">20X15X10 cm<\/div>\n<\/div>\n<div class=\"row\">\n<div class=\"cell label\">Einfaches Bruttogewicht<\/div>\n<div class=\"cell value\">1.000 KG<\/div>\n<\/div>\n<\/div>\n<p><\/p>\n<h2>Unsere Produktionsbasis<\/h2>\n<h3>Fabrik-Panorama<\/h3>\n<p><img decoding=\"async\" src=\"\/wp-content\/uploads\/factory-01.webp\"\/><\/p>\n<h3>Werkstatt zur Herstellung von Aluminiumstangen<\/h3>\n<p><img decoding=\"async\" src=\"\/wp-content\/uploads\/factory-02.webp\"\/><\/p>\n<p><img decoding=\"async\" src=\"\/wp-content\/uploads\/factory-03.webp\"\/><\/p>\n<h3>Lagerhaus f\u00fcr Formen<\/h3>\n<p><img decoding=\"async\" src=\"\/wp-content\/uploads\/factory-04.webp\"\/><\/p>\n<h3>43 Aluminium-Strangpressanlagen (500-5500 Tonnen)<\/h3>\n<p><img decoding=\"async\" src=\"\/wp-content\/uploads\/factory-05.webp\"\/><\/p>\n<p><img decoding=\"async\" src=\"\/wp-content\/uploads\/factory-06.webp\"\/><\/p>\n<p><img decoding=\"async\" src=\"\/wp-content\/uploads\/factory-07.webp\"\/><\/p>\n<h3>Werkstatt f\u00fcr Pulverbeschichtung<\/h3>\n<p><img decoding=\"async\" src=\"\/wp-content\/uploads\/factory-09.webp\"\/><\/p>\n<h3>Eloxal-Werkstatt<\/h3>\n<p><img decoding=\"async\" src=\"\/wp-content\/uploads\/factory-10.webp\"\/><\/p>\n<h3>Workshop zur Tiefenverarbeitung<\/h3>\n<p><img decoding=\"async\" src=\"\/wp-content\/uploads\/factory-11.webp\"\/><\/p>\n<h3>CNC-Pr\u00e4zisionsbearbeitungswerkstatt<\/h3>\n<p><img decoding=\"async\" src=\"\/wp-content\/uploads\/factory-11.5.webp\"\/><\/p>\n<h3>Lager f\u00fcr Fertigprodukte und Export<\/h3>\n<p><img decoding=\"async\" src=\"\/wp-content\/uploads\/factory-12.webp\"\/><\/p>\n<p><img decoding=\"async\" src=\"\/wp-content\/uploads\/factory-13.webp\"\/><\/p>\n<p><img decoding=\"async\" src=\"\/wp-content\/uploads\/factory-14.webp\"\/><\/p>\n<h2>FAQ<\/h2>\n<p><strong>1. K\u00f6nnen Aluminiumkreisteile f\u00fcr spezifische Anwendungen angepasst werden?<\/strong><br \/>Ja, wir bieten eine vollst\u00e4ndige Anpassung an, einschlie\u00dflich Gr\u00f6\u00dfe, Dicke und Bearbeitungsoptionen.<\/p>\n<p><strong>2. Welche Branchen verwenden typischerweise Aluminiumkreisteile?<\/strong><br \/>Sie werden in der Automobil-, Elektronik-, Kochgeschirr- und Luft- und Raumfahrtindustrie eingesetzt.<\/p>\n<p><strong>3. Bieten Sie Mengenrabatte f\u00fcr gro\u00dfe Bestellungen von Aluminiumkreisteilen an?<\/strong><br \/>Ja, f\u00fcr Gro\u00dfeink\u00e4ufe gibt es wettbewerbsf\u00e4hige Preise.<\/p>\n<p><strong>4. Sind Kreisteile aus Aluminium korrosionsbest\u00e4ndig?<\/strong><br \/>Ja, sie sind aus korrosionsbest\u00e4ndigem Aluminium gefertigt und daher sehr langlebig.<\/p>\n<p><strong>5. Kann ich ein Muster der Aluminiumkreisteile erhalten, bevor ich eine Gro\u00dfbestellung aufgebe?<\/strong><br \/>Ja, Muster sind erh\u00e4ltlich, um die Qualit\u00e4t und Passform zu beurteilen.<\/p>\n<p><strong>6. Wie lange ist die Vorlaufzeit f\u00fcr Aluminiumkreisteile nach einer Bestellung?<\/strong><br \/>Die Lieferzeiten variieren, liegen aber in der Regel zwischen 2 und 4 Wochen, je nach Auftragsvolumen.<\/p>\n<p><strong>7. Helfen Sie beim internationalen Versand von Aluminiumkreisteilen?<\/strong><br \/>Ja, wir bieten internationalen Versand und logistische Unterst\u00fctzung f\u00fcr alle Bestellungen.<\/p>\n<p><\/p>","protected":false},"featured_media":10831,"template":"","categories":[55],"class_list":["post-10885","product","type-product","status-publish","has-post-thumbnail","hentry","category-extruded-aluminum-profiles"],"meta_box":{"hilight_text_group":[{"product_hilight_text":"<li>Highly versatile for a range of industrial applications<\/li>\n<li>Available in various sizes and thicknesses to meet specific needs<\/li>\n<li>Made from high-quality aluminium for enhanced durability and strength<\/li>\n<li>Custom machining options available for OEM and ODM services<\/li>\n<li>Corrosion-resistant properties ensure long-lasting performance<\/li>"}],"feature_list":[]},"_links":{"self":[{"href":"https:\/\/sinoextrud.com\/de\/wp-json\/wp\/v2\/product\/10885","targetHints":{"allow":["GET"]}}],"collection":[{"href":"https:\/\/sinoextrud.com\/de\/wp-json\/wp\/v2\/product"}],"about":[{"href":"https:\/\/sinoextrud.com\/de\/wp-json\/wp\/v2\/types\/product"}],"wp:featuredmedia":[{"embeddable":true,"href":"https:\/\/sinoextrud.com\/de\/wp-json\/wp\/v2\/media\/10831"}],"wp:attachment":[{"href":"https:\/\/sinoextrud.com\/de\/wp-json\/wp\/v2\/media?parent=10885"}],"wp:term":[{"taxonomy":"category","embeddable":true,"href":"https:\/\/sinoextrud.com\/de\/wp-json\/wp\/v2\/categories?post=10885"}],"curies":[{"name":"wp","href":"https:\/\/api.w.org\/{rel}","templated":true}]}}