{"id":10879,"date":"2025-08-01T03:04:36","date_gmt":"2025-08-01T03:04:36","guid":{"rendered":"https:\/\/sinoextrud.com\/product\/aluminium-alloy-heat-sink-for-electronic-devices\/"},"modified":"2025-08-01T03:06:12","modified_gmt":"2025-08-01T03:06:12","slug":"kuhlkorper-aus-aluminiumlegierung-fur-elektronische-gerate","status":"publish","type":"product","link":"https:\/\/sinoextrud.com\/de\/product\/aluminium-alloy-heat-sink-for-electronic-devices\/","title":{"rendered":"K\u00fchlk\u00f6rper aus Aluminiumlegierung f\u00fcr elektronische Ger\u00e4te"},"content":{"rendered":"<h2>Produkte Details<\/h2>\n<div class=\"product-table\">\n<div class=\"row\">\n<div class=\"cell label\">Typ<\/div>\n<div class=\"cell value\">individuell auf Anfrage<\/div>\n<\/div>\n<div class=\"row\">\n<div class=\"cell label\">Anbringungsmethode<\/div>\n<div class=\"cell value\">Schwei\u00dfen<\/div>\n<\/div>\n<div class=\"row\">\n<div class=\"cell label\">Material<\/div>\n<div class=\"cell value\">Aluminium, Kupfer, Messing<\/div>\n<\/div>\n<div class=\"row\">\n<div class=\"cell label\">L\u00e4nge<\/div>\n<div class=\"cell value\">individuell auf Anfrage<\/div>\n<\/div>\n<div class=\"row\">\n<div class=\"cell label\">Breite<\/div>\n<div class=\"cell value\">individuell auf Anfrage<\/div>\n<\/div>\n<div class=\"row\">\n<div class=\"cell label\">Gr\u00f6\u00dfe\/Abmessung<\/div>\n<div class=\"cell value\">individuell auf Anfrage<\/div>\n<\/div>\n<div class=\"row\">\n<div class=\"cell label\">Produktname<\/div>\n<div class=\"cell value\">Stranggepresster K\u00fchlk\u00f6rper aus Aluminium<\/div>\n<\/div>\n<div class=\"row\">\n<div class=\"cell label\">Oberfl\u00e4chenbehandlung<\/div>\n<div class=\"cell value\">Eloxieren ,Pulverbeschichtung<\/div>\n<\/div>\n<div class=\"row\">\n<div class=\"cell label\">Merkmal<\/div>\n<div class=\"cell value\">hohe Leistung<\/div>\n<\/div>\n<div class=\"row\">\n<div class=\"cell label\">Anmeldung<\/div>\n<div class=\"cell value\">Radio, Fernsehen, Observatorium, Satellit, Flugzeug, Schiff, Auto<\/div>\n<\/div>\n<div class=\"row\">\n<div class=\"cell label\">Qualit\u00e4t<\/div>\n<div class=\"cell value\">100% vollst\u00e4ndige Pr\u00fcfung<\/div>\n<\/div>\n<div class=\"row\">\n<div class=\"cell label\">MOQ<\/div>\n<div class=\"cell value\">Muster und Kleinauftr\u00e4ge sind zul\u00e4ssig<\/div>\n<\/div>\n<div class=\"row\">\n<div class=\"cell label\">Vorlaufzeit<\/div>\n<div class=\"cell value\">15-20 Tage<\/div>\n<\/div>\n<div class=\"row\">\n<div class=\"cell label\">Dienst<\/div>\n<div class=\"cell value\">Kundenspezifisch OEM ODM<\/div>\n<\/div>\n<div class=\"row\">\n<div class=\"cell label\">Verpacken<\/div>\n<div class=\"cell value\">Karton+Holzkiste<\/div>\n<\/div>\n<div class=\"row\">\n<div class=\"cell label\">Garantie<\/div>\n<div class=\"cell value\">3Jahre<\/div>\n<\/div>\n<div class=\"row\">\n<div class=\"cell label\">Verkaufende Einheiten<\/div>\n<div class=\"cell value\">Einzelnes Element<\/div>\n<\/div>\n<div class=\"row\">\n<div class=\"cell label\">Einzelne Packungsgr\u00f6\u00dfe<\/div>\n<div class=\"cell value\">32,8X9,6X7,8 cm<\/div>\n<\/div>\n<div class=\"row\">\n<div class=\"cell label\">Einfaches Bruttogewicht<\/div>\n<div class=\"cell value\">0,670 KG<\/div>\n<\/div>\n<\/div>\n<p><\/p>\n<h2>Unsere Produktionsbasis<\/h2>\n<h3>Fabrik-Panorama<\/h3>\n<p><img decoding=\"async\" src=\"\/wp-content\/uploads\/factory-01.webp\"\/><\/p>\n<h3>Werkstatt zur Herstellung von Aluminiumstangen<\/h3>\n<p><img decoding=\"async\" src=\"\/wp-content\/uploads\/factory-02.webp\"\/><\/p>\n<\/p>\n<p><img decoding=\"async\" src=\"\/wp-content\/uploads\/factory-03.webp\"\/><\/p>\n<h3>Lagerhaus f\u00fcr Formen<\/h3>\n<p><img decoding=\"async\" src=\"\/wp-content\/uploads\/factory-04.webp\"\/><\/p>\n<h3>43 Aluminium-Strangpressanlagen (500-5500 Tonnen)<\/h3>\n<p><img decoding=\"async\" src=\"\/wp-content\/uploads\/factory-05.webp\"\/><\/p>\n<p><img decoding=\"async\" src=\"\/wp-content\/uploads\/factory-06.webp\"\/><\/p>\n<p><img decoding=\"async\" src=\"\/wp-content\/uploads\/factory-07.webp\"\/><\/p>\n<h3>Werkstatt f\u00fcr Pulverbeschichtung<\/h3>\n<p><img decoding=\"async\" src=\"\/wp-content\/uploads\/factory-09.webp\"\/><\/p>\n<h3>Eloxal-Werkstatt<\/h3>\n<p><img decoding=\"async\" src=\"\/wp-content\/uploads\/factory-10.webp\"\/><\/p>\n<h3>Workshop zur Tiefenverarbeitung<\/h3>\n<p><img decoding=\"async\" src=\"\/wp-content\/uploads\/factory-11.webp\"\/><\/p>\n<h3>CNC-Pr\u00e4zisionsbearbeitungswerkstatt<\/h3>\n<p><img decoding=\"async\" src=\"\/wp-content\/uploads\/factory-11.5.webp\"\/><\/p>\n<h3>Lager f\u00fcr Fertigprodukte und Export<\/h3>\n<p><img decoding=\"async\" src=\"\/wp-content\/uploads\/factory-12.webp\"\/><\/p>\n<p><img decoding=\"async\" src=\"\/wp-content\/uploads\/factory-13.webp\"\/><\/p>\n<p><img decoding=\"async\" src=\"\/wp-content\/uploads\/factory-14.webp\"\/><\/p>\n<h2>FAQ<\/h2>\n<p><strong>1. F\u00fcr welche Ger\u00e4te kann der K\u00fchlk\u00f6rper aus Aluminiumlegierung verwendet werden?<\/strong><br \/>Der K\u00fchlk\u00f6rper eignet sich f\u00fcr eine Vielzahl von elektronischen Ger\u00e4ten, die ein effektives W\u00e4rmemanagement erfordern.<\/p>\n<p><strong>2. Ist der K\u00fchlk\u00f6rper aus Aluminiumlegierung anpassbar?<\/strong><br \/>Ja, wir bieten anpassbare Designs an, die den spezifischen Abmessungen und Anforderungen der Ger\u00e4te entsprechen.<\/p>\n<p><strong>3. Welches Material wird f\u00fcr den K\u00fchlk\u00f6rper verwendet?<\/strong><br \/>Der K\u00fchlk\u00f6rper besteht aus einer hochwertigen Aluminiumlegierung f\u00fcr eine optimale W\u00e4rmeableitung.<\/p>\n<p><strong>4. Ist der K\u00fchlk\u00f6rper aus Aluminiumlegierung korrosionsbest\u00e4ndig?<\/strong><br \/>Ja, er ist aus korrosionsbest\u00e4ndigen Materialien gefertigt, um eine lange Lebensdauer zu gew\u00e4hrleisten.<\/p>\n<p><strong>5. Unterst\u00fctzt der K\u00fchlk\u00f6rper aus Aluminiumlegierung OEM-Dienste?<\/strong><br \/>Ja, wir bieten OEM-Dienste an, um das Produkt an Ihre Bed\u00fcrfnisse anzupassen.<\/p>\n<p><strong>6. Wie effektiv ist die W\u00e4rmeabgabe dieses K\u00fchlk\u00f6rpers?<\/strong><br \/>Der K\u00fchlk\u00f6rper aus Aluminiumlegierung zeichnet sich durch ein hocheffizientes W\u00e4rmemanagement aus.<\/p>\n<p><strong>7. Ist ein internationaler Versand f\u00fcr den K\u00fchlk\u00f6rper aus Aluminiumlegierung m\u00f6glich?<\/strong><br \/>Ja, wir bieten internationale Versandoptionen und helfen bei der Logistik.<\/p>\n<p><\/p>","protected":false},"featured_media":10731,"template":"","categories":[72],"class_list":["post-10879","product","type-product","status-publish","has-post-thumbnail","hentry","category-extruded-aluminum-heatsink"],"meta_box":{"hilight_text_group":[],"feature_list":[]},"_links":{"self":[{"href":"https:\/\/sinoextrud.com\/de\/wp-json\/wp\/v2\/product\/10879","targetHints":{"allow":["GET"]}}],"collection":[{"href":"https:\/\/sinoextrud.com\/de\/wp-json\/wp\/v2\/product"}],"about":[{"href":"https:\/\/sinoextrud.com\/de\/wp-json\/wp\/v2\/types\/product"}],"wp:featuredmedia":[{"embeddable":true,"href":"https:\/\/sinoextrud.com\/de\/wp-json\/wp\/v2\/media\/10731"}],"wp:attachment":[{"href":"https:\/\/sinoextrud.com\/de\/wp-json\/wp\/v2\/media?parent=10879"}],"wp:term":[{"taxonomy":"category","embeddable":true,"href":"https:\/\/sinoextrud.com\/de\/wp-json\/wp\/v2\/categories?post=10879"}],"curies":[{"name":"wp","href":"https:\/\/api.w.org\/{rel}","templated":true}]}}