{"id":10878,"date":"2025-08-01T03:04:34","date_gmt":"2025-08-01T03:04:34","guid":{"rendered":"https:\/\/sinoextrud.com\/product\/aluminium-extruded-heatsink-for-power-modules\/"},"modified":"2025-08-01T03:04:34","modified_gmt":"2025-08-01T03:04:34","slug":"kuhlkorper-aus-stranggepresstem-aluminium-fur-leistungsmodule","status":"publish","type":"product","link":"https:\/\/sinoextrud.com\/de\/product\/aluminium-extruded-heatsink-for-power-modules\/","title":{"rendered":"Stranggepresster Aluminium-K\u00fchlk\u00f6rper f\u00fcr Leistungsmodule"},"content":{"rendered":"<h2>Produkte Details<\/h2>\n<div class=\"product-table\">\n<div class=\"row\">\n<div class=\"cell label\">Klasse<\/div>\n<div class=\"cell value\">Serie 6000<\/div>\n<\/div>\n<div class=\"row\">\n<div class=\"cell label\">Toleranz<\/div>\n<div class=\"cell value\">\u00c2\u00b11%<\/div>\n<\/div>\n<div class=\"row\">\n<div class=\"cell label\">Lieferfrist<\/div>\n<div class=\"cell value\">innerhalb von 7 Tagen<\/div>\n<\/div>\n<div class=\"row\">\n<div class=\"cell label\">Temperament<\/div>\n<div class=\"cell value\">T1-T8<\/div>\n<\/div>\n<div class=\"row\">\n<div class=\"cell label\">Anmeldung<\/div>\n<div class=\"cell value\">Teile<\/div>\n<\/div>\n<div class=\"row\">\n<div class=\"cell label\">Form<\/div>\n<div class=\"cell value\">Sonderform<\/div>\n<\/div>\n<div class=\"row\">\n<div class=\"cell label\">Legierung oder nicht<\/div>\n<div class=\"cell value\">Nicht legiert<\/div>\n<\/div>\n<div class=\"row\">\n<div class=\"cell label\">Bearbeitungsservice<\/div>\n<div class=\"cell value\">Schneiden, Stanzen, Schwei\u00dfen, Abwickeln, Biegen<\/div>\n<\/div>\n<div class=\"row\">\n<div class=\"cell label\">Produktname<\/div>\n<div class=\"cell value\">Aluminiumk\u00fchler<\/div>\n<\/div>\n<div class=\"row\">\n<div class=\"cell label\">Material<\/div>\n<div class=\"cell value\">Aluminium<\/div>\n<\/div>\n<div class=\"row\">\n<div class=\"cell label\">Anmeldung<\/div>\n<div class=\"cell value\">Anwendbar auf eine Vielzahl von Branchen<\/div>\n<\/div>\n<div class=\"row\">\n<div class=\"cell label\">Farbe<\/div>\n<div class=\"cell value\">Kundenspezifische Farben<\/div>\n<\/div>\n<div class=\"row\">\n<div class=\"cell label\">Gr\u00f6\u00dfe<\/div>\n<div class=\"cell value\">Ma\u00dfgeschneiderte Gr\u00f6\u00dfe<\/div>\n<\/div>\n<div class=\"row\">\n<div class=\"cell label\">Oberfl\u00e4chenbehandlung<\/div>\n<div class=\"cell value\">Individuelle Oberfl\u00e4chenbehandlung<\/div>\n<\/div>\n<div class=\"row\">\n<div class=\"cell label\">Zertifizierung<\/div>\n<div class=\"cell value\">ISO9000<\/div>\n<\/div>\n<div class=\"row\">\n<div class=\"cell label\">Paket<\/div>\n<div class=\"cell value\">Plastikt\u00fcte+Karton+Palette<\/div>\n<\/div>\n<div class=\"row\">\n<div class=\"cell label\">Lieferfrist<\/div>\n<div class=\"cell value\">Kontakt<\/div>\n<\/div>\n<div class=\"row\">\n<div class=\"cell label\">Merkmal<\/div>\n<div class=\"cell value\">Hohe Pr\u00e4zision<\/div>\n<\/div>\n<div class=\"row\">\n<div class=\"cell label\">Verkaufende Einheiten<\/div>\n<div class=\"cell value\">Einzelnes Element<\/div>\n<\/div>\n<\/div>\n<p><\/p>\n<h2>Unsere Produktionsbasis<\/h2>\n<h3>Fabrik-Panorama<\/h3>\n<p><img decoding=\"async\" src=\"\/wp-content\/uploads\/factory-01.webp\"\/><\/p>\n<h3>Werkstatt zur Herstellung von Aluminiumstangen<\/h3>\n<p><img decoding=\"async\" src=\"\/wp-content\/uploads\/factory-02.webp\"\/><\/p>\n<p><img decoding=\"async\" src=\"\/wp-content\/uploads\/factory-03.webp\"\/><\/p>\n<h3>Lagerhaus f\u00fcr Formen<\/h3>\n<p><img decoding=\"async\" src=\"\/wp-content\/uploads\/factory-04.webp\"\/><\/p>\n<h3>43 Aluminium-Strangpressanlagen (500-5500 Tonnen)<\/h3>\n<p><img decoding=\"async\" src=\"\/wp-content\/uploads\/factory-05.webp\"\/><\/p>\n<p><img decoding=\"async\" src=\"\/wp-content\/uploads\/factory-06.webp\"\/><\/p>\n<p><img decoding=\"async\" src=\"\/wp-content\/uploads\/factory-07.webp\"\/><\/p>\n<h3>Werkstatt f\u00fcr Pulverbeschichtung<\/h3>\n<p><img decoding=\"async\" src=\"\/wp-content\/uploads\/factory-09.webp\"\/><\/p>\n<h3>Eloxal-Werkstatt<\/h3>\n<p><img decoding=\"async\" src=\"\/wp-content\/uploads\/factory-10.webp\"\/><\/p>\n<h3>Workshop zur Tiefenverarbeitung<\/h3>\n<p><img decoding=\"async\" src=\"\/wp-content\/uploads\/factory-11.webp\"\/><\/p>\n<h3>CNC-Pr\u00e4zisionsbearbeitungswerkstatt<\/h3>\n<p><img decoding=\"async\" src=\"\/wp-content\/uploads\/factory-11.5.webp\"\/><\/p>\n<h3>Lager f\u00fcr Fertigprodukte und Export<\/h3>\n<p><img decoding=\"async\" src=\"\/wp-content\/uploads\/factory-12.webp\"\/><\/p>\n<p><img decoding=\"async\" src=\"\/wp-content\/uploads\/factory-13.webp\"\/><\/p>\n<p><img decoding=\"async\" src=\"\/wp-content\/uploads\/factory-14.webp\"\/><\/p>\n<h2>FAQ<\/h2>\n<p><strong>1. Wozu werden stranggepresste Aluminiumk\u00fchlk\u00f6rper verwendet?<\/strong><br \/>Sie werden in erster Linie zur W\u00e4rmeableitung in elektronischen Ger\u00e4ten verwendet, um eine \u00dcberhitzung zu verhindern.<\/p>\n<p><strong>2. Kann der K\u00fchlk\u00f6rper aus stranggepresstem Aluminium individuell angepasst werden?<\/strong><br \/>Ja, wir k\u00f6nnen Gr\u00f6\u00dfe, Form und Ausf\u00fchrung an Ihre speziellen Bed\u00fcrfnisse anpassen.<\/p>\n<p><strong>3. Was ist der Vorteil der Verwendung von Aluminium f\u00fcr K\u00fchlk\u00f6rper?<\/strong><br \/>Aluminium bietet eine hervorragende W\u00e4rmeleitf\u00e4higkeit und ist gleichzeitig leicht und kosteng\u00fcnstig.<\/p>\n<p><strong>4. In welchen Branchen werden \u00fcblicherweise stranggepresste Aluminiumk\u00fchlk\u00f6rper verwendet?<\/strong><br \/>Sie werden h\u00e4ufig in der Elektronik- und Automobilindustrie sowie im Bereich der erneuerbaren Energien eingesetzt.<\/p>\n<p><strong>5. Wie w\u00e4hle ich den richtigen stranggepressten Aluminiumk\u00fchlk\u00f6rper f\u00fcr meine Anwendung aus?<\/strong><br \/>Die Auswahl h\u00e4ngt von Faktoren wie den thermischen Anforderungen, den Platzverh\u00e4ltnissen und den Montagem\u00f6glichkeiten ab.<\/p>\n<p><strong>6. Unterst\u00fctzen stranggepresste Aluminiumk\u00fchlk\u00f6rper nur passive K\u00fchlung?<\/strong><br \/>Ja, sie sind f\u00fcr passive K\u00fchlung ausgelegt, k\u00f6nnen aber durch aktive K\u00fchlungsl\u00f6sungen erg\u00e4nzt werden.<\/p>\n<p><strong>7. Sind diese K\u00fchlk\u00f6rper korrosionsbest\u00e4ndig?<\/strong><br \/>Ja, Aluminium ist von Natur aus korrosionsbest\u00e4ndig, und zus\u00e4tzliche Behandlungen k\u00f6nnen diese Eigenschaft noch verbessern.<\/p>\n<p><\/p>","protected":false},"featured_media":10873,"template":"","categories":[55],"class_list":["post-10878","product","type-product","status-publish","has-post-thumbnail","hentry","category-extruded-aluminum-profiles"],"meta_box":{"hilight_text_group":[{"product_hilight_text":"<li>High thermal conductivity for efficient heat dissipation<\/li>\n<li>Custom designs available to suit diverse applications<\/li>\n<li>Lightweight yet robust aluminum construction<\/li>\n<li>Suitable for both industrial and consumer electronics<\/li>\n<li>Environmentally friendly production process<\/li>"}],"feature_list":[]},"_links":{"self":[{"href":"https:\/\/sinoextrud.com\/de\/wp-json\/wp\/v2\/product\/10878","targetHints":{"allow":["GET"]}}],"collection":[{"href":"https:\/\/sinoextrud.com\/de\/wp-json\/wp\/v2\/product"}],"about":[{"href":"https:\/\/sinoextrud.com\/de\/wp-json\/wp\/v2\/types\/product"}],"wp:featuredmedia":[{"embeddable":true,"href":"https:\/\/sinoextrud.com\/de\/wp-json\/wp\/v2\/media\/10873"}],"wp:attachment":[{"href":"https:\/\/sinoextrud.com\/de\/wp-json\/wp\/v2\/media?parent=10878"}],"wp:term":[{"taxonomy":"category","embeddable":true,"href":"https:\/\/sinoextrud.com\/de\/wp-json\/wp\/v2\/categories?post=10878"}],"curies":[{"name":"wp","href":"https:\/\/api.w.org\/{rel}","templated":true}]}}