{"id":10875,"date":"2025-08-01T02:41:38","date_gmt":"2025-08-01T02:41:38","guid":{"rendered":"https:\/\/sinoextrud.com\/product\/20mm-round-heat-sink-for-compact-modules\/"},"modified":"2025-08-01T02:41:38","modified_gmt":"2025-08-01T02:41:38","slug":"20mm-runder-kuhlkorper-fur-kompaktmodule","status":"publish","type":"product","link":"https:\/\/sinoextrud.com\/de\/product\/20mm-round-heat-sink-for-compact-modules\/","title":{"rendered":"20mm runder K\u00fchlk\u00f6rper f\u00fcr Kompaktmodule"},"content":{"rendered":"<h2>Produkte Details<\/h2>\n<div class=\"product-table\">\n<div class=\"row\">\n<div class=\"cell label\">Oberfl\u00e4chenbehandlung<\/div>\n<div class=\"cell value\">Eloxieren<\/div>\n<\/div>\n<div class=\"row\">\n<div class=\"cell label\">Form<\/div>\n<div class=\"cell value\">RUND<\/div>\n<\/div>\n<div class=\"row\">\n<div class=\"cell label\">Material des Geh\u00e4uses<\/div>\n<div class=\"cell value\">Aluminium-Legierung<\/div>\n<\/div>\n<div class=\"row\">\n<div class=\"cell label\">Typ<\/div>\n<div class=\"cell value\">W\u00e4rmesenken<\/div>\n<\/div>\n<div class=\"row\">\n<div class=\"cell label\">Service f\u00fcr Beleuchtungsl\u00f6sungen<\/div>\n<div class=\"cell value\">Beleuchtungs- und Schaltungsplanung, DIALux evo-Layout, LitePro DLX-Layout, Agi32-Layout, Auto-CAD-Layout, Vor-Ort-Messung, Projektinstallation<\/div>\n<\/div>\n<div class=\"row\">\n<div class=\"cell label\">Lichtausbeute (lm\/w)<\/div>\n<div class=\"cell value\">50<\/div>\n<\/div>\n<div class=\"row\">\n<div class=\"cell label\">Produktgewicht\uff08kg\uff09<\/div>\n<div class=\"cell value\">0.6<\/div>\n<\/div>\n<div class=\"row\">\n<div class=\"cell label\">Garantie (Jahr)<\/div>\n<div class=\"cell value\">1-Jahr<\/div>\n<\/div>\n<div class=\"row\">\n<div class=\"cell label\">Prozess<\/div>\n<div class=\"cell value\">Schmieden<\/div>\n<\/div>\n<div class=\"row\">\n<div class=\"cell label\">IP-Bewertung<\/div>\n<div class=\"cell value\">ip55<\/div>\n<\/div>\n<div class=\"row\">\n<div class=\"cell label\">K\u00f6rperfarbe<\/div>\n<div class=\"cell value\">Schwarz<\/div>\n<\/div>\n<div class=\"row\">\n<div class=\"cell label\">H\u00f6he<\/div>\n<div class=\"cell value\">60mm<\/div>\n<\/div>\n<div class=\"row\">\n<div class=\"cell label\">Durchmesser<\/div>\n<div class=\"cell value\">110mm<\/div>\n<\/div>\n<div class=\"row\">\n<div class=\"cell label\">Anmeldung<\/div>\n<div class=\"cell value\">Led-K\u00fchlk\u00f6rper<\/div>\n<\/div>\n<div class=\"row\">\n<div class=\"cell label\">Material<\/div>\n<div class=\"cell value\">AL1070<\/div>\n<\/div>\n<div class=\"row\">\n<div class=\"cell label\">Oberfl\u00e4che<\/div>\n<div class=\"cell value\">Eloxiertes Aluminium<\/div>\n<\/div>\n<div class=\"row\">\n<div class=\"cell label\">Dienst<\/div>\n<div class=\"cell value\">OEM ODM Kundenspezifisch<\/div>\n<\/div>\n<div class=\"row\">\n<div class=\"cell label\">Tiefgreifender Prozess<\/div>\n<div class=\"cell value\">Unter CNC<\/div>\n<\/div>\n<div class=\"row\">\n<div class=\"cell label\">Typ<\/div>\n<div class=\"cell value\">100% QC-Pr\u00fcfung<\/div>\n<\/div>\n<div class=\"row\">\n<div class=\"cell label\">Paket<\/div>\n<div class=\"cell value\">Karton Schachtel<\/div>\n<\/div>\n<div class=\"row\">\n<div class=\"cell label\">Zeichnung akzeptieren<\/div>\n<div class=\"cell value\">AutoCAD(dxf<\/div>\n<\/div>\n<div class=\"row\">\n<div class=\"cell label\">Hafen der Versendung<\/div>\n<div class=\"cell value\">Shanghai\/Ningbo<\/div>\n<\/div>\n<div class=\"row\">\n<div class=\"cell label\">Verkaufende Einheiten<\/div>\n<div class=\"cell value\">Einzelnes Element<\/div>\n<\/div>\n<div class=\"row\">\n<div class=\"cell label\">Einzelne Packungsgr\u00f6\u00dfe<\/div>\n<div class=\"cell value\">10X10X10 cm<\/div>\n<\/div>\n<div class=\"row\">\n<div class=\"cell label\">Einfaches Bruttogewicht<\/div>\n<div class=\"cell value\">4.000 KG<\/div>\n<\/div>\n<div class=\"row\">\n<div class=\"cell label\">Lieferf\u00e4higkeit<\/div>\n<div class=\"cell value\">100000 Einheiten pro Monat<\/div>\n<\/div>\n<\/div>\n<p><\/p>\n<h2>Unsere Produktionsbasis<\/h2>\n<h3>Fabrik-Panorama<\/h3>\n<p><img decoding=\"async\" src=\"\/wp-content\/uploads\/factory-01.webp\"\/><\/p>\n<h3>Werkstatt zur Herstellung von Aluminiumstangen<\/h3>\n<p><img decoding=\"async\" src=\"\/wp-content\/uploads\/factory-02.webp\"\/><\/p>\n<p><img decoding=\"async\" src=\"\/wp-content\/uploads\/factory-03.webp\"\/><\/p>\n<h3>Lagerhaus f\u00fcr Formen<\/h3>\n<p><img decoding=\"async\" src=\"\/wp-content\/uploads\/factory-04.webp\"\/><\/p>\n<h3>43 Aluminium-Strangpressanlagen (500-5500 Tonnen)<\/h3>\n<p><img decoding=\"async\" src=\"\/wp-content\/uploads\/factory-05.webp\"\/><\/p>\n<p><img decoding=\"async\" src=\"\/wp-content\/uploads\/factory-06.webp\"\/><\/p>\n<p><img decoding=\"async\" src=\"\/wp-content\/uploads\/factory-07.webp\"\/><\/p>\n<h3>Werkstatt f\u00fcr Pulverbeschichtung<\/h3>\n<p><img decoding=\"async\" src=\"\/wp-content\/uploads\/factory-09.webp\"\/><\/p>\n<h3>Eloxal-Werkstatt<\/h3>\n<p><img decoding=\"async\" src=\"\/wp-content\/uploads\/factory-10.webp\"\/><\/p>\n<h3>Workshop zur Tiefenverarbeitung<\/h3>\n<p><img decoding=\"async\" src=\"\/wp-content\/uploads\/factory-11.webp\"\/><\/p>\n<h3>CNC-Pr\u00e4zisionsbearbeitungswerkstatt<\/h3>\n<p><img decoding=\"async\" src=\"\/wp-content\/uploads\/factory-11.5.webp\"\/><\/p>\n<h3>Lager f\u00fcr Fertigprodukte und Export<\/h3>\n<p><img decoding=\"async\" src=\"\/wp-content\/uploads\/factory-12.webp\"\/><\/p>\n<p><img decoding=\"async\" src=\"\/wp-content\/uploads\/factory-13.webp\"\/><\/p>\n<p><img decoding=\"async\" src=\"\/wp-content\/uploads\/factory-14.webp\"\/><\/p>\n<h2>FAQ<\/h2>\n<p><strong>1. Aus welchem Material besteht der runde 20-mm-K\u00fchlk\u00f6rper?<\/strong><br \/>Als Hauptmaterial wird hochwertiges Aluminium f\u00fcr eine effektive W\u00e4rmeableitung verwendet.<\/p>\n<p><strong>2. Kann der runde 20-mm-K\u00fchlk\u00f6rper f\u00fcr die LED-K\u00fchlung verwendet werden?<\/strong><br \/>Ja, sie ist f\u00fcr ein effektives W\u00e4rmemanagement bei LED-Anwendungen konzipiert.<\/p>\n<p><strong>3. Kann der runde 20-mm-K\u00fchlk\u00f6rper individuell angepasst werden?<\/strong><br \/>Ja, wir bieten die Anpassung von Gr\u00f6\u00dfe und Oberfl\u00e4che f\u00fcr Gro\u00dfauftr\u00e4ge an.<\/p>\n<p><strong>4. Welche Abmessungen hat der runde 20-mm-K\u00fchlk\u00f6rper?<\/strong><br \/>Der K\u00fchlk\u00f6rper hat einen Durchmesser von 20 mm und ist f\u00fcr kompakte R\u00e4ume ausgelegt.<\/p>\n<p><strong>5. Kann ich den runden 20-mm-K\u00fchlk\u00f6rper mit CPUs verwenden?<\/strong><br \/>Er eignet sich f\u00fcr Anwendungen, die kompakte K\u00fchlk\u00f6rper erfordern; pr\u00fcfen Sie die Kompatibilit\u00e4t mit den Spezifikationen Ihrer CPU.<\/p>\n<p><strong>6. Erfordert der runde 20-mm-K\u00fchlk\u00f6rper eine besondere Wartung?<\/strong><br \/>Eine besondere Wartung ist nicht erforderlich, aber eine regelm\u00e4\u00dfige Reinigung kann die Leistung verbessern.<\/p>\n<p><strong>7. Gibt es Mindestbestellmengen f\u00fcr den Kauf des runden 20-mm-K\u00fchlk\u00f6rpers?<\/strong><br \/>Ja, MOQ gilt f\u00fcr kundenspezifische Bestellungen; kontaktieren Sie uns f\u00fcr weitere Details.<\/p>\n<p><\/p>","protected":false},"featured_media":10857,"template":"","categories":[72],"class_list":["post-10875","product","type-product","status-publish","has-post-thumbnail","hentry","category-extruded-aluminum-heatsink"],"meta_box":{"hilight_text_group":[],"feature_list":[]},"_links":{"self":[{"href":"https:\/\/sinoextrud.com\/de\/wp-json\/wp\/v2\/product\/10875","targetHints":{"allow":["GET"]}}],"collection":[{"href":"https:\/\/sinoextrud.com\/de\/wp-json\/wp\/v2\/product"}],"about":[{"href":"https:\/\/sinoextrud.com\/de\/wp-json\/wp\/v2\/types\/product"}],"wp:featuredmedia":[{"embeddable":true,"href":"https:\/\/sinoextrud.com\/de\/wp-json\/wp\/v2\/media\/10857"}],"wp:attachment":[{"href":"https:\/\/sinoextrud.com\/de\/wp-json\/wp\/v2\/media?parent=10875"}],"wp:term":[{"taxonomy":"category","embeddable":true,"href":"https:\/\/sinoextrud.com\/de\/wp-json\/wp\/v2\/categories?post=10875"}],"curies":[{"name":"wp","href":"https:\/\/api.w.org\/{rel}","templated":true}]}}