{"id":10707,"date":"2025-07-29T03:40:55","date_gmt":"2025-07-29T03:40:55","guid":{"rendered":"https:\/\/sinoextrud.com\/?post_type=product&#038;p=10707"},"modified":"2025-07-29T03:41:20","modified_gmt":"2025-07-29T03:41:20","slug":"kuhlkorperextrusion","status":"publish","type":"product","link":"https:\/\/sinoextrud.com\/de\/product\/heat-sink-extrusion\/","title":{"rendered":"K\u00fchlk\u00f6rperextrusion"},"content":{"rendered":"<h2>Produkte Details<\/h2>\n<table class=\"custom-table\">\n<tr>\n<td class=\"label\">Klasse<\/td>\n<td>Serie 6000<\/td>\n<\/tr>\n<tr>\n<td class=\"label\">Toleranz<\/td>\n<td>\u00b15%<\/td>\n<\/tr>\n<tr>\n<td class=\"label\">Lieferfrist<\/td>\n<td>22-30 Tage<\/td>\n<\/tr>\n<tr>\n<td class=\"label\">Anmeldung<\/td>\n<td>W\u00e4rmesenke<\/td>\n<\/tr>\n<tr>\n<td class=\"label\">Form<\/td>\n<td>Sonnenblume<\/td>\n<\/tr>\n<tr>\n<td class=\"label\">Legierung oder nicht<\/td>\n<td>Ist Legierung<\/td>\n<\/tr>\n<tr>\n<td class=\"label\">Bearbeitungsservice<\/td>\n<td>Schwei\u00dfen, Stanzen, Schneiden<\/td>\n<\/tr>\n<tr>\n<td class=\"label\">Verkaufende Einheiten<\/td>\n<td>Einzelnes Element<\/td>\n<\/tr>\n<\/table>\n<h2>Unsere Produktionsbasis<\/h2>\n<h3>Fabrik-Panorama<\/h3>\n<p><img decoding=\"async\" src=\"\/wp-content\/uploads\/factory-01.webp\"\/><\/p>\n<h3>Werkstatt zur Herstellung von Aluminiumstangen<\/h3>\n<p><img decoding=\"async\" src=\"\/wp-content\/uploads\/factory-02.webp\"\/><\/p>\n<\/p>\n<p><img decoding=\"async\" src=\"\/wp-content\/uploads\/factory-03.webp\"\/><\/p>\n<h3>Lagerhaus f\u00fcr Formen<\/h3>\n<p><img decoding=\"async\" src=\"\/wp-content\/uploads\/factory-04.webp\"\/><\/p>\n<h3>43 Aluminium-Strangpressanlagen (500-5500 Tonnen)<\/h3>\n<p><img decoding=\"async\" src=\"\/wp-content\/uploads\/factory-05.webp\"\/><\/p>\n<p><img decoding=\"async\" src=\"\/wp-content\/uploads\/factory-06.webp\"\/><\/p>\n<p><img decoding=\"async\" src=\"\/wp-content\/uploads\/factory-07.webp\"\/><\/p>\n<h3>Werkstatt f\u00fcr Pulverbeschichtung<\/h3>\n<p><img decoding=\"async\" src=\"\/wp-content\/uploads\/factory-09.webp\"\/><\/p>\n<h3>Eloxal-Werkstatt<\/h3>\n<p><img decoding=\"async\" src=\"\/wp-content\/uploads\/factory-10.webp\"\/><\/p>\n<h3>Workshop zur Tiefenverarbeitung<\/h3>\n<p><img decoding=\"async\" src=\"\/wp-content\/uploads\/factory-11.webp\"\/><\/p>\n<h3>CNC-Pr\u00e4zisionsbearbeitungswerkstatt<\/h3>\n<p><img decoding=\"async\" src=\"\/wp-content\/uploads\/factory-11.5.webp\"\/><\/p>\n<h3>Lager f\u00fcr Fertigprodukte und Export<\/h3>\n<p><img decoding=\"async\" src=\"\/wp-content\/uploads\/factory-12.webp\"\/><\/p>\n<p><img decoding=\"async\" src=\"\/wp-content\/uploads\/factory-13.webp\"\/><\/p>\n<p><img decoding=\"async\" src=\"\/wp-content\/uploads\/factory-14.webp\"\/><\/p>\n<h2>FAQ<\/h2>\n<p><b>1. was ist die Extrusion von K\u00fchlk\u00f6rpern?<\/b><\/p>\n<p>Das Strangpressen von K\u00fchlk\u00f6rpern ist ein Herstellungsverfahren, bei dem Aluminiumprofile zur effizienten W\u00e4rmeableitung in elektronischen und industriellen Anwendungen geformt werden.\n<\/p>\n<p><\/p>\n<p><b>2. was sind die Vorteile von stranggepressten Aluminiumk\u00fchlk\u00f6rpern?<\/b><\/p>\n<p>Aluminium-Strangpressprofile bieten eine leichte Konstruktion, hervorragende W\u00e4rmeleitf\u00e4higkeit und Korrosionsbest\u00e4ndigkeit f\u00fcr ein zuverl\u00e4ssiges W\u00e4rmemanagement.\n<\/p>\n<p><\/p>\n<p><b>3. wie verbessert die Extrusion von K\u00fchlk\u00f6rpern die K\u00fchlleistung?<\/b><\/p>\n<p>Die Extrusion von K\u00fchlk\u00f6rpern vergr\u00f6\u00dfert die Oberfl\u00e4che, um die W\u00e4rmeableitung von Hochleistungskomponenten zu verbessern.\n<\/p>\n<p><\/p>\n<p><b>4. k\u00f6nnen K\u00fchlk\u00f6rperextrusionen angepasst werden?<\/b><\/p>\n<p>Ja, Strangpressprofile f\u00fcr K\u00fchlk\u00f6rper k\u00f6nnen in Gr\u00f6\u00dfe, Rippendesign und Profilform auf spezifische thermische und strukturelle Anforderungen zugeschnitten werden.\n<\/p>\n<p><\/p>\n<p><b>5. welche Industrien verwenden K\u00fchlk\u00f6rperextrusionen?<\/b><\/p>\n<p>Branchen wie die Elektronik-, Automobil-, LED-Beleuchtungs- und Telekommunikationsindustrie verwenden h\u00e4ufig K\u00fchlk\u00f6rper-Extrusionen f\u00fcr das W\u00e4rmemanagement.\n<\/p>\n<p><\/p>\n<p><b>Sind stranggepresste K\u00fchlk\u00f6rper kosteng\u00fcnstig?<\/b><\/p>\n<p>Ja, stranggepresste K\u00fchlk\u00f6rper sind aufgrund ihres geringen Materialabfalls und der effizienten Massenproduktion eine kosteng\u00fcnstige K\u00fchll\u00f6sung.\n<\/p>\n<p><\/p>\n<p><b>7. warum Aluminium f\u00fcr die Extrusion von K\u00fchlk\u00f6rpern w\u00e4hlen?<\/b><\/p>\n<p>Aluminium wird f\u00fcr die Extrusion von K\u00fchlk\u00f6rpern bevorzugt, da es ein ausgewogenes Verh\u00e4ltnis zwischen thermischer Leistung, Gewicht und Bearbeitbarkeit aufweist.\n<\/p>\n<p><\/p>\n<p><b>8. welche Oberfl\u00e4chenbehandlungen gibt es f\u00fcr stranggepresste K\u00fchlk\u00f6rper?<\/b><\/p>\n<p>Zu den \u00fcblichen Oberfl\u00e4chenbehandlungen geh\u00f6ren Eloxieren und Pulverbeschichten zur Verbesserung der Haltbarkeit und der W\u00e4rmestrahlungseigenschaften.\n<\/p>\n<p><\/p>","protected":false},"featured_media":10711,"template":"","categories":[58],"class_list":["post-10707","product","type-product","status-publish","has-post-thumbnail","hentry","category-aluminium-extrusion-profiles"],"meta_box":{"hilight_text_group":{"product_hilight_text":"\r\n<li>High thermal conductivity for efficient heat dissipation<\/li>\r\n<li>Customizable dimensions and profiles for diverse applications<\/li>\r\n<li>Lightweight aluminum material ensures easy integration<\/li>\r\n<li>Cost-effective solution for passive cooling systems<\/li>\r\n<li>Excellent corrosion resistance for long-lasting performance<\/li>\r\n<li>Suitable for electronics, automotive, and LED industries<\/li>\r\n<li>Supports high-volume production with consistent quality<\/li>\r\n"},"feature_list":[]},"_links":{"self":[{"href":"https:\/\/sinoextrud.com\/de\/wp-json\/wp\/v2\/product\/10707","targetHints":{"allow":["GET"]}}],"collection":[{"href":"https:\/\/sinoextrud.com\/de\/wp-json\/wp\/v2\/product"}],"about":[{"href":"https:\/\/sinoextrud.com\/de\/wp-json\/wp\/v2\/types\/product"}],"wp:featuredmedia":[{"embeddable":true,"href":"https:\/\/sinoextrud.com\/de\/wp-json\/wp\/v2\/media\/10711"}],"wp:attachment":[{"href":"https:\/\/sinoextrud.com\/de\/wp-json\/wp\/v2\/media?parent=10707"}],"wp:term":[{"taxonomy":"category","embeddable":true,"href":"https:\/\/sinoextrud.com\/de\/wp-json\/wp\/v2\/categories?post=10707"}],"curies":[{"name":"wp","href":"https:\/\/api.w.org\/{rel}","templated":true}]}}