{"id":10704,"date":"2025-07-29T02:23:50","date_gmt":"2025-07-29T02:23:50","guid":{"rendered":"https:\/\/sinoextrud.com\/?post_type=product&#038;p=10704"},"modified":"2025-07-29T02:25:07","modified_gmt":"2025-07-29T02:25:07","slug":"aluminium-computergehause","status":"publish","type":"product","link":"https:\/\/sinoextrud.com\/de\/product\/aluminum-computer-case\/","title":{"rendered":"Aluminium-Computergeh\u00e4use"},"content":{"rendered":"<h2>Produkte Details<\/h2>\n<table class=\"custom-table\">\n<tr>\n<td class=\"label\">Material<\/td>\n<td>Aluminium-Legierung<\/td>\n<\/tr>\n<tr>\n<td class=\"label\">Dimension<\/td>\n<td>Kundenspezifisch<\/td>\n<\/tr>\n<tr>\n<td class=\"label\">Prozess<\/td>\n<td>CNC-Drehen, CNC-Fr\u00e4sen, Blechbearbeitung, Druckguss<\/td>\n<\/tr>\n<tr>\n<td class=\"label\">Oberfl\u00e4chenbehandlung<\/td>\n<td>Poliert,Polieren,Zeichnen,Oxidation,Farbspritzen,Beschichten<\/td>\n<\/tr>\n<tr>\n<td class=\"label\">Anmeldung<\/td>\n<td>Mechanische Ausr\u00fcstung, Elektroger\u00e4te, Autoteile<\/td>\n<\/tr>\n<tr>\n<td class=\"label\">Dienst<\/td>\n<td>OEM ODM Kundenspezifisch<\/td>\n<\/tr>\n<tr>\n<td class=\"label\">Ausr\u00fcstung<\/td>\n<td>Bearbeitungszentren<\/td>\n<\/tr>\n<tr>\n<td class=\"label\">Zeichnung Format<\/td>\n<td>PRO\/E, Auto CAD, Solid Works , UG, CAD \/ CAM \/ CAE, PDF<\/td>\n<\/tr>\n<tr>\n<td class=\"label\">Vorlaufzeit<\/td>\n<td>3-7 Arbeitstage<\/td>\n<\/tr>\n<tr>\n<td class=\"label\">Toleranz<\/td>\n<td>+\/- 0,005 - 0,01 mm<\/td>\n<\/tr>\n<tr>\n<td class=\"label\">Verkaufende Einheiten<\/td>\n<td>Einzelnes Element<\/td>\n<\/tr>\n<tr>\n<td class=\"label\">Einzelne Packungsgr\u00f6\u00dfe<\/td>\n<td>10X10X10 cm<\/td>\n<\/tr>\n<tr>\n<td class=\"label\">Einfaches Bruttogewicht<\/td>\n<td>3.000 KG<\/td>\n<\/tr>\n<\/table>\n<h2>Unsere Produktionsbasis<\/h2>\n<h3>Fabrik-Panorama<\/h3>\n<p><img decoding=\"async\" src=\"\/wp-content\/uploads\/factory-01.webp\"\/><\/p>\n<h3>Werkstatt zur Herstellung von Aluminiumstangen<\/h3>\n<p><img decoding=\"async\" src=\"\/wp-content\/uploads\/factory-02.webp\"\/><\/p>\n<\/p>\n<p><img decoding=\"async\" src=\"\/wp-content\/uploads\/factory-03.webp\"\/><\/p>\n<h3>Lagerhaus f\u00fcr Formen<\/h3>\n<p><img decoding=\"async\" src=\"\/wp-content\/uploads\/factory-04.webp\"\/><\/p>\n<h3>43 Aluminium-Strangpressanlagen (500-5500 Tonnen)<\/h3>\n<p><img decoding=\"async\" src=\"\/wp-content\/uploads\/factory-05.webp\"\/><\/p>\n<p><img decoding=\"async\" src=\"\/wp-content\/uploads\/factory-06.webp\"\/><\/p>\n<p><img decoding=\"async\" src=\"\/wp-content\/uploads\/factory-07.webp\"\/><\/p>\n<h3>Werkstatt f\u00fcr Pulverbeschichtung<\/h3>\n<p><img decoding=\"async\" src=\"\/wp-content\/uploads\/factory-09.webp\"\/><\/p>\n<h3>Eloxal-Werkstatt<\/h3>\n<p><img decoding=\"async\" src=\"\/wp-content\/uploads\/factory-10.webp\"\/><\/p>\n<h3>Workshop zur Tiefenverarbeitung<\/h3>\n<p><img decoding=\"async\" src=\"\/wp-content\/uploads\/factory-11.webp\"\/><\/p>\n<h3>CNC-Pr\u00e4zisionsbearbeitungswerkstatt<\/h3>\n<p><img decoding=\"async\" src=\"\/wp-content\/uploads\/factory-11.5.webp\"\/><\/p>\n<h3>Lager f\u00fcr Fertigprodukte und Export<\/h3>\n<p><img decoding=\"async\" src=\"\/wp-content\/uploads\/factory-12.webp\"\/><\/p>\n<p><img decoding=\"async\" src=\"\/wp-content\/uploads\/factory-13.webp\"\/><\/p>\n<p><img decoding=\"async\" src=\"\/wp-content\/uploads\/factory-14.webp\"\/><\/p>\n<h2>FAQ<\/h2>\n<p><b>1 Was sind die Vorteile eines Aluminiumgeh\u00e4uses?<\/b><\/p>\n<p>Ein Computergeh\u00e4use aus Aluminium bietet hervorragende W\u00e4rmeableitung, Korrosionsbest\u00e4ndigkeit und leichte Haltbarkeit.\n<\/p>\n<p><\/p>\n<p><b>Ist ein Computergeh\u00e4use aus Aluminium besser f\u00fcr die K\u00fchlung?<\/b><\/p>\n<p>Ja, Computergeh\u00e4use aus Aluminium haben eine hervorragende W\u00e4rmeleitf\u00e4higkeit und sind daher ideal f\u00fcr eine bessere W\u00e4rmeableitung.\n<\/p>\n<p><\/p>\n<p><b>Bietet ein Computergeh\u00e4use aus Aluminium eine bessere Haltbarkeit?<\/b><\/p>\n<p>Computergeh\u00e4use aus Aluminium sind f\u00fcr ihr gutes Verh\u00e4ltnis von Festigkeit zu Gewicht bekannt und bieten eine erh\u00f6hte Haltbarkeit ohne zus\u00e4tzliche Masse.\n<\/p>\n<p><\/p>\n<p><b>4. ist Aluminium korrosionsbest\u00e4ndig?<\/b><\/p>\n<p>Ja, Aluminium ist von Natur aus korrosionsbest\u00e4ndig, was die Lebensdauer des Computergeh\u00e4uses in verschiedenen Umgebungen verl\u00e4ngert.\n<\/p>\n<p><\/p>\n<p><b>5. k\u00f6nnen Computergeh\u00e4use aus Aluminium elektromagnetische St\u00f6rungen reduzieren?<\/b><\/p>\n<p>Aluminiumgeh\u00e4use bieten eine effektive EMI-Abschirmung und sch\u00fctzen die internen Komponenten vor elektromagnetischen St\u00f6rungen.\n<\/p>\n<p><\/p>\n<p><b>6. sind Computergeh\u00e4use aus Aluminium f\u00fcr den industriellen Einsatz geeignet?<\/b><\/p>\n<p>Computergeh\u00e4use aus Aluminium sind individuell anpassbar und langlebig und eignen sich daher gut f\u00fcr industrielle und kommerzielle Anwendungen.\n<\/p>\n<p><\/p>\n<p><b>7. ist Aluminium f\u00fcr Computergeh\u00e4use leichter als Stahl?<\/b><\/p>\n<p>Ja, Aluminium ist wesentlich leichter als Stahl, was den Transport und die Installation von Computergeh\u00e4usen erleichtert.\n<\/p>\n<p><\/p>\n<p><b>8. sind Aluminiumkoffer leicht zu warten?<\/b><\/p>\n<p>Computergeh\u00e4use aus Aluminium sind oft werkzeuglos konstruiert, so dass Wartung und Aufr\u00fcstung schnell und m\u00fchelos vonstatten gehen.\n<\/p>\n<p><\/p>","protected":false},"featured_media":10703,"template":"","categories":[58],"class_list":["post-10704","product","type-product","status-publish","has-post-thumbnail","hentry","category-aluminium-extrusion-profiles"],"meta_box":{"hilight_text_group":{"product_hilight_text":"\r\n<li>High-strength aluminum structure for enhanced durability<\/li>\r\n<li>Excellent heat dissipation for optimized system cooling<\/li>\r\n<li>Corrosion-resistant surface ensures long-term use<\/li>\r\n<li>Lightweight design for easier transportation and installation<\/li>\r\n<li>Customizable size and finish for industrial applications<\/li>\r\n<li>EMI shielding capability protects internal components<\/li>\r\n<li>Tool-free design simplifies maintenance and upgrades<\/li>\r\n"},"feature_list":[]},"_links":{"self":[{"href":"https:\/\/sinoextrud.com\/de\/wp-json\/wp\/v2\/product\/10704","targetHints":{"allow":["GET"]}}],"collection":[{"href":"https:\/\/sinoextrud.com\/de\/wp-json\/wp\/v2\/product"}],"about":[{"href":"https:\/\/sinoextrud.com\/de\/wp-json\/wp\/v2\/types\/product"}],"wp:featuredmedia":[{"embeddable":true,"href":"https:\/\/sinoextrud.com\/de\/wp-json\/wp\/v2\/media\/10703"}],"wp:attachment":[{"href":"https:\/\/sinoextrud.com\/de\/wp-json\/wp\/v2\/media?parent=10704"}],"wp:term":[{"taxonomy":"category","embeddable":true,"href":"https:\/\/sinoextrud.com\/de\/wp-json\/wp\/v2\/categories?post=10704"}],"curies":[{"name":"wp","href":"https:\/\/api.w.org\/{rel}","templated":true}]}}