{"id":10683,"date":"2025-07-28T11:42:23","date_gmt":"2025-07-28T03:42:23","guid":{"rendered":"https:\/\/sinoextrud.com\/product\/vapor-chamber-heat-sink-for-efficient-thermal-management\/"},"modified":"2025-07-28T11:42:23","modified_gmt":"2025-07-28T03:42:23","slug":"dampfkammer-kuhlkorper-fur-effizientes-warmemanagement","status":"publish","type":"product","link":"https:\/\/sinoextrud.com\/de\/product\/vapor-chamber-heat-sink-for-efficient-thermal-management\/","title":{"rendered":"Dampfkammer-K\u00fchlk\u00f6rper f\u00fcr effizientes W\u00e4rmemanagement"},"content":{"rendered":"<h2>Produkte Details<\/h2>\n<table class=\"custom-table\">\n<tr>\n<td class=\"label\">CNC-Bearbeitung oder nicht<\/td>\n<td>Cnc-Bearbeitung<\/td>\n<\/tr>\n<tr>\n<td class=\"label\">Materialf\u00e4higkeiten<\/td>\n<td>Aluminium, Messing, Bronze, Kupfer, geh\u00e4rtete Metalle, Edelmetalle, Edelstahl, Stahllegierungen<\/td>\n<\/tr>\n<tr>\n<td class=\"label\">Typ<\/td>\n<td>R\u00e4umen, Bohren, \u00c4tzen \/ Chemische Bearbeitung, Laserbearbeitung, Fr\u00e4sen, Sonstige Bearbeitungsdienstleistungen, Drehen, Drahterodieren, Rapid Prototyping<\/td>\n<\/tr>\n<tr>\n<td class=\"label\">Mikro-Bearbeitung oder nicht<\/td>\n<td>Mikro-Bearbeitung<\/td>\n<\/tr>\n<tr>\n<td class=\"label\">Name des Produkts<\/td>\n<td>Aluminium-Strangpress-K\u00fchlk\u00f6rper<\/td>\n<\/tr>\n<tr>\n<td class=\"label\">Oberfl\u00e4chenbehandlung<\/td>\n<td>Schwarz eloxiert<\/td>\n<\/tr>\n<tr>\n<td class=\"label\">MOQ<\/td>\n<td>100St\u00fcck<\/td>\n<\/tr>\n<tr>\n<td class=\"label\">Zertifizierung<\/td>\n<td>ISO9001:2015<\/td>\n<\/tr>\n<tr>\n<td class=\"label\">Farbe<\/td>\n<td>Schwarz<\/td>\n<\/tr>\n<tr>\n<td class=\"label\">Prozess<\/td>\n<td>CNC, Strangpressen usw.<\/td>\n<\/tr>\n<tr>\n<td class=\"label\">Verpacken<\/td>\n<td>Innere pp Tasche \u00e4u\u00dfere Holzkiste<\/td>\n<\/tr>\n<tr>\n<td class=\"label\">Merkmal<\/td>\n<td>Geringes Gewicht und hohe Strahlungseffizienz<\/td>\n<\/tr>\n<tr>\n<td class=\"label\">OEM-Dienst<\/td>\n<td>Ja<\/td>\n<\/tr>\n<tr>\n<td class=\"label\">Gr\u00f6\u00dfe<\/td>\n<td>Benutzerdefiniert<\/td>\n<\/tr>\n<tr>\n<td class=\"label\">Verkaufende Einheiten<\/td>\n<td>Einzelnes Element<\/td>\n<\/tr>\n<tr>\n<td class=\"label\">Einzelne Packungsgr\u00f6\u00dfe<\/td>\n<td>1X1X1 cm<\/td>\n<\/tr>\n<tr>\n<td class=\"label\">Einfaches Bruttogewicht<\/td>\n<td>1.000 KG<\/td>\n<\/tr>\n<\/table>\n<h2>Unsere Produktionsbasis<\/h2>\n<h3>Fabrik-Panorama<\/h3>\n<p><img decoding=\"async\" src=\"\/wp-content\/uploads\/factory-01.webp\"\/><\/p>\n<h3>Werkstatt zur Herstellung von Aluminiumstangen<\/h3>\n<p><img decoding=\"async\" src=\"\/wp-content\/uploads\/factory-02.webp\"\/><\/p>\n<p><img decoding=\"async\" src=\"\/wp-content\/uploads\/factory-03.webp\"\/><\/p>\n<h3>Lagerhaus f\u00fcr Formen<\/h3>\n<p><img decoding=\"async\" src=\"\/wp-content\/uploads\/factory-04.webp\"\/><\/p>\n<h3>43 Aluminium-Strangpressanlagen (500\u00e2\u20ac\"5500 Tonnen)<\/h3>\n<p><img decoding=\"async\" src=\"\/wp-content\/uploads\/factory-05.webp\"\/><\/p>\n<p><img decoding=\"async\" src=\"\/wp-content\/uploads\/factory-06.webp\"\/><\/p>\n<p><img decoding=\"async\" src=\"\/wp-content\/uploads\/factory-07.webp\"\/><\/p>\n<h3>Werkstatt f\u00fcr Pulverbeschichtung<\/h3>\n<p><img decoding=\"async\" src=\"\/wp-content\/uploads\/factory-09.webp\"\/><\/p>\n<h3>Eloxal-Werkstatt<\/h3>\n<p><img decoding=\"async\" src=\"\/wp-content\/uploads\/factory-10.webp\"\/><\/p>\n<h3>Workshop zur Tiefenverarbeitung<\/h3>\n<p><img decoding=\"async\" src=\"\/wp-content\/uploads\/factory-11.webp\"\/><\/p>\n<h3>CNC-Pr\u00e4zisionsbearbeitungswerkstatt<\/h3>\n<p><img decoding=\"async\" src=\"\/wp-content\/uploads\/factory-11.5.webp\"\/><\/p>\n<h3>Lager f\u00fcr Fertigprodukte und Export<\/h3>\n<p><img decoding=\"async\" src=\"\/wp-content\/uploads\/factory-12.webp\"\/><\/p>\n<p><img decoding=\"async\" src=\"\/wp-content\/uploads\/factory-13.webp\"\/><\/p>\n<p><img decoding=\"async\" src=\"\/wp-content\/uploads\/factory-14.webp\"\/><\/p>\n<h2>FAQ<\/h2>\n<p><p><b>1. was ist ein Dampfkammerk\u00fchlk\u00f6rper und wie verbessert er das W\u00e4rmemanagement?<\/b><\/p>\n<p>Ein Dampfkammer-K\u00fchlk\u00f6rper nutzt eine versiegelte Vakuumkammer, um W\u00e4rme schnell zu verteilen und abzuleiten und bietet so ein hocheffizientes W\u00e4rmemanagement f\u00fcr Elektronik.<br \/>\n<\/p><br \/>\n<br \/>\n<p><b>2. wie unterscheidet sich eine Dampfkammer von herk\u00f6mmlichen K\u00fchlk\u00f6rpern?<\/b><\/p>\n<p>Im Gegensatz zu herk\u00f6mmlichen K\u00fchlk\u00f6rpern nutzen Dampfkammern die Phasenwechseltechnologie f\u00fcr eine schnellere W\u00e4rmeausbreitung und verbessern so die K\u00fchleffizienz von Hochleistungsger\u00e4ten.<br \/>\n<\/p><br \/>\n<br \/>\n<p><b>3. was sind die Hauptanwendungen von Dampfkammerk\u00fchlk\u00f6rpern?<\/b><\/p>\n<p>Dampfkammerk\u00fchlk\u00f6rper werden h\u00e4ufig in CPUs, GPUs, Leistungsmodulen und kompakten elektronischen Ger\u00e4ten eingesetzt, die effiziente thermische L\u00f6sungen erfordern.<br \/>\n<\/p><br \/>\n<br \/>\n<p><b>4. sind Dampfkammerk\u00fchlk\u00f6rper f\u00fcr Hochleistungsrechner geeignet?<\/b><\/p>\n<p>Ja, Dampfkammerk\u00fchlk\u00f6rper sind ideal f\u00fcr Hochleistungscomputer, da sie einen hohen W\u00e4rmefluss bew\u00e4ltigen und die thermische Gesamtleistung verbessern.<br \/>\n<\/p><br \/>\n<br \/>\n<p><b>5. k\u00f6nnen Dampfkammerk\u00fchlk\u00f6rper f\u00fcr bestimmte Ger\u00e4te angepasst werden?<\/b><\/p>\n<p>Vapor Chamber Heat Sinks k\u00f6nnen in Form und Gr\u00f6\u00dfe auf spezifische Anwendungen zugeschnitten werden, um ein optimales W\u00e4rmemanagement zu gew\u00e4hrleisten.<br \/>\n<\/p><br \/>\n<br \/>\n<p><b>6. haben die K\u00fchlk\u00f6rper der Dampfkammern bewegliche Teile?<\/b><\/p>\n<p>Nein, Dampfkammerk\u00fchlk\u00f6rper sind passive K\u00fchlger\u00e4te ohne bewegliche Teile, die leise und wartungsfrei arbeiten.<br \/>\n<\/p><br \/>\n<br \/>\n<p><b>Welche Vorteile bietet die Verwendung einer Dampfkammer zur W\u00e4rmeableitung?<\/b><\/p>\n<p>Die Verwendung einer Dampfkammer gew\u00e4hrleistet eine schnelle W\u00e4rme\u00fcbertragung, eine gleichm\u00e4\u00dfige Temperaturverteilung und eine verbesserte Systemzuverl\u00e4ssigkeit durch die Vermeidung von Hot Spots.<br \/>\n<\/p><br \/>\n<br \/>\n<p><b>Sind Dampfkammerk\u00fchlk\u00f6rper im Vergleich zu herk\u00f6mmlichen L\u00f6sungen leicht?<\/b><\/p>\n<p>Ja, Dampfkammer-K\u00fchlk\u00f6rper sind in der Regel leichter und d\u00fcnner als herk\u00f6mmliche L\u00f6sungen und eignen sich daher f\u00fcr Anwendungen mit begrenztem Platzangebot.<br \/>\n<\/p><br \/><\/p>","protected":false},"featured_media":10682,"template":"","categories":[74],"class_list":["post-10683","product","type-product","status-publish","has-post-thumbnail","hentry","category-vapor-chamber"],"meta_box":{"hilight_text_group":{"product_hilight_text":"<li>Ultra-thin vapor chamber design enables compact system integration<\/li>\r\n<li>Superior heat spreading for high-power electronic components<\/li>\r\n<li>Enhanced thermal performance with rapid heat dissipation<\/li>\r\n<li>Ideal for CPUs, GPUs, and power ICs in demanding applications<\/li>\r\n<li>Customizable sizes and shapes for diverse industrial needs<\/li>\r\n<li>Lightweight and passive cooling solution with no moving parts<\/li>\r\n<li>Improves system reliability by preventing thermal throttling<\/li>","product_chanpin_chanpin":"<ul>\r\n<li><a href=\"https:\/\/sinoextrud.com\/product\/aluminium-extrusion-6061-6082-7075-aluminum-alloy-profiles\/\" target=\"_blank\">6061 aluminum extrusion<\/a><\/li>\r\n<li><a href=\"https:\/\/sinoextrud.com\/product\/oval-aluminum-extrud-profile\/\" target=\"_blank\">oval aluminum extrusion<\/a><\/li>\r\n<li><a href=\"https:\/\/sinoextrud.com\/product\/aluminium-extrusion-anodised-aluminium-tube\/\" target=\"_blank\">anodised aluminium tube<\/a><\/li>\r\n<li><a href=\"https:\/\/sinoextrud.com\/product\/c-shaped-closed-linear-ceiling-system\/\" target=\"_blank\">linear closed ceilings<\/a><\/li>\r\n<li><a href=\"https:\/\/sinoextrud.com\/product\/the-new-perforated-ceiling-system\/\" target=\"_blank\">perforated french ceilings<\/a><\/li>\r\n<li><a href=\"https:\/\/sinoextrud.com\/product\/aluminum-extrusion-7003-7005-7020\/\" target=\"_blank\">7020 aluminum<\/a><\/li>\r\n<\/ul>","product_chanpin_blog":"<ul>\r\n<li><a href=\"https:\/\/sinoextrud.com\/t-slot-v-slot-differences\/\" target=\"_blank\">t slot vs v slot<\/a><\/li>\r\n<li><a href=\"https:\/\/sinoextrud.com\/what-is-4040-aluminium-extrud\/\" target=\"_blank\">4040 aluminium extrusion<\/a><\/li>\r\n<li><a href=\"https:\/\/sinoextrud.com\/what-is-4040-aluminium-extrud\/\" target=\"_blank\">aluminum extrusions for industrial racks<\/a><\/li>\r\n<li><a href=\"https:\/\/sinoextrud.com\/powder-coating-aluminium-process\/\" target=\"_blank\">powder coating aluminium<\/a><\/li>\r\n<li><a href=\"https:\/\/sinoextrud.com\/what-is-an-aluminium-strip-ceiling\/\" target=\"_blank\">aluminium strip ceiling<\/a><\/li>\r\n<li><a href=\"https:\/\/sinoextrud.com\/what-is-a-heat-sink\/\" target=\"_blank\">what is a heat sink<\/a><\/li>\r\n<\/ul>"},"feature_list":[]},"_links":{"self":[{"href":"https:\/\/sinoextrud.com\/de\/wp-json\/wp\/v2\/product\/10683","targetHints":{"allow":["GET"]}}],"collection":[{"href":"https:\/\/sinoextrud.com\/de\/wp-json\/wp\/v2\/product"}],"about":[{"href":"https:\/\/sinoextrud.com\/de\/wp-json\/wp\/v2\/types\/product"}],"wp:featuredmedia":[{"embeddable":true,"href":"https:\/\/sinoextrud.com\/de\/wp-json\/wp\/v2\/media\/10682"}],"wp:attachment":[{"href":"https:\/\/sinoextrud.com\/de\/wp-json\/wp\/v2\/media?parent=10683"}],"wp:term":[{"taxonomy":"category","embeddable":true,"href":"https:\/\/sinoextrud.com\/de\/wp-json\/wp\/v2\/categories?post=10683"}],"curies":[{"name":"wp","href":"https:\/\/api.w.org\/{rel}","templated":true}]}}