{"id":10663,"date":"2025-07-25T08:00:55","date_gmt":"2025-07-25T08:00:55","guid":{"rendered":"https:\/\/sinoextrud.com\/product\/anodized-aluminum-heatsink-parts-6000-series-custom-sizes\/"},"modified":"2025-07-25T08:00:55","modified_gmt":"2025-07-25T08:00:55","slug":"kuhlkorper-aus-eloxiertem-aluminium-serie-6000-kundenspezifische-grosen","status":"publish","type":"product","link":"https:\/\/sinoextrud.com\/de\/product\/anodized-aluminum-heatsink-parts-6000-series-custom-sizes\/","title":{"rendered":"Eloxierte Aluminium-K\u00fchlk\u00f6rperteile Serie 6000, kundenspezifische Gr\u00f6\u00dfen"},"content":{"rendered":"<h2>Produkte Details<\/h2>\n<table class=\"custom-table\">\n<tr>\n<td class=\"label\">Klasse<\/td>\n<td>Serie 6000<\/td>\n<\/tr>\n<tr>\n<td class=\"label\">Toleranz<\/td>\n<td>\u00b11%<\/td>\n<\/tr>\n<tr>\n<td class=\"label\">Lieferfrist<\/td>\n<td>22-30 Tage<\/td>\n<\/tr>\n<tr>\n<td class=\"label\">Temperament<\/td>\n<td>T3-T8<\/td>\n<\/tr>\n<tr>\n<td class=\"label\">Anmeldung<\/td>\n<td>led\/elektronik\/cpu\/industrie<\/td>\n<\/tr>\n<tr>\n<td class=\"label\">Form<\/td>\n<td>benutzerdefinierte<\/td>\n<\/tr>\n<tr>\n<td class=\"label\">Legierung oder nicht<\/td>\n<td>Ist Legierung<\/td>\n<\/tr>\n<tr>\n<td class=\"label\">Bearbeitungsservice<\/td>\n<td>Biegen, Abwickeln, Schwei\u00dfen, Stanzen, Schneiden<\/td>\n<\/tr>\n<tr>\n<td class=\"label\">Name des Produkts<\/td>\n<td>Kundenspezifischer Aluminium-K\u00fchlk\u00f6rper<\/td>\n<\/tr>\n<tr>\n<td class=\"label\">Verkaufende Einheiten<\/td>\n<td>Einzelnes Element<\/td>\n<\/tr>\n<tr>\n<td class=\"label\">Einzelne Packungsgr\u00f6\u00dfe<\/td>\n<td>30X20X20 cm<\/td>\n<\/tr>\n<tr>\n<td class=\"label\">Einfaches Bruttogewicht<\/td>\n<td>3.000 KG<\/td>\n<\/tr>\n<\/table>\n<h2>Unsere Produktionsbasis<\/h2>\n<h3>Fabrik-Panorama<\/h3>\n<p><img decoding=\"async\" src=\"\/wp-content\/uploads\/factory-01.webp\"\/><\/p>\n<h3>Werkstatt zur Herstellung von Aluminiumstangen<\/h3>\n<p><img decoding=\"async\" src=\"\/wp-content\/uploads\/factory-02.webp\"\/><\/p>\n<p><img decoding=\"async\" src=\"\/wp-content\/uploads\/factory-03.webp\"\/><\/p>\n<h3>Lagerhaus f\u00fcr Formen<\/h3>\n<p><img decoding=\"async\" src=\"\/wp-content\/uploads\/factory-04.webp\"\/><\/p>\n<h3>43 Aluminium-Strangpressanlagen (500-5500 Tonnen)<\/h3>\n<p><img decoding=\"async\" src=\"\/wp-content\/uploads\/factory-05.webp\"\/><\/p>\n<p><img decoding=\"async\" src=\"\/wp-content\/uploads\/factory-06.webp\"\/><\/p>\n<p><img decoding=\"async\" src=\"\/wp-content\/uploads\/factory-07.webp\"\/><\/p>\n<h3>Werkstatt f\u00fcr Pulverbeschichtung<\/h3>\n<p><img decoding=\"async\" src=\"\/wp-content\/uploads\/factory-09.webp\"\/><\/p>\n<h3>Eloxal-Werkstatt<\/h3>\n<p><img decoding=\"async\" src=\"\/wp-content\/uploads\/factory-10.webp\"\/><\/p>\n<h3>Workshop zur Tiefenverarbeitung<\/h3>\n<p><img decoding=\"async\" src=\"\/wp-content\/uploads\/factory-11.webp\"\/><\/p>\n<h3>CNC-Pr\u00e4zisionsbearbeitungswerkstatt<\/h3>\n<p><img decoding=\"async\" src=\"\/wp-content\/uploads\/factory-11.5.webp\"\/><\/p>\n<h3>Lager f\u00fcr Fertigprodukte und Export<\/h3>\n<p><img decoding=\"async\" src=\"\/wp-content\/uploads\/factory-12.webp\"\/><\/p>\n<p><img decoding=\"async\" src=\"\/wp-content\/uploads\/factory-13.webp\"\/><\/p>\n<p><img decoding=\"async\" src=\"\/wp-content\/uploads\/factory-14.webp\"\/><\/p>\n<h2>FAQ<\/h2>\n<p><p><b>1. aus welchem Material sind die eloxierten Aluminium-K\u00fchlk\u00f6rperteile hergestellt?<\/b><\/p>\n<p>Sie sind aus hochwertigem Aluminium der Serie 6000 gefertigt und bieten eine hervorragende W\u00e4rmeableitung und mechanische Festigkeit.<br \/>\n<\/p><br \/>\n<br \/>\n<p><b>2. warum wird die Eloxierung bei Aluminiumk\u00fchlk\u00f6rpern verwendet?<\/b><\/p>\n<p>Die Eloxierung verbessert die Korrosionsbest\u00e4ndigkeit, die Oberfl\u00e4chenh\u00e4rte und die Effizienz der W\u00e4rmestrahlung.<br \/>\n<\/p><br \/>\n<br \/>\n<p><b>3. k\u00f6nnen diese Aluminium-K\u00fchlk\u00f6rperteile individuell angepasst werden?<\/b><\/p>\n<p>Ja, wir unterst\u00fctzen kundenspezifische Gr\u00f6\u00dfen, Formen und Oberfl\u00e4chenbehandlungen, um spezifische Anwendungsanforderungen zu erf\u00fcllen.<br \/>\n<\/p><br \/>\n<br \/>\n<p><b>4. was sind die typischen Anwendungen f\u00fcr diese K\u00fchlk\u00f6rperteile?<\/b><\/p>\n<p>Sie werden in der Elektronik, der LED-Beleuchtung, in Stromwandlern und in industriellen K\u00fchlsystemen eingesetzt.<br \/>\n<\/p><br \/>\n<br \/>\n<p><b>5. ist das eloxierte Aluminium f\u00fcr raue Umgebungen geeignet?<\/b><\/p>\n<p>Ja, die eloxierte Oberfl\u00e4che sch\u00fctzt den K\u00fchlk\u00f6rper vor Korrosion und macht ihn ideal f\u00fcr anspruchsvolle Bedingungen.<br \/>\n<\/p><br \/>\n<br \/>\n<p><b>6. sind diese K\u00fchlk\u00f6rper mit aktiven K\u00fchlsystemen kompatibel?<\/b><\/p>\n<p>Ja, sie k\u00f6nnen mit L\u00fcftern oder anderen aktiven K\u00fchlkomponenten integriert werden, um die Leistung zu verbessern.<br \/>\n<\/p><br \/>\n<br \/>\n<p><b>Bieten Sie OEM- oder ODM-Dienstleistungen f\u00fcr diese Teile an?<\/b><\/p>\n<p>Nat\u00fcrlich bieten wir eine vollst\u00e4ndige OEM\/ODM-Anpassung, um Ihre Projektanforderungen zu erf\u00fcllen.<br \/>\n<\/p><br \/>\n<br \/>\n<p><b>8. wie verbessert Aluminium der Serie 6000 die Leistung des K\u00fchlk\u00f6rpers?<\/b><\/p>\n<p>Aluminium der Serie 6000 bietet ein hervorragendes Gleichgewicht zwischen W\u00e4rmeleitf\u00e4higkeit, Festigkeit und Bearbeitbarkeit und ist damit ideal f\u00fcr das W\u00e4rmemanagement.<br \/>\n<\/p><br \/><\/p>","protected":false},"featured_media":10662,"template":"","categories":[72],"class_list":["post-10663","product","type-product","status-publish","has-post-thumbnail","hentry","category-extruded-aluminum-heatsink"],"meta_box":{"hilight_text_group":{"product_hilight_text":"<li>Made from durable 6000 series aluminum for high thermal conductivity and strength<\/li>\r\n<li>Anodized surface enhances corrosion resistance and improves heat dissipation<\/li>\r\n<li>Supports fully customizable sizes, shapes, and mounting designs<\/li>\r\n<li>Ideal for electronics, power modules, and LED thermal management<\/li>\r\n<li>Lightweight and easy to integrate into compact system designs<\/li>\r\n<li>Suitable for both passive and active cooling configurations<\/li>\r\n<li>OEM\/ODM service available for tailored thermal solutions<\/li>","product_chanpin_chanpin":"<ul>\r\n<li><a href=\"https:\/\/sinoextrud.com\/product\/aluminium-extrusion-6061-6082-7075-aluminum-alloy-profiles\/\" target=\"_blank\">6061 aluminum extrusion<\/a><\/li>\r\n<li><a href=\"https:\/\/sinoextrud.com\/product\/oval-aluminum-extrud-profile\/\" target=\"_blank\">oval aluminum extrusion<\/a><\/li>\r\n<li><a href=\"https:\/\/sinoextrud.com\/product\/aluminium-extrusion-anodised-aluminium-tube\/\" target=\"_blank\">anodised aluminium tube<\/a><\/li>\r\n<li><a href=\"https:\/\/sinoextrud.com\/product\/c-shaped-closed-linear-ceiling-system\/\" target=\"_blank\">linear closed ceilings<\/a><\/li>\r\n<li><a href=\"https:\/\/sinoextrud.com\/product\/the-new-perforated-ceiling-system\/\" target=\"_blank\">perforated french ceilings<\/a><\/li>\r\n<li><a href=\"https:\/\/sinoextrud.com\/product\/aluminum-extrusion-7003-7005-7020\/\" target=\"_blank\">7020 aluminum<\/a><\/li>\r\n<\/ul>","product_chanpin_blog":"<ul>\r\n<li><a href=\"https:\/\/sinoextrud.com\/t-slot-v-slot-differences\/\" target=\"_blank\">t slot vs v slot<\/a><\/li>\r\n<li><a href=\"https:\/\/sinoextrud.com\/what-is-4040-aluminium-extrud\/\" target=\"_blank\">4040 aluminium extrusion<\/a><\/li>\r\n<li><a href=\"https:\/\/sinoextrud.com\/what-is-4040-aluminium-extrud\/\" target=\"_blank\">aluminum extrusions for industrial racks<\/a><\/li>\r\n<li><a href=\"https:\/\/sinoextrud.com\/powder-coating-aluminium-process\/\" target=\"_blank\">powder coating aluminium<\/a><\/li>\r\n<li><a href=\"https:\/\/sinoextrud.com\/what-is-an-aluminium-strip-ceiling\/\" target=\"_blank\">aluminium strip ceiling<\/a><\/li>\r\n<li><a href=\"https:\/\/sinoextrud.com\/what-is-a-heat-sink\/\" target=\"_blank\">what is a heat sink<\/a><\/li>\r\n<\/ul>"},"feature_list":[]},"_links":{"self":[{"href":"https:\/\/sinoextrud.com\/de\/wp-json\/wp\/v2\/product\/10663","targetHints":{"allow":["GET"]}}],"collection":[{"href":"https:\/\/sinoextrud.com\/de\/wp-json\/wp\/v2\/product"}],"about":[{"href":"https:\/\/sinoextrud.com\/de\/wp-json\/wp\/v2\/types\/product"}],"wp:featuredmedia":[{"embeddable":true,"href":"https:\/\/sinoextrud.com\/de\/wp-json\/wp\/v2\/media\/10662"}],"wp:attachment":[{"href":"https:\/\/sinoextrud.com\/de\/wp-json\/wp\/v2\/media?parent=10663"}],"wp:term":[{"taxonomy":"category","embeddable":true,"href":"https:\/\/sinoextrud.com\/de\/wp-json\/wp\/v2\/categories?post=10663"}],"curies":[{"name":"wp","href":"https:\/\/api.w.org\/{rel}","templated":true}]}}