{"id":10659,"date":"2025-07-25T07:59:21","date_gmt":"2025-07-25T07:59:21","guid":{"rendered":"https:\/\/sinoextrud.com\/product\/blue-anodized-led-heatsink-for-street-light-6000-series\/"},"modified":"2025-07-25T07:59:21","modified_gmt":"2025-07-25T07:59:21","slug":"blau-eloxierter-led-kuhlkorper-fur-strasenlaterne-serie-6000","status":"publish","type":"product","link":"https:\/\/sinoextrud.com\/de\/product\/blue-anodized-led-heatsink-for-street-light-6000-series\/","title":{"rendered":"Blau eloxierter LED-K\u00fchlk\u00f6rper f\u00fcr Stra\u00dfenlampen der Serie 6000"},"content":{"rendered":"<h2>Produkte Details<\/h2>\n<table class=\"custom-table\">\n<tr>\n<td class=\"label\">Klasse<\/td>\n<td>Serie 6000<\/td>\n<\/tr>\n<tr>\n<td class=\"label\">Toleranz<\/td>\n<td>\u00b11%<\/td>\n<\/tr>\n<tr>\n<td class=\"label\">Lieferfrist<\/td>\n<td>22-30 Tage<\/td>\n<\/tr>\n<tr>\n<td class=\"label\">Temperament<\/td>\n<td>T3-T8<\/td>\n<\/tr>\n<tr>\n<td class=\"label\">Anmeldung<\/td>\n<td>led\/elektronik\/cpu\/industrie<\/td>\n<\/tr>\n<tr>\n<td class=\"label\">Form<\/td>\n<td>benutzerdefinierte<\/td>\n<\/tr>\n<tr>\n<td class=\"label\">Legierung oder nicht<\/td>\n<td>Ist Legierung<\/td>\n<\/tr>\n<tr>\n<td class=\"label\">Bearbeitungsservice<\/td>\n<td>Biegen, Abwickeln, Schwei\u00dfen, Stanzen, Schneiden<\/td>\n<\/tr>\n<tr>\n<td class=\"label\">Name des Produkts<\/td>\n<td>Kundenspezifischer Aluminium-K\u00fchlk\u00f6rper<\/td>\n<\/tr>\n<tr>\n<td class=\"label\">Verkaufende Einheiten<\/td>\n<td>Einzelnes Element<\/td>\n<\/tr>\n<tr>\n<td class=\"label\">Einzelne Packungsgr\u00f6\u00dfe<\/td>\n<td>30X20X20 cm<\/td>\n<\/tr>\n<tr>\n<td class=\"label\">Einfaches Bruttogewicht<\/td>\n<td>3.000 KG<\/td>\n<\/tr>\n<\/table>\n<h2>Unsere Produktionsbasis<\/h2>\n<h3>Fabrik-Panorama<\/h3>\n<p><img decoding=\"async\" src=\"\/wp-content\/uploads\/factory-01.webp\"\/><\/p>\n<h3>Werkstatt zur Herstellung von Aluminiumstangen<\/h3>\n<p><img decoding=\"async\" src=\"\/wp-content\/uploads\/factory-02.webp\"\/><\/p>\n<p><img decoding=\"async\" src=\"\/wp-content\/uploads\/factory-03.webp\"\/><\/p>\n<h3>Lagerhaus f\u00fcr Formen<\/h3>\n<p><img decoding=\"async\" src=\"\/wp-content\/uploads\/factory-04.webp\"\/><\/p>\n<h3>43 Aluminium-Strangpressanlagen (500-5500 Tonnen)<\/h3>\n<p><img decoding=\"async\" src=\"\/wp-content\/uploads\/factory-05.webp\"\/><\/p>\n<p><img decoding=\"async\" src=\"\/wp-content\/uploads\/factory-06.webp\"\/><\/p>\n<p><img decoding=\"async\" src=\"\/wp-content\/uploads\/factory-07.webp\"\/><\/p>\n<h3>Werkstatt f\u00fcr Pulverbeschichtung<\/h3>\n<p><img decoding=\"async\" src=\"\/wp-content\/uploads\/factory-09.webp\"\/><\/p>\n<h3>Eloxal-Werkstatt<\/h3>\n<p><img decoding=\"async\" src=\"\/wp-content\/uploads\/factory-10.webp\"\/><\/p>\n<h3>Workshop zur Tiefenverarbeitung<\/h3>\n<p><img decoding=\"async\" src=\"\/wp-content\/uploads\/factory-11.webp\"\/><\/p>\n<h3>CNC-Pr\u00e4zisionsbearbeitungswerkstatt<\/h3>\n<p><img decoding=\"async\" src=\"\/wp-content\/uploads\/factory-11.5.webp\"\/><\/p>\n<h3>Lager f\u00fcr Fertigprodukte und Export<\/h3>\n<p><img decoding=\"async\" src=\"\/wp-content\/uploads\/factory-12.webp\"\/><\/p>\n<p><img decoding=\"async\" src=\"\/wp-content\/uploads\/factory-13.webp\"\/><\/p>\n<p><img decoding=\"async\" src=\"\/wp-content\/uploads\/factory-14.webp\"\/><\/p>\n<h2>FAQ<\/h2>\n<p><p><b>1. was ist das Material des blau eloxierten LED-K\u00fchlk\u00f6rpers f\u00fcr Stra\u00dfenlampen?<\/b><\/p>\n<p>Der K\u00fchlk\u00f6rper ist aus hochwertigem Aluminium der 6000er Serie gefertigt, das f\u00fcr seine Festigkeit und W\u00e4rmeleitf\u00e4higkeit bekannt ist.<br \/>\n<\/p><br \/>\n<br \/>\n<p><b>2. warum ist der LED-K\u00fchlk\u00f6rper blau eloxiert?<\/b><\/p>\n<p>Die blaue Eloxalschicht erh\u00f6ht die Korrosionsbest\u00e4ndigkeit und verleiht dem Produkt ein unverwechselbares, f\u00fcr den Au\u00dfeneinsatz geeignetes Aussehen.<br \/>\n<\/p><br \/>\n<br \/>\n<p><b>3. ist dieser K\u00fchlk\u00f6rper f\u00fcr LED-Stra\u00dfenlampen geeignet?<\/b><\/p>\n<p>Ja, es wurde speziell f\u00fcr Hochleistungs-LED-Stra\u00dfenlampen entwickelt, die ein effizientes W\u00e4rmemanagement erfordern.<br \/>\n<\/p><br \/>\n<br \/>\n<p><b>4. wie verbessert der K\u00fchlk\u00f6rper die Leistung der LED-Stra\u00dfenlampen?<\/b><\/p>\n<p>Sie sorgt f\u00fcr niedrige Betriebstemperaturen, was die Lebensdauer der LEDs verl\u00e4ngert und eine stabile Lichtleistung gew\u00e4hrleistet.<br \/>\n<\/p><br \/>\n<br \/>\n<p><b>5. kann die LED-Stra\u00dfenlaterne K\u00fchlk\u00f6rper angepasst werden?<\/b><\/p>\n<p>Ja, wir bieten kundenspezifische Anpassungen in Bezug auf Gr\u00f6\u00dfe, Lamellendesign und Montage an, damit sie zu verschiedenen LED-Modulen und Geh\u00e4usen passen.<br \/>\n<\/p><br \/>\n<br \/>\n<p><b>Ist das Aluminium der Serie 6000 f\u00fcr den Au\u00dfeneinsatz geeignet?<\/b><\/p>\n<p>Das Aluminium der Serie 6000 in Kombination mit der Eloxierung garantiert Langlebigkeit und Korrosionsbest\u00e4ndigkeit unter rauen Bedingungen.<br \/>\n<\/p><br \/>\n<br \/>\n<p><b>7. unterst\u00fctzt der K\u00fchlk\u00f6rper eine passive K\u00fchlung?<\/b><\/p>\n<p>Ja, die Lamellenstruktur ist f\u00fcr eine passive K\u00fchlung optimiert, wodurch sie wartungsfrei und energieeffizient ist.<br \/>\n<\/p><br \/>\n<br \/>\n<p><b>8. was sind die Hauptanwendungen dieses K\u00fchlk\u00f6rpers?<\/b><\/p>\n<p>Es ist ideal f\u00fcr LED-Stra\u00dfenbeleuchtung, Stra\u00dfenbeleuchtung und Au\u00dfenbeleuchtungssysteme.<br \/>\n<\/p><br \/><\/p>","protected":false},"featured_media":10658,"template":"","categories":[72],"class_list":["post-10659","product","type-product","status-publish","has-post-thumbnail","hentry","category-extruded-aluminum-heatsink"],"meta_box":{"hilight_text_group":{"product_hilight_text":"<li>Made from 6000 series aluminum for excellent thermal conductivity and durability<\/li>\r\n<li>Blue anodized finish provides corrosion resistance and enhanced aesthetic appeal<\/li>\r\n<li>Optimized design for LED street light applications with high heat dissipation needs<\/li>\r\n<li>Lightweight and robust structure for outdoor environments<\/li>\r\n<li>Supports passive cooling with extended fin design for maximum airflow<\/li>\r\n<li>Customizable dimensions and mounting options for various street light models<\/li>\r\n<li>Ideal for long-term, maintenance-free LED lighting systems<\/li>","product_chanpin_chanpin":"<ul>\r\n<li><a href=\"https:\/\/sinoextrud.com\/product\/aluminium-extrusion-6061-6082-7075-aluminum-alloy-profiles\/\" target=\"_blank\">6061 aluminum extrusion<\/a><\/li>\r\n<li><a href=\"https:\/\/sinoextrud.com\/product\/oval-aluminum-extrud-profile\/\" target=\"_blank\">oval aluminum extrusion<\/a><\/li>\r\n<li><a href=\"https:\/\/sinoextrud.com\/product\/aluminium-extrusion-anodised-aluminium-tube\/\" target=\"_blank\">anodised aluminium tube<\/a><\/li>\r\n<li><a href=\"https:\/\/sinoextrud.com\/product\/c-shaped-closed-linear-ceiling-system\/\" target=\"_blank\">linear closed ceilings<\/a><\/li>\r\n<li><a href=\"https:\/\/sinoextrud.com\/product\/the-new-perforated-ceiling-system\/\" target=\"_blank\">perforated french ceilings<\/a><\/li>\r\n<li><a href=\"https:\/\/sinoextrud.com\/product\/aluminum-extrusion-7003-7005-7020\/\" target=\"_blank\">7020 aluminum<\/a><\/li>\r\n<\/ul>","product_chanpin_blog":"<ul>\r\n<li><a href=\"https:\/\/sinoextrud.com\/t-slot-v-slot-differences\/\" target=\"_blank\">t slot vs v slot<\/a><\/li>\r\n<li><a href=\"https:\/\/sinoextrud.com\/what-is-4040-aluminium-extrud\/\" target=\"_blank\">4040 aluminium extrusion<\/a><\/li>\r\n<li><a href=\"https:\/\/sinoextrud.com\/what-is-4040-aluminium-extrud\/\" target=\"_blank\">aluminum extrusions for industrial racks<\/a><\/li>\r\n<li><a href=\"https:\/\/sinoextrud.com\/powder-coating-aluminium-process\/\" target=\"_blank\">powder coating aluminium<\/a><\/li>\r\n<li><a href=\"https:\/\/sinoextrud.com\/what-is-an-aluminium-strip-ceiling\/\" target=\"_blank\">aluminium strip ceiling<\/a><\/li>\r\n<li><a href=\"https:\/\/sinoextrud.com\/what-is-a-heat-sink\/\" target=\"_blank\">what is a heat sink<\/a><\/li>\r\n<\/ul>"},"feature_list":[]},"_links":{"self":[{"href":"https:\/\/sinoextrud.com\/de\/wp-json\/wp\/v2\/product\/10659","targetHints":{"allow":["GET"]}}],"collection":[{"href":"https:\/\/sinoextrud.com\/de\/wp-json\/wp\/v2\/product"}],"about":[{"href":"https:\/\/sinoextrud.com\/de\/wp-json\/wp\/v2\/types\/product"}],"wp:featuredmedia":[{"embeddable":true,"href":"https:\/\/sinoextrud.com\/de\/wp-json\/wp\/v2\/media\/10658"}],"wp:attachment":[{"href":"https:\/\/sinoextrud.com\/de\/wp-json\/wp\/v2\/media?parent=10659"}],"wp:term":[{"taxonomy":"category","embeddable":true,"href":"https:\/\/sinoextrud.com\/de\/wp-json\/wp\/v2\/categories?post=10659"}],"curies":[{"name":"wp","href":"https:\/\/api.w.org\/{rel}","templated":true}]}}