{"id":10657,"date":"2025-07-25T07:58:17","date_gmt":"2025-07-25T07:58:17","guid":{"rendered":"https:\/\/sinoextrud.com\/product\/double-copper-tube-water-cooling-plate-cnc-skived-heatsink\/"},"modified":"2025-07-25T07:58:17","modified_gmt":"2025-07-25T07:58:17","slug":"doppelte-kupferrohr-wasserkuhlplatte-cnc-skived-kuhlkorper","status":"publish","type":"product","link":"https:\/\/sinoextrud.com\/de\/product\/double-copper-tube-water-cooling-plate-cnc-skived-heatsink\/","title":{"rendered":"Doppelte Kupferrohr-Wasserk\u00fchlplatte CNC-gesch\u00fctzter K\u00fchlk\u00f6rper"},"content":{"rendered":"<h2>Produkte Details<\/h2>\n<table class=\"custom-table\">\n<tr>\n<td class=\"label\">Klasse<\/td>\n<td>Serie 6000<\/td>\n<\/tr>\n<tr>\n<td class=\"label\">Toleranz<\/td>\n<td>\u00b11%<\/td>\n<\/tr>\n<tr>\n<td class=\"label\">Lieferfrist<\/td>\n<td>22-30 Tage<\/td>\n<\/tr>\n<tr>\n<td class=\"label\">Temperament<\/td>\n<td>T3-T8<\/td>\n<\/tr>\n<tr>\n<td class=\"label\">Anmeldung<\/td>\n<td>led\/elektronik\/cpu\/industrie<\/td>\n<\/tr>\n<tr>\n<td class=\"label\">Form<\/td>\n<td>benutzerdefinierte<\/td>\n<\/tr>\n<tr>\n<td class=\"label\">Legierung oder nicht<\/td>\n<td>Ist Legierung<\/td>\n<\/tr>\n<tr>\n<td class=\"label\">Bearbeitungsservice<\/td>\n<td>Biegen, Abwickeln, Schwei\u00dfen, Stanzen, Schneiden<\/td>\n<\/tr>\n<tr>\n<td class=\"label\">Name des Produkts<\/td>\n<td>Kundenspezifischer Aluminium-K\u00fchlk\u00f6rper<\/td>\n<\/tr>\n<tr>\n<td class=\"label\">Verkaufende Einheiten<\/td>\n<td>Einzelnes Element<\/td>\n<\/tr>\n<tr>\n<td class=\"label\">Einzelne Packungsgr\u00f6\u00dfe<\/td>\n<td>30X20X20 cm<\/td>\n<\/tr>\n<tr>\n<td class=\"label\">Einfaches Bruttogewicht<\/td>\n<td>3.000 KG<\/td>\n<\/tr>\n<\/table>\n<h2>Unsere Produktionsbasis<\/h2>\n<h3>Fabrik-Panorama<\/h3>\n<p><img decoding=\"async\" src=\"\/wp-content\/uploads\/factory-01.webp\"\/><\/p>\n<h3>Werkstatt zur Herstellung von Aluminiumstangen<\/h3>\n<p><img decoding=\"async\" src=\"\/wp-content\/uploads\/factory-02.webp\"\/><\/p>\n<p><img decoding=\"async\" src=\"\/wp-content\/uploads\/factory-03.webp\"\/><\/p>\n<h3>Lagerhaus f\u00fcr Formen<\/h3>\n<p><img decoding=\"async\" src=\"\/wp-content\/uploads\/factory-04.webp\"\/><\/p>\n<h3>43 Aluminium-Strangpressanlagen (500-5500 Tonnen)<\/h3>\n<p><img decoding=\"async\" src=\"\/wp-content\/uploads\/factory-05.webp\"\/><\/p>\n<p><img decoding=\"async\" src=\"\/wp-content\/uploads\/factory-06.webp\"\/><\/p>\n<p><img decoding=\"async\" src=\"\/wp-content\/uploads\/factory-07.webp\"\/><\/p>\n<h3>Werkstatt f\u00fcr Pulverbeschichtung<\/h3>\n<p><img decoding=\"async\" src=\"\/wp-content\/uploads\/factory-09.webp\"\/><\/p>\n<h3>Eloxal-Werkstatt<\/h3>\n<p><img decoding=\"async\" src=\"\/wp-content\/uploads\/factory-10.webp\"\/><\/p>\n<h3>Workshop zur Tiefenverarbeitung<\/h3>\n<p><img decoding=\"async\" src=\"\/wp-content\/uploads\/factory-11.webp\"\/><\/p>\n<h3>CNC-Pr\u00e4zisionsbearbeitungswerkstatt<\/h3>\n<p><img decoding=\"async\" src=\"\/wp-content\/uploads\/factory-11.5.webp\"\/><\/p>\n<h3>Lager f\u00fcr Fertigprodukte und Export<\/h3>\n<p><img decoding=\"async\" src=\"\/wp-content\/uploads\/factory-12.webp\"\/><\/p>\n<p><img decoding=\"async\" src=\"\/wp-content\/uploads\/factory-13.webp\"\/><\/p>\n<p><img decoding=\"async\" src=\"\/wp-content\/uploads\/factory-14.webp\"\/><\/p>\n<h2>FAQ<\/h2>\n<p><p><b>1. was ist ein Double Copper Tube Water Cooling Plate CNC Skived Heatsink?<\/b><\/p>\n<p>Es handelt sich um eine hocheffiziente K\u00fchll\u00f6sung, die Kupferrohre und abgeschr\u00e4gte Lamellen kombiniert, um intensive W\u00e4rme in kompakten Ger\u00e4ten zu bew\u00e4ltigen.<br \/>\n<\/p><br \/>\n<br \/>\n<p><b>2. wie verbessert die Struktur der gesch\u00e4lten Rippen die K\u00fchlung?<\/b><\/p>\n<p>Abgeschr\u00e4gte Rippen schaffen dichte, gro\u00dffl\u00e4chige Kan\u00e4le, die den Luftstrom und den Wasserkontakt f\u00fcr eine bessere W\u00e4rmeableitung verbessern.<br \/>\n<\/p><br \/>\n<br \/>\n<p><b>3. warum werden in diesem K\u00fchlk\u00f6rper doppelte Kupferrohre verwendet?<\/b><\/p>\n<p>Doppelte Kupferrohre erm\u00f6glichen eine schnellere W\u00e4rme\u00fcbertragung und eine gleichm\u00e4\u00dfigere Wasserverteilung auf der K\u00fchlplatte.<br \/>\n<\/p><br \/>\n<br \/>\n<p><b>4. f\u00fcr welche Anwendungen wird dieser CNC-geschnittene K\u00fchlk\u00f6rper verwendet?<\/b><\/p>\n<p>Es wird h\u00e4ufig in Leistungsmodulen, Lasern, EV-Systemen und anderer Hochleistungselektronik eingesetzt.<br \/>\n<\/p><br \/>\n<br \/>\n<p><b>5. kann die Wasserk\u00fchlplatte individuell angepasst werden?<\/b><\/p>\n<p>Ja, wir unterst\u00fctzen OEM\/ODM-Anpassungen in Bezug auf Gr\u00f6\u00dfe, Lamellendichte, Kupferlayout und Einlass- und Auslasspositionen.<br \/>\n<\/p><br \/>\n<br \/>\n<p><b>6. ist der CNC-geschnittene K\u00fchlk\u00f6rper korrosionsbest\u00e4ndig?<\/b><\/p>\n<p>Ja, sowohl die Aluminium- als auch die Kupferkomponenten sind so behandelt, dass sie in wassergek\u00fchlten Umgebungen korrosionsbest\u00e4ndig sind.<br \/>\n<\/p><br \/>\n<br \/>\n<p><b>Was sind die Vorteile der CNC-Bearbeitung f\u00fcr diesen K\u00fchlk\u00f6rper?<\/b><\/p>\n<p>Die CNC-Bearbeitung gew\u00e4hrleistet eine pr\u00e4zise Passform, verbesserten W\u00e4rmekontakt und gleichbleibende Qualit\u00e4t f\u00fcr anspruchsvolle thermische Anwendungen.<br \/>\n<\/p><br \/>\n<br \/>\n<p><b>8. ist dieser K\u00fchlk\u00f6rper f\u00fcr den Dauerbetrieb mit hoher Leistung geeignet?<\/b><\/p>\n<p>Ja, er ist darauf ausgelegt, anhaltende thermische Belastungen zu bew\u00e4ltigen und gleichzeitig die Systemstabilit\u00e4t und -effizienz zu erhalten.<br \/>\n<\/p><br \/><\/p>","protected":false},"featured_media":10656,"template":"","categories":[72],"class_list":["post-10657","product","type-product","status-publish","has-post-thumbnail","hentry","category-extruded-aluminum-heatsink"],"meta_box":{"hilight_text_group":{"product_hilight_text":"<li>Combines double copper tubes with CNC skived fins for maximum heat transfer<\/li>\r\n<li>Efficient water cooling structure supports high thermal loads in compact spaces<\/li>\r\n<li>Skived fin design increases surface area for enhanced heat dissipation<\/li>\r\n<li>Ideal for power electronics, laser modules, and EV cooling systems<\/li>\r\n<li>Precision CNC machining ensures tight tolerances and excellent thermal contact<\/li>\r\n<li>Customizable inlet\/outlet ports and mounting configurations<\/li>\r\n<li>Corrosion-resistant materials extend service life in harsh environments<\/li>","product_chanpin_chanpin":"<ul>\r\n<li><a href=\"https:\/\/sinoextrud.com\/product\/aluminium-extrusion-6061-6082-7075-aluminum-alloy-profiles\/\" target=\"_blank\">6061 aluminum extrusion<\/a><\/li>\r\n<li><a href=\"https:\/\/sinoextrud.com\/product\/oval-aluminum-extrud-profile\/\" target=\"_blank\">oval aluminum extrusion<\/a><\/li>\r\n<li><a href=\"https:\/\/sinoextrud.com\/product\/aluminium-extrusion-anodised-aluminium-tube\/\" target=\"_blank\">anodised aluminium tube<\/a><\/li>\r\n<li><a href=\"https:\/\/sinoextrud.com\/product\/c-shaped-closed-linear-ceiling-system\/\" target=\"_blank\">linear closed ceilings<\/a><\/li>\r\n<li><a href=\"https:\/\/sinoextrud.com\/product\/the-new-perforated-ceiling-system\/\" target=\"_blank\">perforated french ceilings<\/a><\/li>\r\n<li><a href=\"https:\/\/sinoextrud.com\/product\/aluminum-extrusion-7003-7005-7020\/\" target=\"_blank\">7020 aluminum<\/a><\/li>\r\n<\/ul>","product_chanpin_blog":"<ul>\r\n<li><a href=\"https:\/\/sinoextrud.com\/t-slot-v-slot-differences\/\" target=\"_blank\">t slot vs v slot<\/a><\/li>\r\n<li><a href=\"https:\/\/sinoextrud.com\/what-is-4040-aluminium-extrud\/\" target=\"_blank\">4040 aluminium extrusion<\/a><\/li>\r\n<li><a href=\"https:\/\/sinoextrud.com\/what-is-4040-aluminium-extrud\/\" target=\"_blank\">aluminum extrusions for industrial racks<\/a><\/li>\r\n<li><a href=\"https:\/\/sinoextrud.com\/powder-coating-aluminium-process\/\" target=\"_blank\">powder coating aluminium<\/a><\/li>\r\n<li><a href=\"https:\/\/sinoextrud.com\/what-is-an-aluminium-strip-ceiling\/\" target=\"_blank\">aluminium strip ceiling<\/a><\/li>\r\n<li><a href=\"https:\/\/sinoextrud.com\/what-is-a-heat-sink\/\" target=\"_blank\">what is a heat sink<\/a><\/li>\r\n<\/ul>"},"feature_list":[]},"_links":{"self":[{"href":"https:\/\/sinoextrud.com\/de\/wp-json\/wp\/v2\/product\/10657","targetHints":{"allow":["GET"]}}],"collection":[{"href":"https:\/\/sinoextrud.com\/de\/wp-json\/wp\/v2\/product"}],"about":[{"href":"https:\/\/sinoextrud.com\/de\/wp-json\/wp\/v2\/types\/product"}],"wp:featuredmedia":[{"embeddable":true,"href":"https:\/\/sinoextrud.com\/de\/wp-json\/wp\/v2\/media\/10656"}],"wp:attachment":[{"href":"https:\/\/sinoextrud.com\/de\/wp-json\/wp\/v2\/media?parent=10657"}],"wp:term":[{"taxonomy":"category","embeddable":true,"href":"https:\/\/sinoextrud.com\/de\/wp-json\/wp\/v2\/categories?post=10657"}],"curies":[{"name":"wp","href":"https:\/\/api.w.org\/{rel}","templated":true}]}}