{"id":10650,"date":"2025-07-25T07:50:00","date_gmt":"2025-07-25T07:50:00","guid":{"rendered":"https:\/\/sinoextrud.com\/product\/copper-tube-water-cooling-aluminum-cold-plate\/"},"modified":"2025-07-25T07:51:50","modified_gmt":"2025-07-25T07:51:50","slug":"kupferrohr-wasserkuhlung-aluminiumkuhlplatte","status":"publish","type":"product","link":"https:\/\/sinoextrud.com\/de\/product\/copper-tube-water-cooling-aluminum-cold-plate\/","title":{"rendered":"Kupferrohr Wasserk\u00fchlung Aluminium K\u00fchlplatte"},"content":{"rendered":"<h2>Produkte Details<\/h2>\n<table class=\"custom-table\">\n<tr>\n<td class=\"label\">Maschinenpr\u00fcfbericht<\/td>\n<td>Zur Verf\u00fcgung gestellt<\/td>\n<\/tr>\n<tr>\n<td class=\"label\">Video-Ausgangsinspektion<\/td>\n<td>Zur Verf\u00fcgung gestellt<\/td>\n<\/tr>\n<tr>\n<td class=\"label\">Garantie<\/td>\n<td>5 Jahre<\/td>\n<\/tr>\n<tr>\n<td class=\"label\">Anmeldung<\/td>\n<td>K\u00e4ltetechnische Teile<\/td>\n<\/tr>\n<tr>\n<td class=\"label\">Typ<\/td>\n<td>Wasserk\u00fchlung K\u00fchlk\u00f6rper<\/td>\n<\/tr>\n<tr>\n<td class=\"label\">Gewicht (kg)<\/td>\n<td>1.3<\/td>\n<\/tr>\n<tr>\n<td class=\"label\">Stellplatz<\/td>\n<td>3,8 mm<\/td>\n<\/tr>\n<tr>\n<td class=\"label\">Flossen Anzahl<\/td>\n<td>32<\/td>\n<\/tr>\n<tr>\n<td class=\"label\">Gewicht<\/td>\n<td>6,05 kg\/m<\/td>\n<\/tr>\n<tr>\n<td class=\"label\">Oberfl\u00e4chenbehandlung<\/td>\n<td>(Schwarz) eloxiert<\/td>\n<\/tr>\n<tr>\n<td class=\"label\">Standard-Formen Anzahl<\/td>\n<td>30.000+S\u00e4tze<\/td>\n<\/tr>\n<tr>\n<td class=\"label\">Verkaufende Einheiten<\/td>\n<td>Einzelnes Element<\/td>\n<\/tr>\n<tr>\n<td class=\"label\">Einzelne Packungsgr\u00f6\u00dfe<\/td>\n<td>30X15X5 cm<\/td>\n<\/tr>\n<tr>\n<td class=\"label\">Einfaches Bruttogewicht<\/td>\n<td>2.000 KG<\/td>\n<\/tr>\n<\/table>\n<h2>Unsere Produktionsbasis<\/h2>\n<h3>Fabrik-Panorama<\/h3>\n<p><img decoding=\"async\" src=\"\/wp-content\/uploads\/factory-01.webp\"\/><\/p>\n<h3>Werkstatt zur Herstellung von Aluminiumstangen<\/h3>\n<p><img decoding=\"async\" src=\"\/wp-content\/uploads\/factory-02.webp\"\/><\/p>\n<\/p>\n<p><img decoding=\"async\" src=\"\/wp-content\/uploads\/factory-03.webp\"\/><\/p>\n<h3>Lagerhaus f\u00fcr Formen<\/h3>\n<p><img decoding=\"async\" src=\"\/wp-content\/uploads\/factory-04.webp\"\/><\/p>\n<h3>43 Aluminium-Strangpressanlagen (500-5500 Tonnen)<\/h3>\n<p><img decoding=\"async\" src=\"\/wp-content\/uploads\/factory-05.webp\"\/><\/p>\n<p><img decoding=\"async\" src=\"\/wp-content\/uploads\/factory-06.webp\"\/><\/p>\n<p><img decoding=\"async\" src=\"\/wp-content\/uploads\/factory-07.webp\"\/><\/p>\n<h3>Werkstatt f\u00fcr Pulverbeschichtung<\/h3>\n<p><img decoding=\"async\" src=\"\/wp-content\/uploads\/factory-09.webp\"\/><\/p>\n<h3>Eloxal-Werkstatt<\/h3>\n<p><img decoding=\"async\" src=\"\/wp-content\/uploads\/factory-10.webp\"\/><\/p>\n<h3>Workshop zur Tiefenverarbeitung<\/h3>\n<p><img decoding=\"async\" src=\"\/wp-content\/uploads\/factory-11.webp\"\/><\/p>\n<h3>CNC-Pr\u00e4zisionsbearbeitungswerkstatt<\/h3>\n<p><img decoding=\"async\" src=\"\/wp-content\/uploads\/factory-11.5.webp\"\/><\/p>\n<h3>Lager f\u00fcr Fertigprodukte und Export<\/h3>\n<p><img decoding=\"async\" src=\"\/wp-content\/uploads\/factory-12.webp\"\/><\/p>\n<p><img decoding=\"async\" src=\"\/wp-content\/uploads\/factory-13.webp\"\/><\/p>\n<p><img decoding=\"async\" src=\"\/wp-content\/uploads\/factory-14.webp\"\/><\/p>\n<h2>FAQ<\/h2>\n<p><b>1. was ist eine Kupferrohr-Wasserk\u00fchlung Aluminium-K\u00fchlplatte?<\/b><\/p>\n<p>Es handelt sich um eine W\u00e4rmemanagementl\u00f6sung, die Kupferrohre und eine Aluminiumbasis kombiniert, um die W\u00e4rme in elektronischen oder industriellen Systemen effizient abzuleiten.\n<\/p>\n<p><\/p>\n<p><b>2. wie verbessert das Kupferrohr die K\u00fchlleistung?<\/b><\/p>\n<p>Das Kupferrohr bietet eine hervorragende W\u00e4rmeleitf\u00e4higkeit und erm\u00f6glicht eine schnelle W\u00e4rme\u00fcbertragung von der W\u00e4rmequelle auf die K\u00fchlfl\u00fcssigkeit.\n<\/p>\n<p><\/p>\n<p><b>3. warum wird f\u00fcr den Sockel der K\u00fchlplatte Aluminium verwendet?<\/b><\/p>\n<p>Aluminium bietet eine leichte Struktur mit hoher W\u00e4rmeleitf\u00e4higkeit und ist damit ideal f\u00fcr eine schnelle und effiziente W\u00e4rmeableitung.\n<\/p>\n<p><\/p>\n<p><b>4. ist die K\u00fchlplatte mit kundenspezifischen K\u00fchlkreisl\u00e4ufen kompatibel?<\/b><\/p>\n<p>Ja, die Aluminium-K\u00fchlplatte mit Kupferrohren f\u00fcr die Wasserk\u00fchlung ist sowohl mit Custom- als auch mit Standard-Fl\u00fcssigkeitsk\u00fchlungs-Setups kompatibel.\n<\/p>\n<p><\/p>\n<p><b>5. f\u00fcr welche Anwendungen ist diese K\u00fchlplatte geeignet?<\/b><\/p>\n<p>Es wird h\u00e4ufig in der Leistungselektronik, in Lasersystemen, bei der K\u00fchlung von EV-Batterien und in Hochleistungscomputern eingesetzt.\n<\/p>\n<p><\/p>\n<p><b>6. kann das Layout der Kupferrohre angepasst werden?<\/b><\/p>\n<p>Ja, das Layout der Kupferrohre und die Abmessungen der Aluminiumplatten k\u00f6nnen individuell angepasst werden, um spezifische thermische und mechanische Anforderungen zu erf\u00fcllen.\n<\/p>\n<p><\/p>\n<p><b>7. vertr\u00e4gt dieses Produkt hohe W\u00e4rmebelastungen?<\/b><\/p>\n<p>Das integrierte Kupferrohrdesign und der Aluminiumsockel sorgen f\u00fcr eine stabile Leistung bei hoher thermischer Belastung.\n<\/p>\n<p><\/p>\n<p><b>8. wie haltbar ist die Kupferrohr-Wasserk\u00fchlung Aluminium K\u00fchlplatte?<\/b><\/p>\n<p>Das Produkt zeichnet sich durch korrosionsbest\u00e4ndige Materialien und eine robuste Konstruktion aus, die eine langlebige und zuverl\u00e4ssige K\u00fchlleistung gew\u00e4hrleistet.\n<\/p>\n<p><\/p>","protected":false},"featured_media":10649,"template":"","categories":[73],"class_list":["post-10650","product","type-product","status-publish","has-post-thumbnail","hentry","category-water-cooling-plate"],"meta_box":{"hilight_text_group":{"product_hilight_text":"<li>Efficient heat dissipation with integrated copper tube design<\/li>\r\n<li>Lightweight aluminum base ensures optimal thermal conductivity<\/li>\r\n<li>Customizable size and tube layout for various industrial applications<\/li>\r\n<li>Reliable long-term cooling performance in high-heat environments<\/li>\r\n<li>Compatible with standard and high-performance liquid cooling systems<\/li>","product_chanpin_chanpin":"<ul>\r\n<li><a href=\"https:\/\/sinoextrud.com\/product\/aluminium-extrusion-6061-6082-7075-aluminum-alloy-profiles\/\" target=\"_blank\">6061 aluminum extrusion<\/a><\/li>\r\n<li><a href=\"https:\/\/sinoextrud.com\/product\/oval-aluminum-extrud-profile\/\" target=\"_blank\">oval aluminum extrusion<\/a><\/li>\r\n<li><a href=\"https:\/\/sinoextrud.com\/product\/aluminium-extrusion-anodised-aluminium-tube\/\" target=\"_blank\">anodised aluminium tube<\/a><\/li>\r\n<li><a href=\"https:\/\/sinoextrud.com\/product\/c-shaped-closed-linear-ceiling-system\/\" target=\"_blank\">linear closed ceilings<\/a><\/li>\r\n<li><a href=\"https:\/\/sinoextrud.com\/product\/the-new-perforated-ceiling-system\/\" target=\"_blank\">perforated french ceilings<\/a><\/li>\r\n<li><a href=\"https:\/\/sinoextrud.com\/product\/aluminum-extrusion-7003-7005-7020\/\" target=\"_blank\">7020 aluminum<\/a><\/li>\r\n<\/ul>","product_chanpin_blog":"<ul>\r\n<li><a href=\"https:\/\/sinoextrud.com\/t-slot-v-slot-differences\/\" target=\"_blank\">t slot vs v slot<\/a><\/li>\r\n<li><a href=\"https:\/\/sinoextrud.com\/what-is-4040-aluminium-extrud\/\" target=\"_blank\">4040 aluminium extrusion<\/a><\/li>\r\n<li><a href=\"https:\/\/sinoextrud.com\/what-is-4040-aluminium-extrud\/\" target=\"_blank\">aluminum extrusions for industrial racks<\/a><\/li>\r\n<li><a href=\"https:\/\/sinoextrud.com\/powder-coating-aluminium-process\/\" target=\"_blank\">powder coating aluminium<\/a><\/li>\r\n<li><a href=\"https:\/\/sinoextrud.com\/what-is-an-aluminium-strip-ceiling\/\" target=\"_blank\">aluminium strip ceiling<\/a><\/li>\r\n<li><a href=\"https:\/\/sinoextrud.com\/what-is-a-heat-sink\/\" target=\"_blank\">what is a heat sink<\/a><\/li>\r\n<\/ul>"},"feature_list":[]},"_links":{"self":[{"href":"https:\/\/sinoextrud.com\/de\/wp-json\/wp\/v2\/product\/10650","targetHints":{"allow":["GET"]}}],"collection":[{"href":"https:\/\/sinoextrud.com\/de\/wp-json\/wp\/v2\/product"}],"about":[{"href":"https:\/\/sinoextrud.com\/de\/wp-json\/wp\/v2\/types\/product"}],"wp:featuredmedia":[{"embeddable":true,"href":"https:\/\/sinoextrud.com\/de\/wp-json\/wp\/v2\/media\/10649"}],"wp:attachment":[{"href":"https:\/\/sinoextrud.com\/de\/wp-json\/wp\/v2\/media?parent=10650"}],"wp:term":[{"taxonomy":"category","embeddable":true,"href":"https:\/\/sinoextrud.com\/de\/wp-json\/wp\/v2\/categories?post=10650"}],"curies":[{"name":"wp","href":"https:\/\/api.w.org\/{rel}","templated":true}]}}