{"id":10646,"date":"2025-07-25T04:02:40","date_gmt":"2025-07-25T04:02:40","guid":{"rendered":"https:\/\/sinoextrud.com\/product\/custom-water-cooling-aluminum-cold-plate-with-copper-tubes\/"},"modified":"2025-07-25T04:02:40","modified_gmt":"2025-07-25T04:02:40","slug":"kundenspezifische-wasserkuhlung-aluminiumkuhlplatte-mit-kupferrohren","status":"publish","type":"product","link":"https:\/\/sinoextrud.com\/de\/product\/custom-water-cooling-aluminum-cold-plate-with-copper-tubes\/","title":{"rendered":"Kundenspezifische Wasserk\u00fchlung Aluminiumk\u00fchlplatte mit Kupferrohren"},"content":{"rendered":"<h2>Produkte Details<\/h2>\n<table class=\"custom-table\">\n<tr>\n<td class=\"label\">Maschinenpr\u00fcfbericht<\/td>\n<td>Zur Verf\u00fcgung gestellt<\/td>\n<\/tr>\n<tr>\n<td class=\"label\">Video-Ausgangsinspektion<\/td>\n<td>Zur Verf\u00fcgung gestellt<\/td>\n<\/tr>\n<tr>\n<td class=\"label\">Material<\/td>\n<td>Aluminiumlegierung, Kupfer<\/td>\n<\/tr>\n<tr>\n<td class=\"label\">Garantie<\/td>\n<td>5 Jahre<\/td>\n<\/tr>\n<tr>\n<td class=\"label\">Anmeldung<\/td>\n<td>IGBG-Module, Elektronische Ger\u00e4te, Laser<\/td>\n<\/tr>\n<tr>\n<td class=\"label\">Typ<\/td>\n<td>W\u00e4rmetauscherrohr<\/td>\n<\/tr>\n<tr>\n<td class=\"label\">Gewicht (kg)<\/td>\n<td>1<\/td>\n<\/tr>\n<tr>\n<td class=\"label\">Service nach der Garantie<\/td>\n<td>Online-Unterst\u00fctzung<\/td>\n<\/tr>\n<tr>\n<td class=\"label\">After-Sales-Service<\/td>\n<td>Online-Unterst\u00fctzung<\/td>\n<\/tr>\n<tr>\n<td class=\"label\">Anwendbare Industrien<\/td>\n<td>Produktionsst\u00e4tte<\/td>\n<\/tr>\n<tr>\n<td class=\"label\">Verkaufende Einheiten<\/td>\n<td>Einzelnes Element<\/td>\n<\/tr>\n<tr>\n<td class=\"label\">Einzelne Packungsgr\u00f6\u00dfe<\/td>\n<td>21X15X1,5 cm<\/td>\n<\/tr>\n<tr>\n<td class=\"label\">Einfaches Bruttogewicht<\/td>\n<td>1.000 KG<\/td>\n<\/tr>\n<\/table>\n<h2>Unsere Produktionsbasis<\/h2>\n<h3>Fabrik-Panorama<\/h3>\n<p><img decoding=\"async\" src=\"\/wp-content\/uploads\/factory-01.webp\"\/><\/p>\n<h3>Werkstatt zur Herstellung von Aluminiumstangen<\/h3>\n<p><img decoding=\"async\" src=\"\/wp-content\/uploads\/factory-02.webp\"\/><\/p>\n<p><img decoding=\"async\" src=\"\/wp-content\/uploads\/factory-03.webp\"\/><\/p>\n<h3>Lagerhaus f\u00fcr Formen<\/h3>\n<p><img decoding=\"async\" src=\"\/wp-content\/uploads\/factory-04.webp\"\/><\/p>\n<h3>43 Aluminium-Strangpressanlagen (500\u00e2\u20ac\"5500 Tonnen)<\/h3>\n<p><img decoding=\"async\" src=\"\/wp-content\/uploads\/factory-05.webp\"\/><\/p>\n<p><img decoding=\"async\" src=\"\/wp-content\/uploads\/factory-06.webp\"\/><\/p>\n<p><img decoding=\"async\" src=\"\/wp-content\/uploads\/factory-07.webp\"\/><\/p>\n<h3>Werkstatt f\u00fcr Pulverbeschichtung<\/h3>\n<p><img decoding=\"async\" src=\"\/wp-content\/uploads\/factory-09.webp\"\/><\/p>\n<h3>Eloxal-Werkstatt<\/h3>\n<p><img decoding=\"async\" src=\"\/wp-content\/uploads\/factory-10.webp\"\/><\/p>\n<h3>Workshop zur Tiefenverarbeitung<\/h3>\n<p><img decoding=\"async\" src=\"\/wp-content\/uploads\/factory-11.webp\"\/><\/p>\n<h3>CNC-Pr\u00e4zisionsbearbeitungswerkstatt<\/h3>\n<p><img decoding=\"async\" src=\"\/wp-content\/uploads\/factory-11.5.webp\"\/><\/p>\n<h3>Lager f\u00fcr Fertigprodukte und Export<\/h3>\n<p><img decoding=\"async\" src=\"\/wp-content\/uploads\/factory-12.webp\"\/><\/p>\n<p><img decoding=\"async\" src=\"\/wp-content\/uploads\/factory-13.webp\"\/><\/p>\n<p><img decoding=\"async\" src=\"\/wp-content\/uploads\/factory-14.webp\"\/><\/p>\n<h2>FAQ<\/h2>\n<p><p><b>1.was ist eine benutzerdefinierte Wasserk\u00fchlung Aluminium-K\u00fchlplatte mit Kupferrohren?<\/b><\/p>\n<p>Es handelt sich um eine leistungsstarke thermische L\u00f6sung, die Aluminiumplatten und eingebettete Kupferrohre kombiniert, um die W\u00e4rme in kundenspezifischen K\u00fchlsystemen effizient abzuleiten.<br \/>\n<\/p><br \/>\n<br \/>\n<p><b>2. warum Kupferrohre in einer Aluminiumk\u00fchlplatte verwenden?<\/b><\/p>\n<p>Kupferrohre bieten eine hervorragende W\u00e4rmeleitf\u00e4higkeit und verbessern so die gesamte K\u00fchlleistung der Aluminiumk\u00fchlplatte.<br \/>\n<\/p><br \/>\n<br \/>\n<p><b>3. ist die Aluminiumk\u00fchlplatte f\u00fcr verschiedene Anwendungen anpassbar?<\/b><\/p>\n<p>Ja, die Aluminiumk\u00fchlplatte kann in Form, Gr\u00f6\u00dfe und Rohrlayout individuell angepasst werden, um bestimmte thermische und mechanische Anforderungen zu erf\u00fcllen.<br \/>\n<\/p><br \/>\n<br \/>\n<p><b>4. wie verbessert diese K\u00fchlplatte das W\u00e4rmemanagement?<\/b><\/p>\n<p>Durch die Kombination der hohen Leitf\u00e4higkeit von Kupfer und der leichten Eigenschaften von Aluminium gew\u00e4hrleistet die K\u00fchlplatte eine schnelle W\u00e4rme\u00fcbertragung und eine zuverl\u00e4ssige K\u00fchlleistung.<br \/>\n<\/p><br \/>\n<br \/>\n<p><b>5. in welchen Branchen wird diese Art von K\u00fchlplatten \u00fcblicherweise verwendet?<\/b><\/p>\n<p>In Branchen wie der Leistungselektronik, EV-Systemen, Lasern und medizinischen Ger\u00e4ten werden h\u00e4ufig kundenspezifische Aluminiumk\u00fchlplatten mit Kupferrohren zur W\u00e4rmeregulierung eingesetzt.<br \/>\n<\/p><br \/>\n<br \/>\n<p><b>6. ist dieses Produkt korrosionsbest\u00e4ndig?<\/b><\/p>\n<p>Ja, der Aluminiumsockel und die Kupferrohre sind f\u00fcr eine hervorragende Korrosionsbest\u00e4ndigkeit behandelt, so dass sie f\u00fcr den langfristigen Einsatz in rauen Umgebungen geeignet sind.<br \/>\n<\/p><br \/>\n<br \/>\n<p><b>7. welche Vorteile bietet diese K\u00fchlplatte den OEMs?<\/b><\/p>\n<p>OEMs profitieren von der Designflexibilit\u00e4t, der effizienten W\u00e4rmeableitung und der einfachen Integration in komplexe thermische Systeme, wenn sie kundenspezifische Aluminiumk\u00fchlplatten mit Kupferrohren zur Wasserk\u00fchlung verwenden.<br \/>\n<\/p><br \/>\n<br \/>\n<p><b>8. ist es f\u00fcr Hochleistungsanwendungen geeignet?<\/b><\/p>\n<p>Ja, die kombinierte Verwendung von Aluminium- und Kupferrohren macht es ideal f\u00fcr Hochleistungselektronik, die eine effiziente und zuverl\u00e4ssige K\u00fchlung erfordert.<br \/>\n<\/p><br \/><\/p>","protected":false},"featured_media":10645,"template":"","categories":[73],"class_list":["post-10646","product","type-product","status-publish","has-post-thumbnail","hentry","category-water-cooling-plate"],"meta_box":{"hilight_text_group":{"product_hilight_text":"<li>High-efficiency heat dissipation with copper tube integration for optimal cooling performance<\/li>\r\n<li>Customizable aluminum cold plate design tailored to specific thermal management needs<\/li>\r\n<li>Excellent corrosion resistance and durability for long-term industrial use<\/li>\r\n<li>Lightweight aluminum base ensures easy installation and reduced system weight<\/li>\r\n<li>Supports high-precision machining for tight thermal interface control<\/li>","product_chanpin_chanpin":"<ul>\r\n<li><a href=\"https:\/\/sinoextrud.com\/product\/aluminium-extrusion-6061-6082-7075-aluminum-alloy-profiles\/\" target=\"_blank\">6061 aluminum extrusion<\/a><\/li>\r\n<li><a href=\"https:\/\/sinoextrud.com\/product\/oval-aluminum-extrud-profile\/\" target=\"_blank\">oval aluminum extrusion<\/a><\/li>\r\n<li><a href=\"https:\/\/sinoextrud.com\/product\/aluminium-extrusion-anodised-aluminium-tube\/\" target=\"_blank\">anodised aluminium tube<\/a><\/li>\r\n<li><a href=\"https:\/\/sinoextrud.com\/product\/c-shaped-closed-linear-ceiling-system\/\" target=\"_blank\">linear closed ceilings<\/a><\/li>\r\n<li><a href=\"https:\/\/sinoextrud.com\/product\/the-new-perforated-ceiling-system\/\" target=\"_blank\">perforated french ceilings<\/a><\/li>\r\n<li><a href=\"https:\/\/sinoextrud.com\/product\/aluminum-extrusion-7003-7005-7020\/\" target=\"_blank\">7020 aluminum<\/a><\/li>\r\n<\/ul>","product_chanpin_blog":"<ul>\r\n<li><a href=\"https:\/\/sinoextrud.com\/t-slot-v-slot-differences\/\" target=\"_blank\">t slot vs v slot<\/a><\/li>\r\n<li><a href=\"https:\/\/sinoextrud.com\/what-is-4040-aluminium-extrud\/\" target=\"_blank\">4040 aluminium extrusion<\/a><\/li>\r\n<li><a href=\"https:\/\/sinoextrud.com\/what-is-4040-aluminium-extrud\/\" target=\"_blank\">aluminum extrusions for industrial racks<\/a><\/li>\r\n<li><a href=\"https:\/\/sinoextrud.com\/powder-coating-aluminium-process\/\" target=\"_blank\">powder coating aluminium<\/a><\/li>\r\n<li><a href=\"https:\/\/sinoextrud.com\/what-is-an-aluminium-strip-ceiling\/\" target=\"_blank\">aluminium strip ceiling<\/a><\/li>\r\n<li><a href=\"https:\/\/sinoextrud.com\/what-is-a-heat-sink\/\" target=\"_blank\">what is a heat sink<\/a><\/li>\r\n<\/ul>"},"feature_list":[]},"_links":{"self":[{"href":"https:\/\/sinoextrud.com\/de\/wp-json\/wp\/v2\/product\/10646","targetHints":{"allow":["GET"]}}],"collection":[{"href":"https:\/\/sinoextrud.com\/de\/wp-json\/wp\/v2\/product"}],"about":[{"href":"https:\/\/sinoextrud.com\/de\/wp-json\/wp\/v2\/types\/product"}],"wp:featuredmedia":[{"embeddable":true,"href":"https:\/\/sinoextrud.com\/de\/wp-json\/wp\/v2\/media\/10645"}],"wp:attachment":[{"href":"https:\/\/sinoextrud.com\/de\/wp-json\/wp\/v2\/media?parent=10646"}],"wp:term":[{"taxonomy":"category","embeddable":true,"href":"https:\/\/sinoextrud.com\/de\/wp-json\/wp\/v2\/categories?post=10646"}],"curies":[{"name":"wp","href":"https:\/\/api.w.org\/{rel}","templated":true}]}}