{"id":10618,"date":"2025-07-24T03:28:33","date_gmt":"2025-07-24T03:28:33","guid":{"rendered":"https:\/\/sinoextrud.com\/product\/square-passive-led-aluminum-heatsink\/"},"modified":"2025-07-24T03:28:33","modified_gmt":"2025-07-24T03:28:33","slug":"quadratischer-passiver-led-aluminium-kuhlkorper","status":"publish","type":"product","link":"https:\/\/sinoextrud.com\/de\/product\/square-passive-led-aluminum-heatsink\/","title":{"rendered":"Quadratischer passiver LED-Aluminium-K\u00fchlk\u00f6rper"},"content":{"rendered":"<h2>Produkte Details<\/h2>\n<table class=\"custom-table\">\n<tr>\n<td class=\"label\">Oberfl\u00e4chenbehandlung<\/td>\n<td>Sauber<\/td>\n<\/tr>\n<tr>\n<td class=\"label\">Form<\/td>\n<td>Quadratisch<\/td>\n<\/tr>\n<tr>\n<td class=\"label\">Material des Geh\u00e4uses<\/td>\n<td>Aluminium-Legierung<\/td>\n<\/tr>\n<tr>\n<td class=\"label\">Typ<\/td>\n<td>W\u00e4rmesenken<\/td>\n<\/tr>\n<tr>\n<td class=\"label\">Service f\u00fcr Beleuchtungsl\u00f6sungen<\/td>\n<td>Auto-CAD-Layout<\/td>\n<\/tr>\n<tr>\n<td class=\"label\">Produktgewicht\uff08kg\uff09<\/td>\n<td>1.5<\/td>\n<\/tr>\n<tr>\n<td class=\"label\">Garantie (Jahr)<\/td>\n<td>5-Jahres<\/td>\n<\/tr>\n<tr>\n<td class=\"label\">Prozess<\/td>\n<td>Strangpressen+CNC<\/td>\n<\/tr>\n<tr>\n<td class=\"label\">Dicke der Flossen<\/td>\n<td>2 mm<\/td>\n<\/tr>\n<tr>\n<td class=\"label\">Dicke der Grundplatte<\/td>\n<td>5 mm<\/td>\n<\/tr>\n<tr>\n<td class=\"label\">Verkaufende Einheiten<\/td>\n<td>Einzelnes Element<\/td>\n<\/tr>\n<tr>\n<td class=\"label\">Einzelne Packungsgr\u00f6\u00dfe<\/td>\n<td>25X25X5 cm<\/td>\n<\/tr>\n<tr>\n<td class=\"label\">Einfaches Bruttogewicht<\/td>\n<td>1.500 KG<\/td>\n<\/tr>\n<\/table>\n<h2>Unsere Produktionsbasis<\/h2>\n<h3>Fabrik-Panorama<\/h3>\n<p><img decoding=\"async\" src=\"\/wp-content\/uploads\/factory-01.webp\"\/><\/p>\n<h3>Werkstatt zur Herstellung von Aluminiumstangen<\/h3>\n<p><img decoding=\"async\" src=\"\/wp-content\/uploads\/factory-02.webp\"\/><\/p>\n<p><img decoding=\"async\" src=\"\/wp-content\/uploads\/factory-03.webp\"\/><\/p>\n<h3>Lagerhaus f\u00fcr Formen<\/h3>\n<p><img decoding=\"async\" src=\"\/wp-content\/uploads\/factory-04.webp\"\/><\/p>\n<h3>43 Aluminium-Strangpressanlagen (500-5500 Tonnen)<\/h3>\n<p><img decoding=\"async\" src=\"\/wp-content\/uploads\/factory-05.webp\"\/><\/p>\n<p><img decoding=\"async\" src=\"\/wp-content\/uploads\/factory-06.webp\"\/><\/p>\n<p><img decoding=\"async\" src=\"\/wp-content\/uploads\/factory-07.webp\"\/><\/p>\n<h3>Werkstatt f\u00fcr Pulverbeschichtung<\/h3>\n<p><img decoding=\"async\" src=\"\/wp-content\/uploads\/factory-09.webp\"\/><\/p>\n<h3>Eloxal-Werkstatt<\/h3>\n<p><img decoding=\"async\" src=\"\/wp-content\/uploads\/factory-10.webp\"\/><\/p>\n<h3>Workshop zur Tiefenverarbeitung<\/h3>\n<p><img decoding=\"async\" src=\"\/wp-content\/uploads\/factory-11.webp\"\/><\/p>\n<h3>CNC-Pr\u00e4zisionsbearbeitungswerkstatt<\/h3>\n<p><img decoding=\"async\" src=\"\/wp-content\/uploads\/factory-11.5.webp\"\/><\/p>\n<h3>Lager f\u00fcr Fertigprodukte und Export<\/h3>\n<p><img decoding=\"async\" src=\"\/wp-content\/uploads\/factory-12.webp\"\/><\/p>\n<p><img decoding=\"async\" src=\"\/wp-content\/uploads\/factory-13.webp\"\/><\/p>\n<p><img decoding=\"async\" src=\"\/wp-content\/uploads\/factory-14.webp\"\/><\/p>\n<h2>FAQ<\/h2>\n<p><p><b>1. was ist ein quadratischer passiver LED-Aluminium-K\u00fchlk\u00f6rper?<\/b><\/p>\n<p>Es handelt sich um einen quadratischen Aluminium-K\u00fchlk\u00f6rper, der f\u00fcr die passive K\u00fchlung von LED-Komponenten ohne den Einsatz von L\u00fcftern oder aktiven Systemen konzipiert wurde.<br \/>\n<\/p><br \/>\n<br \/>\n<p><b>2. warum einen passiven LED-K\u00fchlk\u00f6rper w\u00e4hlen?<\/b><\/p>\n<p>Ein passiver LED-K\u00fchlk\u00f6rper bietet leisen Betrieb, geringen Wartungsaufwand und zuverl\u00e4ssige W\u00e4rmeableitung f\u00fcr LED-Beleuchtungssysteme.<br \/>\n<\/p><br \/>\n<br \/>\n<p><b>Wie profitiert die LED-K\u00fchlung vom quadratischen Design?<\/b><\/p>\n<p>Das quadratische Design maximiert die Oberfl\u00e4che f\u00fcr eine effiziente W\u00e4rmeableitung und passt nahtlos zu quadratischen LED-Modulen.<br \/>\n<\/p><br \/>\n<br \/>\n<p><b>4. ist der quadratische, passive LED-Aluminium-K\u00fchlk\u00f6rper f\u00fcr Hochleistungs-LEDs geeignet?<\/b><\/p>\n<p>Ja, seine Aluminiumkonstruktion und die passive K\u00fchlung machen ihn ideal f\u00fcr Hochleistungs-LED-Anwendungen.<br \/>\n<\/p><br \/>\n<br \/>\n<p><b>5. kann dieser K\u00fchlk\u00f6rper die Lebensdauer von LEDs verl\u00e4ngern?<\/b><\/p>\n<p>Ja, ein effektives W\u00e4rmemanagement senkt die Sperrschichttemperaturen von LEDs und erh\u00f6ht so deren Lebensdauer und Leistung.<br \/>\n<\/p><br \/>\n<br \/>\n<p><b>6. ist der K\u00fchlk\u00f6rper einfach auf LED-Leuchten zu installieren?<\/b><\/p>\n<p>Ja, sie ist f\u00fcr eine einfache Integration mit Schrauben, Clips oder Thermokleber ausgelegt, je nach LED-Konfiguration.<br \/>\n<\/p><br \/>\n<br \/>\n<p><b>7 Beeinflusst die passive Bauweise die thermische Effizienz?<\/b><\/p>\n<p>Das passive Design sorgt f\u00fcr eine effiziente W\u00e4rmeableitung ohne Ger\u00e4usche, ideal f\u00fcr Umgebungen, die einen leisen Betrieb erfordern.<br \/>\n<\/p><br \/>\n<br \/>\n<p><b>8. ist dieser LED-K\u00fchlk\u00f6rper umweltfreundlich?<\/b><\/p>\n<p>Ja, das passive Design reduziert den Energieverbrauch und vermeidet l\u00fcfterbedingten Elektroschrott und ist somit umweltfreundlich.<br \/>\n<\/p><br \/><\/p>","protected":false},"featured_media":10617,"template":"","categories":[72],"class_list":["post-10618","product","type-product","status-publish","has-post-thumbnail","hentry","category-extruded-aluminum-heatsink"],"meta_box":{"hilight_text_group":{"product_hilight_text":"<li>Optimized square design for uniform LED heat dissipation<\/li>\r\n<li>Passive cooling eliminates the need for active components<\/li>\r\n<li>Durable aluminum construction ensures long-term thermal performance<\/li>\r\n<li>Ideal for compact LED modules and high-density installations<\/li>\r\n<li>Maintenance-free solution with zero noise operation<\/li>","product_chanpin_chanpin":"<ul>\r\n<li><a href=\"https:\/\/sinoextrud.com\/product\/aluminium-extrusion-6061-6082-7075-aluminum-alloy-profiles\/\" target=\"_blank\">6061 aluminum extrusion<\/a><\/li>\r\n<li><a href=\"https:\/\/sinoextrud.com\/product\/oval-aluminum-extrud-profile\/\" target=\"_blank\">oval aluminum extrusion<\/a><\/li>\r\n<li><a href=\"https:\/\/sinoextrud.com\/product\/aluminium-extrusion-anodised-aluminium-tube\/\" target=\"_blank\">anodised aluminium tube<\/a><\/li>\r\n<li><a href=\"https:\/\/sinoextrud.com\/product\/c-shaped-closed-linear-ceiling-system\/\" target=\"_blank\">linear closed ceilings<\/a><\/li>\r\n<li><a href=\"https:\/\/sinoextrud.com\/product\/the-new-perforated-ceiling-system\/\" target=\"_blank\">perforated french ceilings<\/a><\/li>\r\n<li><a href=\"https:\/\/sinoextrud.com\/product\/aluminum-extrusion-7003-7005-7020\/\" target=\"_blank\">7020 aluminum<\/a><\/li>\r\n<\/ul>","product_chanpin_blog":"<ul>\r\n<li><a href=\"https:\/\/sinoextrud.com\/t-slot-v-slot-differences\/\" target=\"_blank\">t slot vs v slot<\/a><\/li>\r\n<li><a href=\"https:\/\/sinoextrud.com\/what-is-4040-aluminium-extrud\/\" target=\"_blank\">4040 aluminium extrusion<\/a><\/li>\r\n<li><a href=\"https:\/\/sinoextrud.com\/what-is-4040-aluminium-extrud\/\" target=\"_blank\">aluminum extrusions for industrial racks<\/a><\/li>\r\n<li><a href=\"https:\/\/sinoextrud.com\/powder-coating-aluminium-process\/\" target=\"_blank\">powder coating aluminium<\/a><\/li>\r\n<li><a href=\"https:\/\/sinoextrud.com\/what-is-an-aluminium-strip-ceiling\/\" target=\"_blank\">aluminium strip ceiling<\/a><\/li>\r\n<li><a href=\"https:\/\/sinoextrud.com\/what-is-a-heat-sink\/\" target=\"_blank\">what is a heat sink<\/a><\/li>\r\n<\/ul>"},"feature_list":[]},"_links":{"self":[{"href":"https:\/\/sinoextrud.com\/de\/wp-json\/wp\/v2\/product\/10618","targetHints":{"allow":["GET"]}}],"collection":[{"href":"https:\/\/sinoextrud.com\/de\/wp-json\/wp\/v2\/product"}],"about":[{"href":"https:\/\/sinoextrud.com\/de\/wp-json\/wp\/v2\/types\/product"}],"wp:featuredmedia":[{"embeddable":true,"href":"https:\/\/sinoextrud.com\/de\/wp-json\/wp\/v2\/media\/10617"}],"wp:attachment":[{"href":"https:\/\/sinoextrud.com\/de\/wp-json\/wp\/v2\/media?parent=10618"}],"wp:term":[{"taxonomy":"category","embeddable":true,"href":"https:\/\/sinoextrud.com\/de\/wp-json\/wp\/v2\/categories?post=10618"}],"curies":[{"name":"wp","href":"https:\/\/api.w.org\/{rel}","templated":true}]}}