{"id":10607,"date":"2025-07-24T03:00:13","date_gmt":"2025-07-24T03:00:13","guid":{"rendered":"https:\/\/sinoextrud.com\/product\/high-quality-cnc-custom-extruded-aluminum-heatsink-120x30x110mm\/"},"modified":"2025-07-24T03:01:41","modified_gmt":"2025-07-24T03:01:41","slug":"hochwertiger-cnc-gefertigter-stranggepresster-aluminiumkuhlkorper-120x30x110mm","status":"publish","type":"product","link":"https:\/\/sinoextrud.com\/de\/product\/high-quality-cnc-custom-extruded-aluminum-heatsink-120x30x110mm\/","title":{"rendered":"Hochwertiger CNC-gepresster Aluminium-K\u00fchlk\u00f6rper 120\u00d730\u00d7110mm"},"content":{"rendered":"<h2>Produkte Details<\/h2>\n<table class=\"custom-table\">\n<tr>\n<td class=\"label\">Klasse<\/td>\n<td>Serie 6000<\/td>\n<\/tr>\n<tr>\n<td class=\"label\">Toleranz<\/td>\n<td>GB\/T 3190-2008,GB\/T 14846-2008,ISO 2768<\/td>\n<\/tr>\n<tr>\n<td class=\"label\">Lieferfrist<\/td>\n<td>15-21 Tage<\/td>\n<\/tr>\n<tr>\n<td class=\"label\">Temperament<\/td>\n<td>T3-T8<\/td>\n<\/tr>\n<tr>\n<td class=\"label\">Anmeldung<\/td>\n<td>W\u00e4rmesenke<\/td>\n<\/tr>\n<tr>\n<td class=\"label\">Form<\/td>\n<td>Rechteck<\/td>\n<\/tr>\n<tr>\n<td class=\"label\">Legierung oder nicht<\/td>\n<td>Ist Legierung<\/td>\n<\/tr>\n<tr>\n<td class=\"label\">Bearbeitungsservice<\/td>\n<td>Schneiden, Bohren, Gewindeschneiden, CNC-Bearbeitung, Eloxieren<\/td>\n<\/tr>\n<tr>\n<td class=\"label\">Stellplatz<\/td>\n<td>3,5 mm<\/td>\n<\/tr>\n<tr>\n<td class=\"label\">Verkaufende Einheiten<\/td>\n<td>Einzelnes Element<\/td>\n<\/tr>\n<tr>\n<td class=\"label\">Einzelne Packungsgr\u00f6\u00dfe<\/td>\n<td>13X12X4 cm<\/td>\n<\/tr>\n<tr>\n<td class=\"label\">Einfaches Bruttogewicht<\/td>\n<td>0.700 KG<\/td>\n<\/tr>\n<\/table>\n<h2>Unsere Produktionsbasis<\/h2>\n<h3>Fabrik-Panorama<\/h3>\n<p><img decoding=\"async\" src=\"\/wp-content\/uploads\/factory-01.webp\"\/><\/p>\n<h3>Werkstatt zur Herstellung von Aluminiumstangen<\/h3>\n<p><img decoding=\"async\" src=\"\/wp-content\/uploads\/factory-02.webp\"\/><\/p>\n<\/p>\n<p><img decoding=\"async\" src=\"\/wp-content\/uploads\/factory-03.webp\"\/><\/p>\n<h3>Lagerhaus f\u00fcr Formen<\/h3>\n<p><img decoding=\"async\" src=\"\/wp-content\/uploads\/factory-04.webp\"\/><\/p>\n<h3>43 Aluminium-Strangpressanlagen (500-5500 Tonnen)<\/h3>\n<p><img decoding=\"async\" src=\"\/wp-content\/uploads\/factory-05.webp\"\/><\/p>\n<p><img decoding=\"async\" src=\"\/wp-content\/uploads\/factory-06.webp\"\/><\/p>\n<p><img decoding=\"async\" src=\"\/wp-content\/uploads\/factory-07.webp\"\/><\/p>\n<h3>Werkstatt f\u00fcr Pulverbeschichtung<\/h3>\n<p><img decoding=\"async\" src=\"\/wp-content\/uploads\/factory-09.webp\"\/><\/p>\n<h3>Eloxal-Werkstatt<\/h3>\n<p><img decoding=\"async\" src=\"\/wp-content\/uploads\/factory-10.webp\"\/><\/p>\n<h3>Workshop zur Tiefenverarbeitung<\/h3>\n<p><img decoding=\"async\" src=\"\/wp-content\/uploads\/factory-11.webp\"\/><\/p>\n<h3>CNC-Pr\u00e4zisionsbearbeitungswerkstatt<\/h3>\n<p><img decoding=\"async\" src=\"\/wp-content\/uploads\/factory-11.5.webp\"\/><\/p>\n<h3>Lager f\u00fcr Fertigprodukte und Export<\/h3>\n<p><img decoding=\"async\" src=\"\/wp-content\/uploads\/factory-12.webp\"\/><\/p>\n<p><img decoding=\"async\" src=\"\/wp-content\/uploads\/factory-13.webp\"\/><\/p>\n<p><img decoding=\"async\" src=\"\/wp-content\/uploads\/factory-14.webp\"\/><\/p>\n<h2>FAQ<\/h2>\n<p><b>1. welche Gr\u00f6\u00dfe hat der hochwertige CNC-gefertigte Aluminium-K\u00fchlk\u00f6rper?<\/b><\/p>\n<p>Der K\u00fchlk\u00f6rper misst 120\u00d730\u00d7110 mm und ist damit ideal f\u00fcr kompakte W\u00e4rmemanagement-Anwendungen.\n<\/p>\n<p><\/p>\n<p><b>2. welches Material wird f\u00fcr diesen stranggepressten K\u00fchlk\u00f6rper verwendet?<\/b><\/p>\n<p>Es besteht aus hochwertigem Aluminium, das eine hervorragende W\u00e4rmeleitf\u00e4higkeit und strukturelle Festigkeit aufweist.\n<\/p>\n<p><\/p>\n<p><b>3. warum ist die CNC-Bearbeitung von K\u00fchlk\u00f6rpern wichtig?<\/b><\/p>\n<p>Die CNC-Bearbeitung gew\u00e4hrleistet pr\u00e4zise Abmessungen, glatte Oberfl\u00e4chen und zuverl\u00e4ssige Leistung bei kritischen Anwendungen.\n<\/p>\n<p><\/p>\n<p><b>4. kann der K\u00fchlk\u00f6rper 120\u00d730\u00d7110mm angepasst werden?<\/b><\/p>\n<p>Ja, wir bieten OEM-Anpassungen an, einschlie\u00dflich Gr\u00f6\u00dfe, Lamellenanordnung, Oberfl\u00e4chenbehandlung und Montageoptionen.\n<\/p>\n<p><\/p>\n<p><b>5. was sind die typischen Anwendungen dieses Aluminiumk\u00fchlk\u00f6rpers?<\/b><\/p>\n<p>Es wird in Leistungswandlern, LED-Treibern, Telekommunikationshardware und Industrieelektronik eingesetzt.\n<\/p>\n<p><\/p>\n<p><b>6. unterst\u00fctzt der K\u00fchlk\u00f6rper sowohl passive als auch aktive K\u00fchlung?<\/b><\/p>\n<p>Ja, es kann mit nat\u00fcrlicher Konvektion verwendet oder in l\u00fcftergest\u00fctzte K\u00fchlsysteme integriert werden.\n<\/p>\n<p><\/p>\n<p><b>7. ist die Oberfl\u00e4che des K\u00fchlk\u00f6rpers korrosionsbest\u00e4ndig?<\/b><\/p>\n<p>Ja, Oberfl\u00e4chenbehandlungen wie das Eloxieren erh\u00f6hen die Korrosionsbest\u00e4ndigkeit und Haltbarkeit in rauen Umgebungen.\n<\/p>\n<p><\/p>\n<p><b>8 Wie verbessert dieser K\u00fchlk\u00f6rper die Leistung des Ger\u00e4ts?<\/b><\/p>\n<p>Es leitet die W\u00e4rme effizient ab und hilft so, thermische Sch\u00e4den zu vermeiden und die Lebensdauer empfindlicher Komponenten zu verl\u00e4ngern.\n<\/p>\n<p><\/p>","protected":false},"featured_media":10608,"template":"","categories":[72],"class_list":["post-10607","product","type-product","status-publish","has-post-thumbnail","hentry","category-extruded-aluminum-heatsink"],"meta_box":{"hilight_text_group":{"product_hilight_text":"<li>Made from high-quality extruded aluminum for excellent heat dissipation<\/li>\r\n<li>CNC precision machining ensures tight tolerances and accurate dimensions<\/li>\r\n<li>Compact 120\u00d730\u00d7110mm size fits space-constrained electronic assemblies<\/li>\r\n<li>Ideal for power electronics, LED modules, and communication equipment<\/li>\r\n<li>Supports custom fin design and mounting hole configurations<\/li>\r\n<li>Corrosion-resistant surface finishes available, including anodizing<\/li>\r\n<li>OEM\/ODM services for tailored thermal management solutions<\/li>","product_chanpin_chanpin":"<ul>\r\n<li><a href=\"https:\/\/sinoextrud.com\/product\/aluminium-extrusion-6061-6082-7075-aluminum-alloy-profiles\/\" target=\"_blank\">6061 aluminum extrusion<\/a><\/li>\r\n<li><a href=\"https:\/\/sinoextrud.com\/product\/oval-aluminum-extrud-profile\/\" target=\"_blank\">oval aluminum extrusion<\/a><\/li>\r\n<li><a href=\"https:\/\/sinoextrud.com\/product\/aluminium-extrusion-anodised-aluminium-tube\/\" target=\"_blank\">anodised aluminium tube<\/a><\/li>\r\n<li><a href=\"https:\/\/sinoextrud.com\/product\/c-shaped-closed-linear-ceiling-system\/\" target=\"_blank\">linear closed ceilings<\/a><\/li>\r\n<li><a href=\"https:\/\/sinoextrud.com\/product\/the-new-perforated-ceiling-system\/\" target=\"_blank\">perforated french ceilings<\/a><\/li>\r\n<li><a href=\"https:\/\/sinoextrud.com\/product\/aluminum-extrusion-7003-7005-7020\/\" target=\"_blank\">7020 aluminum<\/a><\/li>\r\n<\/ul>","product_chanpin_blog":"<ul>\r\n<li><a href=\"https:\/\/sinoextrud.com\/t-slot-v-slot-differences\/\" target=\"_blank\">t slot vs v slot<\/a><\/li>\r\n<li><a href=\"https:\/\/sinoextrud.com\/what-is-4040-aluminium-extrud\/\" target=\"_blank\">4040 aluminium extrusion<\/a><\/li>\r\n<li><a href=\"https:\/\/sinoextrud.com\/what-is-4040-aluminium-extrud\/\" target=\"_blank\">aluminum extrusions for industrial racks<\/a><\/li>\r\n<li><a href=\"https:\/\/sinoextrud.com\/powder-coating-aluminium-process\/\" target=\"_blank\">powder coating aluminium<\/a><\/li>\r\n<li><a href=\"https:\/\/sinoextrud.com\/what-is-an-aluminium-strip-ceiling\/\" target=\"_blank\">aluminium strip ceiling<\/a><\/li>\r\n<li><a href=\"https:\/\/sinoextrud.com\/what-is-a-heat-sink\/\" target=\"_blank\">what is a heat sink<\/a><\/li>\r\n<\/ul>"},"feature_list":[]},"_links":{"self":[{"href":"https:\/\/sinoextrud.com\/de\/wp-json\/wp\/v2\/product\/10607","targetHints":{"allow":["GET"]}}],"collection":[{"href":"https:\/\/sinoextrud.com\/de\/wp-json\/wp\/v2\/product"}],"about":[{"href":"https:\/\/sinoextrud.com\/de\/wp-json\/wp\/v2\/types\/product"}],"wp:featuredmedia":[{"embeddable":true,"href":"https:\/\/sinoextrud.com\/de\/wp-json\/wp\/v2\/media\/10608"}],"wp:attachment":[{"href":"https:\/\/sinoextrud.com\/de\/wp-json\/wp\/v2\/media?parent=10607"}],"wp:term":[{"taxonomy":"category","embeddable":true,"href":"https:\/\/sinoextrud.com\/de\/wp-json\/wp\/v2\/categories?post=10607"}],"curies":[{"name":"wp","href":"https:\/\/api.w.org\/{rel}","templated":true}]}}