{"id":8593,"date":"2025-06-17T03:41:31","date_gmt":"2025-06-17T03:41:31","guid":{"rendered":"https:\/\/sinoextrud.com\/product\/aluminium-extrusion-hinge\/"},"modified":"2025-06-24T06:34:28","modified_gmt":"2025-06-24T06:34:28","slug":"haengsel-i-aluminiumsekstrudering","status":"publish","type":"product","link":"https:\/\/sinoextrud.com\/da\/product\/aluminium-extrusion-hinge\/","title":{"rendered":"H\u00e6ngsel af ekstruderet aluminium"},"content":{"rendered":"<h2>Detaljer om produkter<\/h2>\n<table class=\"custom-table\">\n<tbody>\n<tr>\n<td> Model nr:<\/td>\n<td> h810<\/td>\n<\/tr>\n<tr>\n<td> Form:<\/td>\n<td> h\u00e6ngsler af aluminium<\/td>\n<\/tr>\n<tr>\n<td> Temperament:<\/td>\n<td> T3-T8<\/td>\n<\/tr>\n<tr>\n<td> Legering:<\/td>\n<td> Legering<\/td>\n<\/tr>\n<tr>\n<td> Legeringsingrediens:<\/td>\n<td> 6063<\/td>\n<\/tr>\n<tr>\n<td> Overfladebehandling:<\/td>\n<td> anodiseret splinter<\/td>\n<\/tr>\n<tr>\n<td> Anden finish:<\/td>\n<td> Pulverlakering, polering<\/td>\n<\/tr>\n<tr>\n<td> Acceptabel valuta:<\/td>\n<td> USD, kinesisk RMB, EUR<\/td>\n<\/tr>\n<tr>\n<td> Certificering:<\/td>\n<td> ISO 9001<\/td>\n<\/tr>\n<tr>\n<td> HS-kode:<\/td>\n<td> 760429900<\/td>\n<\/tr>\n<tr>\n<td> Type:<\/td>\n<td> cnc-bearbejdning af aluminium<\/td>\n<\/tr>\n<tr>\n<td> Bearbejdning:<\/td>\n<td> Raffineret sk\u00e6ring, fr\u00e6sning, boring, stansning, C<\/td>\n<\/tr>\n<tr>\n<td> Oprindelse:<\/td>\n<td> Foshan, Guangdong.<\/td>\n<\/tr>\n<\/tbody>\n<\/table>\n<h2>Vores produktionsbase<\/h2>\n<h3>Panorama over fabrikken<\/h3>\n<p><img decoding=\"async\" src=\"\/wp-content\/uploads\/factory-01.webp\"\/><\/p>\n<h3>V\u00e6rksted til fremstilling af aluminiumst\u00e6nger<\/h3>\n<p><img decoding=\"async\" src=\"\/wp-content\/uploads\/factory-02.webp\"\/><\/p>\n<p><img decoding=\"async\" src=\"\/wp-content\/uploads\/factory-03.webp\"\/><\/p>\n<h3>Lager til opbevaring af skimmelsvampe<\/h3>\n<p><img decoding=\"async\" src=\"\/wp-content\/uploads\/factory-04.webp\"\/><\/p>\n<h3>43 ekstruderingslinjer for aluminium (500-5500 ton)<\/h3>\n<p><img decoding=\"async\" src=\"\/wp-content\/uploads\/factory-05.webp\"\/><\/p>\n<p><img decoding=\"async\" src=\"\/wp-content\/uploads\/factory-06.webp\"\/><\/p>\n<p><img decoding=\"async\" src=\"\/wp-content\/uploads\/factory-07.webp\"\/><\/p>\n<h3>V\u00e6rksted for pulverlakering<\/h3>\n<p><img decoding=\"async\" src=\"\/wp-content\/uploads\/factory-09.webp\"\/><\/p>\n<h3>Anodiseringsv\u00e6rksted<\/h3>\n<p><img decoding=\"async\" src=\"\/wp-content\/uploads\/factory-10.webp\"\/><\/p>\n<h3>Workshop om dyb behandling<\/h3>\n<p><img decoding=\"async\" src=\"\/wp-content\/uploads\/factory-11.webp\"\/><\/p>\n<h3>V\u00e6rksted for CNC-pr\u00e6cisionsbearbejdning<\/h3>\n<p><img decoding=\"async\" src=\"\/wp-content\/uploads\/factory-11.5.webp\"\/><\/p>\n<h3>F\u00e6rdigvare- og eksportlager<\/h3>\n<p><img decoding=\"async\" src=\"\/wp-content\/uploads\/factory-12.webp\"\/><\/p>\n<p><img decoding=\"async\" src=\"\/wp-content\/uploads\/factory-13.webp\"\/><\/p>\n<p><img decoding=\"async\" src=\"\/wp-content\/uploads\/factory-14.webp\"\/><\/p>\n<h2>OFTE STILLEDE SP\u00d8RGSM\u00c5L<\/h2>\n<p><p><b>1. Hvad er et aluminiumsekstruderingsh\u00e6ngsel?<\/b><\/p>\n<p>Et h\u00e6ngsel af ekstruderet aluminium er et h\u00e6ngsel af aluminium, der er fremstillet ved hj\u00e6lp af en ekstruderingsproces, som giver holdbarhed, letv\u00e6gtsegenskaber og korrosionsbestandighed til en r\u00e6kke forskellige anvendelser.<br \/>\n<\/p><br \/>\n<br \/>\n<p><b>2. Hvorfor bruges aluminium til ekstruderingsh\u00e6ngsler?<\/b><\/p>\n<p>Aluminium er let, st\u00e6rkt og modstandsdygtigt over for korrosion, hvilket g\u00f8r det til et ideelt materiale til ekstruderingsh\u00e6ngsler, der skal kunne modst\u00e5 slid og milj\u00f8m\u00e6ssige forhold, samtidig med at ydeevnen opretholdes.<br \/>\n<\/p><br \/>\n<br \/>\n<p><b>3. Hvor holdbare er aluminiumsekstruderede h\u00e6ngsler?<\/b><\/p>\n<p>H\u00e6ngsler i aluminiumsekstrudering er meget holdbare p\u00e5 grund af aluminiums styrke, hvilket giver langvarig ydeevne og p\u00e5lidelighed i forskellige applikationer.<br \/>\n<\/p><br \/>\n<br \/>\n<p><b>4. Kan aluminiumsekstruderingsh\u00e6ngsler tilpasses?<\/b><\/p>\n<p>Ja, h\u00e6ngsler i aluminiumsekstrudering kan tilpasses med hensyn til st\u00f8rrelse, design og konfiguration for at opfylde de specifikke behov og krav i forskellige applikationer.<br \/>\n<\/p><br \/>\n<br \/>\n<p><b>5. Hvilke industrier bruger aluminiumsekstruderingsh\u00e6ngsler?<\/b><\/p>\n<p>Industrier som byggeri, bilindustri, elektronik og industrielt udstyr bruger h\u00e6ngsler af aluminiumsekstrudering p\u00e5 grund af deres styrke, lette v\u00e6gt og korrosionsbestandighed.<br \/>\n<\/p><br \/>\n<br \/>\n<p><b>6. Hvor nemt er det at installere h\u00e6ngsler i aluminiumsekstrudering?<\/b><\/p>\n<p>H\u00e6ngsler i aluminiumsprofiler er nemme at installere p\u00e5 grund af deres enkle design og lette materiale, der giver problemfri installation til forskellige d\u00f8re, paneler og maskiner.<br \/>\n<\/p><br \/>\n<br \/>\n<p><b>7. Er h\u00e6ngsler af ekstruderet aluminium omkostningseffektive?<\/b><\/p>\n<p>Ja, h\u00e6ngsler i aluminiumsekstrudering er omkostningseffektive og giver en l\u00f8sning af h\u00f8j kvalitet til konkurrencedygtige priser, is\u00e6r til storskalaproduktion og langvarig brug.<br \/>\n<\/p><br \/><\/p>","protected":false},"featured_media":8592,"template":"","categories":[68],"class_list":["post-8593","product","type-product","status-publish","has-post-thumbnail","hentry","category-cnc-machining-aluminum-profile"],"meta_box":{"hilight_text_group":{"product_hilight_text":"<li>High-strength aluminum extrusion material for durable hinges<\/li>\r\r\n<li>Corrosion-resistant and lightweight, ideal for various applications<\/li>\r\r\n<li>Customizable sizes and designs to meet specific project needs<\/li>\r\r\n<li>Smooth operation with precision engineering for reliable performance<\/li>\r\r\n<li>Easy to install and maintain, offering long-term reliability<\/li>\r\r\n<li>Cost-effective solution for both small and large-scale production runs<\/li>","product_chanpin_blog":"<ul>\r\r\n<li><a href=\"https:\/\/sinoextrud.com\/t-slot-v-slot-differences\/\" target=\"_blank\">t slot vs v slot<\/a><\/li>\r\r\n<li><a href=\"https:\/\/sinoextrud.com\/what-is-4040-aluminium-extrud\/\" target=\"_blank\">4040 aluminium extrusion<\/a><\/li>\r\r\n<li><a href=\"https:\/\/sinoextrud.com\/what-is-4040-aluminium-extrud\/\" target=\"_blank\">aluminum extrusions for industrial racks<\/a><\/li>\r\r\n<li><a href=\"https:\/\/sinoextrud.com\/powder-coating-aluminium-process\/\" target=\"_blank\">powder coating aluminium<\/a><\/li>\r\r\n<li><a href=\"https:\/\/sinoextrud.com\/what-is-an-aluminium-strip-ceiling\/\" target=\"_blank\">aluminium strip ceiling<\/a><\/li>\r\r\n<li><a href=\"https:\/\/sinoextrud.com\/what-is-a-heat-sink\/\" target=\"_blank\">what is a heat sink<\/a><\/li>\r\r\n<\/ul>","product_chanpin_chanpin":"<li><a href=\"https:\/\/sinoextrud.com\/product\/aluminium-profile-rail\/\" target=\"_blank\">Aluminium Profile Rail<\/a><\/li>\r\n<li><a href=\"https:\/\/sinoextrud.com\/product\/machined-aluminum-extrusion\/\" target=\"_blank\">Machined Aluminum Extrusion<\/a><\/li>\r\n<li><a href=\"https:\/\/sinoextrud.com\/product\/aluminum-extrusion-accessories\/\" target=\"_blank\">Aluminum Extrusion Accessories<\/a><\/li>\r\n<li><a href=\"https:\/\/sinoextrud.com\/product\/extruded-aluminum-brackets\/\" target=\"_blank\">Extruded Aluminum Brackets<\/a><\/li>\r\n<li><a href=\"https:\/\/sinoextrud.com\/product\/aluminium-extrusion-hinge\/\" target=\"_blank\">Aluminium Extrusion Hinge<\/a><\/li>\r\n<li><a href=\"https:\/\/sinoextrud.com\/product\/cnc-aluminium\/\" target=\"_blank\">Cnc Aluminium<\/a><\/li>\r\n<li><a href=\"https:\/\/sinoextrud.com\/product\/aluminium-profile-accessories\/\" target=\"_blank\">Aluminium Profile Accessories<\/a><\/li>\r\n<li><a href=\"https:\/\/sinoextrud.com\/product\/round-aluminum-extrusion-tubular-cnc-bending\/\" target=\"_blank\">Round Aluminum Extrusion Tubular Cnc Bending<\/a><\/li>\r\n<li><a href=\"https:\/\/sinoextrud.com\/product\/controller-shell-instrument-box-industrial-aluminum-profile-electromechanical-shell\/\" target=\"_blank\">Controller Shell Instrument Box Industrial Aluminum Profile Electromechanical Shell<\/a><\/li>\r\n<li><a href=\"https:\/\/sinoextrud.com\/product\/aluminium-extrusion-table\/\" target=\"_blank\">Aluminium Extrusion Table<\/a><\/li>\r\n<li><a href=\"https:\/\/sinoextrud.com\/product\/v-shaped-linear-ceiling-system\/\" target=\"_blank\">V-Shaped Linear Ceiling System<\/a><\/li>"},"feature_list":[]},"_links":{"self":[{"href":"https:\/\/sinoextrud.com\/da\/wp-json\/wp\/v2\/product\/8593","targetHints":{"allow":["GET"]}}],"collection":[{"href":"https:\/\/sinoextrud.com\/da\/wp-json\/wp\/v2\/product"}],"about":[{"href":"https:\/\/sinoextrud.com\/da\/wp-json\/wp\/v2\/types\/product"}],"wp:featuredmedia":[{"embeddable":true,"href":"https:\/\/sinoextrud.com\/da\/wp-json\/wp\/v2\/media\/8592"}],"wp:attachment":[{"href":"https:\/\/sinoextrud.com\/da\/wp-json\/wp\/v2\/media?parent=8593"}],"wp:term":[{"taxonomy":"category","embeddable":true,"href":"https:\/\/sinoextrud.com\/da\/wp-json\/wp\/v2\/categories?post=8593"}],"curies":[{"name":"wp","href":"https:\/\/api.w.org\/{rel}","templated":true}]}}