{"id":8591,"date":"2025-06-17T03:40:18","date_gmt":"2025-06-17T03:40:18","guid":{"rendered":"https:\/\/sinoextrud.com\/product\/extruded-aluminum-brackets\/"},"modified":"2025-06-24T06:34:28","modified_gmt":"2025-06-24T06:34:28","slug":"beslag-af-ekstruderet-aluminium","status":"publish","type":"product","link":"https:\/\/sinoextrud.com\/da\/product\/extruded-aluminum-brackets\/","title":{"rendered":"Beslag af ekstruderet aluminium"},"content":{"rendered":"<h2>Detaljer om produkter<\/h2>\n<table class=\"custom-table\">\n<tbody>\n<tr>\n<td> Produktets navn<\/td>\n<td> Beslag af ekstruderet aluminium<\/td>\n<\/tr>\n<tr>\n<td> Materiale<\/td>\n<td> 6063-T5 aluminiumslegering<\/td>\n<\/tr>\n<tr>\n<td> Bredde<\/td>\n<td> Tilpasset<\/td>\n<\/tr>\n<tr>\n<td> Farvepr\u00f8ve<\/td>\n<td> Fr\u00e6sning<\/td>\n<\/tr>\n<tr>\n<td> Cnc-bearbejdning<\/td>\n<td> sk\u00e6ring, fr\u00e6sning, boring osv.<\/td>\n<\/tr>\n<tr>\n<td> Garanti<\/td>\n<td> 25 \u00e5r<\/td>\n<\/tr>\n<tr>\n<td> Temperament:<\/td>\n<td> T3-T8<\/td>\n<\/tr>\n<tr>\n<td> Type:<\/td>\n<td> byggevarer, industrimaskiner, transportmateriale osv.<\/td>\n<\/tr>\n<tr>\n<td> S\u00e6rlig service:<\/td>\n<td> Tilpasset design tilbydes<\/td>\n<\/tr>\n<tr>\n<td> Varem\u00e6rke:<\/td>\n<td> Sinoextrud<\/td>\n<\/tr>\n<tr>\n<td> OEM:<\/td>\n<td> Tilbydes.<\/td>\n<\/tr>\n<\/tbody>\n<\/table>\n<h2>Vores produktionsbase<\/h2>\n<h3>Panorama over fabrikken<\/h3>\n<p><img decoding=\"async\" src=\"\/wp-content\/uploads\/factory-01.webp\"\/><\/p>\n<h3>V\u00e6rksted til fremstilling af aluminiumst\u00e6nger<\/h3>\n<p><img decoding=\"async\" src=\"\/wp-content\/uploads\/factory-02.webp\"\/><\/p>\n<p><img decoding=\"async\" src=\"\/wp-content\/uploads\/factory-03.webp\"\/><\/p>\n<h3>Lager til opbevaring af skimmelsvampe<\/h3>\n<p><img decoding=\"async\" src=\"\/wp-content\/uploads\/factory-04.webp\"\/><\/p>\n<h3>43 ekstruderingslinjer for aluminium (500-5500 ton)<\/h3>\n<p><img decoding=\"async\" src=\"\/wp-content\/uploads\/factory-05.webp\"\/><\/p>\n<p><img decoding=\"async\" src=\"\/wp-content\/uploads\/factory-06.webp\"\/><\/p>\n<p><img decoding=\"async\" src=\"\/wp-content\/uploads\/factory-07.webp\"\/><\/p>\n<h3>V\u00e6rksted for pulverlakering<\/h3>\n<p><img decoding=\"async\" src=\"\/wp-content\/uploads\/factory-09.webp\"\/><\/p>\n<h3>Anodiseringsv\u00e6rksted<\/h3>\n<p><img decoding=\"async\" src=\"\/wp-content\/uploads\/factory-10.webp\"\/><\/p>\n<h3>Workshop om dyb behandling<\/h3>\n<p><img decoding=\"async\" src=\"\/wp-content\/uploads\/factory-11.webp\"\/><\/p>\n<h3>V\u00e6rksted for CNC-pr\u00e6cisionsbearbejdning<\/h3>\n<p><img decoding=\"async\" src=\"\/wp-content\/uploads\/factory-11.5.webp\"\/><\/p>\n<h3>F\u00e6rdigvare- og eksportlager<\/h3>\n<p><img decoding=\"async\" src=\"\/wp-content\/uploads\/factory-12.webp\"\/><\/p>\n<p><img decoding=\"async\" src=\"\/wp-content\/uploads\/factory-13.webp\"\/><\/p>\n<p><img decoding=\"async\" src=\"\/wp-content\/uploads\/factory-14.webp\"\/><\/p>\n<h2>OFTE STILLEDE SP\u00d8RGSM\u00c5L<\/h2>\n<p><p><b>1. Hvad er ekstruderede aluminiumsbeslag?<\/b><\/p>\n<p>Ekstruderede aluminiumsbeslag er st\u00f8ttestrukturer lavet af aluminium, der er formet gennem en ekstruderingsproces, som ofte bruges i byggeri og industri.<br \/>\n<\/p><br \/>\n<br \/>\n<p><b>2. Hvad er fordelene ved at bruge ekstruderede aluminiumsbeslag?<\/b><\/p>\n<p>Ekstruderede aluminiumsbeslag er holdbare, lette, korrosionsbestandige og kan tilpasses, hvilket giver st\u00e6rk st\u00f8tte og omkostningseffektive l\u00f8sninger til forskellige anvendelser.<br \/>\n<\/p><br \/>\n<br \/>\n<p><b>3. Hvordan fremstilles ekstruderede aluminiumsbeslag?<\/b><\/p>\n<p>Ekstruderede aluminiumsbeslag fremstilles ved at ekstrudere aluminium gennem en matrice for at skabe den \u00f8nskede form, hvilket giver h\u00f8j pr\u00e6cision og effektivitet.<br \/>\n<\/p><br \/>\n<br \/>\n<p><b>4. Kan ekstruderede aluminiumsbeslag tilpasses?<\/b><\/p>\n<p>Ja, ekstruderede aluminiumsbeslag kan tilpasses fuldt ud med hensyn til st\u00f8rrelse, form og design for at opfylde specifikke krav til forskellige industrielle anvendelser.<br \/>\n<\/p><br \/>\n<br \/>\n<p><b>5. Hvilke industrier bruger ekstruderede aluminiumsbeslag?<\/b><\/p>\n<p>Ekstruderede aluminiumsbeslag bruges i brancher som byggeri, biler og maskiner, hvor der er brug for st\u00e6rke, lette st\u00f8tter til forskellige strukturer og komponenter.<br \/>\n<\/p><br \/>\n<br \/>\n<p><b>6. Hvordan gavner korrosionsbestandigheden af ekstruderede aluminiumsbeslag deres ydeevne?<\/b><\/p>\n<p>Korrosionsbestandigheden af ekstruderede aluminiumsbeslag sikrer, at de forbliver holdbare og funktionelle selv under barske milj\u00f8forhold, hvilket \u00f8ger deres levetid.<br \/>\n<\/p><br \/>\n<br \/>\n<p><b>7. Er ekstruderede aluminiumsbeslag milj\u00f8venlige?<\/b><\/p>\n<p>Ja, aluminium er et b\u00e6redygtigt og fuldt genanvendeligt materiale, hvilket g\u00f8r ekstruderede aluminiumsbeslag til en milj\u00f8m\u00e6ssigt ansvarlig l\u00f8sning til industriel brug.<br \/>\n<\/p><br \/>\n<br \/>\n<p><b>8. Hvad g\u00f8r ekstruderede aluminiumsbeslag omkostningseffektive?<\/b><\/p>\n<p>Ekstruderede aluminiumsbeslag er omkostningseffektive p\u00e5 grund af den effektive ekstruderingsproces, der giver mulighed for b\u00e5de sm\u00e5 og store produktionsserier til konkurrencedygtige priser.<br \/>\n<\/p><br \/><\/p>","protected":false},"featured_media":8590,"template":"","categories":[68],"class_list":["post-8591","product","type-product","status-publish","has-post-thumbnail","hentry","category-cnc-machining-aluminum-profile"],"meta_box":{"hilight_text_group":{"product_hilight_text":"<li>Durable and lightweight extruded aluminum material for strong, reliable support.<\/li>\r\r\n<li>Customizable designs to meet specific load-bearing and installation requirements.<\/li>\r\r\n<li>Corrosion-resistant surface ensures longevity in various environments.<\/li>\r\r\n<li>Efficient manufacturing process for cost-effective production of both small and large runs.<\/li>\r\r\n<li>Precision engineering guarantees a perfect fit and easy installation.<\/li>\r\r\n<li>Environmentally friendly, as aluminum is fully recyclable and sustainable.<\/li>","product_chanpin_blog":"<ul>\r\r\n<li><a href=\"https:\/\/sinoextrud.com\/t-slot-v-slot-differences\/\" target=\"_blank\">t slot vs v slot<\/a><\/li>\r\r\n<li><a href=\"https:\/\/sinoextrud.com\/what-is-4040-aluminium-extrud\/\" target=\"_blank\">4040 aluminium extrusion<\/a><\/li>\r\r\n<li><a href=\"https:\/\/sinoextrud.com\/what-is-4040-aluminium-extrud\/\" target=\"_blank\">aluminum extrusions for industrial racks<\/a><\/li>\r\r\n<li><a href=\"https:\/\/sinoextrud.com\/powder-coating-aluminium-process\/\" target=\"_blank\">powder coating aluminium<\/a><\/li>\r\r\n<li><a href=\"https:\/\/sinoextrud.com\/what-is-an-aluminium-strip-ceiling\/\" target=\"_blank\">aluminium strip ceiling<\/a><\/li>\r\r\n<li><a href=\"https:\/\/sinoextrud.com\/what-is-a-heat-sink\/\" target=\"_blank\">what is a heat sink<\/a><\/li>\r\r\n<\/ul>","product_chanpin_chanpin":"<li><a href=\"https:\/\/sinoextrud.com\/product\/aluminum-machining-round-tube-processing-by-aluminum-profile-cad-vs-aluminium-alloy-customized-anodized\/\" target=\"_blank\">aluminum machining round tube processing by aluminum profile cad  vs aluminium alloy Customized Anodized<\/a><\/li>\r\n<li><a href=\"https:\/\/sinoextrud.com\/product\/aluminium-profile-rail\/\" target=\"_blank\">Aluminium Profile Rail<\/a><\/li>\r\n<li><a href=\"https:\/\/sinoextrud.com\/product\/machined-aluminum-extrusion\/\" target=\"_blank\">Machined Aluminum Extrusion<\/a><\/li>\r\n<li><a href=\"https:\/\/sinoextrud.com\/product\/aluminum-extrusion-accessories\/\" target=\"_blank\">Aluminum Extrusion Accessories<\/a><\/li>\r\n<li><a href=\"https:\/\/sinoextrud.com\/product\/extruded-aluminum-brackets\/\" target=\"_blank\">Extruded Aluminum Brackets<\/a><\/li>\r\n<li><a href=\"https:\/\/sinoextrud.com\/product\/aluminium-extrusion-hinge\/\" target=\"_blank\">Aluminium Extrusion Hinge<\/a><\/li>\r\n<li><a href=\"https:\/\/sinoextrud.com\/product\/cnc-aluminium\/\" target=\"_blank\">Cnc Aluminium<\/a><\/li>\r\n<li><a href=\"https:\/\/sinoextrud.com\/product\/aluminium-profile-accessories\/\" target=\"_blank\">Aluminium Profile Accessories<\/a><\/li>\r\n<li><a href=\"https:\/\/sinoextrud.com\/product\/round-aluminum-extrusion-tubular-cnc-bending\/\" target=\"_blank\">Round Aluminum Extrusion Tubular Cnc Bending<\/a><\/li>\r\n<li><a href=\"https:\/\/sinoextrud.com\/product\/extruded-aluminum-for-outdoor-light-heat-sink\/\" target=\"_blank\">Extruded Aluminum For Outdoor Light Heat Sink<\/a><\/li>\r\n<li><a href=\"https:\/\/sinoextrud.com\/product\/6000-series-alloy-extruded-aluminium-profile-for-industrial-solar-panel-frame-structure\/\" target=\"_blank\">6000 Series Alloy Extruded Aluminium Profile For Industrial Solar Panel Frame Structure<\/a><\/li>"},"feature_list":[]},"_links":{"self":[{"href":"https:\/\/sinoextrud.com\/da\/wp-json\/wp\/v2\/product\/8591","targetHints":{"allow":["GET"]}}],"collection":[{"href":"https:\/\/sinoextrud.com\/da\/wp-json\/wp\/v2\/product"}],"about":[{"href":"https:\/\/sinoextrud.com\/da\/wp-json\/wp\/v2\/types\/product"}],"wp:featuredmedia":[{"embeddable":true,"href":"https:\/\/sinoextrud.com\/da\/wp-json\/wp\/v2\/media\/8590"}],"wp:attachment":[{"href":"https:\/\/sinoextrud.com\/da\/wp-json\/wp\/v2\/media?parent=8591"}],"wp:term":[{"taxonomy":"category","embeddable":true,"href":"https:\/\/sinoextrud.com\/da\/wp-json\/wp\/v2\/categories?post=8591"}],"curies":[{"name":"wp","href":"https:\/\/api.w.org\/{rel}","templated":true}]}}