{"id":8587,"date":"2025-06-17T03:37:24","date_gmt":"2025-06-17T03:37:24","guid":{"rendered":"https:\/\/sinoextrud.com\/product\/machined-aluminum-extrusion\/"},"modified":"2025-06-24T06:34:27","modified_gmt":"2025-06-24T06:34:27","slug":"bearbejdet-ekstrudering-af-aluminium","status":"publish","type":"product","link":"https:\/\/sinoextrud.com\/da\/product\/machined-aluminum-extrusion\/","title":{"rendered":"Bearbejdet ekstrudering af aluminium"},"content":{"rendered":"<h2>Detaljer om produkter<\/h2>\n<table class=\"custom-table\">\n<tbody>\n<tr>\n<td> Titel<\/td>\n<td> Bearbejdet aluminiumsekstrudering<\/td>\n<\/tr>\n<tr>\n<td> Kategori<\/td>\n<td> Aluminiumsprofil<\/td>\n<\/tr>\n<tr>\n<td> Materiale<\/td>\n<td> Aluminiumslegering (6063, 6061,6464,6082)<\/td>\n<\/tr>\n<tr>\n<td> Temperament<\/td>\n<td> T5<\/td>\n<\/tr>\n<tr>\n<td> St\u00f8rrelse<\/td>\n<td> Efter kundens \u00f8nske<\/td>\n<\/tr>\n<tr>\n<td> Form<\/td>\n<td> Trekant eller ekstruderet i henhold til kundens tegning<\/td>\n<\/tr>\n<tr>\n<td> Overfladebehandling<\/td>\n<td> Anodiseret, sandbl\u00e6st, polering, elektroforese, power coating<\/td>\n<\/tr>\n<tr>\n<td> Farve<\/td>\n<td> Champagne og tilpasset er tilg\u00e6ngelig<\/td>\n<\/tr>\n<tr>\n<td> Certifikat<\/td>\n<td> TUV, ASTM, GB<\/td>\n<\/tr>\n<tr>\n<td> Fra<\/td>\n<td> Guangdong, Kina<\/td>\n<\/tr>\n<\/tbody>\n<\/table>\n<h2>Vores produktionsbase<\/h2>\n<h3>Panorama over fabrikken<\/h3>\n<p><img decoding=\"async\" src=\"\/wp-content\/uploads\/factory-01.webp\"\/><\/p>\n<h3>V\u00e6rksted til fremstilling af aluminiumst\u00e6nger<\/h3>\n<p><img decoding=\"async\" src=\"\/wp-content\/uploads\/factory-02.webp\"\/><\/p>\n<p><img decoding=\"async\" src=\"\/wp-content\/uploads\/factory-03.webp\"\/><\/p>\n<h3>Lager til opbevaring af skimmelsvampe<\/h3>\n<p><img decoding=\"async\" src=\"\/wp-content\/uploads\/factory-04.webp\"\/><\/p>\n<h3>43 ekstruderingslinjer for aluminium (500-5500 ton)<\/h3>\n<p><img decoding=\"async\" src=\"\/wp-content\/uploads\/factory-05.webp\"\/><\/p>\n<p><img decoding=\"async\" src=\"\/wp-content\/uploads\/factory-06.webp\"\/><\/p>\n<p><img decoding=\"async\" src=\"\/wp-content\/uploads\/factory-07.webp\"\/><\/p>\n<h3>V\u00e6rksted for pulverlakering<\/h3>\n<p><img decoding=\"async\" src=\"\/wp-content\/uploads\/factory-09.webp\"\/><\/p>\n<h3>Anodiseringsv\u00e6rksted<\/h3>\n<p><img decoding=\"async\" src=\"\/wp-content\/uploads\/factory-10.webp\"\/><\/p>\n<h3>Workshop om dyb behandling<\/h3>\n<p><img decoding=\"async\" src=\"\/wp-content\/uploads\/factory-11.webp\"\/><\/p>\n<h3>V\u00e6rksted for CNC-pr\u00e6cisionsbearbejdning<\/h3>\n<p><img decoding=\"async\" src=\"\/wp-content\/uploads\/factory-11.5.webp\"\/><\/p>\n<h3>F\u00e6rdigvare- og eksportlager<\/h3>\n<p><img decoding=\"async\" src=\"\/wp-content\/uploads\/factory-12.webp\"\/><\/p>\n<p><img decoding=\"async\" src=\"\/wp-content\/uploads\/factory-13.webp\"\/><\/p>\n<p><img decoding=\"async\" src=\"\/wp-content\/uploads\/factory-14.webp\"\/><\/p>\n<h2>OFTE STILLEDE SP\u00d8RGSM\u00c5L<\/h2>\n<p><p><b>1. Hvad er bearbejdet aluminiumsekstrudering?<\/b><\/p>\n<p>Bearbejdet aluminiumsekstrudering refererer til aluminiumsprofiler, der er formet og bearbejdet ved hj\u00e6lp af pr\u00e6cisionsprocesser for at skabe tilpassede komponenter til forskellige industrielle anvendelser.<br \/>\n<\/p><br \/>\n<br \/>\n<p><b>2. Hvorfor v\u00e6lge bearbejdede aluminiumsprofiler?<\/b><\/p>\n<p>Bearbejdede aluminiumsprofiler giver h\u00f8j pr\u00e6cision, alsidigt design og fremragende holdbarhed, hvilket g\u00f8r dem ideelle til specialfremstillede dele, der bruges i bil-, rumfarts- og elektronikindustrien.<br \/>\n<\/p><br \/>\n<br \/>\n<p><b>3. Hvor n\u00f8jagtige er bearbejdede aluminiumsekstruderinger?<\/b><\/p>\n<p>Bearbejdede aluminiumsprofiler produceres med h\u00f8j pr\u00e6cision, hvilket sikrer sn\u00e6vre tolerancer og overlegen m\u00e5ln\u00f8jagtighed til komplekse designs og kritiske anvendelser.<br \/>\n<\/p><br \/>\n<br \/>\n<p><b>4. kan bearbejdede aluminiumsekstruderinger tilpasses?<\/b><\/p>\n<p>Ja, bearbejdede aluminiumsprofiler kan nemt tilpasses med hensyn til st\u00f8rrelse, form og design for at opfylde specifikke projektkrav, hvilket giver fleksibilitet til forskellige anvendelser.<br \/>\n<\/p><br \/>\n<br \/>\n<p><b>5. Hvilke industrier drager fordel af bearbejdede aluminiumsekstruderinger?<\/b><\/p>\n<p>Industrier som bilindustrien, rumfart, elektronik og produktion nyder godt af bearbejdede aluminiumsprofiler p\u00e5 grund af deres lette v\u00e6gt, styrke og korrosionsbestandighed.<br \/>\n<\/p><br \/>\n<br \/>\n<p><b>6. Hvor hurtigt kan bearbejdede aluminiumsekstruderinger produceres?<\/b><\/p>\n<p>Bearbejdede aluminiumsprofiler kan produceres hurtigt med effektive bearbejdningsprocesser, der giver mulighed for hurtige leveringstider, samtidig med at kvalitetsstandarderne opretholdes.<br \/>\n<\/p><br \/>\n<br \/>\n<p><b>7. Er bearbejdede aluminiumsekstruderinger omkostningseffektive?<\/b><\/p>\n<p>Ja, bearbejdede aluminiumsprofiler er en omkostningseffektiv l\u00f8sning til specialfremstillede komponenter, der giver fremragende ydeevne til konkurrencedygtige priser for b\u00e5de sm\u00e5 og store produktionsserier.<br \/>\n<\/p><br \/><\/p>","protected":false},"featured_media":8586,"template":"","categories":[68],"class_list":["post-8587","product","type-product","status-publish","has-post-thumbnail","hentry","category-cnc-machining-aluminum-profile"],"meta_box":{"hilight_text_group":{"product_hilight_text":"<li>High precision machining for customized aluminum extrusions<\/li>\r\r\n<li>Versatile design options for a wide range of industrial applications<\/li>\r\r\n<li>Lightweight, strong, and corrosion-resistant aluminum material<\/li>\r\r\n<li>Cost-effective and efficient production with quick lead times<\/li>\r\r\n<li>Superior dimensional accuracy and surface finish<\/li>\r\r\n<li>Ideal for industries such as automotive, aerospace, and electronics<\/li>","product_chanpin_blog":"<ul>\r\r\n<li><a href=\"https:\/\/sinoextrud.com\/t-slot-v-slot-differences\/\" target=\"_blank\">t slot vs v slot<\/a><\/li>\r\r\n<li><a href=\"https:\/\/sinoextrud.com\/what-is-4040-aluminium-extrud\/\" target=\"_blank\">4040 aluminium extrusion<\/a><\/li>\r\r\n<li><a href=\"https:\/\/sinoextrud.com\/what-is-4040-aluminium-extrud\/\" target=\"_blank\">aluminum extrusions for industrial racks<\/a><\/li>\r\r\n<li><a href=\"https:\/\/sinoextrud.com\/powder-coating-aluminium-process\/\" target=\"_blank\">powder coating aluminium<\/a><\/li>\r\r\n<li><a href=\"https:\/\/sinoextrud.com\/what-is-an-aluminium-strip-ceiling\/\" target=\"_blank\">aluminium strip ceiling<\/a><\/li>\r\r\n<li><a href=\"https:\/\/sinoextrud.com\/what-is-a-heat-sink\/\" target=\"_blank\">what is a heat sink<\/a><\/li>\r\r\n<\/ul>","product_chanpin_chanpin":"<li><a href=\"https:\/\/sinoextrud.com\/product\/cnc-aluminium-extrusion\/\" target=\"_blank\">CNC Aluminium Extrusion<\/a><\/li>\r\n<li><a href=\"https:\/\/sinoextrud.com\/product\/extruded-aluminum-housing\/\" target=\"_blank\">Extruded Aluminum Housing<\/a><\/li>\r\n<li><a href=\"https:\/\/sinoextrud.com\/product\/aluminum-machining-round-tube-processing-by-aluminum-profile-cad-vs-aluminium-alloy-customized-anodized\/\" target=\"_blank\">aluminum machining round tube processing by aluminum profile cad  vs aluminium alloy Customized Anodized<\/a><\/li>\r\n<li><a href=\"https:\/\/sinoextrud.com\/product\/aluminium-profile-rail\/\" target=\"_blank\">Aluminium Profile Rail<\/a><\/li>\r\n<li><a href=\"https:\/\/sinoextrud.com\/product\/machined-aluminum-extrusion\/\" target=\"_blank\">Machined Aluminum Extrusion<\/a><\/li>\r\n<li><a href=\"https:\/\/sinoextrud.com\/product\/aluminum-extrusion-accessories\/\" target=\"_blank\">Aluminum Extrusion Accessories<\/a><\/li>\r\n<li><a href=\"https:\/\/sinoextrud.com\/product\/extruded-aluminum-brackets\/\" target=\"_blank\">Extruded Aluminum Brackets<\/a><\/li>\r\n<li><a href=\"https:\/\/sinoextrud.com\/product\/aluminium-extrusion-hinge\/\" target=\"_blank\">Aluminium Extrusion Hinge<\/a><\/li>\r\n<li><a href=\"https:\/\/sinoextrud.com\/product\/cnc-aluminium\/\" target=\"_blank\">Cnc Aluminium<\/a><\/li>\r\n<li><a href=\"https:\/\/sinoextrud.com\/product\/aluminum-trailer-door-frame-extrusions\/\" target=\"_blank\">Aluminum Trailer Door Frame Extrusions<\/a><\/li>\r\n<li><a href=\"https:\/\/sinoextrud.com\/product\/anodized-extruded-aluminum-j-channel\/\" target=\"_blank\">Anodized Extruded Aluminum J Channel<\/a><\/li>"},"feature_list":[]},"_links":{"self":[{"href":"https:\/\/sinoextrud.com\/da\/wp-json\/wp\/v2\/product\/8587","targetHints":{"allow":["GET"]}}],"collection":[{"href":"https:\/\/sinoextrud.com\/da\/wp-json\/wp\/v2\/product"}],"about":[{"href":"https:\/\/sinoextrud.com\/da\/wp-json\/wp\/v2\/types\/product"}],"wp:featuredmedia":[{"embeddable":true,"href":"https:\/\/sinoextrud.com\/da\/wp-json\/wp\/v2\/media\/8586"}],"wp:attachment":[{"href":"https:\/\/sinoextrud.com\/da\/wp-json\/wp\/v2\/media?parent=8587"}],"wp:term":[{"taxonomy":"category","embeddable":true,"href":"https:\/\/sinoextrud.com\/da\/wp-json\/wp\/v2\/categories?post=8587"}],"curies":[{"name":"wp","href":"https:\/\/api.w.org\/{rel}","templated":true}]}}