{"id":8581,"date":"2025-06-17T03:27:44","date_gmt":"2025-06-17T03:27:44","guid":{"rendered":"https:\/\/sinoextrud.com\/product\/extruded-aluminum-housing\/"},"modified":"2025-06-24T06:34:26","modified_gmt":"2025-06-24T06:34:26","slug":"hus-af-ekstruderet-aluminium-2","status":"publish","type":"product","link":"https:\/\/sinoextrud.com\/da\/product\/extruded-aluminum-housing\/","title":{"rendered":"Hus af ekstruderet aluminium"},"content":{"rendered":"<h2>Detaljer om produkter<\/h2>\n<table class=\"custom-table\">\n<tbody>\n<tr>\n<td> Materiale<\/td>\n<td> Aluminiumslegering<\/td>\n<\/tr>\n<tr>\n<td> Overfladebehandling<\/td>\n<td> F\u00e6rdigbehandlet, anodiseret, pulverlakering osv.<\/td>\n<\/tr>\n<tr>\n<td> Farve<\/td>\n<td> Som tilpasset<\/td>\n<\/tr>\n<tr>\n<td> Certifikater<\/td>\n<td> ISO9001,ISO4001<\/td>\n<\/tr>\n<tr>\n<td> CNC-proces<\/td>\n<td> Fr\u00e6sning, stansning, boring, gevindsk\u00e6ring, bukning<\/td>\n<\/tr>\n<\/tbody>\n<\/table>\n<h2>Vores produktionsbase<\/h2>\n<h3>Panorama over fabrikken<\/h3>\n<p><img decoding=\"async\" src=\"\/wp-content\/uploads\/factory-01.webp\"\/><\/p>\n<h3>V\u00e6rksted til fremstilling af aluminiumst\u00e6nger<\/h3>\n<p><img decoding=\"async\" src=\"\/wp-content\/uploads\/factory-02.webp\"\/><\/p>\n<p><img decoding=\"async\" src=\"\/wp-content\/uploads\/factory-03.webp\"\/><\/p>\n<h3>Lager til opbevaring af skimmelsvampe<\/h3>\n<p><img decoding=\"async\" src=\"\/wp-content\/uploads\/factory-04.webp\"\/><\/p>\n<h3>43 ekstruderingslinjer for aluminium (500-5500 ton)<\/h3>\n<p><img decoding=\"async\" src=\"\/wp-content\/uploads\/factory-05.webp\"\/><\/p>\n<p><img decoding=\"async\" src=\"\/wp-content\/uploads\/factory-06.webp\"\/><\/p>\n<p><img decoding=\"async\" src=\"\/wp-content\/uploads\/factory-07.webp\"\/><\/p>\n<h3>V\u00e6rksted for pulverlakering<\/h3>\n<p><img decoding=\"async\" src=\"\/wp-content\/uploads\/factory-09.webp\"\/><\/p>\n<h3>Anodiseringsv\u00e6rksted<\/h3>\n<p><img decoding=\"async\" src=\"\/wp-content\/uploads\/factory-10.webp\"\/><\/p>\n<h3>Workshop om dyb behandling<\/h3>\n<p><img decoding=\"async\" src=\"\/wp-content\/uploads\/factory-11.webp\"\/><\/p>\n<h3>V\u00e6rksted for CNC-pr\u00e6cisionsbearbejdning<\/h3>\n<p><img decoding=\"async\" src=\"\/wp-content\/uploads\/factory-11.5.webp\"\/><\/p>\n<h3>F\u00e6rdigvare- og eksportlager<\/h3>\n<p><img decoding=\"async\" src=\"\/wp-content\/uploads\/factory-12.webp\"\/><\/p>\n<p><img decoding=\"async\" src=\"\/wp-content\/uploads\/factory-13.webp\"\/><\/p>\n<p><img decoding=\"async\" src=\"\/wp-content\/uploads\/factory-14.webp\"\/><\/p>\n<h2>OFTE STILLEDE SP\u00d8RGSM\u00c5L<\/h2>\n<p><p><b>1. Ekstruderet aluminiumshus: Hvad er fordelene ved at bruge ekstruderet aluminium til boliger?<\/b><\/p>\n<p>Ekstruderet aluminium er et let, holdbart og korrosionsbestandigt materiale, som er perfekt til indkapsling i forskellige brancher.<br \/>\n<\/p><br \/>\n<br \/>\n<p><b>2. Hvordan hj\u00e6lper ekstruderet aluminiumshus med varmeafledning?<\/b><\/p>\n<p>Aluminium har en fremragende varmeledningsevne, der sikrer, at varmen ledes effektivt v\u00e6k og beskytter f\u00f8lsomme komponenter inde i huset mod overophedning.<br \/>\n<\/p><br \/>\n<br \/>\n<p><b>3. Er huset af ekstruderet aluminium egnet til barske milj\u00f8er?<\/b><\/p>\n<p>Ja, ekstruderet aluminium er naturligt korrosionsbestandigt, hvilket g\u00f8r det ideelt til brug i barske udend\u00f8rs- og industrimilj\u00f8er, hvor holdbarhed er afg\u00f8rende.<br \/>\n<\/p><br \/>\n<br \/>\n<p><b>4. Kan ekstruderede aluminiumshuse tilpasses til specifikke anvendelser?<\/b><\/p>\n<p>Ja, ekstruderede aluminiumskabinetter kan tilpasses i st\u00f8rrelse, form og design, s\u00e5 de opfylder de unikke krav til forskellige enheder og industrier.<br \/>\n<\/p><br \/>\n<br \/>\n<p><b>5. Hvilke industrier drager fordel af ekstruderede aluminiumskabinetter?<\/b><\/p>\n<p>Industrier som elektronik, telekommunikation, bilindustrien og rumfart bruger ekstruderede aluminiumskabinetter p\u00e5 grund af deres styrke, varmeafledning og alsidighed.<br \/>\n<\/p><br \/>\n<br \/>\n<p><b>6. Hvordan forbedrer ekstruderede aluminiumskabinetter produktets p\u00e5lidelighed?<\/b><\/p>\n<p>Ekstruderet aluminiumshus beskytter f\u00f8lsomme elektroniske komponenter mod milj\u00f8skader og overophedning, hvilket forbedrer produktets samlede p\u00e5lidelighed og levetid.<br \/>\n<\/p><br \/>\n<br \/>\n<p><b>7. Hvorfor betragtes ekstruderede aluminiumskabinetter som en omkostningseffektiv l\u00f8sning?<\/b><\/p>\n<p>Ekstruderede aluminiumskabinetter er omkostningseffektive p\u00e5 grund af den effektive produktionsproces, den lave v\u00e6gt og muligheden for at masseproducere, samtidig med at den h\u00f8je kvalitet og holdbarhed bevares.<br \/>\n<\/p><br \/><\/p>","protected":false},"featured_media":8580,"template":"","categories":[68],"class_list":["post-8581","product","type-product","status-publish","has-post-thumbnail","hentry","category-cnc-machining-aluminum-profile"],"meta_box":{"hilight_text_group":{"product_hilight_text":"<li>Lightweight yet durable design for a wide range of applications<\/li>\r\r\n<li>Excellent heat dissipation properties, ideal for sensitive electronic components<\/li>\r\r\n<li>Corrosion-resistant, ensuring longevity and reliability in harsh environments<\/li>\r\r\n<li>Customizable dimensions and designs to meet specific needs<\/li>\r\r\n<li>Cost-effective and efficient production with high scalability<\/li>","product_chanpin_blog":"<ul>\r\r\n<li><a href=\"https:\/\/sinoextrud.com\/t-slot-v-slot-differences\/\" target=\"_blank\">t slot vs v slot<\/a><\/li>\r\r\n<li><a href=\"https:\/\/sinoextrud.com\/what-is-4040-aluminium-extrud\/\" target=\"_blank\">4040 aluminium extrusion<\/a><\/li>\r\r\n<li><a href=\"https:\/\/sinoextrud.com\/what-is-4040-aluminium-extrud\/\" target=\"_blank\">aluminum extrusions for industrial racks<\/a><\/li>\r\r\n<li><a href=\"https:\/\/sinoextrud.com\/powder-coating-aluminium-process\/\" target=\"_blank\">powder coating aluminium<\/a><\/li>\r\r\n<li><a href=\"https:\/\/sinoextrud.com\/what-is-an-aluminium-strip-ceiling\/\" target=\"_blank\">aluminium strip ceiling<\/a><\/li>\r\r\n<li><a href=\"https:\/\/sinoextrud.com\/what-is-a-heat-sink\/\" target=\"_blank\">what is a heat sink<\/a><\/li>\r\r\n<\/ul>","product_chanpin_chanpin":"<li><a href=\"https:\/\/sinoextrud.com\/product\/high-precision-aluminium-profiles\/\" target=\"_blank\">High Precision Aluminium Profiles<\/a><\/li>\r\n<li><a href=\"https:\/\/sinoextrud.com\/product\/joining-aluminium-extrusions\/\" target=\"_blank\">Joining Aluminium Extrusions<\/a><\/li>\r\n<li><a href=\"https:\/\/sinoextrud.com\/product\/profile-aluminum-cnc\/\" target=\"_blank\">Profile Aluminum CNC<\/a><\/li>\r\n<li><a href=\"https:\/\/sinoextrud.com\/product\/cnc-aluminium-extrusion\/\" target=\"_blank\">CNC Aluminium Extrusion<\/a><\/li>\r\n<li><a href=\"https:\/\/sinoextrud.com\/product\/extruded-aluminum-housing\/\" target=\"_blank\">Extruded Aluminum Housing<\/a><\/li>\r\n<li><a href=\"https:\/\/sinoextrud.com\/product\/aluminum-machining-round-tube-processing-by-aluminum-profile-cad-vs-aluminium-alloy-customized-anodized\/\" target=\"_blank\">aluminum machining round tube processing by aluminum profile cad  vs aluminium alloy Customized Anodized<\/a><\/li>\r\n<li><a href=\"https:\/\/sinoextrud.com\/product\/aluminium-profile-rail\/\" target=\"_blank\">Aluminium Profile Rail<\/a><\/li>\r\n<li><a href=\"https:\/\/sinoextrud.com\/product\/machined-aluminum-extrusion\/\" target=\"_blank\">Machined Aluminum Extrusion<\/a><\/li>\r\n<li><a href=\"https:\/\/sinoextrud.com\/product\/aluminum-extrusion-accessories\/\" target=\"_blank\">Aluminum Extrusion Accessories<\/a><\/li>\r\n<li><a href=\"https:\/\/sinoextrud.com\/product\/aluminum-balustrade-handrail\/\" target=\"_blank\">Aluminum Balustrade Handrail<\/a><\/li>\r\n<li><a href=\"https:\/\/sinoextrud.com\/product\/wood-look-aluminium-battens\/\" target=\"_blank\">Wood Look Aluminium Battens<\/a><\/li>"},"feature_list":[]},"_links":{"self":[{"href":"https:\/\/sinoextrud.com\/da\/wp-json\/wp\/v2\/product\/8581","targetHints":{"allow":["GET"]}}],"collection":[{"href":"https:\/\/sinoextrud.com\/da\/wp-json\/wp\/v2\/product"}],"about":[{"href":"https:\/\/sinoextrud.com\/da\/wp-json\/wp\/v2\/types\/product"}],"wp:featuredmedia":[{"embeddable":true,"href":"https:\/\/sinoextrud.com\/da\/wp-json\/wp\/v2\/media\/8580"}],"wp:attachment":[{"href":"https:\/\/sinoextrud.com\/da\/wp-json\/wp\/v2\/media?parent=8581"}],"wp:term":[{"taxonomy":"category","embeddable":true,"href":"https:\/\/sinoextrud.com\/da\/wp-json\/wp\/v2\/categories?post=8581"}],"curies":[{"name":"wp","href":"https:\/\/api.w.org\/{rel}","templated":true}]}}