{"id":8579,"date":"2025-06-17T03:25:51","date_gmt":"2025-06-17T03:25:51","guid":{"rendered":"https:\/\/sinoextrud.com\/product\/cnc-aluminium-extrusion\/"},"modified":"2025-06-24T06:34:26","modified_gmt":"2025-06-24T06:34:26","slug":"cnc-ekstrudering-af-aluminium","status":"publish","type":"product","link":"https:\/\/sinoextrud.com\/da\/product\/cnc-aluminium-extrusion\/","title":{"rendered":"CNC-ekstrudering af aluminium"},"content":{"rendered":"<h2>Detaljer om produkter<\/h2>\n<table class=\"custom-table\">\n<tbody>\n<tr>\n<td> Produktets navn<\/td>\n<td> CNC-ekstrudering af aluminium<\/td>\n<\/tr>\n<tr>\n<td> Materiale<\/td>\n<td> 6063-T5 eller andet tilpasset materiale<\/td>\n<\/tr>\n<tr>\n<td> Tykkelse<\/td>\n<td> 0,7 mm-10 mm<\/td>\n<\/tr>\n<tr>\n<td> Tolerance for pr\u00e6cisionssk\u00e6ring<\/td>\n<td> \u22641m : \u00b10,25mm<br \/>\n1m&lt; : \u22642m, \u00b10,35mm<br \/>\n\u22652m : \u00b10,50mm<\/td>\n<\/tr>\n<tr>\n<td> Tolerance for boring<\/td>\n<td> \u00b10,15~0,20mm<\/td>\n<\/tr>\n<tr>\n<td> Tolerance for almindelig sk\u00e6ring<\/td>\n<td> \u00b110 ~ 0mm<\/td>\n<\/tr>\n<tr>\n<td> Typiske anvendelser<\/td>\n<td> Industri, maskindele, elektroniske huse osv.<\/td>\n<\/tr>\n<tr>\n<td> Brugerdefineret type<\/td>\n<td> Tegning eller pr\u00f8ve leveret af kunden tilg\u00e6ngelig<\/td>\n<\/tr>\n<tr>\n<td> Brand<\/td>\n<td> Sinoextrud, Sinoextrud, tilpasset varem\u00e6rke muligt<\/td>\n<\/tr>\n<tr>\n<td> Overfladebehandling<\/td>\n<td> Fr\u00e6set f\u00e6rdig, anodiseret, pulverlakeret osv.<\/td>\n<\/tr>\n<tr>\n<td> MOQ<\/td>\n<td> 200 kg<\/td>\n<\/tr>\n<tr>\n<td> Kvalitetsstandard<\/td>\n<td> Mellem og h\u00f8jt kvalitetsniveau<\/td>\n<\/tr>\n<tr>\n<td> Certifikater<\/td>\n<td> ISO9001,ISO4001,CQM,SGS,CE,BV etc.<\/td>\n<\/tr>\n<tr>\n<td> Fabrikkens produktionsevne<\/td>\n<td> 15.000 tons pr. m\u00e5ned<\/td>\n<\/tr>\n<\/tbody>\n<\/table>\n<h2>Vores produktionsbase<\/h2>\n<h3>Panorama over fabrikken<\/h3>\n<p><img decoding=\"async\" src=\"\/wp-content\/uploads\/factory-01.webp\"\/><\/p>\n<h3>V\u00e6rksted til fremstilling af aluminiumst\u00e6nger<\/h3>\n<p><img decoding=\"async\" src=\"\/wp-content\/uploads\/factory-02.webp\"\/><\/p>\n<\/p>\n<p><img decoding=\"async\" src=\"\/wp-content\/uploads\/factory-03.webp\"\/><\/p>\n<h3>Lager til opbevaring af skimmelsvampe<\/h3>\n<p><img decoding=\"async\" src=\"\/wp-content\/uploads\/factory-04.webp\"\/><\/p>\n<h3>43 ekstruderingslinjer for aluminium (500-5500 ton)<\/h3>\n<p><img decoding=\"async\" src=\"\/wp-content\/uploads\/factory-05.webp\"\/><\/p>\n<p><img decoding=\"async\" src=\"\/wp-content\/uploads\/factory-06.webp\"\/><\/p>\n<p><img decoding=\"async\" src=\"\/wp-content\/uploads\/factory-07.webp\"\/><\/p>\n<h3>V\u00e6rksted for pulverlakering<\/h3>\n<p><img decoding=\"async\" src=\"\/wp-content\/uploads\/factory-09.webp\"\/><\/p>\n<h3>Anodiseringsv\u00e6rksted<\/h3>\n<p><img decoding=\"async\" src=\"\/wp-content\/uploads\/factory-10.webp\"\/><\/p>\n<h3>Workshop om dyb behandling<\/h3>\n<p><img decoding=\"async\" src=\"\/wp-content\/uploads\/factory-11.webp\"\/><\/p>\n<h3>V\u00e6rksted for CNC-pr\u00e6cisionsbearbejdning<\/h3>\n<p><img decoding=\"async\" src=\"\/wp-content\/uploads\/factory-11.5.webp\"\/><\/p>\n<h3>F\u00e6rdigvare- og eksportlager<\/h3>\n<p><img decoding=\"async\" src=\"\/wp-content\/uploads\/factory-12.webp\"\/><\/p>\n<p><img decoding=\"async\" src=\"\/wp-content\/uploads\/factory-13.webp\"\/><\/p>\n<p><img decoding=\"async\" src=\"\/wp-content\/uploads\/factory-14.webp\"\/><\/p>\n<h2>OFTE STILLEDE SP\u00d8RGSM\u00c5L<\/h2>\n<p><b>1. CNC-ekstrudering af aluminium: Hvad g\u00f8r CNC-ekstrudering af aluminium til en pr\u00e6cis fremstillingsmetode?<\/b><\/p>\n<p>CNC-ekstrudering af aluminium giver h\u00f8j pr\u00e6cision ved at bruge computerstyrede maskiner til at skabe komplekse profiler med sn\u00e6vre tolerancer og ensartethed.\n<\/p>\n<p><\/p>\n<p><b>2. Kan CNC-ekstrudering af aluminium tilpasses til specifikke anvendelser?<\/b><\/p>\n<p>Ja, CNC-ekstrudering af aluminium kan skr\u00e6ddersys til forskellige st\u00f8rrelser, former og designs, hvilket g\u00f8r det velegnet til en lang r\u00e6kke industrielle anvendelser.\n<\/p>\n<p><\/p>\n<p><b>3. Hvordan gavner CNC-ekstrudering af aluminium industrier som rumfart og bilindustrien?<\/b><\/p>\n<p>CNC-ekstrudering af aluminium giver lette, holdbare materialer med h\u00f8j pr\u00e6cision, hvilket g\u00f8r det ideelt til kr\u00e6vende anvendelser i luft- og rumfart, bilindustrien og andre h\u00f8jtydende industrier.\n<\/p>\n<p><\/p>\n<p><b>4. Hvilke fordele er der ved at bruge aluminium i CNC-ekstrudering?<\/b><\/p>\n<p>Aluminium er let, st\u00e6rkt, korrosionsbestandigt og meget alsidigt, hvilket g\u00f8r det til et fremragende valg til CNC-ekstrudering, der giver holdbarhed og fleksibilitet i forskellige anvendelser.\n<\/p>\n<p><\/p>\n<p><b>5. Er CNC-aluminiumsekstruderingsprocessen effektiv til produktion af store m\u00e6ngder?<\/b><\/p>\n<p>Ja, CNC-ekstrudering af aluminium er yderst effektiv til masseproduktion, hvilket sikrer minimalt materialespild og hurtige leveringstider, samtidig med at man opretholder h\u00f8j pr\u00e6cision og kvalitet.\n<\/p>\n<p><\/p>\n<p><b>6. Hvordan reducerer CNC-ekstrudering af aluminium materialespild?<\/b><\/p>\n<p>CNC-ekstrudering af aluminium bruger optimerede sk\u00e6re- og formningsteknikker, der minimerer overskydende materialespild og forbedrer den samlede omkostningseffektivitet.\n<\/p>\n<p><\/p>\n<p><b>7. Hvorfor er CNC-ekstrudering af aluminium velegnet til komplekse og indviklede designs?<\/b><\/p>\n<p>CNC-ekstrudering af aluminium giver mulighed for at skabe detaljerede, skr\u00e6ddersyede profiler med pr\u00e6cise m\u00e5l, hvilket g\u00f8r det ideelt til at producere indviklede og komplekse designs, der er n\u00f8dvendige i forskellige brancher.\n<\/p>\n<p><\/p>","protected":false},"featured_media":8578,"template":"","categories":[68],"class_list":["post-8579","product","type-product","status-publish","has-post-thumbnail","hentry","category-cnc-machining-aluminum-profile"],"meta_box":{"hilight_text_group":{"product_hilight_text":"<li>High precision and tight tolerances for complex aluminum extrusion profiles<\/li>\r\r\n<li>Customizable dimensions and designs to suit specific industrial needs<\/li>\r\r\n<li>Ideal for high-performance applications requiring lightweight, durable materials<\/li>\r\r\n<li>Efficient production process with minimal waste and fast turnaround time<\/li>\r\r\n<li>Versatile for a variety of industries including aerospace, automotive, and construction<\/li>","product_chanpin_blog":"<ul>\r\r\n<li><a href=\"https:\/\/sinoextrud.com\/t-slot-v-slot-differences\/\" target=\"_blank\">t slot vs v slot<\/a><\/li>\r\r\n<li><a href=\"https:\/\/sinoextrud.com\/what-is-4040-aluminium-extrud\/\" target=\"_blank\">4040 aluminium extrusion<\/a><\/li>\r\r\n<li><a href=\"https:\/\/sinoextrud.com\/what-is-4040-aluminium-extrud\/\" target=\"_blank\">aluminum extrusions for industrial racks<\/a><\/li>\r\r\n<li><a href=\"https:\/\/sinoextrud.com\/powder-coating-aluminium-process\/\" target=\"_blank\">powder coating aluminium<\/a><\/li>\r\r\n<li><a href=\"https:\/\/sinoextrud.com\/what-is-an-aluminium-strip-ceiling\/\" target=\"_blank\">aluminium strip ceiling<\/a><\/li>\r\r\n<li><a href=\"https:\/\/sinoextrud.com\/what-is-a-heat-sink\/\" target=\"_blank\">what is a heat sink<\/a><\/li>\r\r\n<\/ul>","product_chanpin_chanpin":"<li><a href=\"https:\/\/sinoextrud.com\/product\/custom-extruded-aluminum-enclosures-used-for-motor-shell\/\" target=\"_blank\">Custom Extruded Aluminum Enclosures Used For Motor Shell<\/a><\/li>\r\n<li><a href=\"https:\/\/sinoextrud.com\/product\/high-precision-aluminium-profiles\/\" target=\"_blank\">High Precision Aluminium Profiles<\/a><\/li>\r\n<li><a href=\"https:\/\/sinoextrud.com\/product\/joining-aluminium-extrusions\/\" target=\"_blank\">Joining Aluminium Extrusions<\/a><\/li>\r\n<li><a href=\"https:\/\/sinoextrud.com\/product\/profile-aluminum-cnc\/\" target=\"_blank\">Profile Aluminum CNC<\/a><\/li>\r\n<li><a href=\"https:\/\/sinoextrud.com\/product\/cnc-aluminium-extrusion\/\" target=\"_blank\">CNC Aluminium Extrusion<\/a><\/li>\r\n<li><a href=\"https:\/\/sinoextrud.com\/product\/extruded-aluminum-housing\/\" target=\"_blank\">Extruded Aluminum Housing<\/a><\/li>\r\n<li><a href=\"https:\/\/sinoextrud.com\/product\/aluminum-machining-round-tube-processing-by-aluminum-profile-cad-vs-aluminium-alloy-customized-anodized\/\" target=\"_blank\">aluminum machining round tube processing by aluminum profile cad  vs aluminium alloy Customized Anodized<\/a><\/li>\r\n<li><a href=\"https:\/\/sinoextrud.com\/product\/aluminium-profile-rail\/\" target=\"_blank\">Aluminium Profile Rail<\/a><\/li>\r\n<li><a href=\"https:\/\/sinoextrud.com\/product\/machined-aluminum-extrusion\/\" target=\"_blank\">Machined Aluminum Extrusion<\/a><\/li>\r\n<li><a href=\"https:\/\/sinoextrud.com\/product\/aluminium-v-slot-extrusion\/\" target=\"_blank\">Aluminium V Slot Extrusion<\/a><\/li>\r\n<li><a href=\"https:\/\/sinoextrud.com\/product\/anodized-aluminum-profile-kitchen-cabinet-frame\/\" target=\"_blank\">Anodized Aluminum Profile Kitchen Cabinet Frame<\/a><\/li>"},"feature_list":[]},"_links":{"self":[{"href":"https:\/\/sinoextrud.com\/da\/wp-json\/wp\/v2\/product\/8579","targetHints":{"allow":["GET"]}}],"collection":[{"href":"https:\/\/sinoextrud.com\/da\/wp-json\/wp\/v2\/product"}],"about":[{"href":"https:\/\/sinoextrud.com\/da\/wp-json\/wp\/v2\/types\/product"}],"wp:featuredmedia":[{"embeddable":true,"href":"https:\/\/sinoextrud.com\/da\/wp-json\/wp\/v2\/media\/8578"}],"wp:attachment":[{"href":"https:\/\/sinoextrud.com\/da\/wp-json\/wp\/v2\/media?parent=8579"}],"wp:term":[{"taxonomy":"category","embeddable":true,"href":"https:\/\/sinoextrud.com\/da\/wp-json\/wp\/v2\/categories?post=8579"}],"curies":[{"name":"wp","href":"https:\/\/api.w.org\/{rel}","templated":true}]}}