{"id":8572,"date":"2025-06-17T03:21:12","date_gmt":"2025-06-17T03:21:12","guid":{"rendered":"https:\/\/sinoextrud.com\/product\/high-precision-aluminium-profiles\/"},"modified":"2025-06-24T06:34:24","modified_gmt":"2025-06-24T06:34:24","slug":"aluminiumsprofiler-med-hoj-praecision","status":"publish","type":"product","link":"https:\/\/sinoextrud.com\/da\/product\/high-precision-aluminium-profiles\/","title":{"rendered":"Aluminiumsprofiler med h\u00f8j pr\u00e6cision"},"content":{"rendered":"<h2>Detaljer om produkter<\/h2>\n<table class=\"custom-table\">\n<tr>\n<td class=\"label\">Titel<\/td>\n<td>Aluminiumsprofiler med h\u00f8j pr\u00e6cision<\/td>\n<\/tr>\n<\/table>\n<h2>Vores produktionsbase<\/h2>\n<h3>Panorama over fabrikken<\/h3>\n<p><img decoding=\"async\" src=\"\/wp-content\/uploads\/factory-01.webp\"\/><\/p>\n<h3>V\u00e6rksted til fremstilling af aluminiumst\u00e6nger<\/h3>\n<p><img decoding=\"async\" src=\"\/wp-content\/uploads\/factory-02.webp\"\/><\/p>\n<\/p>\n<p><img decoding=\"async\" src=\"\/wp-content\/uploads\/factory-03.webp\"\/><\/p>\n<h3>Lager til opbevaring af skimmelsvampe<\/h3>\n<p><img decoding=\"async\" src=\"\/wp-content\/uploads\/factory-04.webp\"\/><\/p>\n<h3>43 ekstruderingslinjer for aluminium (500-5500 ton)<\/h3>\n<p><img decoding=\"async\" src=\"\/wp-content\/uploads\/factory-05.webp\"\/><\/p>\n<p><img decoding=\"async\" src=\"\/wp-content\/uploads\/factory-06.webp\"\/><\/p>\n<p><img decoding=\"async\" src=\"\/wp-content\/uploads\/factory-07.webp\"\/><\/p>\n<h3>V\u00e6rksted for pulverlakering<\/h3>\n<p><img decoding=\"async\" src=\"\/wp-content\/uploads\/factory-09.webp\"\/><\/p>\n<h3>Anodiseringsv\u00e6rksted<\/h3>\n<p><img decoding=\"async\" src=\"\/wp-content\/uploads\/factory-10.webp\"\/><\/p>\n<h3>Workshop om dyb behandling<\/h3>\n<p><img decoding=\"async\" src=\"\/wp-content\/uploads\/factory-11.webp\"\/><\/p>\n<h3>V\u00e6rksted for CNC-pr\u00e6cisionsbearbejdning<\/h3>\n<p><img decoding=\"async\" src=\"\/wp-content\/uploads\/factory-11.5.webp\"\/><\/p>\n<h3>F\u00e6rdigvare- og eksportlager<\/h3>\n<p><img decoding=\"async\" src=\"\/wp-content\/uploads\/factory-12.webp\"\/><\/p>\n<p><img decoding=\"async\" src=\"\/wp-content\/uploads\/factory-13.webp\"\/><\/p>\n<p><img decoding=\"async\" src=\"\/wp-content\/uploads\/factory-14.webp\"\/><\/p>\n<h2>OFTE STILLEDE SP\u00d8RGSM\u00c5L<\/h2>\n<p><b>1. Aluminiumsprofiler med h\u00f8j pr\u00e6cision: Hvad adskiller dem fra almindelige aluminiumsprofiler?<\/b><\/p>\n<p>Aluminiumsprofiler med h\u00f8j pr\u00e6cision giver sn\u00e6vrere tolerancer og overlegen n\u00f8jagtighed, hvilket g\u00f8r dem ideelle til kr\u00e6vende anvendelser i f.eks. luft- og rumfartsindustrien, bilindustrien og elektronikindustrien.\n<\/p>\n<p><\/p>\n<p><b>2. Hvor holdbare er aluminiumsprofiler med h\u00f8j pr\u00e6cision?<\/b><\/p>\n<p>Aluminiumsprofiler med h\u00f8j pr\u00e6cision er korrosionsbestandige, hvilket sikrer en langvarig og p\u00e5lidelig ydeevne i barske milj\u00f8er.\n<\/p>\n<p><\/p>\n<p><b>3. Kan aluminiumsprofiler med h\u00f8j pr\u00e6cision tilpasses til specifikke anvendelser?<\/b><\/p>\n<p>Ja, disse profiler kan skr\u00e6ddersys til at opfylde specifikke krav til dimensioner, styrke og design i forskellige brancher.\n<\/p>\n<p><\/p>\n<p><b>4. Hvad er de vigtigste fordele ved at bruge aluminiumsprofiler med h\u00f8j pr\u00e6cision?<\/b><\/p>\n<p>De vigtigste fordele er overlegen styrke, letv\u00e6gtsegenskaber, h\u00f8j korrosionsbestandighed og evnen til at blive tilpasset til specifikke anvendelser.\n<\/p>\n<p><\/p>\n<p><b>5. Er aluminiumsprofiler med h\u00f8j pr\u00e6cision milj\u00f8venlige?<\/b><\/p>\n<p>Ja, aluminium er et meget genanvendeligt materiale, hvilket g\u00f8r aluminiumsprofiler med h\u00f8j pr\u00e6cision til et milj\u00f8venligt valg for forskellige industrier.\n<\/p>\n<p><\/p>\n<p><b>6. Hvilke industrier har gavn af aluminiumsprofiler med h\u00f8j pr\u00e6cision?<\/b><\/p>\n<p>Industrier som rumfart, bilindustri, elektronik og byggeri er afh\u00e6ngige af aluminiumsprofiler med h\u00f8j pr\u00e6cision til deres strukturelle og funktionelle anvendelser.\n<\/p>\n<p><\/p>\n<p><b>7. Hvorfor v\u00e6lge aluminiumsprofiler med h\u00f8j pr\u00e6cision frem for andre materialer?<\/b><\/p>\n<p>Aluminiumsprofiler med h\u00f8j pr\u00e6cision giver en unik kombination af styrke, letv\u00e6gtsdesign og holdbarhed, hvilket g\u00f8r dem ideelle til anvendelser, hvor ydeevne og effektivitet er afg\u00f8rende.\n<\/p>\n<p><\/p>","protected":false},"featured_media":8571,"template":"","categories":[68],"class_list":["post-8572","product","type-product","status-publish","has-post-thumbnail","hentry","category-cnc-machining-aluminum-profile"],"meta_box":{"hilight_text_group":{"product_hilight_text":"<li>Superior precision and tolerance for high-performance applications<\/li>\r\r\n<li>Corrosion-resistant, ensuring long-term durability and reliability<\/li>\r\r\n<li>Lightweight yet strong, ideal for structural and industrial uses<\/li>\r\r\n<li>Customizable designs to meet specific client needs and specifications<\/li>\r\r\n<li>Eco-friendly and recyclable, supporting sustainable development<\/li>","product_chanpin_blog":"<ul>\r\r\n<li><a href=\"https:\/\/sinoextrud.com\/t-slot-v-slot-differences\/\" target=\"_blank\">t slot vs v slot<\/a><\/li>\r\r\n<li><a href=\"https:\/\/sinoextrud.com\/what-is-4040-aluminium-extrud\/\" target=\"_blank\">4040 aluminium extrusion<\/a><\/li>\r\r\n<li><a href=\"https:\/\/sinoextrud.com\/what-is-4040-aluminium-extrud\/\" target=\"_blank\">aluminum extrusions for industrial racks<\/a><\/li>\r\r\n<li><a href=\"https:\/\/sinoextrud.com\/powder-coating-aluminium-process\/\" target=\"_blank\">powder coating aluminium<\/a><\/li>\r\r\n<li><a href=\"https:\/\/sinoextrud.com\/what-is-an-aluminium-strip-ceiling\/\" target=\"_blank\">aluminium strip ceiling<\/a><\/li>\r\r\n<li><a href=\"https:\/\/sinoextrud.com\/what-is-a-heat-sink\/\" target=\"_blank\">what is a heat sink<\/a><\/li>\r\r\n<\/ul>","product_chanpin_chanpin":"<li><a href=\"https:\/\/sinoextrud.com\/product\/cnc-machining-aluminum-profiles\/\" target=\"_blank\">CNC Machining Aluminum Profiles<\/a><\/li>\r\n<li><a href=\"https:\/\/sinoextrud.com\/product\/circular-aluminum-extrusions\/\" target=\"_blank\">Circular Aluminum Extrusions<\/a><\/li>\r\n<li><a href=\"https:\/\/sinoextrud.com\/product\/cnc-aluminium-profile\/\" target=\"_blank\">CNC aluminium profile<\/a><\/li>\r\n<li><a href=\"https:\/\/sinoextrud.com\/product\/custom-extruded-aluminum-enclosures-used-for-motor-shell\/\" target=\"_blank\">Custom Extruded Aluminum Enclosures Used For Motor Shell<\/a><\/li>\r\n<li><a href=\"https:\/\/sinoextrud.com\/product\/high-precision-aluminium-profiles\/\" target=\"_blank\">High Precision Aluminium Profiles<\/a><\/li>\r\n<li><a href=\"https:\/\/sinoextrud.com\/product\/joining-aluminium-extrusions\/\" target=\"_blank\">Joining Aluminium Extrusions<\/a><\/li>\r\n<li><a href=\"https:\/\/sinoextrud.com\/product\/profile-aluminum-cnc\/\" target=\"_blank\">Profile Aluminum CNC<\/a><\/li>\r\n<li><a href=\"https:\/\/sinoextrud.com\/product\/cnc-aluminium-extrusion\/\" target=\"_blank\">CNC Aluminium Extrusion<\/a><\/li>\r\n<li><a href=\"https:\/\/sinoextrud.com\/product\/extruded-aluminum-housing\/\" target=\"_blank\">Extruded Aluminum Housing<\/a><\/li>\r\n<li><a href=\"https:\/\/sinoextrud.com\/product\/cabinet-aluminum-profile\/\" target=\"_blank\">Cabinet Aluminum Profile<\/a><\/li>\r\n<li><a href=\"https:\/\/sinoextrud.com\/product\/custom-high-quality-6063-powder-coating-aluminum-pergola-profile\/\" target=\"_blank\">Custom High-quality 6063 Powder Coating Aluminum Pergola Profile<\/a><\/li>"},"feature_list":[]},"_links":{"self":[{"href":"https:\/\/sinoextrud.com\/da\/wp-json\/wp\/v2\/product\/8572","targetHints":{"allow":["GET"]}}],"collection":[{"href":"https:\/\/sinoextrud.com\/da\/wp-json\/wp\/v2\/product"}],"about":[{"href":"https:\/\/sinoextrud.com\/da\/wp-json\/wp\/v2\/types\/product"}],"wp:featuredmedia":[{"embeddable":true,"href":"https:\/\/sinoextrud.com\/da\/wp-json\/wp\/v2\/media\/8571"}],"wp:attachment":[{"href":"https:\/\/sinoextrud.com\/da\/wp-json\/wp\/v2\/media?parent=8572"}],"wp:term":[{"taxonomy":"category","embeddable":true,"href":"https:\/\/sinoextrud.com\/da\/wp-json\/wp\/v2\/categories?post=8572"}],"curies":[{"name":"wp","href":"https:\/\/api.w.org\/{rel}","templated":true}]}}