{"id":8570,"date":"2025-06-17T03:17:05","date_gmt":"2025-06-17T03:17:05","guid":{"rendered":"https:\/\/sinoextrud.com\/product\/custom-extruded-aluminum-enclosures-used-for-motor-shell\/"},"modified":"2025-06-24T06:34:25","modified_gmt":"2025-06-24T06:34:25","slug":"specialfremstillede-ekstruderede-aluminiumskabinetter-bruges-til-motorskal","status":"publish","type":"product","link":"https:\/\/sinoextrud.com\/da\/product\/custom-extruded-aluminum-enclosures-used-for-motor-shell\/","title":{"rendered":"Tilpassede ekstruderede aluminiumskabinetter bruges til motorskal"},"content":{"rendered":"<h2>Detaljer om produkter<\/h2>\n<table class=\"custom-table\">\n<tbody>\n<tr>\n<td> Produktets navn<\/td>\n<td> Specialfremstillede ekstruderede aluminiumskabinetter bruges til motorskal<\/td>\n<\/tr>\n<tr>\n<td> Aluminiumslegering<\/td>\n<td> 6063-T5, eller tilpasning<\/td>\n<\/tr>\n<tr>\n<td> Overfladebehandling<\/td>\n<td> Anodiseret eller tilpasset<\/td>\n<\/tr>\n<tr>\n<td> Farve<\/td>\n<td> S\u00f8lvhvid eller tilpasning<\/td>\n<\/tr>\n<tr>\n<td> St\u00f8rrelse<\/td>\n<td> Tilpasning<\/td>\n<\/tr>\n<tr>\n<td> H\u00e5ndv\u00e6rk<\/td>\n<td> Varmekstrudering af aluminiumsprofiler, sk\u00e6ring efter kundens tegning og derefter CNC-bearbejdning af yderligere behandling<\/td>\n<\/tr>\n<tr>\n<td> Anvendelse<\/td>\n<td> Motorskal<\/td>\n<\/tr>\n<tr>\n<td> Brand<\/td>\n<td> Sinoextrud \/ Sinoextrud \/ Sinoextrud Aluminium<\/td>\n<\/tr>\n<tr>\n<td> Oprindelse<\/td>\n<td> Foshan, Kina<\/td>\n<\/tr>\n<\/tbody>\n<\/table>\n<h2>Vores produktionsbase<\/h2>\n<h3>Panorama over fabrikken<\/h3>\n<p><img decoding=\"async\" src=\"\/wp-content\/uploads\/factory-01.webp\"\/><\/p>\n<h3>V\u00e6rksted til fremstilling af aluminiumst\u00e6nger<\/h3>\n<p><img decoding=\"async\" src=\"\/wp-content\/uploads\/factory-02.webp\"\/><\/p>\n<p><img decoding=\"async\" src=\"\/wp-content\/uploads\/factory-03.webp\"\/><\/p>\n<h3>Lager til opbevaring af skimmelsvampe<\/h3>\n<p><img decoding=\"async\" src=\"\/wp-content\/uploads\/factory-04.webp\"\/><\/p>\n<h3>43 ekstruderingslinjer for aluminium (500-5500 ton)<\/h3>\n<p><img decoding=\"async\" src=\"\/wp-content\/uploads\/factory-05.webp\"\/><\/p>\n<p><img decoding=\"async\" src=\"\/wp-content\/uploads\/factory-06.webp\"\/><\/p>\n<p><img decoding=\"async\" src=\"\/wp-content\/uploads\/factory-07.webp\"\/><\/p>\n<h3>V\u00e6rksted for pulverlakering<\/h3>\n<p><img decoding=\"async\" src=\"\/wp-content\/uploads\/factory-09.webp\"\/><\/p>\n<h3>Anodiseringsv\u00e6rksted<\/h3>\n<p><img decoding=\"async\" src=\"\/wp-content\/uploads\/factory-10.webp\"\/><\/p>\n<h3>Workshop om dyb behandling<\/h3>\n<p><img decoding=\"async\" src=\"\/wp-content\/uploads\/factory-11.webp\"\/><\/p>\n<h3>V\u00e6rksted for CNC-pr\u00e6cisionsbearbejdning<\/h3>\n<p><img decoding=\"async\" src=\"\/wp-content\/uploads\/factory-11.5.webp\"\/><\/p>\n<h3>F\u00e6rdigvare- og eksportlager<\/h3>\n<p><img decoding=\"async\" src=\"\/wp-content\/uploads\/factory-12.webp\"\/><\/p>\n<p><img decoding=\"async\" src=\"\/wp-content\/uploads\/factory-13.webp\"\/><\/p>\n<p><img decoding=\"async\" src=\"\/wp-content\/uploads\/factory-14.webp\"\/><\/p>\n<h2>OFTE STILLEDE SP\u00d8RGSM\u00c5L<\/h2>\n<p><p><b>1. Hvad er brugerdefinerede ekstruderede aluminiumskabinetter, der bruges til motorskaller?<\/b><\/p>\n<p>Specialfremstillede ekstruderede aluminiumskabinetter er beskyttende kabinetter af aluminium, der er specielt designet til at huse og beskytte motorer og giver holdbarhed, varmeafledning og korrosionsbestandighed.<br \/>\n<\/p><br \/>\n<br \/>\n<p><b>2. Hvorfor bruges aluminium til motorkabinetter?<\/b><\/p>\n<p>Aluminium er let, holdbart og korrosionsbestandigt, hvilket g\u00f8r det til et ideelt materiale til motorkabinetter, der skal beskytte interne motorkomponenter og samtidig modst\u00e5 barske milj\u00f8er.<br \/>\n<\/p><br \/>\n<br \/>\n<p><b>3. Hvordan beskytter et aluminiumskabinet en motor?<\/b><\/p>\n<p>Aluminiumskabinetter beskytter motorer ved at sk\u00e6rme dem mod ydre skader, give strukturel integritet og forbedre varmeafledning for at opretholde optimale driftstemperaturer.<br \/>\n<\/p><br \/>\n<br \/>\n<p><b>4. Kan specialfremstillede ekstruderede aluminiumskabinetter tilpasses til forskellige motorst\u00f8rrelser?<\/b><\/p>\n<p>Ja, specialfremstillede ekstruderede aluminiumskabinetter kan skr\u00e6ddersys med hensyn til st\u00f8rrelse, form og design, s\u00e5 de opfylder de specifikke krav til forskellige motorer og anvendelser.<br \/>\n<\/p><br \/>\n<br \/>\n<p><b>5. Hvilke industrier bruger brugerdefinerede ekstruderede aluminiumskabinetter til motorskaller?<\/b><\/p>\n<p>Industrier som bilindustrien, robotteknologi, produktion og vedvarende energi bruger specialfremstillede ekstruderede aluminiumskabinetter til motorbeskyttelse p\u00e5 grund af deres styrke og varmeafledningsevne.<br \/>\n<\/p><br \/>\n<br \/>\n<p><b>6. Hvor effektiv er varmeafledningen i motorkabinetter af aluminium?<\/b><\/p>\n<p>Aluminium giver fremragende varmeafledning, hvilket hj\u00e6lper med at opretholde temperaturen p\u00e5 motorkomponenterne, forhindrer overophedning og forbedrer motorens ydeevne og levetid.<br \/>\n<\/p><br \/>\n<br \/>\n<p><b>7. Er specialfremstillede ekstruderede aluminiumskabinetter omkostningseffektive?<\/b><\/p>\n<p>Ja, specialfremstillede ekstruderede aluminiumskabinetter tilbyder en omkostningseffektiv l\u00f8sning til motorbeskyttelse, der kombinerer holdbarhed, tilpasning og effektive fremstillingsprocesser til konkurrencedygtige priser.<br \/>\n<\/p><br \/><\/p>","protected":false},"featured_media":8569,"template":"","categories":[68],"class_list":["post-8570","product","type-product","status-publish","has-post-thumbnail","hentry","category-cnc-machining-aluminum-profile"],"meta_box":{"hilight_text_group":{"product_hilight_text":"<li>Custom extruded aluminum enclosures designed specifically for motor shells<\/li>\r\r\n<li>Durable, lightweight, and corrosion-resistant aluminum material<\/li>\r\r\n<li>Excellent heat dissipation properties to protect motor components<\/li>\r\r\n<li>Customizable sizes, shapes, and designs to meet motor specifications<\/li>\r\r\n<li>Cost-effective production with high-quality standards and fast lead times<\/li>\r\r\n<li>Provides reliable protection for motors in various industrial environments<\/li>","product_chanpin_blog":"<ul>\r\r\n<li><a href=\"https:\/\/sinoextrud.com\/t-slot-v-slot-differences\/\" target=\"_blank\">t slot vs v slot<\/a><\/li>\r\r\n<li><a href=\"https:\/\/sinoextrud.com\/what-is-4040-aluminium-extrud\/\" target=\"_blank\">4040 aluminium extrusion<\/a><\/li>\r\r\n<li><a href=\"https:\/\/sinoextrud.com\/what-is-4040-aluminium-extrud\/\" target=\"_blank\">aluminum extrusions for industrial racks<\/a><\/li>\r\r\n<li><a href=\"https:\/\/sinoextrud.com\/powder-coating-aluminium-process\/\" target=\"_blank\">powder coating aluminium<\/a><\/li>\r\r\n<li><a href=\"https:\/\/sinoextrud.com\/what-is-an-aluminium-strip-ceiling\/\" target=\"_blank\">aluminium strip ceiling<\/a><\/li>\r\r\n<li><a href=\"https:\/\/sinoextrud.com\/what-is-a-heat-sink\/\" target=\"_blank\">what is a heat sink<\/a><\/li>\r\r\n<\/ul>","product_chanpin_chanpin":"<li><a href=\"https:\/\/sinoextrud.com\/product\/cutting-aluminium-extrusion\/\" target=\"_blank\">Cutting Aluminium Extrusion<\/a><\/li>\r\n<li><a href=\"https:\/\/sinoextrud.com\/product\/cnc-machining-aluminum-profiles\/\" target=\"_blank\">CNC Machining Aluminum Profiles<\/a><\/li>\r\n<li><a href=\"https:\/\/sinoextrud.com\/product\/circular-aluminum-extrusions\/\" target=\"_blank\">Circular Aluminum Extrusions<\/a><\/li>\r\n<li><a href=\"https:\/\/sinoextrud.com\/product\/cnc-aluminium-profile\/\" target=\"_blank\">CNC aluminium profile<\/a><\/li>\r\n<li><a href=\"https:\/\/sinoextrud.com\/product\/custom-extruded-aluminum-enclosures-used-for-motor-shell\/\" target=\"_blank\">Custom Extruded Aluminum Enclosures Used For Motor Shell<\/a><\/li>\r\n<li><a href=\"https:\/\/sinoextrud.com\/product\/high-precision-aluminium-profiles\/\" target=\"_blank\">High Precision Aluminium Profiles<\/a><\/li>\r\n<li><a href=\"https:\/\/sinoextrud.com\/product\/joining-aluminium-extrusions\/\" target=\"_blank\">Joining Aluminium Extrusions<\/a><\/li>\r\n<li><a href=\"https:\/\/sinoextrud.com\/product\/profile-aluminum-cnc\/\" target=\"_blank\">Profile Aluminum CNC<\/a><\/li>\r\n<li><a href=\"https:\/\/sinoextrud.com\/product\/cnc-aluminium-extrusion\/\" target=\"_blank\">CNC Aluminium Extrusion<\/a><\/li>\r\n<li><a href=\"https:\/\/sinoextrud.com\/product\/aluminum-extrusion-alloys\/\" target=\"_blank\">Aluminum Extrusion Alloys<\/a><\/li>\r\n<li><a href=\"https:\/\/sinoextrud.com\/product\/aluminium-industrial-profile\/\" target=\"_blank\">Aluminium Industrial Profile<\/a><\/li>"},"feature_list":[]},"_links":{"self":[{"href":"https:\/\/sinoextrud.com\/da\/wp-json\/wp\/v2\/product\/8570","targetHints":{"allow":["GET"]}}],"collection":[{"href":"https:\/\/sinoextrud.com\/da\/wp-json\/wp\/v2\/product"}],"about":[{"href":"https:\/\/sinoextrud.com\/da\/wp-json\/wp\/v2\/types\/product"}],"wp:featuredmedia":[{"embeddable":true,"href":"https:\/\/sinoextrud.com\/da\/wp-json\/wp\/v2\/media\/8569"}],"wp:attachment":[{"href":"https:\/\/sinoextrud.com\/da\/wp-json\/wp\/v2\/media?parent=8570"}],"wp:term":[{"taxonomy":"category","embeddable":true,"href":"https:\/\/sinoextrud.com\/da\/wp-json\/wp\/v2\/categories?post=8570"}],"curies":[{"name":"wp","href":"https:\/\/api.w.org\/{rel}","templated":true}]}}