{"id":8566,"date":"2025-06-17T03:13:46","date_gmt":"2025-06-17T03:13:46","guid":{"rendered":"https:\/\/sinoextrud.com\/product\/circular-aluminum-extrusions\/"},"modified":"2025-06-24T06:34:22","modified_gmt":"2025-06-24T06:34:22","slug":"cirkulaere-aluminiumsprofiler","status":"publish","type":"product","link":"https:\/\/sinoextrud.com\/da\/product\/circular-aluminum-extrusions\/","title":{"rendered":"Cirkul\u00e6re aluminiumsekstruderinger"},"content":{"rendered":"<h2>Detaljer om produkter<\/h2>\n<table class=\"custom-table\">\n<tbody>\n<tr>\n<td> Navn<\/td>\n<td> Cirkul\u00e6re aluminiumsprofiler<\/td>\n<\/tr>\n<tr>\n<td> Brand<\/td>\n<td> Sinoextrud\/<\/td>\n<\/tr>\n<tr>\n<td> Kategori<\/td>\n<td> Ekstrudering af aluminium<\/td>\n<\/tr>\n<tr>\n<td> Materiale<\/td>\n<td> Aluminiumslegering i 6000-serien<\/td>\n<\/tr>\n<tr>\n<td> Temperament<\/td>\n<td> T5-T8<\/td>\n<\/tr>\n<tr>\n<td> L\u00e6ngde<\/td>\n<td> I henhold til tegningen<\/td>\n<\/tr>\n<tr>\n<td> St\u00f8rrelse (mm)<\/td>\n<td> Tilpasset<\/td>\n<\/tr>\n<tr>\n<td> Form<\/td>\n<td> Cirkul\u00e6r<\/td>\n<\/tr>\n<tr>\n<td> Overfladebehandling<\/td>\n<td> Power coating; fr\u00e6set f\u00e6rdig, anodiseret, sandbl\u00e6sning, elektroforese er ogs\u00e5 tilg\u00e6ngelig<\/td>\n<\/tr>\n<tr>\n<td> Farve<\/td>\n<td> S\u00f8lv, sort, guld, champange, bronze, r\u00f8d, bl\u00e5, og vi kan tilpasse farverne baseret p\u00e5 kundernes pr\u00f8ver.<\/td>\n<\/tr>\n<tr>\n<td> Garanti<\/td>\n<td> BV, TUV, ISO<\/td>\n<\/tr>\n<tr>\n<td> Standard<\/td>\n<td> Middel og h\u00f8j kvalitet<\/td>\n<\/tr>\n<tr>\n<td> MOQ<\/td>\n<td> 200 kg for hver genstand<\/td>\n<\/tr>\n<tr>\n<td> Fra<\/td>\n<td> Guangdong, Kina<\/td>\n<\/tr>\n<tr>\n<td> Anvendelse<\/td>\n<td> Industri, byggeri, dekoration<\/td>\n<\/tr>\n<tr>\n<td> Dyb bearbejdning<\/td>\n<td> Sk\u00e6ring, boring, bearbejdning, stansning, bukning, gevindsk\u00e6ring og s\u00e5 videre<\/td>\n<\/tr>\n<tr>\n<td> Pakke<\/td>\n<td> Indvendigt med beskyttelsesfilm, krympeplast eller PE-skum. Udenp\u00e5 med \u00e6ske, karton eller tr\u00e6ramme eller tilpasset.<\/td>\n<\/tr>\n<tr>\n<td> Leveringstid<\/td>\n<td> Skimmeludvikling og pr\u00f8vekonformation er 12-18 dage, derefter er produktionsvarigheden 25-30 dage efter modtagelse af depositum fra k\u00f8ber.<\/td>\n<\/tr>\n<tr>\n<td> Produktets kapacitet<\/td>\n<td> 15.000+ toner \/ m\u00e5ned<\/td>\n<\/tr>\n<\/tbody>\n<\/table>\n<h2>Vores produktionsbase<\/h2>\n<h3>Panorama over fabrikken<\/h3>\n<p><img decoding=\"async\" src=\"\/wp-content\/uploads\/factory-01.webp\"\/><\/p>\n<h3>V\u00e6rksted til fremstilling af aluminiumst\u00e6nger<\/h3>\n<p><img decoding=\"async\" src=\"\/wp-content\/uploads\/factory-02.webp\"\/><\/p>\n<p><img decoding=\"async\" src=\"\/wp-content\/uploads\/factory-03.webp\"\/><\/p>\n<h3>Lager til opbevaring af skimmelsvampe<\/h3>\n<p><img decoding=\"async\" src=\"\/wp-content\/uploads\/factory-04.webp\"\/><\/p>\n<h3>43 ekstruderingslinjer for aluminium (500-5500 ton)<\/h3>\n<p><img decoding=\"async\" src=\"\/wp-content\/uploads\/factory-05.webp\"\/><\/p>\n<p><img decoding=\"async\" src=\"\/wp-content\/uploads\/factory-06.webp\"\/><\/p>\n<p><img decoding=\"async\" src=\"\/wp-content\/uploads\/factory-07.webp\"\/><\/p>\n<h3>V\u00e6rksted for pulverlakering<\/h3>\n<p><img decoding=\"async\" src=\"\/wp-content\/uploads\/factory-09.webp\"\/><\/p>\n<h3>Anodiseringsv\u00e6rksted<\/h3>\n<p><img decoding=\"async\" src=\"\/wp-content\/uploads\/factory-10.webp\"\/><\/p>\n<h3>Workshop om dyb behandling<\/h3>\n<p><img decoding=\"async\" src=\"\/wp-content\/uploads\/factory-11.webp\"\/><\/p>\n<h3>V\u00e6rksted for CNC-pr\u00e6cisionsbearbejdning<\/h3>\n<p><img decoding=\"async\" src=\"\/wp-content\/uploads\/factory-11.5.webp\"\/><\/p>\n<h3>F\u00e6rdigvare- og eksportlager<\/h3>\n<p><img decoding=\"async\" src=\"\/wp-content\/uploads\/factory-12.webp\"\/><\/p>\n<p><img decoding=\"async\" src=\"\/wp-content\/uploads\/factory-13.webp\"\/><\/p>\n<p><img decoding=\"async\" src=\"\/wp-content\/uploads\/factory-14.webp\"\/><\/p>\n<h2>OFTE STILLEDE SP\u00d8RGSM\u00c5L<\/h2>\n<p><p><b>1. Hvad er cirkul\u00e6re aluminiumsekstruderinger?<\/b><\/p>\n<p>Cirkul\u00e6re aluminiumsprofiler er aluminiumsprofiler, der er skabt gennem en ekstruderingsproces med cirkul\u00e6re tv\u00e6rsnit, der giver h\u00f8j styrke, holdbarhed og alsidighed til flere brancher.<br \/>\n<\/p><br \/>\n<br \/>\n<p><b>2. Hvorfor v\u00e6lge cirkul\u00e6re aluminiumsprofiler?<\/b><\/p>\n<p>Cirkul\u00e6re aluminiumsprofiler er lette, korrosionsbestandige og giver en omkostningseffektiv l\u00f8sning til brugerdefinerede profiler i forskellige applikationer, herunder bilindustrien og byggeriet.<br \/>\n<\/p><br \/>\n<br \/>\n<p><b>3. Hvor pr\u00e6cise er cirkul\u00e6re aluminiumsekstruderinger?<\/b><\/p>\n<p>Cirkul\u00e6re aluminiumsprofiler produceres med h\u00f8j pr\u00e6cision, hvilket sikrer fremragende m\u00e5ln\u00f8jagtighed og sn\u00e6vre tolerancer til forskellige anvendelser.<br \/>\n<\/p><br \/>\n<br \/>\n<p><b>4. Kan cirkul\u00e6re aluminiumsekstruderinger tilpasses?<\/b><\/p>\n<p>Ja, cirkul\u00e6re aluminiumsprofiler kan nemt tilpasses med hensyn til st\u00f8rrelse, form og design for at opfylde specifikke krav til forskellige industrier og projekter.<br \/>\n<\/p><br \/>\n<br \/>\n<p><b>5. Hvilke industrier bruger cirkul\u00e6re aluminiumsekstruderinger?<\/b><\/p>\n<p>Industrier som bilindustrien, byggeri, produktion og elektronik bruger cirkul\u00e6re aluminiumsprofiler p\u00e5 grund af deres styrke, lette v\u00e6gt og alsidige design.<br \/>\n<\/p><br \/>\n<br \/>\n<p><b>6. Hvor hurtig er produktionen af cirkul\u00e6re aluminiumsekstruderinger?<\/b><\/p>\n<p>Produktionen af cirkul\u00e6re aluminiumsprofiler er hurtig og effektiv, hvilket sikrer hurtige leveringstider, samtidig med at kvalitetsstandarderne opretholdes.<br \/>\n<\/p><br \/>\n<br \/>\n<p><b>7. Er cirkul\u00e6re aluminiumsekstruderinger omkostningseffektive?<\/b><\/p>\n<p>Ja, cirkul\u00e6re aluminiumsprofiler er omkostningseffektive og tilbyder konkurrencedygtige priser og h\u00f8j ydeevne, hvilket g\u00f8r dem til et foretrukket valg til en lang r\u00e6kke anvendelser.<br \/>\n<\/p><br \/><\/p>","protected":false},"featured_media":8565,"template":"","categories":[68],"class_list":["post-8566","product","type-product","status-publish","has-post-thumbnail","hentry","category-cnc-machining-aluminum-profile"],"meta_box":{"hilight_text_group":{"product_hilight_text":"<li>High-strength and durable circular aluminum extrusions<\/li>\r\r\n<li>Customizable sizes and shapes to meet specific design needs<\/li>\r\r\n<li>Corrosion-resistant and lightweight material ideal for various applications<\/li>\r\r\n<li>Fast and efficient production with tight tolerances<\/li>\r\r\n<li>Perfect for industries like automotive, construction, and manufacturing<\/li>\r\r\n<li>Superior surface finish and dimensional accuracy<\/li>","product_chanpin_blog":"<ul>\r\r\n<li><a href=\"https:\/\/sinoextrud.com\/t-slot-v-slot-differences\/\" target=\"_blank\">t slot vs v slot<\/a><\/li>\r\r\n<li><a href=\"https:\/\/sinoextrud.com\/what-is-4040-aluminium-extrud\/\" target=\"_blank\">4040 aluminium extrusion<\/a><\/li>\r\r\n<li><a href=\"https:\/\/sinoextrud.com\/what-is-4040-aluminium-extrud\/\" target=\"_blank\">aluminum extrusions for industrial racks<\/a><\/li>\r\r\n<li><a href=\"https:\/\/sinoextrud.com\/powder-coating-aluminium-process\/\" target=\"_blank\">powder coating aluminium<\/a><\/li>\r\r\n<li><a href=\"https:\/\/sinoextrud.com\/what-is-an-aluminium-strip-ceiling\/\" target=\"_blank\">aluminium strip ceiling<\/a><\/li>\r\r\n<li><a href=\"https:\/\/sinoextrud.com\/what-is-a-heat-sink\/\" target=\"_blank\">what is a heat sink<\/a><\/li>\r\r\n<\/ul>","product_chanpin_chanpin":"<li><a href=\"https:\/\/sinoextrud.com\/product\/custom-finishing-aluminum-extrusion-profile-fabrication-and-cnc-machining\/\" target=\"_blank\">Custom Finishing Aluminum Extrusion Profile Fabrication and CNC Machining<\/a><\/li>\r\n<li><a href=\"https:\/\/sinoextrud.com\/product\/special-aluminium-extrusions\/\" target=\"_blank\">Special Aluminium Extrusions<\/a><\/li>\r\n<li><a href=\"https:\/\/sinoextrud.com\/product\/cutting-aluminium-extrusion\/\" target=\"_blank\">Cutting Aluminium Extrusion<\/a><\/li>\r\n<li><a href=\"https:\/\/sinoextrud.com\/product\/cnc-machining-aluminum-profiles\/\" target=\"_blank\">CNC Machining Aluminum Profiles<\/a><\/li>\r\n<li><a href=\"https:\/\/sinoextrud.com\/product\/circular-aluminum-extrusions\/\" target=\"_blank\">Circular Aluminum Extrusions<\/a><\/li>\r\n<li><a href=\"https:\/\/sinoextrud.com\/product\/cnc-aluminium-profile\/\" target=\"_blank\">CNC aluminium profile<\/a><\/li>\r\n<li><a href=\"https:\/\/sinoextrud.com\/product\/custom-extruded-aluminum-enclosures-used-for-motor-shell\/\" target=\"_blank\">Custom Extruded Aluminum Enclosures Used For Motor Shell<\/a><\/li>\r\n<li><a href=\"https:\/\/sinoextrud.com\/product\/high-precision-aluminium-profiles\/\" target=\"_blank\">High Precision Aluminium Profiles<\/a><\/li>\r\n<li><a href=\"https:\/\/sinoextrud.com\/product\/joining-aluminium-extrusions\/\" target=\"_blank\">Joining Aluminium Extrusions<\/a><\/li>\r\n<li><a href=\"https:\/\/sinoextrud.com\/product\/aluminum-cnc\/\" target=\"_blank\">Aluminum CNC<\/a><\/li>\r\n<li><a href=\"https:\/\/sinoextrud.com\/product\/aluminum-handle-profile\/\" target=\"_blank\">Aluminum Handle Profile<\/a><\/li>"},"feature_list":[]},"_links":{"self":[{"href":"https:\/\/sinoextrud.com\/da\/wp-json\/wp\/v2\/product\/8566","targetHints":{"allow":["GET"]}}],"collection":[{"href":"https:\/\/sinoextrud.com\/da\/wp-json\/wp\/v2\/product"}],"about":[{"href":"https:\/\/sinoextrud.com\/da\/wp-json\/wp\/v2\/types\/product"}],"wp:featuredmedia":[{"embeddable":true,"href":"https:\/\/sinoextrud.com\/da\/wp-json\/wp\/v2\/media\/8565"}],"wp:attachment":[{"href":"https:\/\/sinoextrud.com\/da\/wp-json\/wp\/v2\/media?parent=8566"}],"wp:term":[{"taxonomy":"category","embeddable":true,"href":"https:\/\/sinoextrud.com\/da\/wp-json\/wp\/v2\/categories?post=8566"}],"curies":[{"name":"wp","href":"https:\/\/api.w.org\/{rel}","templated":true}]}}