{"id":8560,"date":"2025-06-17T03:07:54","date_gmt":"2025-06-17T03:07:54","guid":{"rendered":"https:\/\/sinoextrud.com\/product\/special-aluminium-extrusions\/"},"modified":"2025-06-24T06:34:23","modified_gmt":"2025-06-24T06:34:23","slug":"specielle-aluminiumsprofiler","status":"publish","type":"product","link":"https:\/\/sinoextrud.com\/da\/product\/special-aluminium-extrusions\/","title":{"rendered":"S\u00e6rlige ekstruderinger af aluminium"},"content":{"rendered":"<h2>Detaljer om produkter<\/h2>\n<table class=\"custom-table\">\n<tr>\n<td class=\"label\">Materiale<\/td>\n<td>Aluminiumslegering6063-legering osv, valgfri efter kunde \uff0c.<\/td>\n<\/tr>\n<tr>\n<td class=\"label\">Struktur<\/td>\n<td>specielle aluminiumsprofiler<\/td>\n<\/tr>\n<tr>\n<td class=\"label\">Dimensioner<\/td>\n<td>i henhold til kundens design<\/td>\n<\/tr>\n<tr>\n<td class=\"label\">udstyr<\/td>\n<td>CNC-bearbejdningscenter, CNC-drejeb\u00e6nk, slibemaskine, automatisk drejeb\u00e6nk,<br \/>\nkonventionel drejeb\u00e6nk, fr\u00e6semaskine, boremaskine, EDM osv.<\/td>\n<\/tr>\n<tr>\n<td class=\"label\">Montering<\/td>\n<td>2 dele delt kabinet + 2 endeplader (1,5 mm tykkelse) + 8 stk. skruer (M3X6D)<\/td>\n<\/tr>\n<tr>\n<td class=\"label\">Efterbehandling<\/td>\n<td>F\u00e6rdigbehandlet, anodiseret, sandbl\u00e6st, silketryk. Stansning, borede huller<\/td>\n<\/tr>\n<tr>\n<td class=\"label\">Vores service<\/td>\n<td>Bearbejdning, drejning, fr\u00e6sning, stempling, st\u00f8bning<\/td>\n<\/tr>\n<tr>\n<td class=\"label\">Anvendelse:<\/td>\n<td>Automatiseringsmaskine, medicinsk udstyr, industrimaskine, bil, elektrisk apparat osv.<\/td>\n<\/tr>\n<tr>\n<td class=\"label\">Tegningsformat:<\/td>\n<td>pdf\/.dwg\/.igs.\/.STP\/X_t. osv.<\/td>\n<\/tr>\n<\/table>\n<h2>Vores produktionsbase<\/h2>\n<h3>Panorama over fabrikken<\/h3>\n<p><img decoding=\"async\" src=\"\/wp-content\/uploads\/factory-01.webp\"\/><\/p>\n<h3>V\u00e6rksted til fremstilling af aluminiumst\u00e6nger<\/h3>\n<p><img decoding=\"async\" src=\"\/wp-content\/uploads\/factory-02.webp\"\/><\/p>\n<\/p>\n<p><img decoding=\"async\" src=\"\/wp-content\/uploads\/factory-03.webp\"\/><\/p>\n<h3>Lager til opbevaring af skimmelsvampe<\/h3>\n<p><img decoding=\"async\" src=\"\/wp-content\/uploads\/factory-04.webp\"\/><\/p>\n<h3>43 ekstruderingslinjer for aluminium (500-5500 ton)<\/h3>\n<p><img decoding=\"async\" src=\"\/wp-content\/uploads\/factory-05.webp\"\/><\/p>\n<p><img decoding=\"async\" src=\"\/wp-content\/uploads\/factory-06.webp\"\/><\/p>\n<p><img decoding=\"async\" src=\"\/wp-content\/uploads\/factory-07.webp\"\/><\/p>\n<h3>V\u00e6rksted for pulverlakering<\/h3>\n<p><img decoding=\"async\" src=\"\/wp-content\/uploads\/factory-09.webp\"\/><\/p>\n<h3>Anodiseringsv\u00e6rksted<\/h3>\n<p><img decoding=\"async\" src=\"\/wp-content\/uploads\/factory-10.webp\"\/><\/p>\n<h3>Workshop om dyb behandling<\/h3>\n<p><img decoding=\"async\" src=\"\/wp-content\/uploads\/factory-11.webp\"\/><\/p>\n<h3>V\u00e6rksted for CNC-pr\u00e6cisionsbearbejdning<\/h3>\n<p><img decoding=\"async\" src=\"\/wp-content\/uploads\/factory-11.5.webp\"\/><\/p>\n<h3>F\u00e6rdigvare- og eksportlager<\/h3>\n<p><img decoding=\"async\" src=\"\/wp-content\/uploads\/factory-12.webp\"\/><\/p>\n<p><img decoding=\"async\" src=\"\/wp-content\/uploads\/factory-13.webp\"\/><\/p>\n<p><img decoding=\"async\" src=\"\/wp-content\/uploads\/factory-14.webp\"\/><\/p>\n<h2>OFTE STILLEDE SP\u00d8RGSM\u00c5L<\/h2>\n<p><b>1. Hvad er specielle aluminiumsekstruderinger?<\/b><\/p>\n<p>Specielle aluminiumprofiler er specialdesignede aluminiumprofiler, der er skabt gennem en ekstruderingsproces, og som bruges til specifikke industrielle anvendelser, der kr\u00e6ver unikke former og specifikationer.\n<\/p>\n<p><\/p>\n<p><b>2. Hvad er fordelene ved specielle aluminiumsekstruderinger?<\/b><\/p>\n<p>Ekstruderet specialaluminium giver fleksibilitet i specialdesign, h\u00f8j styrke, korrosionsbestandighed og omkostningseffektiv produktion, hvilket g\u00f8r dem velegnede til en lang r\u00e6kke industrier.\n<\/p>\n<p><\/p>\n<p><b>3. Kan specielle aluminiumsekstruderinger tilpasses?<\/b><\/p>\n<p>Ja, specielle aluminiumekstruderinger kan tilpasses fuldt ud, s\u00e5 de opfylder de specifikke krav i forskellige industrier, herunder komplekse former og st\u00f8rrelser.\n<\/p>\n<p><\/p>\n<p><b>4. Hvordan gavner forholdet mellem styrke og v\u00e6gt i specielle aluminiumekstruderinger mit projekt?<\/b><\/p>\n<p>Det h\u00f8je styrke\/v\u00e6gt-forhold i specielle aluminiumekstruderinger giver holdbarhed og strukturel integritet, samtidig med at produktets v\u00e6gt holdes nede.\n<\/p>\n<p><\/p>\n<p><b>5. Hvilke industrier bruger specielle aluminiumekstruderinger?<\/b><\/p>\n<p>Specielle aluminiumekstruderinger bruges i industrier som rumfart, bilindustri, byggeri og elektronik, hvor der er brug for specialprofiler til specifikke anvendelser.\n<\/p>\n<p><\/p>\n<p><b>6. Er ekstruderet specialaluminium milj\u00f8venligt?<\/b><\/p>\n<p>Ja, aluminium er et genanvendeligt materiale, hvilket g\u00f8r Special Aluminium Extrusions til en milj\u00f8m\u00e6ssigt ansvarlig mulighed for industriel produktion.\n<\/p>\n<p><\/p>\n<p><b>7. Hvordan forbedres overfladefinishen p\u00e5 specielle aluminiumsekstruderinger?<\/b><\/p>\n<p>Overfladefinishen p\u00e5 specialaluminiumprofiler er omhyggeligt behandlet for at sikre b\u00e5de \u00e6stetik og forbedret beskyttelse mod korrosion og slitage.\n<\/p>\n<p><\/p>\n<p><b>8. Hvad er produktionsomkostningerne for specielle aluminiumsekstruderinger?<\/b><\/p>\n<p>Special Aluminium Extrusions tilbyder omkostningseffektive l\u00f8sninger p\u00e5 grund af effektive fremstillingsprocesser, der giver mulighed for b\u00e5de sm\u00e5 og store produktionsserier til konkurrencedygtige priser.\n<\/p>\n<p><\/p>","protected":false},"featured_media":8559,"template":"","categories":[68],"class_list":["post-8560","product","type-product","status-publish","has-post-thumbnail","hentry","category-cnc-machining-aluminum-profile"],"meta_box":{"hilight_text_group":{"product_hilight_text":"<li>Custom aluminum extrusions designed for unique industrial applications.<\/li>\r\r\n<li>High strength-to-weight ratio for durability without added weight.<\/li>\r\r\n<li>Excellent corrosion resistance, making them ideal for harsh environments.<\/li>\r\r\n<li>Flexible design options for complex shapes and tailored specifications.<\/li>\r\r\n<li>Efficient production process for cost-effective solutions in both small and large runs.<\/li>\r\r\n<li>Superior surface finish, ensuring both aesthetic appeal and functionality.<\/li>\r\r\n<li>Eco-friendly aluminum material, fully recyclable for sustainable manufacturing.<\/li>","product_chanpin_blog":"<ul>\r\r\n<li><a href=\"https:\/\/sinoextrud.com\/t-slot-v-slot-differences\/\" target=\"_blank\">t slot vs v slot<\/a><\/li>\r\r\n<li><a href=\"https:\/\/sinoextrud.com\/what-is-4040-aluminium-extrud\/\" target=\"_blank\">4040 aluminium extrusion<\/a><\/li>\r\r\n<li><a href=\"https:\/\/sinoextrud.com\/what-is-4040-aluminium-extrud\/\" target=\"_blank\">aluminum extrusions for industrial racks<\/a><\/li>\r\r\n<li><a href=\"https:\/\/sinoextrud.com\/powder-coating-aluminium-process\/\" target=\"_blank\">powder coating aluminium<\/a><\/li>\r\r\n<li><a href=\"https:\/\/sinoextrud.com\/what-is-an-aluminium-strip-ceiling\/\" target=\"_blank\">aluminium strip ceiling<\/a><\/li>\r\r\n<li><a href=\"https:\/\/sinoextrud.com\/what-is-a-heat-sink\/\" target=\"_blank\">what is a heat sink<\/a><\/li>\r\r\n<\/ul>","product_chanpin_chanpin":"<li><a href=\"https:\/\/sinoextrud.com\/product\/cnc-industrial-aluminum-profiler\/\" target=\"_blank\">CNC Industrial Aluminum Profiler<\/a><\/li>\r\n<li><a href=\"https:\/\/sinoextrud.com\/product\/cnc-machine-for-aluminum-profiles\/\" target=\"_blank\">CNC Machine For Aluminum Profiles<\/a><\/li>\r\n<li><a href=\"https:\/\/sinoextrud.com\/product\/aluminum-enclosure-housing-and-shell\/\" target=\"_blank\">Aluminum Enclosure Housing And Shell<\/a><\/li>\r\n<li><a href=\"https:\/\/sinoextrud.com\/product\/custom-finishing-aluminum-extrusion-profile-fabrication-and-cnc-machining\/\" target=\"_blank\">Custom Finishing Aluminum Extrusion Profile Fabrication and CNC Machining<\/a><\/li>\r\n<li><a href=\"https:\/\/sinoextrud.com\/product\/special-aluminium-extrusions\/\" target=\"_blank\">Special Aluminium Extrusions<\/a><\/li>\r\n<li><a href=\"https:\/\/sinoextrud.com\/product\/cutting-aluminium-extrusion\/\" target=\"_blank\">Cutting Aluminium Extrusion<\/a><\/li>\r\n<li><a href=\"https:\/\/sinoextrud.com\/product\/cnc-machining-aluminum-profiles\/\" target=\"_blank\">CNC Machining Aluminum Profiles<\/a><\/li>\r\n<li><a href=\"https:\/\/sinoextrud.com\/product\/circular-aluminum-extrusions\/\" target=\"_blank\">Circular Aluminum Extrusions<\/a><\/li>\r\n<li><a href=\"https:\/\/sinoextrud.com\/product\/cnc-aluminium-profile\/\" target=\"_blank\">CNC aluminium profile<\/a><\/li>\r\n<li><a href=\"https:\/\/sinoextrud.com\/product\/aluminum-sign-extrusions\/\" target=\"_blank\">Aluminum Sign Extrusions<\/a><\/li>\r\n<li><a href=\"https:\/\/sinoextrud.com\/product\/extrusion-led-aluminum-channel\/\" target=\"_blank\">Extrusion Led Aluminum Channel<\/a><\/li>"},"feature_list":[]},"_links":{"self":[{"href":"https:\/\/sinoextrud.com\/da\/wp-json\/wp\/v2\/product\/8560","targetHints":{"allow":["GET"]}}],"collection":[{"href":"https:\/\/sinoextrud.com\/da\/wp-json\/wp\/v2\/product"}],"about":[{"href":"https:\/\/sinoextrud.com\/da\/wp-json\/wp\/v2\/types\/product"}],"wp:featuredmedia":[{"embeddable":true,"href":"https:\/\/sinoextrud.com\/da\/wp-json\/wp\/v2\/media\/8559"}],"wp:attachment":[{"href":"https:\/\/sinoextrud.com\/da\/wp-json\/wp\/v2\/media?parent=8560"}],"wp:term":[{"taxonomy":"category","embeddable":true,"href":"https:\/\/sinoextrud.com\/da\/wp-json\/wp\/v2\/categories?post=8560"}],"curies":[{"name":"wp","href":"https:\/\/api.w.org\/{rel}","templated":true}]}}