{"id":8546,"date":"2025-06-17T02:53:22","date_gmt":"2025-06-17T02:53:22","guid":{"rendered":"https:\/\/sinoextrud.com\/product\/extruded-aluminum-cnc-part-with-precision-custom-cnc-machining\/"},"modified":"2025-06-24T06:24:12","modified_gmt":"2025-06-24T06:24:12","slug":"ekstruderet-aluminium-cnc-del-med-praecision-tilpasset-cnc-bearbejdning","status":"publish","type":"product","link":"https:\/\/sinoextrud.com\/da\/product\/extruded-aluminum-cnc-part-with-precision-custom-cnc-machining\/","title":{"rendered":"Ekstruderet aluminium CNC-del med pr\u00e6cisionstilpasset CNC-bearbejdning"},"content":{"rendered":"<h2>Detaljer om produkter<\/h2>\n<table class=\"custom-table\">\n<tr>\n<td class=\"label\">Behandling:<\/td>\n<td> CNC-bearbejdning, CNC-drejning, boring, fr\u00e6sning, b\u00f8rstning<\/td>\n<\/tr>\n<tr>\n<td class=\"label\">Vare:<\/td>\n<td> CNC-bearbejdning af ekstruderet aluminium<\/td>\n<\/tr>\n<tr>\n<td class=\"label\">Temperament:<\/td>\n<td> T3 - T8<\/td>\n<\/tr>\n<tr>\n<td class=\"label\">Karakter:<\/td>\n<td> 6000-serien<\/td>\n<\/tr>\n<tr>\n<td class=\"label\">Pakningsdetaljer:<\/td>\n<td> Standard eksportemballage<\/td>\n<\/tr>\n<tr>\n<td class=\"label\">Anvendelse:<\/td>\n<td> Tilbeh\u00f8r til elektronisk udstyr,K\u00f8leribber,Radiator<\/td>\n<\/tr>\n<tr>\n<td class=\"label\">Transportpakke:<\/td>\n<td> Skum + papirkartoner + tr\u00e6paller<\/td>\n<\/tr>\n<tr>\n<td class=\"label\">Type:<\/td>\n<td> Udvidelse af aluminiumsprofiler<\/td>\n<\/tr>\n<tr>\n<td class=\"label\">Kvalitetskontrol:<\/td>\n<td> 100% Inspektion f\u00f8r afsendelse<\/td>\n<\/tr>\n<tr>\n<td class=\"label\">Oprindelse:<\/td>\n<td> Foshan, Kina<\/td>\n<\/tr>\n<tr>\n<td class=\"label\">R\u00e5materiale:<\/td>\n<td> Aluminiumslegering, rustfrit st\u00e5l, kobber<\/td>\n<\/tr>\n<tr>\n<td class=\"label\">Overfladebehandling:<\/td>\n<td> Anodisering, sandbl\u00e6sning, passivering, galvanisering<\/td>\n<\/tr>\n<tr>\n<td class=\"label\">Torlerance:<\/td>\n<td> +-0,005 mm<\/td>\n<\/tr>\n<tr>\n<td class=\"label\">Vilk\u00e5r:<\/td>\n<td> Fob, CIF, CFR, EXW, ect<\/td>\n<\/tr>\n<tr>\n<td class=\"label\">Varem\u00e6rke:<\/td>\n<td>Sinoextrud (Sinoextrud) \/ OEM<\/td>\n<\/tr>\n<tr>\n<td class=\"label\">Specifikation:<\/td>\n<td> OEM (i henhold til cleint's design)<\/td>\n<\/tr>\n<tr>\n<td class=\"label\">HS-kode:<\/td>\n<td> 94059900<\/td>\n<\/tr>\n<\/table>\n<h2>Vores produktionsbase<\/h2>\n<h3>Panorama over fabrikken<\/h3>\n<p><img decoding=\"async\" src=\"\/wp-content\/uploads\/factory-01.webp\"\/><\/p>\n<h3>V\u00e6rksted til fremstilling af aluminiumst\u00e6nger<\/h3>\n<p><img decoding=\"async\" src=\"\/wp-content\/uploads\/factory-02.webp\"\/><\/p>\n<p><img decoding=\"async\" src=\"\/wp-content\/uploads\/factory-03.webp\"\/><\/p>\n<h3>Lager til opbevaring af skimmelsvampe<\/h3>\n<p><img decoding=\"async\" src=\"\/wp-content\/uploads\/factory-04.webp\"\/><\/p>\n<h3>43 ekstruderingslinjer for aluminium (500-5500 ton)<\/h3>\n<p><img decoding=\"async\" src=\"\/wp-content\/uploads\/factory-05.webp\"\/><\/p>\n<p><img decoding=\"async\" src=\"\/wp-content\/uploads\/factory-06.webp\"\/><\/p>\n<p><img decoding=\"async\" src=\"\/wp-content\/uploads\/factory-07.webp\"\/><\/p>\n<h3>V\u00e6rksted for pulverlakering<\/h3>\n<p><img decoding=\"async\" src=\"\/wp-content\/uploads\/factory-09.webp\"\/><\/p>\n<h3>Anodiseringsv\u00e6rksted<\/h3>\n<p><img decoding=\"async\" src=\"\/wp-content\/uploads\/factory-10.webp\"\/><\/p>\n<h3>Workshop om dyb behandling<\/h3>\n<p><img decoding=\"async\" src=\"\/wp-content\/uploads\/factory-11.webp\"\/><\/p>\n<h3>V\u00e6rksted for CNC-pr\u00e6cisionsbearbejdning<\/h3>\n<p><img decoding=\"async\" src=\"\/wp-content\/uploads\/factory-11.5.webp\"\/><\/p>\n<h3>F\u00e6rdigvare- og eksportlager<\/h3>\n<p><img decoding=\"async\" src=\"\/wp-content\/uploads\/factory-12.webp\"\/><\/p>\n<p><img decoding=\"async\" src=\"\/wp-content\/uploads\/factory-13.webp\"\/><\/p>\n<p><img decoding=\"async\" src=\"\/wp-content\/uploads\/factory-14.webp\"\/><\/p>\n<h2>OFTE STILLEDE SP\u00d8RGSM\u00c5L<\/h2>\n<p><p><b>1. ekstruderet aluminium CNC-del med pr\u00e6cisionstilpasset CNC-bearbejdning: Hvad g\u00f8r CNC-bearbejdning ideel til ekstruderede aluminiumsdele?<\/b><\/p>\n<p>CNC-bearbejdning giver h\u00f8j pr\u00e6cision og gentagelsesn\u00f8jagtighed, hvilket g\u00f8r den perfekt til at skabe specialfremstillede ekstruderede aluminiumsdele med sn\u00e6vre tolerancer.<br \/>\n<\/p><br \/>\n<br \/>\n<p><b>2. kan ekstruderede aluminiumsdele tilpasses med CNC-bearbejdning?<\/b><\/p>\n<p>Ja, CNC-bearbejdning giver mulighed for at tilpasse st\u00f8rrelse, form og design, s\u00e5 de opfylder specifikke krav til forskellige industrier og anvendelser.<br \/>\n<\/p><br \/>\n<br \/>\n<p><b>3. Hvad er de vigtigste fordele ved ekstruderede CNC-dele i aluminium?<\/b><\/p>\n<p>De vigtigste fordele er h\u00f8j pr\u00e6cision, letv\u00e6gtsdesign, holdbarhed og evnen til at h\u00e5ndtere komplekse og indviklede former med minimalt materialespild.<br \/>\n<\/p><br \/>\n<br \/>\n<p><b>4. Hvordan forbedrer CNC-bearbejdning pr\u00e6cisionen af ekstruderede aluminiumsdele?<\/b><\/p>\n<p>CNC-bearbejdning giver mulighed for pr\u00e6cise, automatiserede udsk\u00e6ringer og formgivning, hvilket sikrer sn\u00e6vre tolerancer og ensartethed p\u00e5 tv\u00e6rs af flere dele.<br \/>\n<\/p><br \/>\n<br \/>\n<p><b>5. Hvilke industrier nyder godt af CNC-dele i ekstruderet aluminium?<\/b><\/p>\n<p>Industrier som rumfart, bilindustri, elektronik og produktion bruger ekstruderede CNC-dele i aluminium p\u00e5 grund af deres lette, holdbare og tilpassede egenskaber.<br \/>\n<\/p><br \/>\n<br \/>\n<p><b>6. Hvordan reducerer CNC-bearbejdning materialespild i produktionen?<\/b><\/p>\n<p>CNC-bearbejdning bruger computerstyrede processer til at optimere materialeforbruget, hvilket sikrer minimalt spild og samtidig opretholder en h\u00f8j produktionseffektivitet.<br \/>\n<\/p><br \/>\n<br \/>\n<p><b>7. Hvorfor skal virksomheder v\u00e6lge brugerdefineret CNC-bearbejdning til ekstruderede aluminiumsdele?<\/b><\/p>\n<p>Brugerdefineret CNC-bearbejdning giver fleksibilitet i design, overlegen pr\u00e6cision og mulighed for at skabe dele, der opfylder specifikke krav til ydeevne og \u00e6stetik, hvilket g\u00f8r det til en foretrukken l\u00f8sning til komplekse anvendelser.<br \/>\n<\/p><br \/><\/p>","protected":false},"featured_media":8545,"template":"","categories":[68],"class_list":["post-8546","product","type-product","status-publish","has-post-thumbnail","hentry","category-cnc-machining-aluminum-profile"],"meta_box":{"hilight_text_group":{"product_hilight_text":"<li>High-precision CNC machining for custom extruded aluminum parts<\/li>\r\r\n<li>Ideal for complex, intricate designs requiring tight tolerances<\/li>\r\r\n<li>Customizable to meet specific size, shape, and material requirements<\/li>\r\r\n<li>Fast production times with minimal material waste<\/li>\r\r\n<li>Durable, lightweight parts ideal for a variety of industrial applications<\/li>","product_chanpin_blog":"<ul>\r\r\n<li><a href=\"https:\/\/sinoextrud.com\/t-slot-v-slot-differences\/\" target=\"_blank\">t slot vs v slot<\/a><\/li>\r\r\n<li><a href=\"https:\/\/sinoextrud.com\/what-is-4040-aluminium-extrud\/\" target=\"_blank\">4040 aluminium extrusion<\/a><\/li>\r\r\n<li><a href=\"https:\/\/sinoextrud.com\/what-is-4040-aluminium-extrud\/\" target=\"_blank\">aluminum extrusions for industrial racks<\/a><\/li>\r\r\n<li><a href=\"https:\/\/sinoextrud.com\/powder-coating-aluminium-process\/\" target=\"_blank\">powder coating aluminium<\/a><\/li>\r\r\n<li><a href=\"https:\/\/sinoextrud.com\/what-is-an-aluminium-strip-ceiling\/\" target=\"_blank\">aluminium strip ceiling<\/a><\/li>\r\r\n<li><a href=\"https:\/\/sinoextrud.com\/what-is-a-heat-sink\/\" target=\"_blank\">what is a heat sink<\/a><\/li>\r\r\n<\/ul>","product_chanpin_chanpin":"<li><a href=\"https:\/\/sinoextrud.com\/product\/machined-aluminum-rail-extrusion-profile-cnc-aviation-aluminum-gantry\/\" target=\"_blank\">Machined Aluminum Rail Extrusion Profile CNC Aviation Aluminum Gantry<\/a><\/li>\r\n<li><a href=\"https:\/\/sinoextrud.com\/product\/cnc-machining-aluminum-signal-plate\/\" target=\"_blank\">CNC Machining Aluminum Signal Plate<\/a><\/li>\r\n<li><a href=\"https:\/\/sinoextrud.com\/product\/aluminum-cnc-machining\/\" target=\"_blank\">Aluminum cnc machining<\/a><\/li>\r\n<li><a href=\"https:\/\/sinoextrud.com\/product\/aluminum-profile-cnc-machining\/\" target=\"_blank\">Aluminum Profile CNC Machining<\/a><\/li>\r\n<li><a href=\"https:\/\/sinoextrud.com\/product\/extruded-aluminum-cnc-part-with-precision-custom-cnc-machining\/\" target=\"_blank\">Extruded Aluminum CNC Part with Precision Custom CNC Machining<\/a><\/li>\r\n<li><a href=\"https:\/\/sinoextrud.com\/product\/item-modular-aluminium-profile-system\/\" target=\"_blank\">Item Modular Aluminium Profile System<\/a><\/li>\r\n<li><a href=\"https:\/\/sinoextrud.com\/product\/small-aluminium-extrusions\/\" target=\"_blank\">Small Aluminium Extrusions<\/a><\/li>\r\n<li><a href=\"https:\/\/sinoextrud.com\/product\/cnc-industrial-aluminum-profiler\/\" target=\"_blank\">CNC Industrial Aluminum Profiler<\/a><\/li>\r\n<li><a href=\"https:\/\/sinoextrud.com\/product\/cnc-machine-for-aluminum-profiles\/\" target=\"_blank\">CNC Machine For Aluminum Profiles<\/a><\/li>\r\n<li><a href=\"https:\/\/sinoextrud.com\/product\/6083-aluminum-profile-aluminum-plate-profile-customization-marine-corrosion-resistant-aluminum-alloy-plate\/\" target=\"_blank\">6083 Aluminum Profile Aluminum Plate Profile Customization Marine Corrosion-resistant Aluminum Alloy Plate<\/a><\/li>\r\n<li><a href=\"https:\/\/sinoextrud.com\/product\/aluminium-profile-corner-joint\/\" target=\"_blank\">Aluminium Profile Corner Joint<\/a><\/li>"},"feature_list":[]},"_links":{"self":[{"href":"https:\/\/sinoextrud.com\/da\/wp-json\/wp\/v2\/product\/8546","targetHints":{"allow":["GET"]}}],"collection":[{"href":"https:\/\/sinoextrud.com\/da\/wp-json\/wp\/v2\/product"}],"about":[{"href":"https:\/\/sinoextrud.com\/da\/wp-json\/wp\/v2\/types\/product"}],"wp:featuredmedia":[{"embeddable":true,"href":"https:\/\/sinoextrud.com\/da\/wp-json\/wp\/v2\/media\/8545"}],"wp:attachment":[{"href":"https:\/\/sinoextrud.com\/da\/wp-json\/wp\/v2\/media?parent=8546"}],"wp:term":[{"taxonomy":"category","embeddable":true,"href":"https:\/\/sinoextrud.com\/da\/wp-json\/wp\/v2\/categories?post=8546"}],"curies":[{"name":"wp","href":"https:\/\/api.w.org\/{rel}","templated":true}]}}