{"id":8539,"date":"2025-06-17T02:08:07","date_gmt":"2025-06-17T02:08:07","guid":{"rendered":"https:\/\/sinoextrud.com\/product\/cnc-machining-aluminum-signal-plate\/"},"modified":"2025-06-24T06:24:11","modified_gmt":"2025-06-24T06:24:11","slug":"cnc-bearbejdning-af-signalplade-i-aluminium","status":"publish","type":"product","link":"https:\/\/sinoextrud.com\/da\/product\/cnc-machining-aluminum-signal-plate\/","title":{"rendered":"CNC-bearbejdning af signalplade i aluminium"},"content":{"rendered":"<h2>Detaljer om produkter<\/h2>\n<table class=\"custom-table\">\n<tr>\n<td class=\"label\">Varens navn<\/td>\n<td>CNC-bearbejdning af signalplade i aluminium<\/td>\n<\/tr>\n<tr>\n<td class=\"label\">Materialekvalitet<\/td>\n<td>Legering 6000-serien<\/td>\n<\/tr>\n<tr>\n<td class=\"label\">Temperament<\/td>\n<td>T5-T6<\/td>\n<\/tr>\n<tr>\n<td class=\"label\">Teknologi<\/td>\n<td>Ekstrudering af aluminium, CNC-bearbejdning<\/td>\n<\/tr>\n<tr>\n<td class=\"label\">Overfladebehandling<\/td>\n<td>Anodisering, pulverlakering, sandbl\u00e6sning, elektroforese, fluorcarbon osv.<\/td>\n<\/tr>\n<tr>\n<td class=\"label\">Farve<\/td>\n<td>Tilpasset<\/td>\n<\/tr>\n<tr>\n<td class=\"label\">Anodiseringens tykkelse<\/td>\n<td>8-25 um<\/td>\n<\/tr>\n<tr>\n<td class=\"label\">Power Bel\u00e6gningens tykkelse<\/td>\n<td>40-120 um<\/td>\n<\/tr>\n<tr>\n<td class=\"label\">Form<\/td>\n<td>Baseret p\u00e5 tegninger<\/td>\n<\/tr>\n<tr>\n<td class=\"label\">L\u00e6ngde<\/td>\n<td>Standardl\u00e6ngden er 1-9 m, eller tilpasset.<\/td>\n<\/tr>\n<tr>\n<td class=\"label\">Dyb bearbejdning<\/td>\n<td>sk\u00e6ring, boring, stansning, bukning osv.<\/td>\n<\/tr>\n<tr>\n<td class=\"label\">2D- og 3D-design<\/td>\n<td>Auto CAD, 3D, AI, SLD, PRT. IGS, PDF, JPEG osv.<\/td>\n<\/tr>\n<tr>\n<td class=\"label\">Teknik og v\u00e6rkt\u00f8j<\/td>\n<td>1: 8 ingeni\u00f8rer i formv\u00e6rkstedet.<br \/>\n2: Brug ekstruder med h\u00f8j tonnage, wire EDM, CNC, boremaskiner osv.<\/td>\n<\/tr>\n<tr>\n<td class=\"label\">Kvalitetskontrol<\/td>\n<td>1.SO Godkendt.<br \/>\n2. CE-godkendt<br \/>\n3. Inspektion p\u00e5 stedet.<br \/>\n4. inspektion f\u00f8r forsendelse.<br \/>\n5. testmaskine.<\/td>\n<\/tr>\n<tr>\n<td class=\"label\">Emballagedetaljer<\/td>\n<td>(1) Indvendigt: pakket med beskyttende plastfilm for at beskytte hvert stykke<br \/>\n(2) Udenfor: Indpakning til bundter af vandt\u00e6t h\u00e5ndv\u00e6rkspapir<\/td>\n<\/tr>\n<tr>\n<td class=\"label\">Levering<\/td>\n<td>(1) Formudvikling og pr\u00f8vetestning: 12-18 dage .<br \/>\n(2) Masseproduktion afsluttet: 20-30 dage efter, at pr\u00f8ven er bekr\u00e6ftet af k\u00f8beren.<\/td>\n<\/tr>\n<tr>\n<td class=\"label\">Betalingsperiode<\/td>\n<td>T \/ T 30% for depositum, balance f\u00f8r forsendelse.<\/td>\n<\/tr>\n<\/table>\n<h2>Vores produktionsbase<\/h2>\n<h3>Panorama over fabrikken<\/h3>\n<p><img decoding=\"async\" src=\"\/wp-content\/uploads\/factory-01.webp\"\/><\/p>\n<h3>V\u00e6rksted til fremstilling af aluminiumst\u00e6nger<\/h3>\n<p><img decoding=\"async\" src=\"\/wp-content\/uploads\/factory-02.webp\"\/><\/p>\n<p><img decoding=\"async\" src=\"\/wp-content\/uploads\/factory-03.webp\"\/><\/p>\n<h3>Lager til opbevaring af skimmelsvampe<\/h3>\n<p><img decoding=\"async\" src=\"\/wp-content\/uploads\/factory-04.webp\"\/><\/p>\n<h3>43 ekstruderingslinjer for aluminium (500-5500 ton)<\/h3>\n<p><img decoding=\"async\" src=\"\/wp-content\/uploads\/factory-05.webp\"\/><\/p>\n<p><img decoding=\"async\" src=\"\/wp-content\/uploads\/factory-06.webp\"\/><\/p>\n<p><img decoding=\"async\" src=\"\/wp-content\/uploads\/factory-07.webp\"\/><\/p>\n<h3>V\u00e6rksted for pulverlakering<\/h3>\n<p><img decoding=\"async\" src=\"\/wp-content\/uploads\/factory-09.webp\"\/><\/p>\n<h3>Anodiseringsv\u00e6rksted<\/h3>\n<p><img decoding=\"async\" src=\"\/wp-content\/uploads\/factory-10.webp\"\/><\/p>\n<h3>Workshop om dyb behandling<\/h3>\n<p><img decoding=\"async\" src=\"\/wp-content\/uploads\/factory-11.webp\"\/><\/p>\n<h3>V\u00e6rksted for CNC-pr\u00e6cisionsbearbejdning<\/h3>\n<p><img decoding=\"async\" src=\"\/wp-content\/uploads\/factory-11.5.webp\"\/><\/p>\n<h3>F\u00e6rdigvare- og eksportlager<\/h3>\n<p><img decoding=\"async\" src=\"\/wp-content\/uploads\/factory-12.webp\"\/><\/p>\n<p><img decoding=\"async\" src=\"\/wp-content\/uploads\/factory-13.webp\"\/><\/p>\n<p><img decoding=\"async\" src=\"\/wp-content\/uploads\/factory-14.webp\"\/><\/p>\n<h2>OFTE STILLEDE SP\u00d8RGSM\u00c5L<\/h2>\n<p><p><b>1. Hvad er en CNC-bearbejdet signalplade i aluminium?<\/b><\/p>\n<p>En CNC-bearbejdet aluminiumssignalplade er en pr\u00e6cisionsfremstillet aluminiumsplade, der bruges til skiltning, etiketter og markeringer, skabt ved hj\u00e6lp af CNC-bearbejdningsteknologi for h\u00f8j n\u00f8jagtighed.<br \/>\n<\/p><br \/>\n<br \/>\n<p><b>2. Hvorfor v\u00e6lge aluminium til signalplader?<\/b><\/p>\n<p>Aluminium er holdbart, let og korrosionsbestandigt, hvilket g\u00f8r det til et ideelt materiale til signalplader, der skal kunne modst\u00e5 barske milj\u00f8er og samtidig bevare synligheden.<br \/>\n<\/p><br \/>\n<br \/>\n<p><b>3. Hvor n\u00f8jagtige er CNC-bearbejdede signalplader i aluminium?<\/b><\/p>\n<p>CNC-bearbejdning sikrer h\u00f8j pr\u00e6cision med sn\u00e6vre tolerancer og tydelige markeringer eller indgraveringer, som er afg\u00f8rende for industri- og skilteapplikationer.<br \/>\n<\/p><br \/>\n<br \/>\n<p><b>4. kan CNC-bearbejdning af aluminiumssignalplader tilpasses?<\/b><\/p>\n<p>Ja, CNC-bearbejdede signalplader i aluminium kan nemt tilpasses med hensyn til st\u00f8rrelse, design og gravering for at opfylde specifikke krav til forskellige anvendelser.<br \/>\n<\/p><br \/>\n<br \/>\n<p><b>5. Hvilke industrier bruger CNC-bearbejdning af aluminiumssignalplader?<\/b><\/p>\n<p>Industrier som produktion, elektronik, bilindustri og byggeri bruger CNC-bearbejdede signalplader i aluminium til klare, holdbare markeringer og skilte.<br \/>\n<\/p><br \/>\n<br \/>\n<p><b>6. Hvor hurtigt kan CNC-bearbejdning af aluminiumssignalplader produceres?<\/b><\/p>\n<p>Produktionen af CNC-bearbejdede signalplader i aluminium er effektiv og giver hurtige leveringstider, samtidig med at den h\u00f8je kvalitet og pr\u00e6cision opretholdes.<br \/>\n<\/p><br \/>\n<br \/>\n<p><b>7. Er CNC-bearbejdning af signalplader i aluminium omkostningseffektiv?<\/b><\/p>\n<p>Ja, CNC-bearbejdning af signalplader i aluminium er en omkostningseffektiv l\u00f8sning til holdbar skiltning i h\u00f8j kvalitet og tilbyder konkurrencedygtige priser for b\u00e5de sm\u00e5 og store produktionsserier.<br \/>\n<\/p><br \/><\/p>","protected":false},"featured_media":8538,"template":"","categories":[68],"class_list":["post-8539","product","type-product","status-publish","has-post-thumbnail","hentry","category-cnc-machining-aluminum-profile"],"meta_box":{"hilight_text_group":{"product_hilight_text":"<li>High-precision CNC machining for aluminum signal plates<\/li>\r\r\n<li>Customizable designs for various signal plate applications<\/li>\r\r\n<li>Durable, lightweight, and corrosion-resistant aluminum material<\/li>\r\r\n<li>Clear, precise engraving and marking for enhanced visibility<\/li>\r\r\n<li>Cost-effective production with fast lead times<\/li>\r\r\n<li>Ideal for use in industrial, electronic, and signage applications<\/li>","product_chanpin_blog":"<ul>\r\r\n<li><a href=\"https:\/\/sinoextrud.com\/t-slot-v-slot-differences\/\" target=\"_blank\">t slot vs v slot<\/a><\/li>\r\r\n<li><a href=\"https:\/\/sinoextrud.com\/what-is-4040-aluminium-extrud\/\" target=\"_blank\">4040 aluminium extrusion<\/a><\/li>\r\r\n<li><a href=\"https:\/\/sinoextrud.com\/what-is-4040-aluminium-extrud\/\" target=\"_blank\">aluminum extrusions for industrial racks<\/a><\/li>\r\r\n<li><a href=\"https:\/\/sinoextrud.com\/powder-coating-aluminium-process\/\" target=\"_blank\">powder coating aluminium<\/a><\/li>\r\r\n<li><a href=\"https:\/\/sinoextrud.com\/what-is-an-aluminium-strip-ceiling\/\" target=\"_blank\">aluminium strip ceiling<\/a><\/li>\r\r\n<li><a href=\"https:\/\/sinoextrud.com\/what-is-a-heat-sink\/\" target=\"_blank\">what is a heat sink<\/a><\/li>\r\r\n<\/ul>","product_chanpin_chanpin":"<li><a href=\"https:\/\/sinoextrud.com\/product\/extruded-aluminum-heatsink-led-alloy-a6063-t5-extrusion-profiles-cutting-cnc-precision\/\" target=\"_blank\">extruded aluminum heatsink LED alloy a6063 t5 extrusion profiles cutting CNC precision<\/a><\/li>\r\n<li><a href=\"https:\/\/sinoextrud.com\/product\/aluminum-anodized-gold-ashtray\/\" target=\"_blank\">Aluminum Anodized Gold Ashtray<\/a><\/li>\r\n<li><a href=\"https:\/\/sinoextrud.com\/product\/aluminum-hydraulic-oil-tank\/\" target=\"_blank\">Aluminum Hydraulic Oil Tank<\/a><\/li>\r\n<li><a href=\"https:\/\/sinoextrud.com\/product\/machined-aluminum-rail-extrusion-profile-cnc-aviation-aluminum-gantry\/\" target=\"_blank\">Machined Aluminum Rail Extrusion Profile CNC Aviation Aluminum Gantry<\/a><\/li>\r\n<li><a href=\"https:\/\/sinoextrud.com\/product\/cnc-machining-aluminum-signal-plate\/\" target=\"_blank\">CNC Machining Aluminum Signal Plate<\/a><\/li>\r\n<li><a href=\"https:\/\/sinoextrud.com\/product\/aluminum-cnc-machining\/\" target=\"_blank\">Aluminum cnc machining<\/a><\/li>\r\n<li><a href=\"https:\/\/sinoextrud.com\/product\/aluminum-profile-cnc-machining\/\" target=\"_blank\">Aluminum Profile CNC Machining<\/a><\/li>\r\n<li><a href=\"https:\/\/sinoextrud.com\/product\/extruded-aluminum-cnc-part-with-precision-custom-cnc-machining\/\" target=\"_blank\">Extruded Aluminum CNC Part with Precision Custom CNC Machining<\/a><\/li>\r\n<li><a href=\"https:\/\/sinoextrud.com\/product\/item-modular-aluminium-profile-system\/\" target=\"_blank\">Item Modular Aluminium Profile System<\/a><\/li>\r\n<li><a href=\"https:\/\/sinoextrud.com\/product\/aluminum-frame-extrusion-profiles\/\" target=\"_blank\">Aluminum Frame Extrusion Profiles<\/a><\/li>\r\n<li><a href=\"https:\/\/sinoextrud.com\/product\/triangular-extruded-aluminum-tube\/\" target=\"_blank\">Triangular Extruded Aluminum Tube<\/a><\/li>"},"feature_list":[]},"_links":{"self":[{"href":"https:\/\/sinoextrud.com\/da\/wp-json\/wp\/v2\/product\/8539","targetHints":{"allow":["GET"]}}],"collection":[{"href":"https:\/\/sinoextrud.com\/da\/wp-json\/wp\/v2\/product"}],"about":[{"href":"https:\/\/sinoextrud.com\/da\/wp-json\/wp\/v2\/types\/product"}],"wp:featuredmedia":[{"embeddable":true,"href":"https:\/\/sinoextrud.com\/da\/wp-json\/wp\/v2\/media\/8538"}],"wp:attachment":[{"href":"https:\/\/sinoextrud.com\/da\/wp-json\/wp\/v2\/media?parent=8539"}],"wp:term":[{"taxonomy":"category","embeddable":true,"href":"https:\/\/sinoextrud.com\/da\/wp-json\/wp\/v2\/categories?post=8539"}],"curies":[{"name":"wp","href":"https:\/\/api.w.org\/{rel}","templated":true}]}}