{"id":8533,"date":"2025-06-17T02:02:40","date_gmt":"2025-06-17T02:02:40","guid":{"rendered":"https:\/\/sinoextrud.com\/product\/aluminum-anodized-gold-ashtray\/"},"modified":"2025-06-24T06:24:10","modified_gmt":"2025-06-24T06:24:10","slug":"askebaeger-af-anodiseret-aluminium-i-guld","status":"publish","type":"product","link":"https:\/\/sinoextrud.com\/da\/product\/aluminum-anodized-gold-ashtray\/","title":{"rendered":"Anodiseret guldaskeb\u00e6ger i aluminium"},"content":{"rendered":"<h2>Detaljer om produkter<\/h2>\n<table class=\"custom-table\">\n<tr>\n<td class=\"label\">Varens navn<\/td>\n<td>Anodiseret guldaskeb\u00e6ger i aluminium<\/td>\n<\/tr>\n<tr>\n<td class=\"label\">Materialekvalitet<\/td>\n<td>6063, 6061<\/td>\n<\/tr>\n<tr>\n<td class=\"label\">Temperament<\/td>\n<td>T5-T6<\/td>\n<\/tr>\n<tr>\n<td class=\"label\">Teknologi<\/td>\n<td>Ekstrudering af aluminium, CNC-bearbejdning<\/td>\n<\/tr>\n<tr>\n<td class=\"label\">Overfladebehandling<\/td>\n<td>Anodisering, pulverlakering, sandbl\u00e6sning, elektroforese, fluorcarbon osv.<\/td>\n<\/tr>\n<tr>\n<td class=\"label\">Farve<\/td>\n<td>Tilpasset<\/td>\n<\/tr>\n<tr>\n<td class=\"label\">Anodiseringens tykkelse<\/td>\n<td>8-25 um<\/td>\n<\/tr>\n<tr>\n<td class=\"label\">Power Bel\u00e6gningens tykkelse<\/td>\n<td>40-120 um<\/td>\n<\/tr>\n<tr>\n<td class=\"label\">Form<\/td>\n<td>Rund eller tilpasset<\/td>\n<\/tr>\n<tr>\n<td class=\"label\">Dimension<\/td>\n<td>Tilpasset.<\/td>\n<\/tr>\n<tr>\n<td class=\"label\">Dyb bearbejdning<\/td>\n<td>sk\u00e6ring, boring, stansning, bukning osv.<\/td>\n<\/tr>\n<tr>\n<td class=\"label\">2D- og 3D-design<\/td>\n<td>Auto CAD, 3D, AI, SLD, PRT. IGS, PDF, JPEG osv.<\/td>\n<\/tr>\n<tr>\n<td class=\"label\">Teknik og v\u00e6rkt\u00f8j<\/td>\n<td>1: 8 ingeni\u00f8rer i formv\u00e6rkstedet.<br \/>\n2: Brug ekstruder med h\u00f8j tonnage, wire EDM, CNC, boremaskiner osv.<\/td>\n<\/tr>\n<tr>\n<td class=\"label\">Kvalitetskontrol<\/td>\n<td>1.SO Godkendt.<br \/>\n2. CE-godkendt<br \/>\n3. Inspektion p\u00e5 stedet.<br \/>\n4. inspektion f\u00f8r forsendelse.<br \/>\n5. testmaskine.<\/td>\n<\/tr>\n<tr>\n<td class=\"label\">Emballagedetaljer<\/td>\n<td>(1) Indvendigt: pakket med beskyttende plastfilm for at beskytte hvert stykke<br \/>\n(2) Udenfor: Indpakning til bundter af vandt\u00e6t h\u00e5ndv\u00e6rkspapir<\/td>\n<\/tr>\n<tr>\n<td class=\"label\">Levering<\/td>\n<td>(1) Formudvikling og pr\u00f8vetestning: 12-18 dage .<br \/>\n(2) Masseproduktion afsluttet: 20-30 dage efter, at pr\u00f8ven er bekr\u00e6ftet af k\u00f8beren.<\/td>\n<\/tr>\n<tr>\n<td class=\"label\">Betalingsperiode<\/td>\n<td>T \/ T 30% for depositum, balance f\u00f8r forsendelse.<\/td>\n<\/tr>\n<\/table>\n<h2>Vores produktionsbase<\/h2>\n<h3>Panorama over fabrikken<\/h3>\n<p><img decoding=\"async\" src=\"\/wp-content\/uploads\/factory-01.webp\"\/><\/p>\n<h3>V\u00e6rksted til fremstilling af aluminiumst\u00e6nger<\/h3>\n<p><img decoding=\"async\" src=\"\/wp-content\/uploads\/factory-02.webp\"\/><\/p>\n<p><img decoding=\"async\" src=\"\/wp-content\/uploads\/factory-03.webp\"\/><\/p>\n<h3>Lager til opbevaring af skimmelsvampe<\/h3>\n<p><img decoding=\"async\" src=\"\/wp-content\/uploads\/factory-04.webp\"\/><\/p>\n<h3>43 ekstruderingslinjer for aluminium (500-5500 ton)<\/h3>\n<p><img decoding=\"async\" src=\"\/wp-content\/uploads\/factory-05.webp\"\/><\/p>\n<p><img decoding=\"async\" src=\"\/wp-content\/uploads\/factory-06.webp\"\/><\/p>\n<p><img decoding=\"async\" src=\"\/wp-content\/uploads\/factory-07.webp\"\/><\/p>\n<h3>V\u00e6rksted for pulverlakering<\/h3>\n<p><img decoding=\"async\" src=\"\/wp-content\/uploads\/factory-09.webp\"\/><\/p>\n<h3>Anodiseringsv\u00e6rksted<\/h3>\n<p><img decoding=\"async\" src=\"\/wp-content\/uploads\/factory-10.webp\"\/><\/p>\n<h3>Workshop om dyb behandling<\/h3>\n<p><img decoding=\"async\" src=\"\/wp-content\/uploads\/factory-11.webp\"\/><\/p>\n<h3>V\u00e6rksted for CNC-pr\u00e6cisionsbearbejdning<\/h3>\n<p><img decoding=\"async\" src=\"\/wp-content\/uploads\/factory-11.5.webp\"\/><\/p>\n<h3>F\u00e6rdigvare- og eksportlager<\/h3>\n<p><img decoding=\"async\" src=\"\/wp-content\/uploads\/factory-12.webp\"\/><\/p>\n<p><img decoding=\"async\" src=\"\/wp-content\/uploads\/factory-13.webp\"\/><\/p>\n<p><img decoding=\"async\" src=\"\/wp-content\/uploads\/factory-14.webp\"\/><\/p>\n<h2>OFTE STILLEDE SP\u00d8RGSM\u00c5L<\/h2>\n<p><p><b>1. Hvad er et anodiseret guldaskeb\u00e6ger i aluminium?<\/b><\/p>\n<p>Et anodiseret guldaskeb\u00e6ger i aluminium er et rygetilbeh\u00f8r af h\u00f8j kvalitet, der er fremstillet af aluminium og belagt med en anodiseret guldfinish, som giver et f\u00f8rsteklasses udseende og forbedret holdbarhed.<br \/>\n<\/p><br \/>\n<br \/>\n<p><b>2. Hvorfor bruges anodisering til aluminiumsaskeb\u00e6gre?<\/b><\/p>\n<p>Anodisering forbedrer overfladeh\u00e5rdheden, korrosionsbestandigheden og det \u00e6stetiske indtryk af aluminiumsaskeb\u00e6gre, hvilket g\u00f8r dem mere holdbare og visuelt attraktive.<br \/>\n<\/p><br \/>\n<br \/>\n<p><b>3. Hvor holdbart er et anodiseret guldaskeb\u00e6ger i aluminium?<\/b><\/p>\n<p>Anodiserede guldaskeb\u00e6gre af aluminium er meget holdbare, korrosionsbestandige og langtidsholdbare, hvilket g\u00f8r dem ideelle til b\u00e5de privat og kommerciel brug.<br \/>\n<\/p><br \/>\n<br \/>\n<p><b>4. kan anodiserede guldaskeb\u00e6gre i aluminium tilpasses?<\/b><\/p>\n<p>Ja, anodiserede guldaskeb\u00e6gre i aluminium kan tilpasses med hensyn til st\u00f8rrelse, design og logo, s\u00e5 de passer til specifikke krav til luksus- og virksomhedsbrug.<br \/>\n<\/p><br \/>\n<br \/>\n<p><b>5. Hvilke industrier bruger anodiserede guldaskeb\u00e6gre i aluminium?<\/b><\/p>\n<p>Anodiserede guldaskeb\u00e6gre af aluminium bruges ofte p\u00e5 luksushoteller, eksklusive restauranter, lounges og andre eksklusive steder p\u00e5 grund af deres stilfulde og f\u00f8rsteklasses udseende.<br \/>\n<\/p><br \/>\n<br \/>\n<p><b>6. Hvor nemt er det at reng\u00f8re et anodiseret guldaskeb\u00e6ger i aluminium?<\/b><\/p>\n<p>Anodiserede guldaskeb\u00e6gre af aluminium er nemme at reng\u00f8re og vedligeholde, og den anodiserede overflade g\u00f8r dem modstandsdygtige over for snavs og pletter og sikrer et langvarigt poleret udseende.<br \/>\n<\/p><br \/>\n<br \/>\n<p><b>7. Er anodiserede guldaskeb\u00e6gre af aluminium omkostningseffektive?<\/b><\/p>\n<p>Ja, p\u00e5 trods af deres f\u00f8rsteklasses udseende er anodiserede guldaskeb\u00e6gre i aluminium omkostningseffektive og tilbyder holdbarhed og elegance til konkurrencedygtige priser, der passer til eksklusive milj\u00f8er.<br \/>\n<\/p><br \/><\/p>","protected":false},"featured_media":8532,"template":"","categories":[68],"class_list":["post-8533","product","type-product","status-publish","has-post-thumbnail","hentry","category-cnc-machining-aluminum-profile"],"meta_box":{"hilight_text_group":{"product_hilight_text":"<li>Elegant and stylish anodized gold finish for a premium look<\/li>\r\r\n<li>Durable aluminum material, lightweight yet strong<\/li>\r\r\n<li>Corrosion-resistant anodizing for long-lasting use<\/li>\r\r\n<li>Easy to clean and maintain, perfect for both indoor and outdoor use<\/li>\r\r\n<li>Customizable designs to fit various preferences and requirements<\/li>\r\r\n<li>Perfect for luxury hotels, restaurants, and high-end lounges<\/li>","product_chanpin_blog":"<ul>\r\r\n<li><a href=\"https:\/\/sinoextrud.com\/t-slot-v-slot-differences\/\" target=\"_blank\">t slot vs v slot<\/a><\/li>\r\r\n<li><a href=\"https:\/\/sinoextrud.com\/what-is-4040-aluminium-extrud\/\" target=\"_blank\">4040 aluminium extrusion<\/a><\/li>\r\r\n<li><a href=\"https:\/\/sinoextrud.com\/what-is-4040-aluminium-extrud\/\" target=\"_blank\">aluminum extrusions for industrial racks<\/a><\/li>\r\r\n<li><a href=\"https:\/\/sinoextrud.com\/powder-coating-aluminium-process\/\" target=\"_blank\">powder coating aluminium<\/a><\/li>\r\r\n<li><a href=\"https:\/\/sinoextrud.com\/what-is-an-aluminium-strip-ceiling\/\" target=\"_blank\">aluminium strip ceiling<\/a><\/li>\r\r\n<li><a href=\"https:\/\/sinoextrud.com\/what-is-a-heat-sink\/\" target=\"_blank\">what is a heat sink<\/a><\/li>\r\r\n<\/ul>","product_chanpin_chanpin":"<li><a href=\"https:\/\/sinoextrud.com\/product\/extruded-aluminium-housing\/\" target=\"_blank\">Extruded Aluminium Housing<\/a><\/li>\r\n<li><a href=\"https:\/\/sinoextrud.com\/product\/aluminum-panel-outlet-socket\/\" target=\"_blank\">Aluminum Panel Outlet Socket<\/a><\/li>\r\n<li><a href=\"https:\/\/sinoextrud.com\/product\/anodized-small-machining-aluminum-parts\/\" target=\"_blank\">Anodized Small Machining Aluminum Parts<\/a><\/li>\r\n<li><a href=\"https:\/\/sinoextrud.com\/product\/extruded-aluminum-heatsink-led-alloy-a6063-t5-extrusion-profiles-cutting-cnc-precision\/\" target=\"_blank\">extruded aluminum heatsink LED alloy a6063 t5 extrusion profiles cutting CNC precision<\/a><\/li>\r\n<li><a href=\"https:\/\/sinoextrud.com\/product\/aluminum-anodized-gold-ashtray\/\" target=\"_blank\">Aluminum Anodized Gold Ashtray<\/a><\/li>\r\n<li><a href=\"https:\/\/sinoextrud.com\/product\/aluminum-hydraulic-oil-tank\/\" target=\"_blank\">Aluminum Hydraulic Oil Tank<\/a><\/li>\r\n<li><a href=\"https:\/\/sinoextrud.com\/product\/machined-aluminum-rail-extrusion-profile-cnc-aviation-aluminum-gantry\/\" target=\"_blank\">Machined Aluminum Rail Extrusion Profile CNC Aviation Aluminum Gantry<\/a><\/li>\r\n<li><a href=\"https:\/\/sinoextrud.com\/product\/cnc-machining-aluminum-signal-plate\/\" target=\"_blank\">CNC Machining Aluminum Signal Plate<\/a><\/li>\r\n<li><a href=\"https:\/\/sinoextrud.com\/product\/aluminum-cnc-machining\/\" target=\"_blank\">Aluminum cnc machining<\/a><\/li>\r\n<li><a href=\"https:\/\/sinoextrud.com\/product\/aluminium-profile-louver\/\" target=\"_blank\">Aluminium Profile Louver<\/a><\/li>\r\n<li><a href=\"https:\/\/sinoextrud.com\/product\/customized-extruded-aluminum-enclosure-profile\/\" target=\"_blank\">Customized Extruded Aluminum Enclosure Profile<\/a><\/li>"},"feature_list":[]},"_links":{"self":[{"href":"https:\/\/sinoextrud.com\/da\/wp-json\/wp\/v2\/product\/8533","targetHints":{"allow":["GET"]}}],"collection":[{"href":"https:\/\/sinoextrud.com\/da\/wp-json\/wp\/v2\/product"}],"about":[{"href":"https:\/\/sinoextrud.com\/da\/wp-json\/wp\/v2\/types\/product"}],"wp:featuredmedia":[{"embeddable":true,"href":"https:\/\/sinoextrud.com\/da\/wp-json\/wp\/v2\/media\/8532"}],"wp:attachment":[{"href":"https:\/\/sinoextrud.com\/da\/wp-json\/wp\/v2\/media?parent=8533"}],"wp:term":[{"taxonomy":"category","embeddable":true,"href":"https:\/\/sinoextrud.com\/da\/wp-json\/wp\/v2\/categories?post=8533"}],"curies":[{"name":"wp","href":"https:\/\/api.w.org\/{rel}","templated":true}]}}