{"id":8531,"date":"2025-06-17T02:01:26","date_gmt":"2025-06-17T02:01:26","guid":{"rendered":"https:\/\/sinoextrud.com\/product\/extruded-aluminum-heatsink-led-alloy-a6063-t5-extrusion-profiles-cutting-cnc-precision\/"},"modified":"2025-06-24T06:24:09","modified_gmt":"2025-06-24T06:24:09","slug":"ekstruderet-aluminium-heatsink-led-legering-a6063-t5-ekstruderingsprofiler-skaering-cnc-praecision","status":"publish","type":"product","link":"https:\/\/sinoextrud.com\/da\/product\/extruded-aluminum-heatsink-led-alloy-a6063-t5-extrusion-profiles-cutting-cnc-precision\/","title":{"rendered":"ekstruderet aluminium heatsink LED-legering a6063 t5 ekstruderingsprofiler sk\u00e6rer CNC-pr\u00e6cision"},"content":{"rendered":"<h2>Detaljer om produkter<\/h2>\n<table class=\"custom-table\">\n<tr>\n<td class=\"label\">Vare:<\/td>\n<td> ekstruderet aluminium heatsink LED-legering a6063 t5 ekstruderingsprofiler sk\u00e6rer CNC-pr\u00e6cision<\/td>\n<\/tr>\n<tr>\n<td class=\"label\">Anvendelse:<\/td>\n<td> K\u00f8lelegeme af ekstruderet aluminium<\/td>\n<\/tr>\n<tr>\n<td class=\"label\">Karakter:<\/td>\n<td> 6000-serien<\/td>\n<\/tr>\n<tr>\n<td class=\"label\">Teknik:<\/td>\n<td> Ekstruderet<\/td>\n<\/tr>\n<tr>\n<td class=\"label\">Temperament:<\/td>\n<td> T3 - T8<\/td>\n<\/tr>\n<tr>\n<td class=\"label\">St\u00f8rrelser:<\/td>\n<td> Det kunne tilpasses som leveret design<\/td>\n<\/tr>\n<tr>\n<td class=\"label\">Bearbejdningstjenester:<\/td>\n<td> Boring, gevindsk\u00e6ring, nitning, montering osv.<\/td>\n<\/tr>\n<tr>\n<td class=\"label\">Varem\u00e6rke:<\/td>\n<td> Sinoextrud<\/td>\n<\/tr>\n<tr>\n<td class=\"label\">Oprindelse:<\/td>\n<td> Foshan, Guangdong<\/td>\n<\/tr>\n<tr>\n<td class=\"label\">Type:<\/td>\n<td> k\u00f8leplade af aluminium<\/td>\n<\/tr>\n<tr>\n<td class=\"label\">Form:<\/td>\n<td> Lavet som kundernes design<\/td>\n<\/tr>\n<tr>\n<td class=\"label\">Overfladebehandling:<\/td>\n<td> Anodiseret, pulverlakeret osv.<\/td>\n<\/tr>\n<tr>\n<td class=\"label\">Legering:<\/td>\n<td> Legering<\/td>\n<\/tr>\n<tr>\n<td class=\"label\">Certificering:<\/td>\n<td> ISO, RoHS<\/td>\n<\/tr>\n<tr>\n<td class=\"label\">L\u00e6ngde:<\/td>\n<td> Den kan sk\u00e6re efter specifikke behov<\/td>\n<\/tr>\n<tr>\n<td class=\"label\">Farver:<\/td>\n<td> Lavet som forudsat Farve Nummer<\/td>\n<\/tr>\n<tr>\n<td class=\"label\">Specifikation:<\/td>\n<td> SGS, Rohs, ISO<\/td>\n<\/tr>\n<tr>\n<td class=\"label\">HS-kode:<\/td>\n<td> 76042990<\/td>\n<\/tr>\n<\/table>\n<h2>Vores produktionsbase<\/h2>\n<h3>Panorama over fabrikken<\/h3>\n<p><img decoding=\"async\" src=\"\/wp-content\/uploads\/factory-01.webp\"\/><\/p>\n<h3>V\u00e6rksted til fremstilling af aluminiumst\u00e6nger<\/h3>\n<p><img decoding=\"async\" src=\"\/wp-content\/uploads\/factory-02.webp\"\/><\/p>\n<p><img decoding=\"async\" src=\"\/wp-content\/uploads\/factory-03.webp\"\/><\/p>\n<h3>Lager til opbevaring af skimmelsvampe<\/h3>\n<p><img decoding=\"async\" src=\"\/wp-content\/uploads\/factory-04.webp\"\/><\/p>\n<h3>43 ekstruderingslinjer for aluminium (500-5500 ton)<\/h3>\n<p><img decoding=\"async\" src=\"\/wp-content\/uploads\/factory-05.webp\"\/><\/p>\n<p><img decoding=\"async\" src=\"\/wp-content\/uploads\/factory-06.webp\"\/><\/p>\n<p><img decoding=\"async\" src=\"\/wp-content\/uploads\/factory-07.webp\"\/><\/p>\n<h3>V\u00e6rksted for pulverlakering<\/h3>\n<p><img decoding=\"async\" src=\"\/wp-content\/uploads\/factory-09.webp\"\/><\/p>\n<h3>Anodiseringsv\u00e6rksted<\/h3>\n<p><img decoding=\"async\" src=\"\/wp-content\/uploads\/factory-10.webp\"\/><\/p>\n<h3>Workshop om dyb behandling<\/h3>\n<p><img decoding=\"async\" src=\"\/wp-content\/uploads\/factory-11.webp\"\/><\/p>\n<h3>V\u00e6rksted for CNC-pr\u00e6cisionsbearbejdning<\/h3>\n<p><img decoding=\"async\" src=\"\/wp-content\/uploads\/factory-11.5.webp\"\/><\/p>\n<h3>F\u00e6rdigvare- og eksportlager<\/h3>\n<p><img decoding=\"async\" src=\"\/wp-content\/uploads\/factory-12.webp\"\/><\/p>\n<p><img decoding=\"async\" src=\"\/wp-content\/uploads\/factory-13.webp\"\/><\/p>\n<p><img decoding=\"async\" src=\"\/wp-content\/uploads\/factory-14.webp\"\/><\/p>\n<h2>OFTE STILLEDE SP\u00d8RGSM\u00c5L<\/h2>\n<p><p><b>1. Hvad er en k\u00f8lelegeme af ekstruderet aluminium?<\/b><\/p>\n<p>En k\u00f8lelegeme af ekstruderet aluminium er en varmeafledningskomponent lavet af aluminiumslegering, designet til effektivt at overf\u00f8re varme fra elektroniske enheder til det omgivende milj\u00f8, hvilket forbedrer ydeevnen og levetiden.<br \/>\n<\/p><br \/>\n<br \/>\n<p><b>2. Hvorfor bruges A6063 T5-legering til k\u00f8lelegemer?<\/b><\/p>\n<p>A6063 T5-legering bruges til k\u00f8lelegemer, fordi den giver fremragende styrke, korrosionsbestandighed og god varmeledningsevne, hvilket g\u00f8r den ideel til LED-applikationer og andre elektroniske komponenter.<br \/>\n<\/p><br \/>\n<br \/>\n<p><b>3. Hvordan gavner CNC-pr\u00e6cisionssk\u00e6ring k\u00f8lelegemer af ekstruderet aluminium?<\/b><\/p>\n<p>CNC-pr\u00e6cisionssk\u00e6ring sikrer sn\u00e6vre tolerancer, pr\u00e6cise dimensioner og glat overfladefinish, som er afg\u00f8rende for at maksimere varmeafledning og sikre h\u00f8j ydeevne i LED- og elektronikapplikationer.<br \/>\n<\/p><br \/>\n<br \/>\n<p><b>4. Kan k\u00f8lelegemer af ekstruderet aluminium tilpasses?<\/b><\/p>\n<p>Ja, k\u00f8lelegemer af ekstruderet aluminium kan tilpasses med hensyn til st\u00f8rrelse, form og profildesign for at opfylde specifikke behov for varmestyring til forskellige anvendelser.<br \/>\n<\/p><br \/>\n<br \/>\n<p><b>5. Hvilke industrier bruger k\u00f8lelegemer af ekstruderet aluminium?<\/b><\/p>\n<p>K\u00f8lelegemer af ekstruderet aluminium bruges i vid udstr\u00e6kning i brancher som LED-belysning, elektronik, bilindustrien og vedvarende energi, hvor effektiv varmeafledning er afg\u00f8rende for komponenternes ydeevne og holdbarhed.<br \/>\n<\/p><br \/>\n<br \/>\n<p><b>6. Hvor effektive er k\u00f8lelegemer af ekstruderet aluminium til LED-applikationer?<\/b><\/p>\n<p>K\u00f8lelegemer af ekstruderet aluminium er meget effektive i LED-applikationer, hvor de giver fremragende varmeafledning for at opretholde optimale driftstemperaturer og forl\u00e6nge levetiden for LED-lys og andre elektroniske enheder.<br \/>\n<\/p><br \/>\n<br \/>\n<p><b>7. Hvor hurtigt kan k\u00f8lelegemer af ekstruderet aluminium produceres?<\/b><\/p>\n<p>K\u00f8lelegemer i ekstruderet aluminium kan produceres hurtigt med effektive ekstruderings- og CNC-bearbejdningsprocesser, hvilket giver hurtige leveringstider for b\u00e5de sm\u00e5 og store produktionsserier.<br \/>\n<\/p><br \/><\/p>","protected":false},"featured_media":8530,"template":"","categories":[68],"class_list":["post-8531","product","type-product","status-publish","has-post-thumbnail","hentry","category-cnc-machining-aluminum-profile"],"meta_box":{"hilight_text_group":{"product_hilight_text":"<li>High-quality extruded aluminum heatsink for efficient thermal management<\/li>\r\r\n<li>Made from LED alloy A6063 T5, offering excellent durability and corrosion resistance<\/li>\r\r\n<li>Precision CNC cutting for tight tolerances and superior finish<\/li>\r\r\n<li>Customizable extrusion profiles to fit specific cooling requirements<\/li>\r\r\n<li>Efficient heat dissipation for LED applications and other electronic devices<\/li>\r\r\n<li>Cost-effective production with fast lead times and excellent quality control<\/li>","product_chanpin_blog":"<ul>\r\r\n<li><a href=\"https:\/\/sinoextrud.com\/t-slot-v-slot-differences\/\" target=\"_blank\">t slot vs v slot<\/a><\/li>\r\r\n<li><a href=\"https:\/\/sinoextrud.com\/what-is-4040-aluminium-extrud\/\" target=\"_blank\">4040 aluminium extrusion<\/a><\/li>\r\r\n<li><a href=\"https:\/\/sinoextrud.com\/what-is-4040-aluminium-extrud\/\" target=\"_blank\">aluminum extrusions for industrial racks<\/a><\/li>\r\r\n<li><a href=\"https:\/\/sinoextrud.com\/powder-coating-aluminium-process\/\" target=\"_blank\">powder coating aluminium<\/a><\/li>\r\r\n<li><a href=\"https:\/\/sinoextrud.com\/what-is-an-aluminium-strip-ceiling\/\" target=\"_blank\">aluminium strip ceiling<\/a><\/li>\r\r\n<li><a href=\"https:\/\/sinoextrud.com\/what-is-a-heat-sink\/\" target=\"_blank\">what is a heat sink<\/a><\/li>\r\r\n<\/ul>","product_chanpin_chanpin":"<li><a href=\"https:\/\/sinoextrud.com\/product\/factory-cnc-precision-aluminum-parts\/\" target=\"_blank\">Factory Cnc Precision Aluminum Parts<\/a><\/li>\r\n<li><a href=\"https:\/\/sinoextrud.com\/product\/extruded-aluminium-housing\/\" target=\"_blank\">Extruded Aluminium Housing<\/a><\/li>\r\n<li><a href=\"https:\/\/sinoextrud.com\/product\/aluminum-panel-outlet-socket\/\" target=\"_blank\">Aluminum Panel Outlet Socket<\/a><\/li>\r\n<li><a href=\"https:\/\/sinoextrud.com\/product\/anodized-small-machining-aluminum-parts\/\" target=\"_blank\">Anodized Small Machining Aluminum Parts<\/a><\/li>\r\n<li><a href=\"https:\/\/sinoextrud.com\/product\/extruded-aluminum-heatsink-led-alloy-a6063-t5-extrusion-profiles-cutting-cnc-precision\/\" target=\"_blank\">extruded aluminum heatsink LED alloy a6063 t5 extrusion profiles cutting CNC precision<\/a><\/li>\r\n<li><a href=\"https:\/\/sinoextrud.com\/product\/aluminum-anodized-gold-ashtray\/\" target=\"_blank\">Aluminum Anodized Gold Ashtray<\/a><\/li>\r\n<li><a href=\"https:\/\/sinoextrud.com\/product\/aluminum-hydraulic-oil-tank\/\" target=\"_blank\">Aluminum Hydraulic Oil Tank<\/a><\/li>\r\n<li><a href=\"https:\/\/sinoextrud.com\/product\/machined-aluminum-rail-extrusion-profile-cnc-aviation-aluminum-gantry\/\" target=\"_blank\">Machined Aluminum Rail Extrusion Profile CNC Aviation Aluminum Gantry<\/a><\/li>\r\n<li><a href=\"https:\/\/sinoextrud.com\/product\/cnc-machining-aluminum-signal-plate\/\" target=\"_blank\">CNC Machining Aluminum Signal Plate<\/a><\/li>\r\n<li><a href=\"https:\/\/sinoextrud.com\/product\/anodized-and-powder-coated-t-slotted-aluminum-extrusion\/\" target=\"_blank\">Anodized and Powder Coated T-Slotted Aluminum Extrusion<\/a><\/li>\r\n<li><a href=\"https:\/\/sinoextrud.com\/product\/oem-aluminum-channel-tube-and-pipe-extrusions-profile-for-constuction\/\" target=\"_blank\">OEM Aluminum Channel Tube And Pipe Extrusions Profile For Constuction<\/a><\/li>"},"feature_list":[]},"_links":{"self":[{"href":"https:\/\/sinoextrud.com\/da\/wp-json\/wp\/v2\/product\/8531","targetHints":{"allow":["GET"]}}],"collection":[{"href":"https:\/\/sinoextrud.com\/da\/wp-json\/wp\/v2\/product"}],"about":[{"href":"https:\/\/sinoextrud.com\/da\/wp-json\/wp\/v2\/types\/product"}],"wp:featuredmedia":[{"embeddable":true,"href":"https:\/\/sinoextrud.com\/da\/wp-json\/wp\/v2\/media\/8530"}],"wp:attachment":[{"href":"https:\/\/sinoextrud.com\/da\/wp-json\/wp\/v2\/media?parent=8531"}],"wp:term":[{"taxonomy":"category","embeddable":true,"href":"https:\/\/sinoextrud.com\/da\/wp-json\/wp\/v2\/categories?post=8531"}],"curies":[{"name":"wp","href":"https:\/\/api.w.org\/{rel}","templated":true}]}}