{"id":8503,"date":"2025-06-17T01:25:24","date_gmt":"2025-06-17T01:25:24","guid":{"rendered":"https:\/\/sinoextrud.com\/product\/custom-aluminum-extrusion-cnc-machining-aluminum-profile\/"},"modified":"2025-06-24T06:24:03","modified_gmt":"2025-06-24T06:24:03","slug":"brugerdefineret-aluminiumsekstrudering-cnc-bearbejdning-af-aluminiumsprofil","status":"publish","type":"product","link":"https:\/\/sinoextrud.com\/da\/product\/custom-aluminum-extrusion-cnc-machining-aluminum-profile\/","title":{"rendered":"Brugerdefineret aluminiumsekstrudering CNC-bearbejdning af aluminiumsprofil"},"content":{"rendered":"<h2>Detaljer om produkter<\/h2>\n<table class=\"custom-table\">\n<tbody>\n<tr>\n<td> Produktets navn<\/td>\n<td> Brugerdefineret aluminiumsekstrudering CNC-bearbejdning af aluminiumsprofil<\/td>\n<\/tr>\n<tr>\n<td> Produktsortiment<\/td>\n<td> Tilpassede aluminiumsprofiler, CNC-bearbejdning, ekstrudering af aluminium osv.<\/td>\n<\/tr>\n<tr>\n<td> Aluminiumslegering<\/td>\n<td> 1000-serien, 2000-serien, 3000-serien, 5000-serien, 6000-serien, 7000-serien<\/td>\n<\/tr>\n<tr>\n<td> Temperament<\/td>\n<td> T3-T8<\/td>\n<\/tr>\n<tr>\n<td> Form<\/td>\n<td> Tilpasning<\/td>\n<\/tr>\n<tr>\n<td> Farve<\/td>\n<td> Tilpasning<\/td>\n<\/tr>\n<tr>\n<td> Overfladebehandling<\/td>\n<td> fr\u00e6set f\u00e6rdig, anodiseret, tr\u00e6korn, power coating, sandbl\u00e6sning, elektroforese, b\u00f8rstet, polering osv.<\/td>\n<\/tr>\n<tr>\n<td> CNC-dybbearbejdning<\/td>\n<td> sk\u00e6ring, boring, bearbejdning, stansning, bukning, gevindsk\u00e6ring og s\u00e5 videre<\/td>\n<\/tr>\n<tr>\n<td> Certificeringer<\/td>\n<td> CE, ISO, SGS, TUV, ROHS<\/td>\n<\/tr>\n<tr>\n<td> Pr\u00f8ver<\/td>\n<td> Gratis pr\u00f8ve. 1-3 dage leveret til dig.<\/td>\n<\/tr>\n<tr>\n<td> MOQ<\/td>\n<td> 200 kg for hver profil<\/td>\n<\/tr>\n<tr>\n<td> Leveringstid<\/td>\n<td> Formudvikling og pr\u00f8vekonformitet er 12-15 dage, derefter er produktionsvarigheden 15-25 dage efter modtagelse af depositum fra k\u00f8ber.<\/td>\n<\/tr>\n<tr>\n<td> Betalingsbetingelser<\/td>\n<td> 30% depositum f\u00f8r produktion og balance f\u00f8r forsendelse.<\/td>\n<\/tr>\n<tr>\n<td> Havn<\/td>\n<td> Foshan, Shenzhen, Guangzhou<\/td>\n<\/tr>\n<\/tbody>\n<\/table>\n<h2>Vores produktionsbase<\/h2>\n<h3>Panorama over fabrikken<\/h3>\n<p><img decoding=\"async\" src=\"\/wp-content\/uploads\/factory-01.webp\"\/><\/p>\n<h3>V\u00e6rksted til fremstilling af aluminiumst\u00e6nger<\/h3>\n<p><img decoding=\"async\" src=\"\/wp-content\/uploads\/factory-02.webp\"\/><\/p>\n<p><img decoding=\"async\" src=\"\/wp-content\/uploads\/factory-03.webp\"\/><\/p>\n<h3>Lager til opbevaring af skimmelsvampe<\/h3>\n<p><img decoding=\"async\" src=\"\/wp-content\/uploads\/factory-04.webp\"\/><\/p>\n<h3>43 ekstruderingslinjer for aluminium (500-5500 ton)<\/h3>\n<p><img decoding=\"async\" src=\"\/wp-content\/uploads\/factory-05.webp\"\/><\/p>\n<p><img decoding=\"async\" src=\"\/wp-content\/uploads\/factory-06.webp\"\/><\/p>\n<p><img decoding=\"async\" src=\"\/wp-content\/uploads\/factory-07.webp\"\/><\/p>\n<h3>V\u00e6rksted for pulverlakering<\/h3>\n<p><img decoding=\"async\" src=\"\/wp-content\/uploads\/factory-09.webp\"\/><\/p>\n<h3>Anodiseringsv\u00e6rksted<\/h3>\n<p><img decoding=\"async\" src=\"\/wp-content\/uploads\/factory-10.webp\"\/><\/p>\n<h3>Workshop om dyb behandling<\/h3>\n<p><img decoding=\"async\" src=\"\/wp-content\/uploads\/factory-11.webp\"\/><\/p>\n<h3>V\u00e6rksted for CNC-pr\u00e6cisionsbearbejdning<\/h3>\n<p><img decoding=\"async\" src=\"\/wp-content\/uploads\/factory-11.5.webp\"\/><\/p>\n<h3>F\u00e6rdigvare- og eksportlager<\/h3>\n<p><img decoding=\"async\" src=\"\/wp-content\/uploads\/factory-12.webp\"\/><\/p>\n<p><img decoding=\"async\" src=\"\/wp-content\/uploads\/factory-13.webp\"\/><\/p>\n<p><img decoding=\"async\" src=\"\/wp-content\/uploads\/factory-14.webp\"\/><\/p>\n<h2>OFTE STILLEDE SP\u00d8RGSM\u00c5L<\/h2>\n<p><p><b>1. brugerdefineret aluminiumsekstrudering CNC-bearbejdning af aluminiumsprofil: Hvad er fordelene ved brugerdefinerede aluminiumekstruderingsprofiler?<\/b><\/p>\n<p>Specialfremstillede aluminiumprofiler er designet til at opfylde specifikke projektbehov og tilbyder skr\u00e6ddersyede l\u00f8sninger til unikke designs og anvendelser.<br \/>\n<\/p><br \/>\n<br \/>\n<p><b>2. Hvordan forbedrer CNC-bearbejdning kvaliteten af aluminiumsprofiler?<\/b><\/p>\n<p>CNC-bearbejdning giver h\u00f8j pr\u00e6cision og sn\u00e6vre tolerancer, hvilket sikrer, at aluminiumsprofiler har en glat finish og opfylder n\u00f8jagtige specifikationer.<br \/>\n<\/p><br \/>\n<br \/>\n<p><b>3. Kan jeg f\u00e5 tilpassede former og st\u00f8rrelser til aluminiumsprofiler?<\/b><\/p>\n<p>Ja, specialfremstillede aluminiumsprofiler kan designes i forskellige former og st\u00f8rrelser, s\u00e5 de passer pr\u00e6cist til dit projekt.<br \/>\n<\/p><br \/>\n<br \/>\n<p><b>4. Hvilke brancher har gavn af at bruge specialfremstillede aluminiumsprofiler?<\/b><\/p>\n<p>Industrier som bilindustrien, rumfart, elektronik og byggeri nyder godt af styrken, pr\u00e6cisionen og alsidigheden i specialfremstillede aluminiumsprofiler.<br \/>\n<\/p><br \/>\n<br \/>\n<p><b>5. Hvordan gavner aluminiums styrke-til-v\u00e6gt-forhold profilerne?<\/b><\/p>\n<p>Aluminium har et h\u00f8jt forhold mellem styrke og v\u00e6gt, hvilket g\u00f8r det til et ideelt materiale til lette, men holdbare profiler, der bruges i konstruktioner.<br \/>\n<\/p><br \/>\n<br \/>\n<p><b>6. Hvor hurtigt kan du levere specialfremstillede aluminiumsprofiler?<\/b><\/p>\n<p>Vores effektive produktionsproces sikrer hurtige leveringstider, s\u00e5 vi kan overholde stramme deadlines for specialfremstillede aluminiumsprofiler.<br \/>\n<\/p><br \/>\n<br \/>\n<p><b>7. Hvad er omkostningseffektiviteten ved brugerdefinerede ekstruderingsprofiler i aluminium?<\/b><\/p>\n<p>Tilpassede aluminiumsprofiler er omkostningseffektive p\u00e5 grund af deres evne til at blive skr\u00e6ddersyet til specifikke krav, hvilket reducerer materialespild og forbedrer effektiviteten i produktionen.<br \/>\n<\/p><br \/>\n<br \/>\n<p><b>8. Hvordan bidrager CNC-bearbejdning til pr\u00e6cisionen af aluminiumsprofiler?<\/b><\/p>\n<p>CNC-bearbejdning bruger computerstyrede v\u00e6rkt\u00f8jer til at sikre pr\u00e6cise udsk\u00e6ringer, ensartede dimensioner og finish af h\u00f8j kvalitet, hvilket forbedrer den samlede kvalitet af aluminiumsprofiler.<br \/>\n<\/p><br \/><\/p>","protected":false},"featured_media":8502,"template":"","categories":[68],"class_list":["post-8503","product","type-product","status-publish","has-post-thumbnail","hentry","category-cnc-machining-aluminum-profile"],"meta_box":{"hilight_text_group":{"product_hilight_text":"<li>Custom aluminum extrusion profiles designed to meet specific industrial requirements with high precision.<\/li>\r\r\n<li>CNC machining ensures tight tolerances and smooth finishes for aluminum profiles, enhancing their functionality.<\/li>\r\r\n<li>Aluminum material offers excellent strength-to-weight ratio, making the profiles durable and lightweight.<\/li>\r\r\n<li>Custom shapes and sizes available to suit a wide range of applications across various industries.<\/li>\r\r\n<li>Efficient manufacturing process reduces lead times and ensures cost-effective production of aluminum profiles.<\/li>","product_chanpin_blog":"<ul>\r\r\n<li><a href=\"https:\/\/sinoextrud.com\/t-slot-v-slot-differences\/\" target=\"_blank\">t slot vs v slot<\/a><\/li>\r\r\n<li><a href=\"https:\/\/sinoextrud.com\/what-is-4040-aluminium-extrud\/\" target=\"_blank\">4040 aluminium extrusion<\/a><\/li>\r\r\n<li><a href=\"https:\/\/sinoextrud.com\/what-is-4040-aluminium-extrud\/\" target=\"_blank\">aluminum extrusions for industrial racks<\/a><\/li>\r\r\n<li><a href=\"https:\/\/sinoextrud.com\/powder-coating-aluminium-process\/\" target=\"_blank\">powder coating aluminium<\/a><\/li>\r\r\n<li><a href=\"https:\/\/sinoextrud.com\/what-is-an-aluminium-strip-ceiling\/\" target=\"_blank\">aluminium strip ceiling<\/a><\/li>\r\r\n<li><a href=\"https:\/\/sinoextrud.com\/what-is-a-heat-sink\/\" target=\"_blank\">what is a heat sink<\/a><\/li>\r\r\n<\/ul>","product_chanpin_chanpin":"<li><a href=\"https:\/\/sinoextrud.com\/product\/aluminum-alloy-cnc-aluminum-controller-shell\/\" target=\"_blank\">Aluminum Alloy CNC Aluminum Controller Shell<\/a><\/li>\r\n<li><a href=\"https:\/\/sinoextrud.com\/product\/aluminium-cnc-factory-punching-extrusion-profile-tubing-sizes-oem\/\" target=\"_blank\">aluminium cnc factory punching extrusion profile tubing sizes OEM<\/a><\/li>\r\n<li><a href=\"https:\/\/sinoextrud.com\/product\/cnc-machining-anodized-item-extruded-aluminum\/\" target=\"_blank\">CNC Machining Anodized Item Extruded Aluminum<\/a><\/li>\r\n<li><a href=\"https:\/\/sinoextrud.com\/product\/cnc-aluminum-curved-profiles-tubes\/\" target=\"_blank\">CNC Aluminum Curved Profiles Tubes<\/a><\/li>\r\n<li><a href=\"https:\/\/sinoextrud.com\/product\/custom-aluminum-extrusion-cnc-machining-aluminum-profile\/\" target=\"_blank\">Custom Aluminum Extrusion CNC Machining Aluminum Profile<\/a><\/li>\r\n<li><a href=\"https:\/\/sinoextrud.com\/product\/custom-3003-aluminum-tube-bending-coolant-tubes\/\" target=\"_blank\">Custom 3003 Aluminum Tube Bending Coolant Tubes<\/a><\/li>\r\n<li><a href=\"https:\/\/sinoextrud.com\/product\/aluminum-extrusion-curtain-wall\/\" target=\"_blank\">Aluminum Extrusion Curtain Wall<\/a><\/li>\r\n<li><a href=\"https:\/\/sinoextrud.com\/product\/aluminum-profile-for-cnc\/\" target=\"_blank\">Aluminum Profile For CNC<\/a><\/li>\r\n<li><a href=\"https:\/\/sinoextrud.com\/product\/aluminium-profile-bending\/\" target=\"_blank\">Aluminium Profile Bending<\/a><\/li>\r\n<li><a href=\"https:\/\/sinoextrud.com\/product\/oem-aluminum-extusion-profile-led-light-strip-channel\/\" target=\"_blank\">OEM Aluminum Extusion Profile Led Light strip channel<\/a><\/li>\r\n<li><a href=\"https:\/\/sinoextrud.com\/product\/pvdf-coating-aluminum-profile\/\" target=\"_blank\">PVDF Coating Aluminum Profile<\/a><\/li>"},"feature_list":[]},"_links":{"self":[{"href":"https:\/\/sinoextrud.com\/da\/wp-json\/wp\/v2\/product\/8503","targetHints":{"allow":["GET"]}}],"collection":[{"href":"https:\/\/sinoextrud.com\/da\/wp-json\/wp\/v2\/product"}],"about":[{"href":"https:\/\/sinoextrud.com\/da\/wp-json\/wp\/v2\/types\/product"}],"wp:featuredmedia":[{"embeddable":true,"href":"https:\/\/sinoextrud.com\/da\/wp-json\/wp\/v2\/media\/8502"}],"wp:attachment":[{"href":"https:\/\/sinoextrud.com\/da\/wp-json\/wp\/v2\/media?parent=8503"}],"wp:term":[{"taxonomy":"category","embeddable":true,"href":"https:\/\/sinoextrud.com\/da\/wp-json\/wp\/v2\/categories?post=8503"}],"curies":[{"name":"wp","href":"https:\/\/api.w.org\/{rel}","templated":true}]}}